{"id":4948,"date":"2025-12-15T10:54:08","date_gmt":"2025-12-15T07:54:08","guid":{"rendered":"https:\/\/jekpo.com\/p\/rippa-sakes-mini-ekskavatoriui\/"},"modified":"2026-02-17T16:58:40","modified_gmt":"2026-02-17T13:58:40","slug":"rippa-pallet-forks-mini-excavator","status":"publish","type":"product","link":"https:\/\/jekpo.com\/en\/p\/rippa-pallet-forks-mini-excavator\/","title":{"rendered":"Forks"},"content":{"rendered":"<p data-start=\"155\" data-end=\"458\">Rippa mini excavator forks are a universal loading and handling attachment for stones, branches, construction debris, and other bulky materials. The compact width allows work in confined spaces, while the robust steel frame ensures reliable operation on farms, private properties, or construction sites.<\/p>\n<h3 data-start=\"460\" data-end=\"476\">Application:<\/h3>\n<ul>\n<li data-start=\"479\" data-end=\"537\">Handling stones, branches, stumps, and demolition debris<\/li>\n<li data-start=\"540\" data-end=\"602\">Loading bulk and heavy materials into trailers or containers<\/li>\n<li data-start=\"605\" data-end=\"692\">Site and environment maintenance on farms, private properties, and construction sites<\/li>\n<li data-start=\"695\" data-end=\"772\">Expanding the mini excavator\u2019s functionality for loading and handling tasks<\/li>\n<\/ul>\n","protected":false},"excerpt":{"rendered":"<p>Rippa mini excavator forks are a universal loading and handling attachment for stones, branches, construction debris, and other bulky materials. The compact width allows work in confined spaces, while the robust steel frame ensures reliable operation on farms, private properties, or construction sites. Application: Handling stones, branches, stumps, and demolition debris Loading bulk and heavy [&hellip;]<\/p>\n","protected":false},"featured_media":4926,"comment_status":"closed","ping_status":"closed","template":"","meta":[],"product_brand":[],"product_cat":[203,206],"product_tag":[],"pritaikomumas":[211],"variklio-tipas":[],"class_list":{"0":"post-4948","1":"product","2":"type-product","3":"status-publish","4":"has-post-thumbnail","6":"product_cat-excavator-attachments","7":"product_cat-news","8":"pritaikomumas-rippa-excavators","10":"first","11":"instock","12":"taxable","13":"shipping-taxable","14":"purchasable","15":"product-type-simple"},"yoast_head":"<!-- This site is optimized with the Yoast SEO plugin v26.8 - https:\/\/yoast.com\/product\/yoast-seo-wordpress\/ -->\n<title>Forks For Rippa mini excavator | JEKPO.COM<\/title>\n<meta name=\"description\" content=\"Rippa pallet forks for mini excavator \u2013 designed for lifting loads and pallets. Universal attachment for precise and safe lifting operations.\" \/>\n<meta name=\"robots\" content=\"index, follow, max-snippet:-1, max-image-preview:large, max-video-preview:-1\" \/>\n<link rel=\"canonical\" href=\"https:\/\/jekpo.com\/en\/p\/rippa-pallet-forks-mini-excavator\/\" \/>\n<meta property=\"og:locale\" content=\"en_US\" \/>\n<meta property=\"og:type\" content=\"article\" \/>\n<meta property=\"og:title\" content=\"Forks For Rippa mini excavator | JEKPO.COM\" \/>\n<meta property=\"og:description\" content=\"Rippa pallet forks for mini excavator \u2013 designed for lifting loads and pallets. Universal attachment for precise and safe lifting operations.\" \/>\n<meta property=\"og:url\" content=\"https:\/\/jekpo.com\/en\/p\/rippa-pallet-forks-mini-excavator\/\" \/>\n<meta property=\"og:site_name\" content=\"JEKPO\" \/>\n<meta property=\"article:publisher\" content=\"https:\/\/www.facebook.com\/profile.php?id=61564816725405\" \/>\n<meta property=\"article:modified_time\" content=\"2026-02-17T13:58:40+00:00\" \/>\n<meta property=\"og:image\" content=\"https:\/\/jekpo.com\/wp-content\/uploads\/2025\/12\/jekpo-rippa-sakes.png\" \/>\n\t<meta property=\"og:image:width\" content=\"1000\" \/>\n\t<meta property=\"og:image:height\" content=\"1000\" \/>\n\t<meta property=\"og:image:type\" content=\"image\/png\" \/>\n<meta name=\"twitter:card\" content=\"summary_large_image\" \/>\n<meta name=\"twitter:label1\" content=\"Est. reading time\" \/>\n\t<meta name=\"twitter:data1\" content=\"1 minute\" \/>\n<script type=\"application\/ld+json\" class=\"yoast-schema-graph\">{\"@context\":\"https:\/\/schema.org\",\"@graph\":[{\"@type\":\"WebPage\",\"@id\":\"https:\/\/jekpo.com\/en\/p\/rippa-pallet-forks-mini-excavator\/\",\"url\":\"https:\/\/jekpo.com\/en\/p\/rippa-pallet-forks-mini-excavator\/\",\"name\":\"Forks For Rippa mini excavator | JEKPO.COM\",\"isPartOf\":{\"@id\":\"https:\/\/jekpo.com\/en\/#website\"},\"primaryImageOfPage\":{\"@id\":\"https:\/\/jekpo.com\/en\/p\/rippa-pallet-forks-mini-excavator\/#primaryimage\"},\"image\":{\"@id\":\"https:\/\/jekpo.com\/en\/p\/rippa-pallet-forks-mini-excavator\/#primaryimage\"},\"thumbnailUrl\":\"https:\/\/jekpo.com\/wp-content\/uploads\/2025\/12\/jekpo-rippa-sakes.png\",\"datePublished\":\"2025-12-15T07:54:08+00:00\",\"dateModified\":\"2026-02-17T13:58:40+00:00\",\"description\":\"Rippa pallet forks for mini excavator \u2013 designed for lifting loads and pallets. Universal attachment for precise and safe lifting operations.\",\"breadcrumb\":{\"@id\":\"https:\/\/jekpo.com\/en\/p\/rippa-pallet-forks-mini-excavator\/#breadcrumb\"},\"inLanguage\":\"en-US\",\"potentialAction\":[{\"@type\":\"ReadAction\",\"target\":[\"https:\/\/jekpo.com\/en\/p\/rippa-pallet-forks-mini-excavator\/\"]}]},{\"@type\":\"ImageObject\",\"inLanguage\":\"en-US\",\"@id\":\"https:\/\/jekpo.com\/en\/p\/rippa-pallet-forks-mini-excavator\/#primaryimage\",\"url\":\"https:\/\/jekpo.com\/wp-content\/uploads\/2025\/12\/jekpo-rippa-sakes.png\",\"contentUrl\":\"https:\/\/jekpo.com\/wp-content\/uploads\/2025\/12\/jekpo-rippa-sakes.png\",\"width\":1000,\"height\":1000,\"caption\":\"jekpo-rippa-sakes\"},{\"@type\":\"BreadcrumbList\",\"@id\":\"https:\/\/jekpo.com\/en\/p\/rippa-pallet-forks-mini-excavator\/#breadcrumb\",\"itemListElement\":[{\"@type\":\"ListItem\",\"position\":1,\"name\":\"Home\",\"item\":\"https:\/\/jekpo.com\/en\/\"},{\"@type\":\"ListItem\",\"position\":2,\"name\":\"Equipment\",\"item\":\"https:\/\/jekpo.com\/en\/equipment\/\"},{\"@type\":\"ListItem\",\"position\":3,\"name\":\"Forks\"}]},{\"@type\":\"WebSite\",\"@id\":\"https:\/\/jekpo.com\/en\/#website\",\"url\":\"https:\/\/jekpo.com\/en\/\",\"name\":\"JEKPO\",\"description\":\"atsakingas j\u016bs\u0173 partneris \u017eem\u0117s \u016bkio, sodo ir smulkiosios technikos pasaulyje\",\"publisher\":{\"@id\":\"https:\/\/jekpo.com\/en\/#organization\"},\"potentialAction\":[{\"@type\":\"SearchAction\",\"target\":{\"@type\":\"EntryPoint\",\"urlTemplate\":\"https:\/\/jekpo.com\/en\/?s={search_term_string}\"},\"query-input\":{\"@type\":\"PropertyValueSpecification\",\"valueRequired\":true,\"valueName\":\"search_term_string\"}}],\"inLanguage\":\"en-US\"},{\"@type\":\"Organization\",\"@id\":\"https:\/\/jekpo.com\/en\/#organization\",\"name\":\"JEKPO\",\"url\":\"https:\/\/jekpo.com\/en\/\",\"logo\":{\"@type\":\"ImageObject\",\"inLanguage\":\"en-US\",\"@id\":\"https:\/\/jekpo.com\/en\/#\/schema\/logo\/image\/\",\"url\":\"https:\/\/jekpo.com\/wp-content\/uploads\/2025\/03\/JEKPO-logo-trans-e1749117872556-300x201-2.webp\",\"contentUrl\":\"https:\/\/jekpo.com\/wp-content\/uploads\/2025\/03\/JEKPO-logo-trans-e1749117872556-300x201-2.webp\",\"width\":300,\"height\":201,\"caption\":\"JEKPO\"},\"image\":{\"@id\":\"https:\/\/jekpo.com\/en\/#\/schema\/logo\/image\/\"},\"sameAs\":[\"https:\/\/www.facebook.com\/profile.php?id=61564816725405\",\"https:\/\/www.instagram.com\/jekpo_ltu\/?igsh=cWh1ZDhyamEzOWQz&utm_source=qr#\",\"https:\/\/www.tiktok.com\/@jekpo_ltu?is_from_webapp=1&sender_device=pc\"]}]}<\/script>\n<!-- \/ Yoast SEO plugin. -->","yoast_head_json":{"title":"Forks For Rippa mini excavator | JEKPO.COM","description":"Rippa pallet forks for mini excavator \u2013 designed for lifting loads and pallets. Universal attachment for precise and safe lifting operations.","robots":{"index":"index","follow":"follow","max-snippet":"max-snippet:-1","max-image-preview":"max-image-preview:large","max-video-preview":"max-video-preview:-1"},"canonical":"https:\/\/jekpo.com\/en\/p\/rippa-pallet-forks-mini-excavator\/","og_locale":"en_US","og_type":"article","og_title":"Forks For Rippa mini excavator | JEKPO.COM","og_description":"Rippa pallet forks for mini excavator \u2013 designed for lifting loads and pallets. Universal attachment for precise and safe lifting operations.","og_url":"https:\/\/jekpo.com\/en\/p\/rippa-pallet-forks-mini-excavator\/","og_site_name":"JEKPO","article_publisher":"https:\/\/www.facebook.com\/profile.php?id=61564816725405","article_modified_time":"2026-02-17T13:58:40+00:00","og_image":[{"width":1000,"height":1000,"url":"https:\/\/jekpo.com\/wp-content\/uploads\/2025\/12\/jekpo-rippa-sakes.png","type":"image\/png"}],"twitter_card":"summary_large_image","twitter_misc":{"Est. reading time":"1 minute"},"schema":{"@context":"https:\/\/schema.org","@graph":[{"@type":"WebPage","@id":"https:\/\/jekpo.com\/en\/p\/rippa-pallet-forks-mini-excavator\/","url":"https:\/\/jekpo.com\/en\/p\/rippa-pallet-forks-mini-excavator\/","name":"Forks For Rippa mini excavator | JEKPO.COM","isPartOf":{"@id":"https:\/\/jekpo.com\/en\/#website"},"primaryImageOfPage":{"@id":"https:\/\/jekpo.com\/en\/p\/rippa-pallet-forks-mini-excavator\/#primaryimage"},"image":{"@id":"https:\/\/jekpo.com\/en\/p\/rippa-pallet-forks-mini-excavator\/#primaryimage"},"thumbnailUrl":"https:\/\/jekpo.com\/wp-content\/uploads\/2025\/12\/jekpo-rippa-sakes.png","datePublished":"2025-12-15T07:54:08+00:00","dateModified":"2026-02-17T13:58:40+00:00","description":"Rippa pallet forks for mini excavator \u2013 designed for lifting loads and pallets. Universal attachment for precise and safe lifting operations.","breadcrumb":{"@id":"https:\/\/jekpo.com\/en\/p\/rippa-pallet-forks-mini-excavator\/#breadcrumb"},"inLanguage":"en-US","potentialAction":[{"@type":"ReadAction","target":["https:\/\/jekpo.com\/en\/p\/rippa-pallet-forks-mini-excavator\/"]}]},{"@type":"ImageObject","inLanguage":"en-US","@id":"https:\/\/jekpo.com\/en\/p\/rippa-pallet-forks-mini-excavator\/#primaryimage","url":"https:\/\/jekpo.com\/wp-content\/uploads\/2025\/12\/jekpo-rippa-sakes.png","contentUrl":"https:\/\/jekpo.com\/wp-content\/uploads\/2025\/12\/jekpo-rippa-sakes.png","width":1000,"height":1000,"caption":"jekpo-rippa-sakes"},{"@type":"BreadcrumbList","@id":"https:\/\/jekpo.com\/en\/p\/rippa-pallet-forks-mini-excavator\/#breadcrumb","itemListElement":[{"@type":"ListItem","position":1,"name":"Home","item":"https:\/\/jekpo.com\/en\/"},{"@type":"ListItem","position":2,"name":"Equipment","item":"https:\/\/jekpo.com\/en\/equipment\/"},{"@type":"ListItem","position":3,"name":"Forks"}]},{"@type":"WebSite","@id":"https:\/\/jekpo.com\/en\/#website","url":"https:\/\/jekpo.com\/en\/","name":"JEKPO","description":"atsakingas j\u016bs\u0173 partneris \u017eem\u0117s \u016bkio, sodo ir smulkiosios technikos pasaulyje","publisher":{"@id":"https:\/\/jekpo.com\/en\/#organization"},"potentialAction":[{"@type":"SearchAction","target":{"@type":"EntryPoint","urlTemplate":"https:\/\/jekpo.com\/en\/?s={search_term_string}"},"query-input":{"@type":"PropertyValueSpecification","valueRequired":true,"valueName":"search_term_string"}}],"inLanguage":"en-US"},{"@type":"Organization","@id":"https:\/\/jekpo.com\/en\/#organization","name":"JEKPO","url":"https:\/\/jekpo.com\/en\/","logo":{"@type":"ImageObject","inLanguage":"en-US","@id":"https:\/\/jekpo.com\/en\/#\/schema\/logo\/image\/","url":"https:\/\/jekpo.com\/wp-content\/uploads\/2025\/03\/JEKPO-logo-trans-e1749117872556-300x201-2.webp","contentUrl":"https:\/\/jekpo.com\/wp-content\/uploads\/2025\/03\/JEKPO-logo-trans-e1749117872556-300x201-2.webp","width":300,"height":201,"caption":"JEKPO"},"image":{"@id":"https:\/\/jekpo.com\/en\/#\/schema\/logo\/image\/"},"sameAs":["https:\/\/www.facebook.com\/profile.php?id=61564816725405","https:\/\/www.instagram.com\/jekpo_ltu\/?igsh=cWh1ZDhyamEzOWQz&utm_source=qr#","https:\/\/www.tiktok.com\/@jekpo_ltu?is_from_webapp=1&sender_device=pc"]}]}},"_links":{"self":[{"href":"https:\/\/jekpo.com\/en\/wp-json\/wp\/v2\/product\/4948","targetHints":{"allow":["GET"]}}],"collection":[{"href":"https:\/\/jekpo.com\/en\/wp-json\/wp\/v2\/product"}],"about":[{"href":"https:\/\/jekpo.com\/en\/wp-json\/wp\/v2\/types\/product"}],"replies":[{"embeddable":true,"href":"https:\/\/jekpo.com\/en\/wp-json\/wp\/v2\/comments?post=4948"}],"wp:featuredmedia":[{"embeddable":true,"href":"https:\/\/jekpo.com\/en\/wp-json\/wp\/v2\/media\/4926"}],"wp:attachment":[{"href":"https:\/\/jekpo.com\/en\/wp-json\/wp\/v2\/media?parent=4948"}],"wp:term":[{"taxonomy":"product_brand","embeddable":true,"href":"https:\/\/jekpo.com\/en\/wp-json\/wp\/v2\/product_brand?post=4948"},{"taxonomy":"product_cat","embeddable":true,"href":"https:\/\/jekpo.com\/en\/wp-json\/wp\/v2\/product_cat?post=4948"},{"taxonomy":"product_tag","embeddable":true,"href":"https:\/\/jekpo.com\/en\/wp-json\/wp\/v2\/product_tag?post=4948"},{"taxonomy":"pritaikomumas","embeddable":true,"href":"https:\/\/jekpo.com\/en\/wp-json\/wp\/v2\/pritaikomumas?post=4948"},{"taxonomy":"variklio-tipas","embeddable":true,"href":"https:\/\/jekpo.com\/en\/wp-json\/wp\/v2\/variklio-tipas?post=4948"}],"curies":[{"name":"wp","href":"https:\/\/api.w.org\/{rel}","templated":true}]}}