{"id":4937,"date":"2025-12-15T11:06:20","date_gmt":"2025-12-15T08:06:20","guid":{"rendered":"https:\/\/jekpo.com\/p\/rippa-200-mm-grazto-komplektas-mini-ekskavatoriui\/"},"modified":"2026-02-17T17:15:44","modified_gmt":"2026-02-17T14:15:44","slug":"rippa-200-mm-grazto-komplektas-mini-ekskavatoriui","status":"publish","type":"product","link":"https:\/\/jekpo.com\/en\/p\/rippa-200-mm-grazto-komplektas-mini-ekskavatoriui\/","title":{"rendered":"200 mm Auger Kit"},"content":{"rendered":"<p data-start=\"166\" data-end=\"524\">The 200 mm auger kit is an earth auger for mini excavators, designed for drilling holes for fences, barriers, posts, and planting. The 200 mm diameter is suitable for standard fence posts, greenhouses, and light structures, while the 800 mm length provides sufficient hole depth for most farm and residential tasks without the need for additional extensions.<\/p>\n<h3 data-start=\"526\" data-end=\"542\">Application:<\/h3>\n<ul>\n<li data-start=\"545\" data-end=\"593\">Drilling holes for fences, barriers, and posts<\/li>\n<li data-start=\"596\" data-end=\"673\">Installation of foundations for greenhouses, light structures, and supports<\/li>\n<li data-start=\"676\" data-end=\"727\">Planting holes for trees, shrubs, and fruit trees<\/li>\n<li data-start=\"730\" data-end=\"808\">Used with a mini excavator instead of a manual or petrol-powered earth auger<\/li>\n<\/ul>\n","protected":false},"excerpt":{"rendered":"<p>The 200 mm auger kit is an earth auger for mini excavators, designed for drilling holes for fences, barriers, posts, and planting. The 200 mm diameter is suitable for standard fence posts, greenhouses, and light structures, while the 800 mm length provides sufficient hole depth for most farm and residential tasks without the need for [&hellip;]<\/p>\n","protected":false},"featured_media":4929,"comment_status":"closed","ping_status":"closed","template":"","meta":[],"product_brand":[],"product_cat":[203,206],"product_tag":[],"pritaikomumas":[],"variklio-tipas":[],"class_list":{"0":"post-4937","1":"product","2":"type-product","3":"status-publish","4":"has-post-thumbnail","6":"product_cat-excavator-attachments","7":"product_cat-news","9":"first","10":"instock","11":"taxable","12":"shipping-taxable","13":"purchasable","14":"product-type-simple"},"yoast_head":"<!-- This site is optimized with the Yoast SEO plugin v26.8 - https:\/\/yoast.com\/product\/yoast-seo-wordpress\/ -->\n<title>200 mm Auger Kit For Rippa mini excavator | JEKPO.COM<\/title>\n<meta name=\"description\" content=\"Rippa 200 mm auger kit for mini excavator \u2013 precise solution for drilling holes for fences, foundations and posts. Length: 800 mm. Diameter: 200 mm.\" \/>\n<meta name=\"robots\" content=\"index, follow, max-snippet:-1, max-image-preview:large, max-video-preview:-1\" \/>\n<link rel=\"canonical\" href=\"https:\/\/jekpo.com\/en\/p\/rippa-200-mm-grazto-komplektas-mini-ekskavatoriui\/\" \/>\n<meta property=\"og:locale\" content=\"en_US\" \/>\n<meta property=\"og:type\" content=\"article\" \/>\n<meta property=\"og:title\" content=\"200 mm Auger Kit For Rippa mini excavator | JEKPO.COM\" \/>\n<meta property=\"og:description\" content=\"Rippa 200 mm auger kit for mini excavator \u2013 precise solution for drilling holes for fences, foundations and posts. Length: 800 mm. Diameter: 200 mm.\" \/>\n<meta property=\"og:url\" content=\"https:\/\/jekpo.com\/en\/p\/rippa-200-mm-grazto-komplektas-mini-ekskavatoriui\/\" \/>\n<meta property=\"og:site_name\" content=\"JEKPO\" \/>\n<meta property=\"article:publisher\" content=\"https:\/\/www.facebook.com\/profile.php?id=61564816725405\" \/>\n<meta property=\"article:modified_time\" content=\"2026-02-17T14:15:44+00:00\" \/>\n<meta property=\"og:image\" content=\"https:\/\/jekpo.com\/wp-content\/uploads\/2025\/12\/jekpo-rippa-mini-ekskavatoriaus-priedas-200mm-grazto-komplektas.png\" \/>\n\t<meta property=\"og:image:width\" content=\"1000\" \/>\n\t<meta property=\"og:image:height\" content=\"1000\" \/>\n\t<meta property=\"og:image:type\" content=\"image\/png\" \/>\n<meta name=\"twitter:card\" content=\"summary_large_image\" \/>\n<meta name=\"twitter:label1\" content=\"Est. reading time\" \/>\n\t<meta name=\"twitter:data1\" content=\"1 minute\" \/>\n<script type=\"application\/ld+json\" class=\"yoast-schema-graph\">{\"@context\":\"https:\/\/schema.org\",\"@graph\":[{\"@type\":\"WebPage\",\"@id\":\"https:\/\/jekpo.com\/en\/p\/rippa-200-mm-grazto-komplektas-mini-ekskavatoriui\/\",\"url\":\"https:\/\/jekpo.com\/en\/p\/rippa-200-mm-grazto-komplektas-mini-ekskavatoriui\/\",\"name\":\"200 mm Auger Kit For Rippa mini excavator | JEKPO.COM\",\"isPartOf\":{\"@id\":\"https:\/\/jekpo.com\/en\/#website\"},\"primaryImageOfPage\":{\"@id\":\"https:\/\/jekpo.com\/en\/p\/rippa-200-mm-grazto-komplektas-mini-ekskavatoriui\/#primaryimage\"},\"image\":{\"@id\":\"https:\/\/jekpo.com\/en\/p\/rippa-200-mm-grazto-komplektas-mini-ekskavatoriui\/#primaryimage\"},\"thumbnailUrl\":\"https:\/\/jekpo.com\/wp-content\/uploads\/2025\/12\/jekpo-rippa-mini-ekskavatoriaus-priedas-200mm-grazto-komplektas.png\",\"datePublished\":\"2025-12-15T08:06:20+00:00\",\"dateModified\":\"2026-02-17T14:15:44+00:00\",\"description\":\"Rippa 200 mm auger kit for mini excavator \u2013 precise solution for drilling holes for fences, foundations and posts. Length: 800 mm. Diameter: 200 mm.\",\"breadcrumb\":{\"@id\":\"https:\/\/jekpo.com\/en\/p\/rippa-200-mm-grazto-komplektas-mini-ekskavatoriui\/#breadcrumb\"},\"inLanguage\":\"en-US\",\"potentialAction\":[{\"@type\":\"ReadAction\",\"target\":[\"https:\/\/jekpo.com\/en\/p\/rippa-200-mm-grazto-komplektas-mini-ekskavatoriui\/\"]}]},{\"@type\":\"ImageObject\",\"inLanguage\":\"en-US\",\"@id\":\"https:\/\/jekpo.com\/en\/p\/rippa-200-mm-grazto-komplektas-mini-ekskavatoriui\/#primaryimage\",\"url\":\"https:\/\/jekpo.com\/wp-content\/uploads\/2025\/12\/jekpo-rippa-mini-ekskavatoriaus-priedas-200mm-grazto-komplektas.png\",\"contentUrl\":\"https:\/\/jekpo.com\/wp-content\/uploads\/2025\/12\/jekpo-rippa-mini-ekskavatoriaus-priedas-200mm-grazto-komplektas.png\",\"width\":1000,\"height\":1000,\"caption\":\"jekpo-rippa-mini-ekskavatoriaus-priedas-200mm-grazto-komplektas\"},{\"@type\":\"BreadcrumbList\",\"@id\":\"https:\/\/jekpo.com\/en\/p\/rippa-200-mm-grazto-komplektas-mini-ekskavatoriui\/#breadcrumb\",\"itemListElement\":[{\"@type\":\"ListItem\",\"position\":1,\"name\":\"Home\",\"item\":\"https:\/\/jekpo.com\/en\/\"},{\"@type\":\"ListItem\",\"position\":2,\"name\":\"Equipment\",\"item\":\"https:\/\/jekpo.com\/en\/equipment\/\"},{\"@type\":\"ListItem\",\"position\":3,\"name\":\"200 mm Auger Kit\"}]},{\"@type\":\"WebSite\",\"@id\":\"https:\/\/jekpo.com\/en\/#website\",\"url\":\"https:\/\/jekpo.com\/en\/\",\"name\":\"JEKPO\",\"description\":\"atsakingas j\u016bs\u0173 partneris \u017eem\u0117s \u016bkio, sodo ir smulkiosios technikos pasaulyje\",\"publisher\":{\"@id\":\"https:\/\/jekpo.com\/en\/#organization\"},\"potentialAction\":[{\"@type\":\"SearchAction\",\"target\":{\"@type\":\"EntryPoint\",\"urlTemplate\":\"https:\/\/jekpo.com\/en\/?s={search_term_string}\"},\"query-input\":{\"@type\":\"PropertyValueSpecification\",\"valueRequired\":true,\"valueName\":\"search_term_string\"}}],\"inLanguage\":\"en-US\"},{\"@type\":\"Organization\",\"@id\":\"https:\/\/jekpo.com\/en\/#organization\",\"name\":\"JEKPO\",\"url\":\"https:\/\/jekpo.com\/en\/\",\"logo\":{\"@type\":\"ImageObject\",\"inLanguage\":\"en-US\",\"@id\":\"https:\/\/jekpo.com\/en\/#\/schema\/logo\/image\/\",\"url\":\"https:\/\/jekpo.com\/wp-content\/uploads\/2025\/03\/JEKPO-logo-trans-e1749117872556-300x201-2.webp\",\"contentUrl\":\"https:\/\/jekpo.com\/wp-content\/uploads\/2025\/03\/JEKPO-logo-trans-e1749117872556-300x201-2.webp\",\"width\":300,\"height\":201,\"caption\":\"JEKPO\"},\"image\":{\"@id\":\"https:\/\/jekpo.com\/en\/#\/schema\/logo\/image\/\"},\"sameAs\":[\"https:\/\/www.facebook.com\/profile.php?id=61564816725405\",\"https:\/\/www.instagram.com\/jekpo_ltu\/?igsh=cWh1ZDhyamEzOWQz&utm_source=qr#\",\"https:\/\/www.tiktok.com\/@jekpo_ltu?is_from_webapp=1&sender_device=pc\"]}]}<\/script>\n<!-- \/ Yoast SEO plugin. -->","yoast_head_json":{"title":"200 mm Auger Kit For Rippa mini excavator | JEKPO.COM","description":"Rippa 200 mm auger kit for mini excavator \u2013 precise solution for drilling holes for fences, foundations and posts. Length: 800 mm. Diameter: 200 mm.","robots":{"index":"index","follow":"follow","max-snippet":"max-snippet:-1","max-image-preview":"max-image-preview:large","max-video-preview":"max-video-preview:-1"},"canonical":"https:\/\/jekpo.com\/en\/p\/rippa-200-mm-grazto-komplektas-mini-ekskavatoriui\/","og_locale":"en_US","og_type":"article","og_title":"200 mm Auger Kit For Rippa mini excavator | JEKPO.COM","og_description":"Rippa 200 mm auger kit for mini excavator \u2013 precise solution for drilling holes for fences, foundations and posts. Length: 800 mm. Diameter: 200 mm.","og_url":"https:\/\/jekpo.com\/en\/p\/rippa-200-mm-grazto-komplektas-mini-ekskavatoriui\/","og_site_name":"JEKPO","article_publisher":"https:\/\/www.facebook.com\/profile.php?id=61564816725405","article_modified_time":"2026-02-17T14:15:44+00:00","og_image":[{"width":1000,"height":1000,"url":"https:\/\/jekpo.com\/wp-content\/uploads\/2025\/12\/jekpo-rippa-mini-ekskavatoriaus-priedas-200mm-grazto-komplektas.png","type":"image\/png"}],"twitter_card":"summary_large_image","twitter_misc":{"Est. reading time":"1 minute"},"schema":{"@context":"https:\/\/schema.org","@graph":[{"@type":"WebPage","@id":"https:\/\/jekpo.com\/en\/p\/rippa-200-mm-grazto-komplektas-mini-ekskavatoriui\/","url":"https:\/\/jekpo.com\/en\/p\/rippa-200-mm-grazto-komplektas-mini-ekskavatoriui\/","name":"200 mm Auger Kit For Rippa mini excavator | JEKPO.COM","isPartOf":{"@id":"https:\/\/jekpo.com\/en\/#website"},"primaryImageOfPage":{"@id":"https:\/\/jekpo.com\/en\/p\/rippa-200-mm-grazto-komplektas-mini-ekskavatoriui\/#primaryimage"},"image":{"@id":"https:\/\/jekpo.com\/en\/p\/rippa-200-mm-grazto-komplektas-mini-ekskavatoriui\/#primaryimage"},"thumbnailUrl":"https:\/\/jekpo.com\/wp-content\/uploads\/2025\/12\/jekpo-rippa-mini-ekskavatoriaus-priedas-200mm-grazto-komplektas.png","datePublished":"2025-12-15T08:06:20+00:00","dateModified":"2026-02-17T14:15:44+00:00","description":"Rippa 200 mm auger kit for mini excavator \u2013 precise solution for drilling holes for fences, foundations and posts. Length: 800 mm. Diameter: 200 mm.","breadcrumb":{"@id":"https:\/\/jekpo.com\/en\/p\/rippa-200-mm-grazto-komplektas-mini-ekskavatoriui\/#breadcrumb"},"inLanguage":"en-US","potentialAction":[{"@type":"ReadAction","target":["https:\/\/jekpo.com\/en\/p\/rippa-200-mm-grazto-komplektas-mini-ekskavatoriui\/"]}]},{"@type":"ImageObject","inLanguage":"en-US","@id":"https:\/\/jekpo.com\/en\/p\/rippa-200-mm-grazto-komplektas-mini-ekskavatoriui\/#primaryimage","url":"https:\/\/jekpo.com\/wp-content\/uploads\/2025\/12\/jekpo-rippa-mini-ekskavatoriaus-priedas-200mm-grazto-komplektas.png","contentUrl":"https:\/\/jekpo.com\/wp-content\/uploads\/2025\/12\/jekpo-rippa-mini-ekskavatoriaus-priedas-200mm-grazto-komplektas.png","width":1000,"height":1000,"caption":"jekpo-rippa-mini-ekskavatoriaus-priedas-200mm-grazto-komplektas"},{"@type":"BreadcrumbList","@id":"https:\/\/jekpo.com\/en\/p\/rippa-200-mm-grazto-komplektas-mini-ekskavatoriui\/#breadcrumb","itemListElement":[{"@type":"ListItem","position":1,"name":"Home","item":"https:\/\/jekpo.com\/en\/"},{"@type":"ListItem","position":2,"name":"Equipment","item":"https:\/\/jekpo.com\/en\/equipment\/"},{"@type":"ListItem","position":3,"name":"200 mm Auger Kit"}]},{"@type":"WebSite","@id":"https:\/\/jekpo.com\/en\/#website","url":"https:\/\/jekpo.com\/en\/","name":"JEKPO","description":"atsakingas j\u016bs\u0173 partneris \u017eem\u0117s \u016bkio, sodo ir smulkiosios technikos pasaulyje","publisher":{"@id":"https:\/\/jekpo.com\/en\/#organization"},"potentialAction":[{"@type":"SearchAction","target":{"@type":"EntryPoint","urlTemplate":"https:\/\/jekpo.com\/en\/?s={search_term_string}"},"query-input":{"@type":"PropertyValueSpecification","valueRequired":true,"valueName":"search_term_string"}}],"inLanguage":"en-US"},{"@type":"Organization","@id":"https:\/\/jekpo.com\/en\/#organization","name":"JEKPO","url":"https:\/\/jekpo.com\/en\/","logo":{"@type":"ImageObject","inLanguage":"en-US","@id":"https:\/\/jekpo.com\/en\/#\/schema\/logo\/image\/","url":"https:\/\/jekpo.com\/wp-content\/uploads\/2025\/03\/JEKPO-logo-trans-e1749117872556-300x201-2.webp","contentUrl":"https:\/\/jekpo.com\/wp-content\/uploads\/2025\/03\/JEKPO-logo-trans-e1749117872556-300x201-2.webp","width":300,"height":201,"caption":"JEKPO"},"image":{"@id":"https:\/\/jekpo.com\/en\/#\/schema\/logo\/image\/"},"sameAs":["https:\/\/www.facebook.com\/profile.php?id=61564816725405","https:\/\/www.instagram.com\/jekpo_ltu\/?igsh=cWh1ZDhyamEzOWQz&utm_source=qr#","https:\/\/www.tiktok.com\/@jekpo_ltu?is_from_webapp=1&sender_device=pc"]}]}},"_links":{"self":[{"href":"https:\/\/jekpo.com\/en\/wp-json\/wp\/v2\/product\/4937","targetHints":{"allow":["GET"]}}],"collection":[{"href":"https:\/\/jekpo.com\/en\/wp-json\/wp\/v2\/product"}],"about":[{"href":"https:\/\/jekpo.com\/en\/wp-json\/wp\/v2\/types\/product"}],"replies":[{"embeddable":true,"href":"https:\/\/jekpo.com\/en\/wp-json\/wp\/v2\/comments?post=4937"}],"wp:featuredmedia":[{"embeddable":true,"href":"https:\/\/jekpo.com\/en\/wp-json\/wp\/v2\/media\/4929"}],"wp:attachment":[{"href":"https:\/\/jekpo.com\/en\/wp-json\/wp\/v2\/media?parent=4937"}],"wp:term":[{"taxonomy":"product_brand","embeddable":true,"href":"https:\/\/jekpo.com\/en\/wp-json\/wp\/v2\/product_brand?post=4937"},{"taxonomy":"product_cat","embeddable":true,"href":"https:\/\/jekpo.com\/en\/wp-json\/wp\/v2\/product_cat?post=4937"},{"taxonomy":"product_tag","embeddable":true,"href":"https:\/\/jekpo.com\/en\/wp-json\/wp\/v2\/product_tag?post=4937"},{"taxonomy":"pritaikomumas","embeddable":true,"href":"https:\/\/jekpo.com\/en\/wp-json\/wp\/v2\/pritaikomumas?post=4937"},{"taxonomy":"variklio-tipas","embeddable":true,"href":"https:\/\/jekpo.com\/en\/wp-json\/wp\/v2\/variklio-tipas?post=4937"}],"curies":[{"name":"wp","href":"https:\/\/api.w.org\/{rel}","templated":true}]}}