{"id":4935,"date":"2025-12-15T11:07:23","date_gmt":"2025-12-15T08:07:23","guid":{"rendered":"https:\/\/jekpo.com\/p\/300-mm-grazto-komplektas\/"},"modified":"2026-02-17T17:17:21","modified_gmt":"2026-02-17T14:17:21","slug":"300mm-auger-kit","status":"publish","type":"product","link":"https:\/\/jekpo.com\/en\/p\/300mm-auger-kit\/","title":{"rendered":"300 mm Auger Kit"},"content":{"rendered":"<p data-start=\"166\" data-end=\"510\">The 300 mm auger kit is a powerful earth auger for Rippa mini excavators, designed for drilling wider and deeper holes for foundations and piles. The 300 mm diameter is suitable for terrace posts, gazebos, greenhouses, and other light structures, while the 1000 mm length allows drilling deeper holes without the need for additional extensions.<\/p>\n<h3 data-start=\"512\" data-end=\"528\">Application:<\/h3>\n<ul>\n<li data-start=\"531\" data-end=\"615\">Drilling foundation holes for terraces, gazebos, greenhouses, and light structures<\/li>\n<li data-start=\"618\" data-end=\"690\">Holes for posts, piles, and supports for screw or concrete foundations<\/li>\n<li data-start=\"693\" data-end=\"748\">Planting holes for larger trees and decorative plants<\/li>\n<li data-start=\"751\" data-end=\"820\">Use with a mini excavator instead of traditional drilling solutions<\/li>\n<\/ul>\n","protected":false},"excerpt":{"rendered":"<p>The 300 mm auger kit is a powerful earth auger for Rippa mini excavators, designed for drilling wider and deeper holes for foundations and piles. The 300 mm diameter is suitable for terrace posts, gazebos, greenhouses, and other light structures, while the 1000 mm length allows drilling deeper holes without the need for additional extensions. [&hellip;]<\/p>\n","protected":false},"featured_media":4933,"comment_status":"closed","ping_status":"closed","template":"","meta":[],"product_brand":[],"product_cat":[203,206],"product_tag":[],"pritaikomumas":[211],"variklio-tipas":[],"class_list":{"0":"post-4935","1":"product","2":"type-product","3":"status-publish","4":"has-post-thumbnail","6":"product_cat-excavator-attachments","7":"product_cat-news","8":"pritaikomumas-rippa-excavators","10":"first","11":"instock","12":"taxable","13":"shipping-taxable","14":"purchasable","15":"product-type-simple"},"yoast_head":"<!-- This site is optimized with the Yoast SEO plugin v26.8 - https:\/\/yoast.com\/product\/yoast-seo-wordpress\/ -->\n<title>300 mm Auger Kit For Rippa mini excavator | JEKPO.COM<\/title>\n<meta name=\"description\" content=\"Rippa 300 mm auger kit \u2013 mini excavator attachment for deep and precise drilling. Suitable for foundations, fences and posts. Length: 1000 mm.\" \/>\n<meta name=\"robots\" content=\"index, follow, max-snippet:-1, max-image-preview:large, max-video-preview:-1\" \/>\n<link rel=\"canonical\" href=\"https:\/\/jekpo.com\/en\/p\/300mm-auger-kit\/\" \/>\n<meta property=\"og:locale\" content=\"en_US\" \/>\n<meta property=\"og:type\" content=\"article\" \/>\n<meta property=\"og:title\" content=\"300 mm Auger Kit For Rippa mini excavator | JEKPO.COM\" \/>\n<meta property=\"og:description\" content=\"Rippa 300 mm auger kit \u2013 mini excavator attachment for deep and precise drilling. Suitable for foundations, fences and posts. Length: 1000 mm.\" \/>\n<meta property=\"og:url\" content=\"https:\/\/jekpo.com\/en\/p\/300mm-auger-kit\/\" \/>\n<meta property=\"og:site_name\" content=\"JEKPO\" \/>\n<meta property=\"article:publisher\" content=\"https:\/\/www.facebook.com\/profile.php?id=61564816725405\" \/>\n<meta property=\"article:modified_time\" content=\"2026-02-17T14:17:21+00:00\" \/>\n<meta property=\"og:image\" content=\"https:\/\/jekpo.com\/wp-content\/uploads\/2025\/12\/jekpo-rippa-mini-ekskavatoriui-priedas-300mm-grazto-komplektas.png\" \/>\n\t<meta property=\"og:image:width\" content=\"1000\" \/>\n\t<meta property=\"og:image:height\" content=\"1000\" \/>\n\t<meta property=\"og:image:type\" content=\"image\/png\" \/>\n<meta name=\"twitter:card\" content=\"summary_large_image\" \/>\n<meta name=\"twitter:label1\" content=\"Est. reading time\" \/>\n\t<meta name=\"twitter:data1\" content=\"1 minute\" \/>\n<script type=\"application\/ld+json\" class=\"yoast-schema-graph\">{\"@context\":\"https:\/\/schema.org\",\"@graph\":[{\"@type\":\"WebPage\",\"@id\":\"https:\/\/jekpo.com\/en\/p\/300mm-auger-kit\/\",\"url\":\"https:\/\/jekpo.com\/en\/p\/300mm-auger-kit\/\",\"name\":\"300 mm Auger Kit For Rippa mini excavator | JEKPO.COM\",\"isPartOf\":{\"@id\":\"https:\/\/jekpo.com\/en\/#website\"},\"primaryImageOfPage\":{\"@id\":\"https:\/\/jekpo.com\/en\/p\/300mm-auger-kit\/#primaryimage\"},\"image\":{\"@id\":\"https:\/\/jekpo.com\/en\/p\/300mm-auger-kit\/#primaryimage\"},\"thumbnailUrl\":\"https:\/\/jekpo.com\/wp-content\/uploads\/2025\/12\/jekpo-rippa-mini-ekskavatoriui-priedas-300mm-grazto-komplektas.png\",\"datePublished\":\"2025-12-15T08:07:23+00:00\",\"dateModified\":\"2026-02-17T14:17:21+00:00\",\"description\":\"Rippa 300 mm auger kit \u2013 mini excavator attachment for deep and precise drilling. Suitable for foundations, fences and posts. Length: 1000 mm.\",\"breadcrumb\":{\"@id\":\"https:\/\/jekpo.com\/en\/p\/300mm-auger-kit\/#breadcrumb\"},\"inLanguage\":\"en-US\",\"potentialAction\":[{\"@type\":\"ReadAction\",\"target\":[\"https:\/\/jekpo.com\/en\/p\/300mm-auger-kit\/\"]}]},{\"@type\":\"ImageObject\",\"inLanguage\":\"en-US\",\"@id\":\"https:\/\/jekpo.com\/en\/p\/300mm-auger-kit\/#primaryimage\",\"url\":\"https:\/\/jekpo.com\/wp-content\/uploads\/2025\/12\/jekpo-rippa-mini-ekskavatoriui-priedas-300mm-grazto-komplektas.png\",\"contentUrl\":\"https:\/\/jekpo.com\/wp-content\/uploads\/2025\/12\/jekpo-rippa-mini-ekskavatoriui-priedas-300mm-grazto-komplektas.png\",\"width\":1000,\"height\":1000,\"caption\":\"jekpo-rippa-mini-ekskavatoriui-priedas-300mm-grazto-komplektas\"},{\"@type\":\"BreadcrumbList\",\"@id\":\"https:\/\/jekpo.com\/en\/p\/300mm-auger-kit\/#breadcrumb\",\"itemListElement\":[{\"@type\":\"ListItem\",\"position\":1,\"name\":\"Home\",\"item\":\"https:\/\/jekpo.com\/en\/\"},{\"@type\":\"ListItem\",\"position\":2,\"name\":\"Equipment\",\"item\":\"https:\/\/jekpo.com\/en\/equipment\/\"},{\"@type\":\"ListItem\",\"position\":3,\"name\":\"300 mm Auger Kit\"}]},{\"@type\":\"WebSite\",\"@id\":\"https:\/\/jekpo.com\/en\/#website\",\"url\":\"https:\/\/jekpo.com\/en\/\",\"name\":\"JEKPO\",\"description\":\"atsakingas j\u016bs\u0173 partneris \u017eem\u0117s \u016bkio, sodo ir smulkiosios technikos pasaulyje\",\"publisher\":{\"@id\":\"https:\/\/jekpo.com\/en\/#organization\"},\"potentialAction\":[{\"@type\":\"SearchAction\",\"target\":{\"@type\":\"EntryPoint\",\"urlTemplate\":\"https:\/\/jekpo.com\/en\/?s={search_term_string}\"},\"query-input\":{\"@type\":\"PropertyValueSpecification\",\"valueRequired\":true,\"valueName\":\"search_term_string\"}}],\"inLanguage\":\"en-US\"},{\"@type\":\"Organization\",\"@id\":\"https:\/\/jekpo.com\/en\/#organization\",\"name\":\"JEKPO\",\"url\":\"https:\/\/jekpo.com\/en\/\",\"logo\":{\"@type\":\"ImageObject\",\"inLanguage\":\"en-US\",\"@id\":\"https:\/\/jekpo.com\/en\/#\/schema\/logo\/image\/\",\"url\":\"https:\/\/jekpo.com\/wp-content\/uploads\/2025\/03\/JEKPO-logo-trans-e1749117872556-300x201-2.webp\",\"contentUrl\":\"https:\/\/jekpo.com\/wp-content\/uploads\/2025\/03\/JEKPO-logo-trans-e1749117872556-300x201-2.webp\",\"width\":300,\"height\":201,\"caption\":\"JEKPO\"},\"image\":{\"@id\":\"https:\/\/jekpo.com\/en\/#\/schema\/logo\/image\/\"},\"sameAs\":[\"https:\/\/www.facebook.com\/profile.php?id=61564816725405\",\"https:\/\/www.instagram.com\/jekpo_ltu\/?igsh=cWh1ZDhyamEzOWQz&utm_source=qr#\",\"https:\/\/www.tiktok.com\/@jekpo_ltu?is_from_webapp=1&sender_device=pc\"]}]}<\/script>\n<!-- \/ Yoast SEO plugin. -->","yoast_head_json":{"title":"300 mm Auger Kit For Rippa mini excavator | JEKPO.COM","description":"Rippa 300 mm auger kit \u2013 mini excavator attachment for deep and precise drilling. Suitable for foundations, fences and posts. Length: 1000 mm.","robots":{"index":"index","follow":"follow","max-snippet":"max-snippet:-1","max-image-preview":"max-image-preview:large","max-video-preview":"max-video-preview:-1"},"canonical":"https:\/\/jekpo.com\/en\/p\/300mm-auger-kit\/","og_locale":"en_US","og_type":"article","og_title":"300 mm Auger Kit For Rippa mini excavator | JEKPO.COM","og_description":"Rippa 300 mm auger kit \u2013 mini excavator attachment for deep and precise drilling. Suitable for foundations, fences and posts. Length: 1000 mm.","og_url":"https:\/\/jekpo.com\/en\/p\/300mm-auger-kit\/","og_site_name":"JEKPO","article_publisher":"https:\/\/www.facebook.com\/profile.php?id=61564816725405","article_modified_time":"2026-02-17T14:17:21+00:00","og_image":[{"width":1000,"height":1000,"url":"https:\/\/jekpo.com\/wp-content\/uploads\/2025\/12\/jekpo-rippa-mini-ekskavatoriui-priedas-300mm-grazto-komplektas.png","type":"image\/png"}],"twitter_card":"summary_large_image","twitter_misc":{"Est. reading time":"1 minute"},"schema":{"@context":"https:\/\/schema.org","@graph":[{"@type":"WebPage","@id":"https:\/\/jekpo.com\/en\/p\/300mm-auger-kit\/","url":"https:\/\/jekpo.com\/en\/p\/300mm-auger-kit\/","name":"300 mm Auger Kit For Rippa mini excavator | JEKPO.COM","isPartOf":{"@id":"https:\/\/jekpo.com\/en\/#website"},"primaryImageOfPage":{"@id":"https:\/\/jekpo.com\/en\/p\/300mm-auger-kit\/#primaryimage"},"image":{"@id":"https:\/\/jekpo.com\/en\/p\/300mm-auger-kit\/#primaryimage"},"thumbnailUrl":"https:\/\/jekpo.com\/wp-content\/uploads\/2025\/12\/jekpo-rippa-mini-ekskavatoriui-priedas-300mm-grazto-komplektas.png","datePublished":"2025-12-15T08:07:23+00:00","dateModified":"2026-02-17T14:17:21+00:00","description":"Rippa 300 mm auger kit \u2013 mini excavator attachment for deep and precise drilling. Suitable for foundations, fences and posts. Length: 1000 mm.","breadcrumb":{"@id":"https:\/\/jekpo.com\/en\/p\/300mm-auger-kit\/#breadcrumb"},"inLanguage":"en-US","potentialAction":[{"@type":"ReadAction","target":["https:\/\/jekpo.com\/en\/p\/300mm-auger-kit\/"]}]},{"@type":"ImageObject","inLanguage":"en-US","@id":"https:\/\/jekpo.com\/en\/p\/300mm-auger-kit\/#primaryimage","url":"https:\/\/jekpo.com\/wp-content\/uploads\/2025\/12\/jekpo-rippa-mini-ekskavatoriui-priedas-300mm-grazto-komplektas.png","contentUrl":"https:\/\/jekpo.com\/wp-content\/uploads\/2025\/12\/jekpo-rippa-mini-ekskavatoriui-priedas-300mm-grazto-komplektas.png","width":1000,"height":1000,"caption":"jekpo-rippa-mini-ekskavatoriui-priedas-300mm-grazto-komplektas"},{"@type":"BreadcrumbList","@id":"https:\/\/jekpo.com\/en\/p\/300mm-auger-kit\/#breadcrumb","itemListElement":[{"@type":"ListItem","position":1,"name":"Home","item":"https:\/\/jekpo.com\/en\/"},{"@type":"ListItem","position":2,"name":"Equipment","item":"https:\/\/jekpo.com\/en\/equipment\/"},{"@type":"ListItem","position":3,"name":"300 mm Auger Kit"}]},{"@type":"WebSite","@id":"https:\/\/jekpo.com\/en\/#website","url":"https:\/\/jekpo.com\/en\/","name":"JEKPO","description":"atsakingas j\u016bs\u0173 partneris \u017eem\u0117s \u016bkio, sodo ir smulkiosios technikos pasaulyje","publisher":{"@id":"https:\/\/jekpo.com\/en\/#organization"},"potentialAction":[{"@type":"SearchAction","target":{"@type":"EntryPoint","urlTemplate":"https:\/\/jekpo.com\/en\/?s={search_term_string}"},"query-input":{"@type":"PropertyValueSpecification","valueRequired":true,"valueName":"search_term_string"}}],"inLanguage":"en-US"},{"@type":"Organization","@id":"https:\/\/jekpo.com\/en\/#organization","name":"JEKPO","url":"https:\/\/jekpo.com\/en\/","logo":{"@type":"ImageObject","inLanguage":"en-US","@id":"https:\/\/jekpo.com\/en\/#\/schema\/logo\/image\/","url":"https:\/\/jekpo.com\/wp-content\/uploads\/2025\/03\/JEKPO-logo-trans-e1749117872556-300x201-2.webp","contentUrl":"https:\/\/jekpo.com\/wp-content\/uploads\/2025\/03\/JEKPO-logo-trans-e1749117872556-300x201-2.webp","width":300,"height":201,"caption":"JEKPO"},"image":{"@id":"https:\/\/jekpo.com\/en\/#\/schema\/logo\/image\/"},"sameAs":["https:\/\/www.facebook.com\/profile.php?id=61564816725405","https:\/\/www.instagram.com\/jekpo_ltu\/?igsh=cWh1ZDhyamEzOWQz&utm_source=qr#","https:\/\/www.tiktok.com\/@jekpo_ltu?is_from_webapp=1&sender_device=pc"]}]}},"_links":{"self":[{"href":"https:\/\/jekpo.com\/en\/wp-json\/wp\/v2\/product\/4935","targetHints":{"allow":["GET"]}}],"collection":[{"href":"https:\/\/jekpo.com\/en\/wp-json\/wp\/v2\/product"}],"about":[{"href":"https:\/\/jekpo.com\/en\/wp-json\/wp\/v2\/types\/product"}],"replies":[{"embeddable":true,"href":"https:\/\/jekpo.com\/en\/wp-json\/wp\/v2\/comments?post=4935"}],"wp:featuredmedia":[{"embeddable":true,"href":"https:\/\/jekpo.com\/en\/wp-json\/wp\/v2\/media\/4933"}],"wp:attachment":[{"href":"https:\/\/jekpo.com\/en\/wp-json\/wp\/v2\/media?parent=4935"}],"wp:term":[{"taxonomy":"product_brand","embeddable":true,"href":"https:\/\/jekpo.com\/en\/wp-json\/wp\/v2\/product_brand?post=4935"},{"taxonomy":"product_cat","embeddable":true,"href":"https:\/\/jekpo.com\/en\/wp-json\/wp\/v2\/product_cat?post=4935"},{"taxonomy":"product_tag","embeddable":true,"href":"https:\/\/jekpo.com\/en\/wp-json\/wp\/v2\/product_tag?post=4935"},{"taxonomy":"pritaikomumas","embeddable":true,"href":"https:\/\/jekpo.com\/en\/wp-json\/wp\/v2\/pritaikomumas?post=4935"},{"taxonomy":"variklio-tipas","embeddable":true,"href":"https:\/\/jekpo.com\/en\/wp-json\/wp\/v2\/variklio-tipas?post=4935"}],"curies":[{"name":"wp","href":"https:\/\/api.w.org\/{rel}","templated":true}]}}