{"id":4535,"date":"2025-06-11T19:23:29","date_gmt":"2025-06-11T16:23:29","guid":{"rendered":"https:\/\/jekpo.com\/?post_type=product&#038;p=4535"},"modified":"2026-02-17T20:33:13","modified_gmt":"2026-02-17T17:33:13","slug":"hedge-trimmer-blade-for-loader","status":"publish","type":"product","link":"https:\/\/jekpo.com\/en\/p\/hedge-trimmer-blade-for-loader\/","title":{"rendered":"Hedge Trimmer Attachment"},"content":{"rendered":"<p data-start=\"208\" data-end=\"405\">A heavy-duty hedge trimmer attachment designed for fast and precise trimming and shaping of hedges and shrubs. Ideal for use in gardens, parks, landscaping projects, and municipal maintenance work.<\/p>\n<p data-start=\"407\" data-end=\"542\">Built for reliability and clean cutting performance, this attachment ensures efficient vegetation management and a professional finish.<\/p>\n","protected":false},"excerpt":{"rendered":"<p>A heavy-duty hedge trimmer attachment designed for fast and precise trimming and shaping of hedges and shrubs. Ideal for use in gardens, parks, landscaping projects, and municipal maintenance work. Built for reliability and clean cutting performance, this attachment ensures efficient vegetation management and a professional finish.<\/p>\n","protected":false},"featured_media":4534,"comment_status":"closed","ping_status":"closed","template":"","meta":[],"product_brand":[],"product_cat":[192],"product_tag":[],"pritaikomumas":[209],"variklio-tipas":[],"class_list":{"0":"post-4535","1":"product","2":"type-product","3":"status-publish","4":"has-post-thumbnail","6":"product_cat-loader-attachments","7":"pritaikomumas-liftrex-loaders","9":"first","10":"instock","11":"sale","12":"sold-individually","13":"taxable","14":"shipping-taxable","15":"purchasable","16":"product-type-simple"},"yoast_head":"<!-- This site is optimized with the Yoast SEO plugin v27.4 - https:\/\/yoast.com\/product\/yoast-seo-wordpress\/ -->\n<title>Hedge Trimmer Attachment precise and fast shrub maintenance | JEKPO.COM<\/title>\n<meta name=\"description\" content=\"Professional hedge trimmer for loader \u2013 cut quickly, precisely and safely. Suitable for gardens, parks and landscaping. Order now!\" \/>\n<meta name=\"robots\" content=\"index, follow, max-snippet:-1, max-image-preview:large, max-video-preview:-1\" \/>\n<link rel=\"canonical\" href=\"https:\/\/jekpo.com\/en\/p\/hedge-trimmer-blade-for-loader\/\" \/>\n<meta property=\"og:locale\" content=\"en_US\" \/>\n<meta property=\"og:type\" content=\"article\" \/>\n<meta property=\"og:title\" content=\"Hedge Trimmer Attachment precise and fast shrub maintenance | JEKPO.COM\" \/>\n<meta property=\"og:description\" content=\"Professional hedge trimmer for loader \u2013 cut quickly, precisely and safely. Suitable for gardens, parks and landscaping. Order now!\" \/>\n<meta property=\"og:url\" content=\"https:\/\/jekpo.com\/en\/p\/hedge-trimmer-blade-for-loader\/\" \/>\n<meta property=\"og:site_name\" content=\"JEKPO\" \/>\n<meta property=\"article:publisher\" content=\"https:\/\/www.facebook.com\/profile.php?id=61564816725405\" \/>\n<meta property=\"article:modified_time\" content=\"2026-02-17T17:33:13+00:00\" \/>\n<meta property=\"og:image\" content=\"https:\/\/jekpo.com\/wp-content\/uploads\/2025\/06\/jekpo-mini-krautuvo-priedas-gyvatvores-peilis.png\" \/>\n\t<meta property=\"og:image:width\" content=\"1000\" \/>\n\t<meta property=\"og:image:height\" content=\"1000\" \/>\n\t<meta property=\"og:image:type\" content=\"image\/png\" \/>\n<meta name=\"twitter:card\" content=\"summary_large_image\" \/>\n<meta name=\"twitter:label1\" content=\"Est. reading time\" \/>\n\t<meta name=\"twitter:data1\" content=\"1 minute\" \/>\n<script type=\"application\/ld+json\" class=\"yoast-schema-graph\">{\"@context\":\"https:\\\/\\\/schema.org\",\"@graph\":[{\"@type\":\"WebPage\",\"@id\":\"https:\\\/\\\/jekpo.com\\\/en\\\/p\\\/hedge-trimmer-blade-for-loader\\\/\",\"url\":\"https:\\\/\\\/jekpo.com\\\/en\\\/p\\\/hedge-trimmer-blade-for-loader\\\/\",\"name\":\"Hedge Trimmer Attachment precise and fast shrub maintenance | JEKPO.COM\",\"isPartOf\":{\"@id\":\"https:\\\/\\\/jekpo.com\\\/en\\\/#website\"},\"primaryImageOfPage\":{\"@id\":\"https:\\\/\\\/jekpo.com\\\/en\\\/p\\\/hedge-trimmer-blade-for-loader\\\/#primaryimage\"},\"image\":{\"@id\":\"https:\\\/\\\/jekpo.com\\\/en\\\/p\\\/hedge-trimmer-blade-for-loader\\\/#primaryimage\"},\"thumbnailUrl\":\"https:\\\/\\\/jekpo.com\\\/wp-content\\\/uploads\\\/2025\\\/06\\\/jekpo-mini-krautuvo-priedas-gyvatvores-peilis.png\",\"datePublished\":\"2025-06-11T16:23:29+00:00\",\"dateModified\":\"2026-02-17T17:33:13+00:00\",\"description\":\"Professional hedge trimmer for loader \u2013 cut quickly, precisely and safely. Suitable for gardens, parks and landscaping. Order now!\",\"breadcrumb\":{\"@id\":\"https:\\\/\\\/jekpo.com\\\/en\\\/p\\\/hedge-trimmer-blade-for-loader\\\/#breadcrumb\"},\"inLanguage\":\"en-US\",\"potentialAction\":[{\"@type\":\"ReadAction\",\"target\":[\"https:\\\/\\\/jekpo.com\\\/en\\\/p\\\/hedge-trimmer-blade-for-loader\\\/\"]}]},{\"@type\":\"ImageObject\",\"inLanguage\":\"en-US\",\"@id\":\"https:\\\/\\\/jekpo.com\\\/en\\\/p\\\/hedge-trimmer-blade-for-loader\\\/#primaryimage\",\"url\":\"https:\\\/\\\/jekpo.com\\\/wp-content\\\/uploads\\\/2025\\\/06\\\/jekpo-mini-krautuvo-priedas-gyvatvores-peilis.png\",\"contentUrl\":\"https:\\\/\\\/jekpo.com\\\/wp-content\\\/uploads\\\/2025\\\/06\\\/jekpo-mini-krautuvo-priedas-gyvatvores-peilis.png\",\"width\":1000,\"height\":1000,\"caption\":\"jekpo-mini-krautuvo-priedas-gyvatvores-zirkles\"},{\"@type\":\"BreadcrumbList\",\"@id\":\"https:\\\/\\\/jekpo.com\\\/en\\\/p\\\/hedge-trimmer-blade-for-loader\\\/#breadcrumb\",\"itemListElement\":[{\"@type\":\"ListItem\",\"position\":1,\"name\":\"Home\",\"item\":\"https:\\\/\\\/jekpo.com\\\/en\\\/\"},{\"@type\":\"ListItem\",\"position\":2,\"name\":\"Equipment\",\"item\":\"https:\\\/\\\/jekpo.com\\\/en\\\/equipment\\\/\"},{\"@type\":\"ListItem\",\"position\":3,\"name\":\"Hedge Trimmer Attachment\"}]},{\"@type\":\"WebSite\",\"@id\":\"https:\\\/\\\/jekpo.com\\\/en\\\/#website\",\"url\":\"https:\\\/\\\/jekpo.com\\\/en\\\/\",\"name\":\"JEKPO\",\"description\":\"atsakingas j\u016bs\u0173 partneris \u017eem\u0117s \u016bkio, sodo ir smulkiosios technikos pasaulyje\",\"publisher\":{\"@id\":\"https:\\\/\\\/jekpo.com\\\/en\\\/#organization\"},\"potentialAction\":[{\"@type\":\"SearchAction\",\"target\":{\"@type\":\"EntryPoint\",\"urlTemplate\":\"https:\\\/\\\/jekpo.com\\\/en\\\/?s={search_term_string}\"},\"query-input\":{\"@type\":\"PropertyValueSpecification\",\"valueRequired\":true,\"valueName\":\"search_term_string\"}}],\"inLanguage\":\"en-US\"},{\"@type\":\"Organization\",\"@id\":\"https:\\\/\\\/jekpo.com\\\/en\\\/#organization\",\"name\":\"JEKPO\",\"url\":\"https:\\\/\\\/jekpo.com\\\/en\\\/\",\"logo\":{\"@type\":\"ImageObject\",\"inLanguage\":\"en-US\",\"@id\":\"https:\\\/\\\/jekpo.com\\\/en\\\/#\\\/schema\\\/logo\\\/image\\\/\",\"url\":\"https:\\\/\\\/jekpo.com\\\/wp-content\\\/uploads\\\/2025\\\/03\\\/JEKPO-logo-trans-e1749117872556-300x201-2.webp\",\"contentUrl\":\"https:\\\/\\\/jekpo.com\\\/wp-content\\\/uploads\\\/2025\\\/03\\\/JEKPO-logo-trans-e1749117872556-300x201-2.webp\",\"width\":300,\"height\":201,\"caption\":\"JEKPO\"},\"image\":{\"@id\":\"https:\\\/\\\/jekpo.com\\\/en\\\/#\\\/schema\\\/logo\\\/image\\\/\"},\"sameAs\":[\"https:\\\/\\\/www.facebook.com\\\/profile.php?id=61564816725405\",\"https:\\\/\\\/www.instagram.com\\\/jekpo_ltu\\\/?igsh=cWh1ZDhyamEzOWQz&utm_source=qr#\",\"https:\\\/\\\/www.tiktok.com\\\/@jekpo_ltu?is_from_webapp=1&sender_device=pc\"]}]}<\/script>\n<!-- \/ Yoast SEO plugin. -->","yoast_head_json":{"title":"Hedge Trimmer Attachment precise and fast shrub maintenance | JEKPO.COM","description":"Professional hedge trimmer for loader \u2013 cut quickly, precisely and safely. Suitable for gardens, parks and landscaping. Order now!","robots":{"index":"index","follow":"follow","max-snippet":"max-snippet:-1","max-image-preview":"max-image-preview:large","max-video-preview":"max-video-preview:-1"},"canonical":"https:\/\/jekpo.com\/en\/p\/hedge-trimmer-blade-for-loader\/","og_locale":"en_US","og_type":"article","og_title":"Hedge Trimmer Attachment precise and fast shrub maintenance | JEKPO.COM","og_description":"Professional hedge trimmer for loader \u2013 cut quickly, precisely and safely. Suitable for gardens, parks and landscaping. Order now!","og_url":"https:\/\/jekpo.com\/en\/p\/hedge-trimmer-blade-for-loader\/","og_site_name":"JEKPO","article_publisher":"https:\/\/www.facebook.com\/profile.php?id=61564816725405","article_modified_time":"2026-02-17T17:33:13+00:00","og_image":[{"width":1000,"height":1000,"url":"https:\/\/jekpo.com\/wp-content\/uploads\/2025\/06\/jekpo-mini-krautuvo-priedas-gyvatvores-peilis.png","type":"image\/png"}],"twitter_card":"summary_large_image","twitter_misc":{"Est. reading time":"1 minute"},"schema":{"@context":"https:\/\/schema.org","@graph":[{"@type":"WebPage","@id":"https:\/\/jekpo.com\/en\/p\/hedge-trimmer-blade-for-loader\/","url":"https:\/\/jekpo.com\/en\/p\/hedge-trimmer-blade-for-loader\/","name":"Hedge Trimmer Attachment precise and fast shrub maintenance | JEKPO.COM","isPartOf":{"@id":"https:\/\/jekpo.com\/en\/#website"},"primaryImageOfPage":{"@id":"https:\/\/jekpo.com\/en\/p\/hedge-trimmer-blade-for-loader\/#primaryimage"},"image":{"@id":"https:\/\/jekpo.com\/en\/p\/hedge-trimmer-blade-for-loader\/#primaryimage"},"thumbnailUrl":"https:\/\/jekpo.com\/wp-content\/uploads\/2025\/06\/jekpo-mini-krautuvo-priedas-gyvatvores-peilis.png","datePublished":"2025-06-11T16:23:29+00:00","dateModified":"2026-02-17T17:33:13+00:00","description":"Professional hedge trimmer for loader \u2013 cut quickly, precisely and safely. Suitable for gardens, parks and landscaping. Order now!","breadcrumb":{"@id":"https:\/\/jekpo.com\/en\/p\/hedge-trimmer-blade-for-loader\/#breadcrumb"},"inLanguage":"en-US","potentialAction":[{"@type":"ReadAction","target":["https:\/\/jekpo.com\/en\/p\/hedge-trimmer-blade-for-loader\/"]}]},{"@type":"ImageObject","inLanguage":"en-US","@id":"https:\/\/jekpo.com\/en\/p\/hedge-trimmer-blade-for-loader\/#primaryimage","url":"https:\/\/jekpo.com\/wp-content\/uploads\/2025\/06\/jekpo-mini-krautuvo-priedas-gyvatvores-peilis.png","contentUrl":"https:\/\/jekpo.com\/wp-content\/uploads\/2025\/06\/jekpo-mini-krautuvo-priedas-gyvatvores-peilis.png","width":1000,"height":1000,"caption":"jekpo-mini-krautuvo-priedas-gyvatvores-zirkles"},{"@type":"BreadcrumbList","@id":"https:\/\/jekpo.com\/en\/p\/hedge-trimmer-blade-for-loader\/#breadcrumb","itemListElement":[{"@type":"ListItem","position":1,"name":"Home","item":"https:\/\/jekpo.com\/en\/"},{"@type":"ListItem","position":2,"name":"Equipment","item":"https:\/\/jekpo.com\/en\/equipment\/"},{"@type":"ListItem","position":3,"name":"Hedge Trimmer Attachment"}]},{"@type":"WebSite","@id":"https:\/\/jekpo.com\/en\/#website","url":"https:\/\/jekpo.com\/en\/","name":"JEKPO","description":"atsakingas j\u016bs\u0173 partneris \u017eem\u0117s \u016bkio, sodo ir smulkiosios technikos pasaulyje","publisher":{"@id":"https:\/\/jekpo.com\/en\/#organization"},"potentialAction":[{"@type":"SearchAction","target":{"@type":"EntryPoint","urlTemplate":"https:\/\/jekpo.com\/en\/?s={search_term_string}"},"query-input":{"@type":"PropertyValueSpecification","valueRequired":true,"valueName":"search_term_string"}}],"inLanguage":"en-US"},{"@type":"Organization","@id":"https:\/\/jekpo.com\/en\/#organization","name":"JEKPO","url":"https:\/\/jekpo.com\/en\/","logo":{"@type":"ImageObject","inLanguage":"en-US","@id":"https:\/\/jekpo.com\/en\/#\/schema\/logo\/image\/","url":"https:\/\/jekpo.com\/wp-content\/uploads\/2025\/03\/JEKPO-logo-trans-e1749117872556-300x201-2.webp","contentUrl":"https:\/\/jekpo.com\/wp-content\/uploads\/2025\/03\/JEKPO-logo-trans-e1749117872556-300x201-2.webp","width":300,"height":201,"caption":"JEKPO"},"image":{"@id":"https:\/\/jekpo.com\/en\/#\/schema\/logo\/image\/"},"sameAs":["https:\/\/www.facebook.com\/profile.php?id=61564816725405","https:\/\/www.instagram.com\/jekpo_ltu\/?igsh=cWh1ZDhyamEzOWQz&utm_source=qr#","https:\/\/www.tiktok.com\/@jekpo_ltu?is_from_webapp=1&sender_device=pc"]}]}},"_links":{"self":[{"href":"https:\/\/jekpo.com\/en\/wp-json\/wp\/v2\/product\/4535","targetHints":{"allow":["GET"]}}],"collection":[{"href":"https:\/\/jekpo.com\/en\/wp-json\/wp\/v2\/product"}],"about":[{"href":"https:\/\/jekpo.com\/en\/wp-json\/wp\/v2\/types\/product"}],"replies":[{"embeddable":true,"href":"https:\/\/jekpo.com\/en\/wp-json\/wp\/v2\/comments?post=4535"}],"wp:featuredmedia":[{"embeddable":true,"href":"https:\/\/jekpo.com\/en\/wp-json\/wp\/v2\/media\/4534"}],"wp:attachment":[{"href":"https:\/\/jekpo.com\/en\/wp-json\/wp\/v2\/media?parent=4535"}],"wp:term":[{"taxonomy":"product_brand","embeddable":true,"href":"https:\/\/jekpo.com\/en\/wp-json\/wp\/v2\/product_brand?post=4535"},{"taxonomy":"product_cat","embeddable":true,"href":"https:\/\/jekpo.com\/en\/wp-json\/wp\/v2\/product_cat?post=4535"},{"taxonomy":"product_tag","embeddable":true,"href":"https:\/\/jekpo.com\/en\/wp-json\/wp\/v2\/product_tag?post=4535"},{"taxonomy":"pritaikomumas","embeddable":true,"href":"https:\/\/jekpo.com\/en\/wp-json\/wp\/v2\/pritaikomumas?post=4535"},{"taxonomy":"variklio-tipas","embeddable":true,"href":"https:\/\/jekpo.com\/en\/wp-json\/wp\/v2\/variklio-tipas?post=4535"}],"curies":[{"name":"wp","href":"https:\/\/api.w.org\/{rel}","templated":true}]}}