{"id":4501,"date":"2025-05-30T13:26:57","date_gmt":"2025-05-30T10:26:57","guid":{"rendered":"https:\/\/jekpo.com\/p\/sniego-pustuvas-krautuvui\/"},"modified":"2026-02-17T20:25:24","modified_gmt":"2026-02-17T17:25:24","slug":"snow-blower-for-loader","status":"publish","type":"product","link":"https:\/\/jekpo.com\/en\/p\/snow-blower-for-loader\/","title":{"rendered":"Snow Blower Attachment"},"content":{"rendered":"<p data-start=\"203\" data-end=\"513\">A powerful snow blower attachment designed for intensive snow removal in both residential and industrial areas. It efficiently clears up to 40\u201350 tons of snow per hour, even when dealing with snow layers up to 330 mm thick. The adjustable 360\u00b0 discharge chute allows snow to be directed precisely where needed.<\/p>\n<p data-start=\"515\" data-end=\"687\">This attachment is an excellent choice for use with loaders or tractors during demanding winter conditions, delivering high performance, efficiency, and reliable operation.<\/p>\n","protected":false},"excerpt":{"rendered":"<p>A powerful snow blower attachment designed for intensive snow removal in both residential and industrial areas. It efficiently clears up to 40\u201350 tons of snow per hour, even when dealing with snow layers up to 330 mm thick. The adjustable 360\u00b0 discharge chute allows snow to be directed precisely where needed. This attachment is an [&hellip;]<\/p>\n","protected":false},"featured_media":4487,"comment_status":"closed","ping_status":"closed","template":"","meta":[],"product_brand":[],"product_cat":[192],"product_tag":[],"pritaikomumas":[209],"variklio-tipas":[],"class_list":{"0":"post-4501","1":"product","2":"type-product","3":"status-publish","4":"has-post-thumbnail","6":"product_cat-loader-attachments","7":"pritaikomumas-liftrex-loaders","9":"first","10":"instock","11":"sale","12":"sold-individually","13":"taxable","14":"shipping-taxable","15":"purchasable","16":"product-type-simple"},"yoast_head":"<!-- This site is optimized with the Yoast SEO plugin v26.8 - https:\/\/yoast.com\/product\/yoast-seo-wordpress\/ -->\n<title>Snow Blower Attachment \u2013 powerful winter solution | JEKPO.COM<\/title>\n<meta name=\"description\" content=\"JEKPO snow blower for loader \u2013 fast and precise snow removal for yards, roads, and properties. Don\u2019t let winter work catch you off guard \u2013 be prepared!\" \/>\n<meta name=\"robots\" content=\"index, follow, max-snippet:-1, max-image-preview:large, max-video-preview:-1\" \/>\n<link rel=\"canonical\" href=\"https:\/\/jekpo.com\/en\/p\/snow-blower-for-loader\/\" \/>\n<meta property=\"og:locale\" content=\"en_US\" \/>\n<meta property=\"og:type\" content=\"article\" \/>\n<meta property=\"og:title\" content=\"Snow Blower Attachment \u2013 powerful winter solution | JEKPO.COM\" \/>\n<meta property=\"og:description\" content=\"JEKPO snow blower for loader \u2013 fast and precise snow removal for yards, roads, and properties. Don\u2019t let winter work catch you off guard \u2013 be prepared!\" \/>\n<meta property=\"og:url\" content=\"https:\/\/jekpo.com\/en\/p\/snow-blower-for-loader\/\" \/>\n<meta property=\"og:site_name\" content=\"JEKPO\" \/>\n<meta property=\"article:publisher\" content=\"https:\/\/www.facebook.com\/profile.php?id=61564816725405\" \/>\n<meta property=\"article:modified_time\" content=\"2026-02-17T17:25:24+00:00\" \/>\n<meta property=\"og:image\" content=\"https:\/\/jekpo.com\/wp-content\/uploads\/2025\/05\/sneigo-pustuvas-jekpo-mini-traktoriukai.png\" \/>\n\t<meta property=\"og:image:width\" content=\"1000\" \/>\n\t<meta property=\"og:image:height\" content=\"1000\" \/>\n\t<meta property=\"og:image:type\" content=\"image\/png\" \/>\n<meta name=\"twitter:card\" content=\"summary_large_image\" \/>\n<meta name=\"twitter:label1\" content=\"Est. reading time\" \/>\n\t<meta name=\"twitter:data1\" content=\"1 minute\" \/>\n<script type=\"application\/ld+json\" class=\"yoast-schema-graph\">{\"@context\":\"https:\/\/schema.org\",\"@graph\":[{\"@type\":\"WebPage\",\"@id\":\"https:\/\/jekpo.com\/en\/p\/snow-blower-for-loader\/\",\"url\":\"https:\/\/jekpo.com\/en\/p\/snow-blower-for-loader\/\",\"name\":\"Snow Blower Attachment \u2013 powerful winter solution | JEKPO.COM\",\"isPartOf\":{\"@id\":\"https:\/\/jekpo.com\/en\/#website\"},\"primaryImageOfPage\":{\"@id\":\"https:\/\/jekpo.com\/en\/p\/snow-blower-for-loader\/#primaryimage\"},\"image\":{\"@id\":\"https:\/\/jekpo.com\/en\/p\/snow-blower-for-loader\/#primaryimage\"},\"thumbnailUrl\":\"https:\/\/jekpo.com\/wp-content\/uploads\/2025\/05\/sneigo-pustuvas-jekpo-mini-traktoriukai.png\",\"datePublished\":\"2025-05-30T10:26:57+00:00\",\"dateModified\":\"2026-02-17T17:25:24+00:00\",\"description\":\"JEKPO snow blower for loader \u2013 fast and precise snow removal for yards, roads, and properties. Don\u2019t let winter work catch you off guard \u2013 be prepared!\",\"breadcrumb\":{\"@id\":\"https:\/\/jekpo.com\/en\/p\/snow-blower-for-loader\/#breadcrumb\"},\"inLanguage\":\"en-US\",\"potentialAction\":[{\"@type\":\"ReadAction\",\"target\":[\"https:\/\/jekpo.com\/en\/p\/snow-blower-for-loader\/\"]}]},{\"@type\":\"ImageObject\",\"inLanguage\":\"en-US\",\"@id\":\"https:\/\/jekpo.com\/en\/p\/snow-blower-for-loader\/#primaryimage\",\"url\":\"https:\/\/jekpo.com\/wp-content\/uploads\/2025\/05\/sneigo-pustuvas-jekpo-mini-traktoriukai.png\",\"contentUrl\":\"https:\/\/jekpo.com\/wp-content\/uploads\/2025\/05\/sneigo-pustuvas-jekpo-mini-traktoriukai.png\",\"width\":1000,\"height\":1000,\"caption\":\"sneigo-pustuvas-jekpo-mini-traktoriukai\"},{\"@type\":\"BreadcrumbList\",\"@id\":\"https:\/\/jekpo.com\/en\/p\/snow-blower-for-loader\/#breadcrumb\",\"itemListElement\":[{\"@type\":\"ListItem\",\"position\":1,\"name\":\"Home\",\"item\":\"https:\/\/jekpo.com\/en\/\"},{\"@type\":\"ListItem\",\"position\":2,\"name\":\"Equipment\",\"item\":\"https:\/\/jekpo.com\/en\/equipment\/\"},{\"@type\":\"ListItem\",\"position\":3,\"name\":\"Snow Blower Attachment\"}]},{\"@type\":\"WebSite\",\"@id\":\"https:\/\/jekpo.com\/en\/#website\",\"url\":\"https:\/\/jekpo.com\/en\/\",\"name\":\"JEKPO\",\"description\":\"atsakingas j\u016bs\u0173 partneris \u017eem\u0117s \u016bkio, sodo ir smulkiosios technikos pasaulyje\",\"publisher\":{\"@id\":\"https:\/\/jekpo.com\/en\/#organization\"},\"potentialAction\":[{\"@type\":\"SearchAction\",\"target\":{\"@type\":\"EntryPoint\",\"urlTemplate\":\"https:\/\/jekpo.com\/en\/?s={search_term_string}\"},\"query-input\":{\"@type\":\"PropertyValueSpecification\",\"valueRequired\":true,\"valueName\":\"search_term_string\"}}],\"inLanguage\":\"en-US\"},{\"@type\":\"Organization\",\"@id\":\"https:\/\/jekpo.com\/en\/#organization\",\"name\":\"JEKPO\",\"url\":\"https:\/\/jekpo.com\/en\/\",\"logo\":{\"@type\":\"ImageObject\",\"inLanguage\":\"en-US\",\"@id\":\"https:\/\/jekpo.com\/en\/#\/schema\/logo\/image\/\",\"url\":\"https:\/\/jekpo.com\/wp-content\/uploads\/2025\/03\/JEKPO-logo-trans-e1749117872556-300x201-2.webp\",\"contentUrl\":\"https:\/\/jekpo.com\/wp-content\/uploads\/2025\/03\/JEKPO-logo-trans-e1749117872556-300x201-2.webp\",\"width\":300,\"height\":201,\"caption\":\"JEKPO\"},\"image\":{\"@id\":\"https:\/\/jekpo.com\/en\/#\/schema\/logo\/image\/\"},\"sameAs\":[\"https:\/\/www.facebook.com\/profile.php?id=61564816725405\",\"https:\/\/www.instagram.com\/jekpo_ltu\/?igsh=cWh1ZDhyamEzOWQz&utm_source=qr#\",\"https:\/\/www.tiktok.com\/@jekpo_ltu?is_from_webapp=1&sender_device=pc\"]}]}<\/script>\n<!-- \/ Yoast SEO plugin. -->","yoast_head_json":{"title":"Snow Blower Attachment \u2013 powerful winter solution | JEKPO.COM","description":"JEKPO snow blower for loader \u2013 fast and precise snow removal for yards, roads, and properties. Don\u2019t let winter work catch you off guard \u2013 be prepared!","robots":{"index":"index","follow":"follow","max-snippet":"max-snippet:-1","max-image-preview":"max-image-preview:large","max-video-preview":"max-video-preview:-1"},"canonical":"https:\/\/jekpo.com\/en\/p\/snow-blower-for-loader\/","og_locale":"en_US","og_type":"article","og_title":"Snow Blower Attachment \u2013 powerful winter solution | JEKPO.COM","og_description":"JEKPO snow blower for loader \u2013 fast and precise snow removal for yards, roads, and properties. Don\u2019t let winter work catch you off guard \u2013 be prepared!","og_url":"https:\/\/jekpo.com\/en\/p\/snow-blower-for-loader\/","og_site_name":"JEKPO","article_publisher":"https:\/\/www.facebook.com\/profile.php?id=61564816725405","article_modified_time":"2026-02-17T17:25:24+00:00","og_image":[{"width":1000,"height":1000,"url":"https:\/\/jekpo.com\/wp-content\/uploads\/2025\/05\/sneigo-pustuvas-jekpo-mini-traktoriukai.png","type":"image\/png"}],"twitter_card":"summary_large_image","twitter_misc":{"Est. reading time":"1 minute"},"schema":{"@context":"https:\/\/schema.org","@graph":[{"@type":"WebPage","@id":"https:\/\/jekpo.com\/en\/p\/snow-blower-for-loader\/","url":"https:\/\/jekpo.com\/en\/p\/snow-blower-for-loader\/","name":"Snow Blower Attachment \u2013 powerful winter solution | JEKPO.COM","isPartOf":{"@id":"https:\/\/jekpo.com\/en\/#website"},"primaryImageOfPage":{"@id":"https:\/\/jekpo.com\/en\/p\/snow-blower-for-loader\/#primaryimage"},"image":{"@id":"https:\/\/jekpo.com\/en\/p\/snow-blower-for-loader\/#primaryimage"},"thumbnailUrl":"https:\/\/jekpo.com\/wp-content\/uploads\/2025\/05\/sneigo-pustuvas-jekpo-mini-traktoriukai.png","datePublished":"2025-05-30T10:26:57+00:00","dateModified":"2026-02-17T17:25:24+00:00","description":"JEKPO snow blower for loader \u2013 fast and precise snow removal for yards, roads, and properties. Don\u2019t let winter work catch you off guard \u2013 be prepared!","breadcrumb":{"@id":"https:\/\/jekpo.com\/en\/p\/snow-blower-for-loader\/#breadcrumb"},"inLanguage":"en-US","potentialAction":[{"@type":"ReadAction","target":["https:\/\/jekpo.com\/en\/p\/snow-blower-for-loader\/"]}]},{"@type":"ImageObject","inLanguage":"en-US","@id":"https:\/\/jekpo.com\/en\/p\/snow-blower-for-loader\/#primaryimage","url":"https:\/\/jekpo.com\/wp-content\/uploads\/2025\/05\/sneigo-pustuvas-jekpo-mini-traktoriukai.png","contentUrl":"https:\/\/jekpo.com\/wp-content\/uploads\/2025\/05\/sneigo-pustuvas-jekpo-mini-traktoriukai.png","width":1000,"height":1000,"caption":"sneigo-pustuvas-jekpo-mini-traktoriukai"},{"@type":"BreadcrumbList","@id":"https:\/\/jekpo.com\/en\/p\/snow-blower-for-loader\/#breadcrumb","itemListElement":[{"@type":"ListItem","position":1,"name":"Home","item":"https:\/\/jekpo.com\/en\/"},{"@type":"ListItem","position":2,"name":"Equipment","item":"https:\/\/jekpo.com\/en\/equipment\/"},{"@type":"ListItem","position":3,"name":"Snow Blower Attachment"}]},{"@type":"WebSite","@id":"https:\/\/jekpo.com\/en\/#website","url":"https:\/\/jekpo.com\/en\/","name":"JEKPO","description":"atsakingas j\u016bs\u0173 partneris \u017eem\u0117s \u016bkio, sodo ir smulkiosios technikos pasaulyje","publisher":{"@id":"https:\/\/jekpo.com\/en\/#organization"},"potentialAction":[{"@type":"SearchAction","target":{"@type":"EntryPoint","urlTemplate":"https:\/\/jekpo.com\/en\/?s={search_term_string}"},"query-input":{"@type":"PropertyValueSpecification","valueRequired":true,"valueName":"search_term_string"}}],"inLanguage":"en-US"},{"@type":"Organization","@id":"https:\/\/jekpo.com\/en\/#organization","name":"JEKPO","url":"https:\/\/jekpo.com\/en\/","logo":{"@type":"ImageObject","inLanguage":"en-US","@id":"https:\/\/jekpo.com\/en\/#\/schema\/logo\/image\/","url":"https:\/\/jekpo.com\/wp-content\/uploads\/2025\/03\/JEKPO-logo-trans-e1749117872556-300x201-2.webp","contentUrl":"https:\/\/jekpo.com\/wp-content\/uploads\/2025\/03\/JEKPO-logo-trans-e1749117872556-300x201-2.webp","width":300,"height":201,"caption":"JEKPO"},"image":{"@id":"https:\/\/jekpo.com\/en\/#\/schema\/logo\/image\/"},"sameAs":["https:\/\/www.facebook.com\/profile.php?id=61564816725405","https:\/\/www.instagram.com\/jekpo_ltu\/?igsh=cWh1ZDhyamEzOWQz&utm_source=qr#","https:\/\/www.tiktok.com\/@jekpo_ltu?is_from_webapp=1&sender_device=pc"]}]}},"_links":{"self":[{"href":"https:\/\/jekpo.com\/en\/wp-json\/wp\/v2\/product\/4501","targetHints":{"allow":["GET"]}}],"collection":[{"href":"https:\/\/jekpo.com\/en\/wp-json\/wp\/v2\/product"}],"about":[{"href":"https:\/\/jekpo.com\/en\/wp-json\/wp\/v2\/types\/product"}],"replies":[{"embeddable":true,"href":"https:\/\/jekpo.com\/en\/wp-json\/wp\/v2\/comments?post=4501"}],"wp:featuredmedia":[{"embeddable":true,"href":"https:\/\/jekpo.com\/en\/wp-json\/wp\/v2\/media\/4487"}],"wp:attachment":[{"href":"https:\/\/jekpo.com\/en\/wp-json\/wp\/v2\/media?parent=4501"}],"wp:term":[{"taxonomy":"product_brand","embeddable":true,"href":"https:\/\/jekpo.com\/en\/wp-json\/wp\/v2\/product_brand?post=4501"},{"taxonomy":"product_cat","embeddable":true,"href":"https:\/\/jekpo.com\/en\/wp-json\/wp\/v2\/product_cat?post=4501"},{"taxonomy":"product_tag","embeddable":true,"href":"https:\/\/jekpo.com\/en\/wp-json\/wp\/v2\/product_tag?post=4501"},{"taxonomy":"pritaikomumas","embeddable":true,"href":"https:\/\/jekpo.com\/en\/wp-json\/wp\/v2\/pritaikomumas?post=4501"},{"taxonomy":"variklio-tipas","embeddable":true,"href":"https:\/\/jekpo.com\/en\/wp-json\/wp\/v2\/variklio-tipas?post=4501"}],"curies":[{"name":"wp","href":"https:\/\/api.w.org\/{rel}","templated":true}]}}