{"id":4500,"date":"2025-05-30T13:24:53","date_gmt":"2025-05-30T10:24:53","guid":{"rendered":"https:\/\/jekpo.com\/p\/betono-maisymo-kausas-krautuvui\/"},"modified":"2026-02-17T20:19:13","modified_gmt":"2026-02-17T17:19:13","slug":"concrete-mixing-bucket-for-loader","status":"publish","type":"product","link":"https:\/\/jekpo.com\/en\/p\/concrete-mixing-bucket-for-loader\/","title":{"rendered":"Concrete Mixing Bucket"},"content":{"rendered":"<p data-start=\"229\" data-end=\"466\">A mixing bucket designed for fast and convenient preparation of concrete, mortar, and other materials directly on site. The bottom-opening design allows the mixed material to be discharged easily and precisely exactly where it is needed.<\/p>\n<p data-start=\"468\" data-end=\"683\">Its robust construction ensures reliable performance and long service life, even under intensive working conditions, making this attachment a practical solution for construction, agricultural, and maintenance tasks.<\/p>\n","protected":false},"excerpt":{"rendered":"<p>A mixing bucket designed for fast and convenient preparation of concrete, mortar, and other materials directly on site. The bottom-opening design allows the mixed material to be discharged easily and precisely exactly where it is needed. Its robust construction ensures reliable performance and long service life, even under intensive working conditions, making this attachment a [&hellip;]<\/p>\n","protected":false},"featured_media":4485,"comment_status":"closed","ping_status":"closed","template":"","meta":[],"product_brand":[],"product_cat":[192],"product_tag":[],"pritaikomumas":[209],"variklio-tipas":[],"class_list":{"0":"post-4500","1":"product","2":"type-product","3":"status-publish","4":"has-post-thumbnail","6":"product_cat-loader-attachments","7":"pritaikomumas-liftrex-loaders","9":"first","10":"instock","11":"sale","12":"sold-individually","13":"taxable","14":"shipping-taxable","15":"purchasable","16":"product-type-simple"},"yoast_head":"<!-- This site is optimized with the Yoast SEO plugin v26.8 - https:\/\/yoast.com\/product\/yoast-seo-wordpress\/ -->\n<title>Concrete Mixing Bucket freedom to build anywhere | JEKPO.COM<\/title>\n<meta name=\"description\" content=\"Concrete mixing bucket for JEKPO loader \u2013 mix and pour anywhere: on a homestead, yard, forest or farm. Efficient solution for small construction projects!\" \/>\n<meta name=\"robots\" content=\"index, follow, max-snippet:-1, max-image-preview:large, max-video-preview:-1\" \/>\n<link rel=\"canonical\" href=\"https:\/\/jekpo.com\/en\/p\/concrete-mixing-bucket-for-loader\/\" \/>\n<meta property=\"og:locale\" content=\"en_US\" \/>\n<meta property=\"og:type\" content=\"article\" \/>\n<meta property=\"og:title\" content=\"Concrete Mixing Bucket freedom to build anywhere | JEKPO.COM\" \/>\n<meta property=\"og:description\" content=\"Concrete mixing bucket for JEKPO loader \u2013 mix and pour anywhere: on a homestead, yard, forest or farm. Efficient solution for small construction projects!\" \/>\n<meta property=\"og:url\" content=\"https:\/\/jekpo.com\/en\/p\/concrete-mixing-bucket-for-loader\/\" \/>\n<meta property=\"og:site_name\" content=\"JEKPO\" \/>\n<meta property=\"article:publisher\" content=\"https:\/\/www.facebook.com\/profile.php?id=61564816725405\" \/>\n<meta property=\"article:modified_time\" content=\"2026-02-17T17:19:13+00:00\" \/>\n<meta property=\"og:image\" content=\"https:\/\/jekpo.com\/wp-content\/uploads\/2025\/05\/betono-maisymo-kausas-jekpo-mini-traktoriukai.png\" \/>\n\t<meta property=\"og:image:width\" content=\"1000\" \/>\n\t<meta property=\"og:image:height\" content=\"1000\" \/>\n\t<meta property=\"og:image:type\" content=\"image\/png\" \/>\n<meta name=\"twitter:card\" content=\"summary_large_image\" \/>\n<meta name=\"twitter:label1\" content=\"Est. reading time\" \/>\n\t<meta name=\"twitter:data1\" content=\"1 minute\" \/>\n<script type=\"application\/ld+json\" class=\"yoast-schema-graph\">{\"@context\":\"https:\/\/schema.org\",\"@graph\":[{\"@type\":\"WebPage\",\"@id\":\"https:\/\/jekpo.com\/en\/p\/concrete-mixing-bucket-for-loader\/\",\"url\":\"https:\/\/jekpo.com\/en\/p\/concrete-mixing-bucket-for-loader\/\",\"name\":\"Concrete Mixing Bucket freedom to build anywhere | JEKPO.COM\",\"isPartOf\":{\"@id\":\"https:\/\/jekpo.com\/en\/#website\"},\"primaryImageOfPage\":{\"@id\":\"https:\/\/jekpo.com\/en\/p\/concrete-mixing-bucket-for-loader\/#primaryimage\"},\"image\":{\"@id\":\"https:\/\/jekpo.com\/en\/p\/concrete-mixing-bucket-for-loader\/#primaryimage\"},\"thumbnailUrl\":\"https:\/\/jekpo.com\/wp-content\/uploads\/2025\/05\/betono-maisymo-kausas-jekpo-mini-traktoriukai.png\",\"datePublished\":\"2025-05-30T10:24:53+00:00\",\"dateModified\":\"2026-02-17T17:19:13+00:00\",\"description\":\"Concrete mixing bucket for JEKPO loader \u2013 mix and pour anywhere: on a homestead, yard, forest or farm. Efficient solution for small construction projects!\",\"breadcrumb\":{\"@id\":\"https:\/\/jekpo.com\/en\/p\/concrete-mixing-bucket-for-loader\/#breadcrumb\"},\"inLanguage\":\"en-US\",\"potentialAction\":[{\"@type\":\"ReadAction\",\"target\":[\"https:\/\/jekpo.com\/en\/p\/concrete-mixing-bucket-for-loader\/\"]}]},{\"@type\":\"ImageObject\",\"inLanguage\":\"en-US\",\"@id\":\"https:\/\/jekpo.com\/en\/p\/concrete-mixing-bucket-for-loader\/#primaryimage\",\"url\":\"https:\/\/jekpo.com\/wp-content\/uploads\/2025\/05\/betono-maisymo-kausas-jekpo-mini-traktoriukai.png\",\"contentUrl\":\"https:\/\/jekpo.com\/wp-content\/uploads\/2025\/05\/betono-maisymo-kausas-jekpo-mini-traktoriukai.png\",\"width\":1000,\"height\":1000,\"caption\":\"betono-maisymo-kausas-jekpo-mini-traktoriukai\"},{\"@type\":\"BreadcrumbList\",\"@id\":\"https:\/\/jekpo.com\/en\/p\/concrete-mixing-bucket-for-loader\/#breadcrumb\",\"itemListElement\":[{\"@type\":\"ListItem\",\"position\":1,\"name\":\"Home\",\"item\":\"https:\/\/jekpo.com\/en\/\"},{\"@type\":\"ListItem\",\"position\":2,\"name\":\"Equipment\",\"item\":\"https:\/\/jekpo.com\/en\/equipment\/\"},{\"@type\":\"ListItem\",\"position\":3,\"name\":\"Concrete Mixing Bucket\"}]},{\"@type\":\"WebSite\",\"@id\":\"https:\/\/jekpo.com\/en\/#website\",\"url\":\"https:\/\/jekpo.com\/en\/\",\"name\":\"JEKPO\",\"description\":\"atsakingas j\u016bs\u0173 partneris \u017eem\u0117s \u016bkio, sodo ir smulkiosios technikos pasaulyje\",\"publisher\":{\"@id\":\"https:\/\/jekpo.com\/en\/#organization\"},\"potentialAction\":[{\"@type\":\"SearchAction\",\"target\":{\"@type\":\"EntryPoint\",\"urlTemplate\":\"https:\/\/jekpo.com\/en\/?s={search_term_string}\"},\"query-input\":{\"@type\":\"PropertyValueSpecification\",\"valueRequired\":true,\"valueName\":\"search_term_string\"}}],\"inLanguage\":\"en-US\"},{\"@type\":\"Organization\",\"@id\":\"https:\/\/jekpo.com\/en\/#organization\",\"name\":\"JEKPO\",\"url\":\"https:\/\/jekpo.com\/en\/\",\"logo\":{\"@type\":\"ImageObject\",\"inLanguage\":\"en-US\",\"@id\":\"https:\/\/jekpo.com\/en\/#\/schema\/logo\/image\/\",\"url\":\"https:\/\/jekpo.com\/wp-content\/uploads\/2025\/03\/JEKPO-logo-trans-e1749117872556-300x201-2.webp\",\"contentUrl\":\"https:\/\/jekpo.com\/wp-content\/uploads\/2025\/03\/JEKPO-logo-trans-e1749117872556-300x201-2.webp\",\"width\":300,\"height\":201,\"caption\":\"JEKPO\"},\"image\":{\"@id\":\"https:\/\/jekpo.com\/en\/#\/schema\/logo\/image\/\"},\"sameAs\":[\"https:\/\/www.facebook.com\/profile.php?id=61564816725405\",\"https:\/\/www.instagram.com\/jekpo_ltu\/?igsh=cWh1ZDhyamEzOWQz&utm_source=qr#\",\"https:\/\/www.tiktok.com\/@jekpo_ltu?is_from_webapp=1&sender_device=pc\"]}]}<\/script>\n<!-- \/ Yoast SEO plugin. -->","yoast_head_json":{"title":"Concrete Mixing Bucket freedom to build anywhere | JEKPO.COM","description":"Concrete mixing bucket for JEKPO loader \u2013 mix and pour anywhere: on a homestead, yard, forest or farm. Efficient solution for small construction projects!","robots":{"index":"index","follow":"follow","max-snippet":"max-snippet:-1","max-image-preview":"max-image-preview:large","max-video-preview":"max-video-preview:-1"},"canonical":"https:\/\/jekpo.com\/en\/p\/concrete-mixing-bucket-for-loader\/","og_locale":"en_US","og_type":"article","og_title":"Concrete Mixing Bucket freedom to build anywhere | JEKPO.COM","og_description":"Concrete mixing bucket for JEKPO loader \u2013 mix and pour anywhere: on a homestead, yard, forest or farm. Efficient solution for small construction projects!","og_url":"https:\/\/jekpo.com\/en\/p\/concrete-mixing-bucket-for-loader\/","og_site_name":"JEKPO","article_publisher":"https:\/\/www.facebook.com\/profile.php?id=61564816725405","article_modified_time":"2026-02-17T17:19:13+00:00","og_image":[{"width":1000,"height":1000,"url":"https:\/\/jekpo.com\/wp-content\/uploads\/2025\/05\/betono-maisymo-kausas-jekpo-mini-traktoriukai.png","type":"image\/png"}],"twitter_card":"summary_large_image","twitter_misc":{"Est. reading time":"1 minute"},"schema":{"@context":"https:\/\/schema.org","@graph":[{"@type":"WebPage","@id":"https:\/\/jekpo.com\/en\/p\/concrete-mixing-bucket-for-loader\/","url":"https:\/\/jekpo.com\/en\/p\/concrete-mixing-bucket-for-loader\/","name":"Concrete Mixing Bucket freedom to build anywhere | JEKPO.COM","isPartOf":{"@id":"https:\/\/jekpo.com\/en\/#website"},"primaryImageOfPage":{"@id":"https:\/\/jekpo.com\/en\/p\/concrete-mixing-bucket-for-loader\/#primaryimage"},"image":{"@id":"https:\/\/jekpo.com\/en\/p\/concrete-mixing-bucket-for-loader\/#primaryimage"},"thumbnailUrl":"https:\/\/jekpo.com\/wp-content\/uploads\/2025\/05\/betono-maisymo-kausas-jekpo-mini-traktoriukai.png","datePublished":"2025-05-30T10:24:53+00:00","dateModified":"2026-02-17T17:19:13+00:00","description":"Concrete mixing bucket for JEKPO loader \u2013 mix and pour anywhere: on a homestead, yard, forest or farm. Efficient solution for small construction projects!","breadcrumb":{"@id":"https:\/\/jekpo.com\/en\/p\/concrete-mixing-bucket-for-loader\/#breadcrumb"},"inLanguage":"en-US","potentialAction":[{"@type":"ReadAction","target":["https:\/\/jekpo.com\/en\/p\/concrete-mixing-bucket-for-loader\/"]}]},{"@type":"ImageObject","inLanguage":"en-US","@id":"https:\/\/jekpo.com\/en\/p\/concrete-mixing-bucket-for-loader\/#primaryimage","url":"https:\/\/jekpo.com\/wp-content\/uploads\/2025\/05\/betono-maisymo-kausas-jekpo-mini-traktoriukai.png","contentUrl":"https:\/\/jekpo.com\/wp-content\/uploads\/2025\/05\/betono-maisymo-kausas-jekpo-mini-traktoriukai.png","width":1000,"height":1000,"caption":"betono-maisymo-kausas-jekpo-mini-traktoriukai"},{"@type":"BreadcrumbList","@id":"https:\/\/jekpo.com\/en\/p\/concrete-mixing-bucket-for-loader\/#breadcrumb","itemListElement":[{"@type":"ListItem","position":1,"name":"Home","item":"https:\/\/jekpo.com\/en\/"},{"@type":"ListItem","position":2,"name":"Equipment","item":"https:\/\/jekpo.com\/en\/equipment\/"},{"@type":"ListItem","position":3,"name":"Concrete Mixing Bucket"}]},{"@type":"WebSite","@id":"https:\/\/jekpo.com\/en\/#website","url":"https:\/\/jekpo.com\/en\/","name":"JEKPO","description":"atsakingas j\u016bs\u0173 partneris \u017eem\u0117s \u016bkio, sodo ir smulkiosios technikos pasaulyje","publisher":{"@id":"https:\/\/jekpo.com\/en\/#organization"},"potentialAction":[{"@type":"SearchAction","target":{"@type":"EntryPoint","urlTemplate":"https:\/\/jekpo.com\/en\/?s={search_term_string}"},"query-input":{"@type":"PropertyValueSpecification","valueRequired":true,"valueName":"search_term_string"}}],"inLanguage":"en-US"},{"@type":"Organization","@id":"https:\/\/jekpo.com\/en\/#organization","name":"JEKPO","url":"https:\/\/jekpo.com\/en\/","logo":{"@type":"ImageObject","inLanguage":"en-US","@id":"https:\/\/jekpo.com\/en\/#\/schema\/logo\/image\/","url":"https:\/\/jekpo.com\/wp-content\/uploads\/2025\/03\/JEKPO-logo-trans-e1749117872556-300x201-2.webp","contentUrl":"https:\/\/jekpo.com\/wp-content\/uploads\/2025\/03\/JEKPO-logo-trans-e1749117872556-300x201-2.webp","width":300,"height":201,"caption":"JEKPO"},"image":{"@id":"https:\/\/jekpo.com\/en\/#\/schema\/logo\/image\/"},"sameAs":["https:\/\/www.facebook.com\/profile.php?id=61564816725405","https:\/\/www.instagram.com\/jekpo_ltu\/?igsh=cWh1ZDhyamEzOWQz&utm_source=qr#","https:\/\/www.tiktok.com\/@jekpo_ltu?is_from_webapp=1&sender_device=pc"]}]}},"_links":{"self":[{"href":"https:\/\/jekpo.com\/en\/wp-json\/wp\/v2\/product\/4500","targetHints":{"allow":["GET"]}}],"collection":[{"href":"https:\/\/jekpo.com\/en\/wp-json\/wp\/v2\/product"}],"about":[{"href":"https:\/\/jekpo.com\/en\/wp-json\/wp\/v2\/types\/product"}],"replies":[{"embeddable":true,"href":"https:\/\/jekpo.com\/en\/wp-json\/wp\/v2\/comments?post=4500"}],"wp:featuredmedia":[{"embeddable":true,"href":"https:\/\/jekpo.com\/en\/wp-json\/wp\/v2\/media\/4485"}],"wp:attachment":[{"href":"https:\/\/jekpo.com\/en\/wp-json\/wp\/v2\/media?parent=4500"}],"wp:term":[{"taxonomy":"product_brand","embeddable":true,"href":"https:\/\/jekpo.com\/en\/wp-json\/wp\/v2\/product_brand?post=4500"},{"taxonomy":"product_cat","embeddable":true,"href":"https:\/\/jekpo.com\/en\/wp-json\/wp\/v2\/product_cat?post=4500"},{"taxonomy":"product_tag","embeddable":true,"href":"https:\/\/jekpo.com\/en\/wp-json\/wp\/v2\/product_tag?post=4500"},{"taxonomy":"pritaikomumas","embeddable":true,"href":"https:\/\/jekpo.com\/en\/wp-json\/wp\/v2\/pritaikomumas?post=4500"},{"taxonomy":"variklio-tipas","embeddable":true,"href":"https:\/\/jekpo.com\/en\/wp-json\/wp\/v2\/variklio-tipas?post=4500"}],"curies":[{"name":"wp","href":"https:\/\/api.w.org\/{rel}","templated":true}]}}