{"id":4493,"date":"2025-05-28T22:08:32","date_gmt":"2025-05-28T19:08:32","guid":{"rendered":"https:\/\/jekpo.com\/p\/sluota-krautuvui\/"},"modified":"2026-02-17T20:27:33","modified_gmt":"2026-02-17T17:27:33","slug":"sweeper-brush-for-loader","status":"publish","type":"product","link":"https:\/\/jekpo.com\/en\/p\/sweeper-brush-for-loader\/","title":{"rendered":"Sweeper Attachment (Without Collection)"},"content":{"rendered":"<p data-start=\"226\" data-end=\"581\">A sweeper attachment without a collection system, designed for fast and efficient surface cleaning. Its robust construction and 500 mm diameter drum brush allow for effective cleaning of large areas such as yards, warehouses, construction sites, and open spaces. The 1050 mm working width ensures high productivity and significantly reduces cleaning time.<\/p>\n<p data-start=\"583\" data-end=\"710\">This attachment is an excellent choice when debris collection is not required and speed and simplicity are the main priorities.<\/p>\n","protected":false},"excerpt":{"rendered":"<p>A sweeper attachment without a collection system, designed for fast and efficient surface cleaning. Its robust construction and 500 mm diameter drum brush allow for effective cleaning of large areas such as yards, warehouses, construction sites, and open spaces. The 1050 mm working width ensures high productivity and significantly reduces cleaning time. This attachment is [&hellip;]<\/p>\n","protected":false},"featured_media":4471,"comment_status":"closed","ping_status":"closed","template":"","meta":[],"product_brand":[],"product_cat":[192],"product_tag":[],"pritaikomumas":[209],"variklio-tipas":[],"class_list":{"0":"post-4493","1":"product","2":"type-product","3":"status-publish","4":"has-post-thumbnail","6":"product_cat-loader-attachments","7":"pritaikomumas-liftrex-loaders","9":"first","10":"instock","11":"sale","12":"sold-individually","13":"taxable","14":"shipping-taxable","15":"purchasable","16":"product-type-simple"},"yoast_head":"<!-- This site is optimized with the Yoast SEO plugin v27.4 - https:\/\/yoast.com\/product\/yoast-seo-wordpress\/ -->\n<title>Sweeper Attachment (Without Collection) quick site cleaning | JEKPO.COM<\/title>\n<meta name=\"description\" content=\"JEKPO sweeper brush for loader \u2013 efficiently cleans dust, sand and construction debris. Ideal for yards, streets and sites. Achieve cleanliness faster.\" \/>\n<meta name=\"robots\" content=\"index, follow, max-snippet:-1, max-image-preview:large, max-video-preview:-1\" \/>\n<link rel=\"canonical\" href=\"https:\/\/jekpo.com\/en\/p\/sweeper-brush-for-loader\/\" \/>\n<meta property=\"og:locale\" content=\"en_US\" \/>\n<meta property=\"og:type\" content=\"article\" \/>\n<meta property=\"og:title\" content=\"Sweeper Attachment (Without Collection) quick site cleaning | JEKPO.COM\" \/>\n<meta property=\"og:description\" content=\"JEKPO sweeper brush for loader \u2013 efficiently cleans dust, sand and construction debris. Ideal for yards, streets and sites. Achieve cleanliness faster.\" \/>\n<meta property=\"og:url\" content=\"https:\/\/jekpo.com\/en\/p\/sweeper-brush-for-loader\/\" \/>\n<meta property=\"og:site_name\" content=\"JEKPO\" \/>\n<meta property=\"article:publisher\" content=\"https:\/\/www.facebook.com\/profile.php?id=61564816725405\" \/>\n<meta property=\"article:modified_time\" content=\"2026-02-17T17:27:33+00:00\" \/>\n<meta property=\"og:image\" content=\"https:\/\/jekpo.com\/wp-content\/uploads\/2025\/05\/sluota-jekpo-mini-traktoriukai.png\" \/>\n\t<meta property=\"og:image:width\" content=\"1000\" \/>\n\t<meta property=\"og:image:height\" content=\"1000\" \/>\n\t<meta property=\"og:image:type\" content=\"image\/png\" \/>\n<meta name=\"twitter:card\" content=\"summary_large_image\" \/>\n<meta name=\"twitter:label1\" content=\"Est. reading time\" \/>\n\t<meta name=\"twitter:data1\" content=\"1 minute\" \/>\n<script type=\"application\/ld+json\" class=\"yoast-schema-graph\">{\"@context\":\"https:\\\/\\\/schema.org\",\"@graph\":[{\"@type\":\"WebPage\",\"@id\":\"https:\\\/\\\/jekpo.com\\\/en\\\/p\\\/sweeper-brush-for-loader\\\/\",\"url\":\"https:\\\/\\\/jekpo.com\\\/en\\\/p\\\/sweeper-brush-for-loader\\\/\",\"name\":\"Sweeper Attachment (Without Collection) quick site cleaning | JEKPO.COM\",\"isPartOf\":{\"@id\":\"https:\\\/\\\/jekpo.com\\\/en\\\/#website\"},\"primaryImageOfPage\":{\"@id\":\"https:\\\/\\\/jekpo.com\\\/en\\\/p\\\/sweeper-brush-for-loader\\\/#primaryimage\"},\"image\":{\"@id\":\"https:\\\/\\\/jekpo.com\\\/en\\\/p\\\/sweeper-brush-for-loader\\\/#primaryimage\"},\"thumbnailUrl\":\"https:\\\/\\\/jekpo.com\\\/wp-content\\\/uploads\\\/2025\\\/05\\\/sluota-jekpo-mini-traktoriukai.png\",\"datePublished\":\"2025-05-28T19:08:32+00:00\",\"dateModified\":\"2026-02-17T17:27:33+00:00\",\"description\":\"JEKPO sweeper brush for loader \u2013 efficiently cleans dust, sand and construction debris. Ideal for yards, streets and sites. Achieve cleanliness faster.\",\"breadcrumb\":{\"@id\":\"https:\\\/\\\/jekpo.com\\\/en\\\/p\\\/sweeper-brush-for-loader\\\/#breadcrumb\"},\"inLanguage\":\"en-US\",\"potentialAction\":[{\"@type\":\"ReadAction\",\"target\":[\"https:\\\/\\\/jekpo.com\\\/en\\\/p\\\/sweeper-brush-for-loader\\\/\"]}]},{\"@type\":\"ImageObject\",\"inLanguage\":\"en-US\",\"@id\":\"https:\\\/\\\/jekpo.com\\\/en\\\/p\\\/sweeper-brush-for-loader\\\/#primaryimage\",\"url\":\"https:\\\/\\\/jekpo.com\\\/wp-content\\\/uploads\\\/2025\\\/05\\\/sluota-jekpo-mini-traktoriukai.png\",\"contentUrl\":\"https:\\\/\\\/jekpo.com\\\/wp-content\\\/uploads\\\/2025\\\/05\\\/sluota-jekpo-mini-traktoriukai.png\",\"width\":1000,\"height\":1000,\"caption\":\"sluota-jekpo-mini-traktoriukai\"},{\"@type\":\"BreadcrumbList\",\"@id\":\"https:\\\/\\\/jekpo.com\\\/en\\\/p\\\/sweeper-brush-for-loader\\\/#breadcrumb\",\"itemListElement\":[{\"@type\":\"ListItem\",\"position\":1,\"name\":\"Home\",\"item\":\"https:\\\/\\\/jekpo.com\\\/en\\\/\"},{\"@type\":\"ListItem\",\"position\":2,\"name\":\"Equipment\",\"item\":\"https:\\\/\\\/jekpo.com\\\/en\\\/equipment\\\/\"},{\"@type\":\"ListItem\",\"position\":3,\"name\":\"Sweeper Attachment (Without Collection)\"}]},{\"@type\":\"WebSite\",\"@id\":\"https:\\\/\\\/jekpo.com\\\/en\\\/#website\",\"url\":\"https:\\\/\\\/jekpo.com\\\/en\\\/\",\"name\":\"JEKPO\",\"description\":\"atsakingas j\u016bs\u0173 partneris \u017eem\u0117s \u016bkio, sodo ir smulkiosios technikos pasaulyje\",\"publisher\":{\"@id\":\"https:\\\/\\\/jekpo.com\\\/en\\\/#organization\"},\"potentialAction\":[{\"@type\":\"SearchAction\",\"target\":{\"@type\":\"EntryPoint\",\"urlTemplate\":\"https:\\\/\\\/jekpo.com\\\/en\\\/?s={search_term_string}\"},\"query-input\":{\"@type\":\"PropertyValueSpecification\",\"valueRequired\":true,\"valueName\":\"search_term_string\"}}],\"inLanguage\":\"en-US\"},{\"@type\":\"Organization\",\"@id\":\"https:\\\/\\\/jekpo.com\\\/en\\\/#organization\",\"name\":\"JEKPO\",\"url\":\"https:\\\/\\\/jekpo.com\\\/en\\\/\",\"logo\":{\"@type\":\"ImageObject\",\"inLanguage\":\"en-US\",\"@id\":\"https:\\\/\\\/jekpo.com\\\/en\\\/#\\\/schema\\\/logo\\\/image\\\/\",\"url\":\"https:\\\/\\\/jekpo.com\\\/wp-content\\\/uploads\\\/2025\\\/03\\\/JEKPO-logo-trans-e1749117872556-300x201-2.webp\",\"contentUrl\":\"https:\\\/\\\/jekpo.com\\\/wp-content\\\/uploads\\\/2025\\\/03\\\/JEKPO-logo-trans-e1749117872556-300x201-2.webp\",\"width\":300,\"height\":201,\"caption\":\"JEKPO\"},\"image\":{\"@id\":\"https:\\\/\\\/jekpo.com\\\/en\\\/#\\\/schema\\\/logo\\\/image\\\/\"},\"sameAs\":[\"https:\\\/\\\/www.facebook.com\\\/profile.php?id=61564816725405\",\"https:\\\/\\\/www.instagram.com\\\/jekpo_ltu\\\/?igsh=cWh1ZDhyamEzOWQz&utm_source=qr#\",\"https:\\\/\\\/www.tiktok.com\\\/@jekpo_ltu?is_from_webapp=1&sender_device=pc\"]}]}<\/script>\n<!-- \/ Yoast SEO plugin. -->","yoast_head_json":{"title":"Sweeper Attachment (Without Collection) quick site cleaning | JEKPO.COM","description":"JEKPO sweeper brush for loader \u2013 efficiently cleans dust, sand and construction debris. Ideal for yards, streets and sites. Achieve cleanliness faster.","robots":{"index":"index","follow":"follow","max-snippet":"max-snippet:-1","max-image-preview":"max-image-preview:large","max-video-preview":"max-video-preview:-1"},"canonical":"https:\/\/jekpo.com\/en\/p\/sweeper-brush-for-loader\/","og_locale":"en_US","og_type":"article","og_title":"Sweeper Attachment (Without Collection) quick site cleaning | JEKPO.COM","og_description":"JEKPO sweeper brush for loader \u2013 efficiently cleans dust, sand and construction debris. Ideal for yards, streets and sites. Achieve cleanliness faster.","og_url":"https:\/\/jekpo.com\/en\/p\/sweeper-brush-for-loader\/","og_site_name":"JEKPO","article_publisher":"https:\/\/www.facebook.com\/profile.php?id=61564816725405","article_modified_time":"2026-02-17T17:27:33+00:00","og_image":[{"width":1000,"height":1000,"url":"https:\/\/jekpo.com\/wp-content\/uploads\/2025\/05\/sluota-jekpo-mini-traktoriukai.png","type":"image\/png"}],"twitter_card":"summary_large_image","twitter_misc":{"Est. reading time":"1 minute"},"schema":{"@context":"https:\/\/schema.org","@graph":[{"@type":"WebPage","@id":"https:\/\/jekpo.com\/en\/p\/sweeper-brush-for-loader\/","url":"https:\/\/jekpo.com\/en\/p\/sweeper-brush-for-loader\/","name":"Sweeper Attachment (Without Collection) quick site cleaning | JEKPO.COM","isPartOf":{"@id":"https:\/\/jekpo.com\/en\/#website"},"primaryImageOfPage":{"@id":"https:\/\/jekpo.com\/en\/p\/sweeper-brush-for-loader\/#primaryimage"},"image":{"@id":"https:\/\/jekpo.com\/en\/p\/sweeper-brush-for-loader\/#primaryimage"},"thumbnailUrl":"https:\/\/jekpo.com\/wp-content\/uploads\/2025\/05\/sluota-jekpo-mini-traktoriukai.png","datePublished":"2025-05-28T19:08:32+00:00","dateModified":"2026-02-17T17:27:33+00:00","description":"JEKPO sweeper brush for loader \u2013 efficiently cleans dust, sand and construction debris. Ideal for yards, streets and sites. Achieve cleanliness faster.","breadcrumb":{"@id":"https:\/\/jekpo.com\/en\/p\/sweeper-brush-for-loader\/#breadcrumb"},"inLanguage":"en-US","potentialAction":[{"@type":"ReadAction","target":["https:\/\/jekpo.com\/en\/p\/sweeper-brush-for-loader\/"]}]},{"@type":"ImageObject","inLanguage":"en-US","@id":"https:\/\/jekpo.com\/en\/p\/sweeper-brush-for-loader\/#primaryimage","url":"https:\/\/jekpo.com\/wp-content\/uploads\/2025\/05\/sluota-jekpo-mini-traktoriukai.png","contentUrl":"https:\/\/jekpo.com\/wp-content\/uploads\/2025\/05\/sluota-jekpo-mini-traktoriukai.png","width":1000,"height":1000,"caption":"sluota-jekpo-mini-traktoriukai"},{"@type":"BreadcrumbList","@id":"https:\/\/jekpo.com\/en\/p\/sweeper-brush-for-loader\/#breadcrumb","itemListElement":[{"@type":"ListItem","position":1,"name":"Home","item":"https:\/\/jekpo.com\/en\/"},{"@type":"ListItem","position":2,"name":"Equipment","item":"https:\/\/jekpo.com\/en\/equipment\/"},{"@type":"ListItem","position":3,"name":"Sweeper Attachment (Without Collection)"}]},{"@type":"WebSite","@id":"https:\/\/jekpo.com\/en\/#website","url":"https:\/\/jekpo.com\/en\/","name":"JEKPO","description":"atsakingas j\u016bs\u0173 partneris \u017eem\u0117s \u016bkio, sodo ir smulkiosios technikos pasaulyje","publisher":{"@id":"https:\/\/jekpo.com\/en\/#organization"},"potentialAction":[{"@type":"SearchAction","target":{"@type":"EntryPoint","urlTemplate":"https:\/\/jekpo.com\/en\/?s={search_term_string}"},"query-input":{"@type":"PropertyValueSpecification","valueRequired":true,"valueName":"search_term_string"}}],"inLanguage":"en-US"},{"@type":"Organization","@id":"https:\/\/jekpo.com\/en\/#organization","name":"JEKPO","url":"https:\/\/jekpo.com\/en\/","logo":{"@type":"ImageObject","inLanguage":"en-US","@id":"https:\/\/jekpo.com\/en\/#\/schema\/logo\/image\/","url":"https:\/\/jekpo.com\/wp-content\/uploads\/2025\/03\/JEKPO-logo-trans-e1749117872556-300x201-2.webp","contentUrl":"https:\/\/jekpo.com\/wp-content\/uploads\/2025\/03\/JEKPO-logo-trans-e1749117872556-300x201-2.webp","width":300,"height":201,"caption":"JEKPO"},"image":{"@id":"https:\/\/jekpo.com\/en\/#\/schema\/logo\/image\/"},"sameAs":["https:\/\/www.facebook.com\/profile.php?id=61564816725405","https:\/\/www.instagram.com\/jekpo_ltu\/?igsh=cWh1ZDhyamEzOWQz&utm_source=qr#","https:\/\/www.tiktok.com\/@jekpo_ltu?is_from_webapp=1&sender_device=pc"]}]}},"_links":{"self":[{"href":"https:\/\/jekpo.com\/en\/wp-json\/wp\/v2\/product\/4493","targetHints":{"allow":["GET"]}}],"collection":[{"href":"https:\/\/jekpo.com\/en\/wp-json\/wp\/v2\/product"}],"about":[{"href":"https:\/\/jekpo.com\/en\/wp-json\/wp\/v2\/types\/product"}],"replies":[{"embeddable":true,"href":"https:\/\/jekpo.com\/en\/wp-json\/wp\/v2\/comments?post=4493"}],"wp:featuredmedia":[{"embeddable":true,"href":"https:\/\/jekpo.com\/en\/wp-json\/wp\/v2\/media\/4471"}],"wp:attachment":[{"href":"https:\/\/jekpo.com\/en\/wp-json\/wp\/v2\/media?parent=4493"}],"wp:term":[{"taxonomy":"product_brand","embeddable":true,"href":"https:\/\/jekpo.com\/en\/wp-json\/wp\/v2\/product_brand?post=4493"},{"taxonomy":"product_cat","embeddable":true,"href":"https:\/\/jekpo.com\/en\/wp-json\/wp\/v2\/product_cat?post=4493"},{"taxonomy":"product_tag","embeddable":true,"href":"https:\/\/jekpo.com\/en\/wp-json\/wp\/v2\/product_tag?post=4493"},{"taxonomy":"pritaikomumas","embeddable":true,"href":"https:\/\/jekpo.com\/en\/wp-json\/wp\/v2\/pritaikomumas?post=4493"},{"taxonomy":"variklio-tipas","embeddable":true,"href":"https:\/\/jekpo.com\/en\/wp-json\/wp\/v2\/variklio-tipas?post=4493"}],"curies":[{"name":"wp","href":"https:\/\/api.w.org\/{rel}","templated":true}]}}