{"id":4363,"date":"2025-05-12T13:32:35","date_gmt":"2025-05-12T10:32:35","guid":{"rendered":"https:\/\/jekpo.com\/?post_type=product&#038;p=4363"},"modified":"2026-02-17T18:07:56","modified_gmt":"2026-02-17T15:07:56","slug":"clamping-forks-for-loader","status":"publish","type":"product","link":"https:\/\/jekpo.com\/en\/p\/clamping-forks-for-loader\/","title":{"rendered":"Forks with Clamp"},"content":{"rendered":"<p data-start=\"204\" data-end=\"510\">Heavy-duty forks with a clamping function designed for safe handling and transportation of various loads. The integrated clamp mechanism securely grips materials, ensuring stable and controlled operation even on uneven terrain. Ideal for loading hay, branches, boxes, and other loose or unstable materials.<\/p>\n","protected":false},"excerpt":{"rendered":"<p>Heavy-duty forks with a clamping function designed for safe handling and transportation of various loads. The integrated clamp mechanism securely grips materials, ensuring stable and controlled operation even on uneven terrain. Ideal for loading hay, branches, boxes, and other loose or unstable materials.<\/p>\n","protected":false},"featured_media":4360,"comment_status":"closed","ping_status":"closed","template":"","meta":[],"product_brand":[],"product_cat":[192],"product_tag":[],"pritaikomumas":[209],"variklio-tipas":[],"class_list":{"0":"post-4363","1":"product","2":"type-product","3":"status-publish","4":"has-post-thumbnail","6":"product_cat-loader-attachments","7":"pritaikomumas-liftrex-loaders","9":"first","10":"instock","11":"sale","12":"sold-individually","13":"taxable","14":"shipping-taxable","15":"purchasable","16":"product-type-simple"},"yoast_head":"<!-- This site is optimized with the Yoast SEO plugin v26.8 - https:\/\/yoast.com\/product\/yoast-seo-wordpress\/ -->\n<title>Forks with Clamp stable load handling | JEKPO.COM<\/title>\n<meta name=\"description\" content=\"JEKPO clamping forks for loader \u2013 safe handling of uneven or loose loads. Prevent load slippage, ensuring stability and efficient work.\" \/>\n<meta name=\"robots\" content=\"index, follow, max-snippet:-1, max-image-preview:large, max-video-preview:-1\" \/>\n<link rel=\"canonical\" href=\"https:\/\/jekpo.com\/en\/p\/clamping-forks-for-loader\/\" \/>\n<meta property=\"og:locale\" content=\"en_US\" \/>\n<meta property=\"og:type\" content=\"article\" \/>\n<meta property=\"og:title\" content=\"Forks with Clamp stable load handling | JEKPO.COM\" \/>\n<meta property=\"og:description\" content=\"JEKPO clamping forks for loader \u2013 safe handling of uneven or loose loads. Prevent load slippage, ensuring stability and efficient work.\" \/>\n<meta property=\"og:url\" content=\"https:\/\/jekpo.com\/en\/p\/clamping-forks-for-loader\/\" \/>\n<meta property=\"og:site_name\" content=\"JEKPO\" \/>\n<meta property=\"article:publisher\" content=\"https:\/\/www.facebook.com\/profile.php?id=61564816725405\" \/>\n<meta property=\"article:modified_time\" content=\"2026-02-17T15:07:56+00:00\" \/>\n<meta property=\"og:image\" content=\"https:\/\/jekpo.com\/wp-content\/uploads\/2025\/05\/sakes-su-prispaudimu-jekpo-mini-traktoriukai.png\" \/>\n\t<meta property=\"og:image:width\" content=\"1000\" \/>\n\t<meta property=\"og:image:height\" content=\"1000\" \/>\n\t<meta property=\"og:image:type\" content=\"image\/png\" \/>\n<meta name=\"twitter:card\" content=\"summary_large_image\" \/>\n<meta name=\"twitter:label1\" content=\"Est. reading time\" \/>\n\t<meta name=\"twitter:data1\" content=\"1 minute\" \/>\n<script type=\"application\/ld+json\" class=\"yoast-schema-graph\">{\"@context\":\"https:\/\/schema.org\",\"@graph\":[{\"@type\":\"WebPage\",\"@id\":\"https:\/\/jekpo.com\/en\/p\/clamping-forks-for-loader\/\",\"url\":\"https:\/\/jekpo.com\/en\/p\/clamping-forks-for-loader\/\",\"name\":\"Forks with Clamp stable load handling | JEKPO.COM\",\"isPartOf\":{\"@id\":\"https:\/\/jekpo.com\/en\/#website\"},\"primaryImageOfPage\":{\"@id\":\"https:\/\/jekpo.com\/en\/p\/clamping-forks-for-loader\/#primaryimage\"},\"image\":{\"@id\":\"https:\/\/jekpo.com\/en\/p\/clamping-forks-for-loader\/#primaryimage\"},\"thumbnailUrl\":\"https:\/\/jekpo.com\/wp-content\/uploads\/2025\/05\/sakes-su-prispaudimu-jekpo-mini-traktoriukai.png\",\"datePublished\":\"2025-05-12T10:32:35+00:00\",\"dateModified\":\"2026-02-17T15:07:56+00:00\",\"description\":\"JEKPO clamping forks for loader \u2013 safe handling of uneven or loose loads. Prevent load slippage, ensuring stability and efficient work.\",\"breadcrumb\":{\"@id\":\"https:\/\/jekpo.com\/en\/p\/clamping-forks-for-loader\/#breadcrumb\"},\"inLanguage\":\"en-US\",\"potentialAction\":[{\"@type\":\"ReadAction\",\"target\":[\"https:\/\/jekpo.com\/en\/p\/clamping-forks-for-loader\/\"]}]},{\"@type\":\"ImageObject\",\"inLanguage\":\"en-US\",\"@id\":\"https:\/\/jekpo.com\/en\/p\/clamping-forks-for-loader\/#primaryimage\",\"url\":\"https:\/\/jekpo.com\/wp-content\/uploads\/2025\/05\/sakes-su-prispaudimu-jekpo-mini-traktoriukai.png\",\"contentUrl\":\"https:\/\/jekpo.com\/wp-content\/uploads\/2025\/05\/sakes-su-prispaudimu-jekpo-mini-traktoriukai.png\",\"width\":1000,\"height\":1000,\"caption\":\"sakes-su-prispaudimu-jekpo-mini-traktoriukai\"},{\"@type\":\"BreadcrumbList\",\"@id\":\"https:\/\/jekpo.com\/en\/p\/clamping-forks-for-loader\/#breadcrumb\",\"itemListElement\":[{\"@type\":\"ListItem\",\"position\":1,\"name\":\"Home\",\"item\":\"https:\/\/jekpo.com\/en\/\"},{\"@type\":\"ListItem\",\"position\":2,\"name\":\"Equipment\",\"item\":\"https:\/\/jekpo.com\/en\/equipment\/\"},{\"@type\":\"ListItem\",\"position\":3,\"name\":\"Forks with Clamp\"}]},{\"@type\":\"WebSite\",\"@id\":\"https:\/\/jekpo.com\/en\/#website\",\"url\":\"https:\/\/jekpo.com\/en\/\",\"name\":\"JEKPO\",\"description\":\"atsakingas j\u016bs\u0173 partneris \u017eem\u0117s \u016bkio, sodo ir smulkiosios technikos pasaulyje\",\"publisher\":{\"@id\":\"https:\/\/jekpo.com\/en\/#organization\"},\"potentialAction\":[{\"@type\":\"SearchAction\",\"target\":{\"@type\":\"EntryPoint\",\"urlTemplate\":\"https:\/\/jekpo.com\/en\/?s={search_term_string}\"},\"query-input\":{\"@type\":\"PropertyValueSpecification\",\"valueRequired\":true,\"valueName\":\"search_term_string\"}}],\"inLanguage\":\"en-US\"},{\"@type\":\"Organization\",\"@id\":\"https:\/\/jekpo.com\/en\/#organization\",\"name\":\"JEKPO\",\"url\":\"https:\/\/jekpo.com\/en\/\",\"logo\":{\"@type\":\"ImageObject\",\"inLanguage\":\"en-US\",\"@id\":\"https:\/\/jekpo.com\/en\/#\/schema\/logo\/image\/\",\"url\":\"https:\/\/jekpo.com\/wp-content\/uploads\/2025\/03\/JEKPO-logo-trans-e1749117872556-300x201-2.webp\",\"contentUrl\":\"https:\/\/jekpo.com\/wp-content\/uploads\/2025\/03\/JEKPO-logo-trans-e1749117872556-300x201-2.webp\",\"width\":300,\"height\":201,\"caption\":\"JEKPO\"},\"image\":{\"@id\":\"https:\/\/jekpo.com\/en\/#\/schema\/logo\/image\/\"},\"sameAs\":[\"https:\/\/www.facebook.com\/profile.php?id=61564816725405\",\"https:\/\/www.instagram.com\/jekpo_ltu\/?igsh=cWh1ZDhyamEzOWQz&utm_source=qr#\",\"https:\/\/www.tiktok.com\/@jekpo_ltu?is_from_webapp=1&sender_device=pc\"]}]}<\/script>\n<!-- \/ Yoast SEO plugin. -->","yoast_head_json":{"title":"Forks with Clamp stable load handling | JEKPO.COM","description":"JEKPO clamping forks for loader \u2013 safe handling of uneven or loose loads. Prevent load slippage, ensuring stability and efficient work.","robots":{"index":"index","follow":"follow","max-snippet":"max-snippet:-1","max-image-preview":"max-image-preview:large","max-video-preview":"max-video-preview:-1"},"canonical":"https:\/\/jekpo.com\/en\/p\/clamping-forks-for-loader\/","og_locale":"en_US","og_type":"article","og_title":"Forks with Clamp stable load handling | JEKPO.COM","og_description":"JEKPO clamping forks for loader \u2013 safe handling of uneven or loose loads. Prevent load slippage, ensuring stability and efficient work.","og_url":"https:\/\/jekpo.com\/en\/p\/clamping-forks-for-loader\/","og_site_name":"JEKPO","article_publisher":"https:\/\/www.facebook.com\/profile.php?id=61564816725405","article_modified_time":"2026-02-17T15:07:56+00:00","og_image":[{"width":1000,"height":1000,"url":"https:\/\/jekpo.com\/wp-content\/uploads\/2025\/05\/sakes-su-prispaudimu-jekpo-mini-traktoriukai.png","type":"image\/png"}],"twitter_card":"summary_large_image","twitter_misc":{"Est. reading time":"1 minute"},"schema":{"@context":"https:\/\/schema.org","@graph":[{"@type":"WebPage","@id":"https:\/\/jekpo.com\/en\/p\/clamping-forks-for-loader\/","url":"https:\/\/jekpo.com\/en\/p\/clamping-forks-for-loader\/","name":"Forks with Clamp stable load handling | JEKPO.COM","isPartOf":{"@id":"https:\/\/jekpo.com\/en\/#website"},"primaryImageOfPage":{"@id":"https:\/\/jekpo.com\/en\/p\/clamping-forks-for-loader\/#primaryimage"},"image":{"@id":"https:\/\/jekpo.com\/en\/p\/clamping-forks-for-loader\/#primaryimage"},"thumbnailUrl":"https:\/\/jekpo.com\/wp-content\/uploads\/2025\/05\/sakes-su-prispaudimu-jekpo-mini-traktoriukai.png","datePublished":"2025-05-12T10:32:35+00:00","dateModified":"2026-02-17T15:07:56+00:00","description":"JEKPO clamping forks for loader \u2013 safe handling of uneven or loose loads. Prevent load slippage, ensuring stability and efficient work.","breadcrumb":{"@id":"https:\/\/jekpo.com\/en\/p\/clamping-forks-for-loader\/#breadcrumb"},"inLanguage":"en-US","potentialAction":[{"@type":"ReadAction","target":["https:\/\/jekpo.com\/en\/p\/clamping-forks-for-loader\/"]}]},{"@type":"ImageObject","inLanguage":"en-US","@id":"https:\/\/jekpo.com\/en\/p\/clamping-forks-for-loader\/#primaryimage","url":"https:\/\/jekpo.com\/wp-content\/uploads\/2025\/05\/sakes-su-prispaudimu-jekpo-mini-traktoriukai.png","contentUrl":"https:\/\/jekpo.com\/wp-content\/uploads\/2025\/05\/sakes-su-prispaudimu-jekpo-mini-traktoriukai.png","width":1000,"height":1000,"caption":"sakes-su-prispaudimu-jekpo-mini-traktoriukai"},{"@type":"BreadcrumbList","@id":"https:\/\/jekpo.com\/en\/p\/clamping-forks-for-loader\/#breadcrumb","itemListElement":[{"@type":"ListItem","position":1,"name":"Home","item":"https:\/\/jekpo.com\/en\/"},{"@type":"ListItem","position":2,"name":"Equipment","item":"https:\/\/jekpo.com\/en\/equipment\/"},{"@type":"ListItem","position":3,"name":"Forks with Clamp"}]},{"@type":"WebSite","@id":"https:\/\/jekpo.com\/en\/#website","url":"https:\/\/jekpo.com\/en\/","name":"JEKPO","description":"atsakingas j\u016bs\u0173 partneris \u017eem\u0117s \u016bkio, sodo ir smulkiosios technikos pasaulyje","publisher":{"@id":"https:\/\/jekpo.com\/en\/#organization"},"potentialAction":[{"@type":"SearchAction","target":{"@type":"EntryPoint","urlTemplate":"https:\/\/jekpo.com\/en\/?s={search_term_string}"},"query-input":{"@type":"PropertyValueSpecification","valueRequired":true,"valueName":"search_term_string"}}],"inLanguage":"en-US"},{"@type":"Organization","@id":"https:\/\/jekpo.com\/en\/#organization","name":"JEKPO","url":"https:\/\/jekpo.com\/en\/","logo":{"@type":"ImageObject","inLanguage":"en-US","@id":"https:\/\/jekpo.com\/en\/#\/schema\/logo\/image\/","url":"https:\/\/jekpo.com\/wp-content\/uploads\/2025\/03\/JEKPO-logo-trans-e1749117872556-300x201-2.webp","contentUrl":"https:\/\/jekpo.com\/wp-content\/uploads\/2025\/03\/JEKPO-logo-trans-e1749117872556-300x201-2.webp","width":300,"height":201,"caption":"JEKPO"},"image":{"@id":"https:\/\/jekpo.com\/en\/#\/schema\/logo\/image\/"},"sameAs":["https:\/\/www.facebook.com\/profile.php?id=61564816725405","https:\/\/www.instagram.com\/jekpo_ltu\/?igsh=cWh1ZDhyamEzOWQz&utm_source=qr#","https:\/\/www.tiktok.com\/@jekpo_ltu?is_from_webapp=1&sender_device=pc"]}]}},"_links":{"self":[{"href":"https:\/\/jekpo.com\/en\/wp-json\/wp\/v2\/product\/4363","targetHints":{"allow":["GET"]}}],"collection":[{"href":"https:\/\/jekpo.com\/en\/wp-json\/wp\/v2\/product"}],"about":[{"href":"https:\/\/jekpo.com\/en\/wp-json\/wp\/v2\/types\/product"}],"replies":[{"embeddable":true,"href":"https:\/\/jekpo.com\/en\/wp-json\/wp\/v2\/comments?post=4363"}],"wp:featuredmedia":[{"embeddable":true,"href":"https:\/\/jekpo.com\/en\/wp-json\/wp\/v2\/media\/4360"}],"wp:attachment":[{"href":"https:\/\/jekpo.com\/en\/wp-json\/wp\/v2\/media?parent=4363"}],"wp:term":[{"taxonomy":"product_brand","embeddable":true,"href":"https:\/\/jekpo.com\/en\/wp-json\/wp\/v2\/product_brand?post=4363"},{"taxonomy":"product_cat","embeddable":true,"href":"https:\/\/jekpo.com\/en\/wp-json\/wp\/v2\/product_cat?post=4363"},{"taxonomy":"product_tag","embeddable":true,"href":"https:\/\/jekpo.com\/en\/wp-json\/wp\/v2\/product_tag?post=4363"},{"taxonomy":"pritaikomumas","embeddable":true,"href":"https:\/\/jekpo.com\/en\/wp-json\/wp\/v2\/pritaikomumas?post=4363"},{"taxonomy":"variklio-tipas","embeddable":true,"href":"https:\/\/jekpo.com\/en\/wp-json\/wp\/v2\/variklio-tipas?post=4363"}],"curies":[{"name":"wp","href":"https:\/\/api.w.org\/{rel}","templated":true}]}}