{"id":5789,"date":"2026-02-06T11:59:54","date_gmt":"2026-02-06T08:59:54","guid":{"rendered":"https:\/\/jekpo.com\/p\/viksrinis-dumperis-liftrex-d5100\/"},"modified":"2026-02-17T12:06:09","modified_gmt":"2026-02-17T09:06:09","slug":"kettendumper-liftrex-d5100","status":"publish","type":"product","link":"https:\/\/jekpo.com\/de\/p\/kettendumper-liftrex-d5100\/","title":{"rendered":"Liftrex D5100 Dumper"},"content":{"rendered":"<p data-start=\"0\" data-end=\"188\"><strong data-start=\"0\" data-end=\"30\">Kettendumper LIFTREX D5100<\/strong> \u2013 ein Dumper f\u00fcr anspruchsvolle Bau-, Erd- und Landschaftsarbeiten, bei denen Stabilit\u00e4t, hohe Gel\u00e4ndeg\u00e4ngigkeit und zuverl\u00e4ssige Traktion erforderlich sind.<\/p>\n<h2 data-start=\"190\" data-end=\"239\">Kettendumper f\u00fcr schwierige Einsatzbedingungen<\/h2>\n<p data-start=\"241\" data-end=\"586\">Ein Kettendumper ist unverzichtbar, wenn Arbeiten auf weichem, nassem oder unebenem Untergrund stattfinden, wo Radmaschinen an Haftung verlieren und ins Stocken geraten. Dank des Kettenfahrwerks verteilt der <strong data-start=\"449\" data-end=\"479\">LIFTREX D5100 Kettendumper<\/strong> das Gewicht gleichm\u00e4\u00dfig und erm\u00f6glicht sicheres Arbeiten selbst unter anspruchsvollen Gel\u00e4nde\u00adbedingungen.<\/p>\n<p data-start=\"588\" data-end=\"647\">Dieser Dumpertyp bew\u00e4hrt sich besonders auf Baustellen, wo:<\/p>\n<ul data-start=\"649\" data-end=\"845\">\n<li data-start=\"649\" data-end=\"718\">\n<p data-start=\"651\" data-end=\"718\">Arbeiten an H\u00e4ngen oder auf unebenem Gel\u00e4nde durchgef\u00fchrt werden,<\/p>\n<\/li>\n<li data-start=\"719\" data-end=\"777\">\n<p data-start=\"721\" data-end=\"777\">der Boden lehmig, schlammig oder stark durchn\u00e4sst ist,<\/p>\n<\/li>\n<li data-start=\"778\" data-end=\"845\">\n<p data-start=\"780\" data-end=\"845\">ein stabiler Materialtransport ohne Rutschgefahr notwendig ist.<\/p>\n<\/li>\n<\/ul>\n<p data-start=\"847\" data-end=\"1023\" data-is-last-node=\"\" data-is-only-node=\"\">Im Vergleich zu Radmodellen bietet ein Kettendumper h\u00f6here Arbeitssicherheit, geringere Bodenbelastung und einen konstanten Arbeitsrhythmus \u00fcber den gesamten Arbeitstag hinweg.<\/p>\n","protected":false},"excerpt":{"rendered":"<p>Kettendumper LIFTREX D5100 \u2013 ein Dumper f\u00fcr anspruchsvolle Bau-, Erd- und Landschaftsarbeiten, bei denen Stabilit\u00e4t, hohe Gel\u00e4ndeg\u00e4ngigkeit und zuverl\u00e4ssige Traktion erforderlich sind. Kettendumper f\u00fcr schwierige Einsatzbedingungen Ein Kettendumper ist unverzichtbar, wenn Arbeiten auf weichem, nassem oder unebenem Untergrund stattfinden, wo Radmaschinen an Haftung verlieren und ins Stocken geraten. Dank des Kettenfahrwerks verteilt der LIFTREX D5100 [&hellip;]<\/p>\n","protected":false},"featured_media":5783,"comment_status":"closed","ping_status":"closed","template":"","meta":[],"product_brand":[],"product_cat":[219,171],"product_tag":[],"pritaikomumas":[223],"variklio-tipas":[89],"class_list":{"0":"post-5789","1":"product","2":"type-product","3":"status-publish","4":"has-post-thumbnail","6":"product_cat-muldenkipper-dumper","7":"product_cat-neuheiten","8":"pritaikomumas-liftrex","9":"variklio-tipas-benzin","11":"first","12":"instock","13":"taxable","14":"shipping-taxable","15":"purchasable","16":"product-type-simple"},"yoast_head":"<!-- This site is optimized with the Yoast SEO plugin v26.8 - https:\/\/yoast.com\/product\/yoast-seo-wordpress\/ -->\n<title>Kettendumper Liftrex D5100 Dumper \u2013 500 kg | JEKPO.COM<\/title>\n<meta name=\"description\" content=\"Kettendumper LIFTREX D5100 mit 500 kg Tragf\u00e4higkeit.Stabile Leistung auf nassem und unebenem Untergrund.Kettendumper f\u00fcr professionelle Bau- und Erdarbeiten.\" \/>\n<meta name=\"robots\" content=\"index, follow, max-snippet:-1, max-image-preview:large, max-video-preview:-1\" \/>\n<link rel=\"canonical\" href=\"https:\/\/jekpo.com\/de\/p\/kettendumper-liftrex-d5100\/\" \/>\n<meta property=\"og:locale\" content=\"de_DE\" \/>\n<meta property=\"og:type\" content=\"article\" \/>\n<meta property=\"og:title\" content=\"Kettendumper Liftrex D5100 Dumper \u2013 500 kg | JEKPO.COM\" \/>\n<meta property=\"og:description\" content=\"Kettendumper LIFTREX D5100 mit 500 kg Tragf\u00e4higkeit.Stabile Leistung auf nassem und unebenem Untergrund.Kettendumper f\u00fcr professionelle Bau- und Erdarbeiten.\" \/>\n<meta property=\"og:url\" content=\"https:\/\/jekpo.com\/de\/p\/kettendumper-liftrex-d5100\/\" \/>\n<meta property=\"og:site_name\" content=\"JEKPO\" \/>\n<meta property=\"article:publisher\" content=\"https:\/\/www.facebook.com\/profile.php?id=61564816725405\" \/>\n<meta property=\"article:modified_time\" content=\"2026-02-17T09:06:09+00:00\" \/>\n<meta property=\"og:image\" content=\"https:\/\/jekpo.com\/wp-content\/uploads\/2026\/02\/viksrinis-dumperis-LIFTREX-D5100-darbui-sudetingomis-salygomis.jpg\" \/>\n\t<meta property=\"og:image:width\" content=\"1000\" \/>\n\t<meta property=\"og:image:height\" content=\"1000\" \/>\n\t<meta property=\"og:image:type\" content=\"image\/jpeg\" \/>\n<meta name=\"twitter:card\" content=\"summary_large_image\" \/>\n<meta name=\"twitter:label1\" content=\"Gesch\u00e4tzte Lesezeit\" \/>\n\t<meta name=\"twitter:data1\" content=\"2\u00a0Minuten\" \/>\n<script type=\"application\/ld+json\" class=\"yoast-schema-graph\">{\"@context\":\"https:\/\/schema.org\",\"@graph\":[{\"@type\":\"WebPage\",\"@id\":\"https:\/\/jekpo.com\/de\/p\/kettendumper-liftrex-d5100\/\",\"url\":\"https:\/\/jekpo.com\/de\/p\/kettendumper-liftrex-d5100\/\",\"name\":\"Kettendumper Liftrex D5100 Dumper \u2013 500 kg | JEKPO.COM\",\"isPartOf\":{\"@id\":\"https:\/\/jekpo.com\/de\/#website\"},\"primaryImageOfPage\":{\"@id\":\"https:\/\/jekpo.com\/de\/p\/kettendumper-liftrex-d5100\/#primaryimage\"},\"image\":{\"@id\":\"https:\/\/jekpo.com\/de\/p\/kettendumper-liftrex-d5100\/#primaryimage\"},\"thumbnailUrl\":\"https:\/\/jekpo.com\/wp-content\/uploads\/2026\/02\/viksrinis-dumperis-LIFTREX-D5100-darbui-sudetingomis-salygomis.jpg\",\"datePublished\":\"2026-02-06T08:59:54+00:00\",\"dateModified\":\"2026-02-17T09:06:09+00:00\",\"description\":\"Kettendumper LIFTREX D5100 mit 500 kg Tragf\u00e4higkeit.Stabile Leistung auf nassem und unebenem Untergrund.Kettendumper f\u00fcr professionelle Bau- und Erdarbeiten.\",\"breadcrumb\":{\"@id\":\"https:\/\/jekpo.com\/de\/p\/kettendumper-liftrex-d5100\/#breadcrumb\"},\"inLanguage\":\"de\",\"potentialAction\":[{\"@type\":\"ReadAction\",\"target\":[\"https:\/\/jekpo.com\/de\/p\/kettendumper-liftrex-d5100\/\"]}]},{\"@type\":\"ImageObject\",\"inLanguage\":\"de\",\"@id\":\"https:\/\/jekpo.com\/de\/p\/kettendumper-liftrex-d5100\/#primaryimage\",\"url\":\"https:\/\/jekpo.com\/wp-content\/uploads\/2026\/02\/viksrinis-dumperis-LIFTREX-D5100-darbui-sudetingomis-salygomis.jpg\",\"contentUrl\":\"https:\/\/jekpo.com\/wp-content\/uploads\/2026\/02\/viksrinis-dumperis-LIFTREX-D5100-darbui-sudetingomis-salygomis.jpg\",\"width\":1000,\"height\":1000,\"caption\":\"vik\u0161rinis dumperis LIFTREX D5100 darbui sud\u0117tingomis s\u0105lygomis\"},{\"@type\":\"BreadcrumbList\",\"@id\":\"https:\/\/jekpo.com\/de\/p\/kettendumper-liftrex-d5100\/#breadcrumb\",\"itemListElement\":[{\"@type\":\"ListItem\",\"position\":1,\"name\":\"Home\",\"item\":\"https:\/\/jekpo.com\/de\/\"},{\"@type\":\"ListItem\",\"position\":2,\"name\":\"Technik\",\"item\":\"https:\/\/jekpo.com\/de\/technik\/\"},{\"@type\":\"ListItem\",\"position\":3,\"name\":\"Liftrex D5100 Dumper\"}]},{\"@type\":\"WebSite\",\"@id\":\"https:\/\/jekpo.com\/de\/#website\",\"url\":\"https:\/\/jekpo.com\/de\/\",\"name\":\"JEKPO\",\"description\":\"atsakingas j\u016bs\u0173 partneris \u017eem\u0117s \u016bkio, sodo ir smulkiosios technikos pasaulyje\",\"publisher\":{\"@id\":\"https:\/\/jekpo.com\/de\/#organization\"},\"potentialAction\":[{\"@type\":\"SearchAction\",\"target\":{\"@type\":\"EntryPoint\",\"urlTemplate\":\"https:\/\/jekpo.com\/de\/?s={search_term_string}\"},\"query-input\":{\"@type\":\"PropertyValueSpecification\",\"valueRequired\":true,\"valueName\":\"search_term_string\"}}],\"inLanguage\":\"de\"},{\"@type\":\"Organization\",\"@id\":\"https:\/\/jekpo.com\/de\/#organization\",\"name\":\"JEKPO\",\"url\":\"https:\/\/jekpo.com\/de\/\",\"logo\":{\"@type\":\"ImageObject\",\"inLanguage\":\"de\",\"@id\":\"https:\/\/jekpo.com\/de\/#\/schema\/logo\/image\/\",\"url\":\"https:\/\/jekpo.com\/wp-content\/uploads\/2025\/03\/JEKPO-logo-trans-e1749117872556-300x201-2.webp\",\"contentUrl\":\"https:\/\/jekpo.com\/wp-content\/uploads\/2025\/03\/JEKPO-logo-trans-e1749117872556-300x201-2.webp\",\"width\":300,\"height\":201,\"caption\":\"JEKPO\"},\"image\":{\"@id\":\"https:\/\/jekpo.com\/de\/#\/schema\/logo\/image\/\"},\"sameAs\":[\"https:\/\/www.facebook.com\/profile.php?id=61564816725405\",\"https:\/\/www.instagram.com\/jekpo_ltu\/?igsh=cWh1ZDhyamEzOWQz&utm_source=qr#\",\"https:\/\/www.tiktok.com\/@jekpo_ltu?is_from_webapp=1&sender_device=pc\"]}]}<\/script>\n<!-- \/ Yoast SEO plugin. -->","yoast_head_json":{"title":"Kettendumper Liftrex D5100 Dumper \u2013 500 kg | JEKPO.COM","description":"Kettendumper LIFTREX D5100 mit 500 kg Tragf\u00e4higkeit.Stabile Leistung auf nassem und unebenem Untergrund.Kettendumper f\u00fcr professionelle Bau- und Erdarbeiten.","robots":{"index":"index","follow":"follow","max-snippet":"max-snippet:-1","max-image-preview":"max-image-preview:large","max-video-preview":"max-video-preview:-1"},"canonical":"https:\/\/jekpo.com\/de\/p\/kettendumper-liftrex-d5100\/","og_locale":"de_DE","og_type":"article","og_title":"Kettendumper Liftrex D5100 Dumper \u2013 500 kg | JEKPO.COM","og_description":"Kettendumper LIFTREX D5100 mit 500 kg Tragf\u00e4higkeit.Stabile Leistung auf nassem und unebenem Untergrund.Kettendumper f\u00fcr professionelle Bau- und Erdarbeiten.","og_url":"https:\/\/jekpo.com\/de\/p\/kettendumper-liftrex-d5100\/","og_site_name":"JEKPO","article_publisher":"https:\/\/www.facebook.com\/profile.php?id=61564816725405","article_modified_time":"2026-02-17T09:06:09+00:00","og_image":[{"width":1000,"height":1000,"url":"https:\/\/jekpo.com\/wp-content\/uploads\/2026\/02\/viksrinis-dumperis-LIFTREX-D5100-darbui-sudetingomis-salygomis.jpg","type":"image\/jpeg"}],"twitter_card":"summary_large_image","twitter_misc":{"Gesch\u00e4tzte Lesezeit":"2\u00a0Minuten"},"schema":{"@context":"https:\/\/schema.org","@graph":[{"@type":"WebPage","@id":"https:\/\/jekpo.com\/de\/p\/kettendumper-liftrex-d5100\/","url":"https:\/\/jekpo.com\/de\/p\/kettendumper-liftrex-d5100\/","name":"Kettendumper Liftrex D5100 Dumper \u2013 500 kg | JEKPO.COM","isPartOf":{"@id":"https:\/\/jekpo.com\/de\/#website"},"primaryImageOfPage":{"@id":"https:\/\/jekpo.com\/de\/p\/kettendumper-liftrex-d5100\/#primaryimage"},"image":{"@id":"https:\/\/jekpo.com\/de\/p\/kettendumper-liftrex-d5100\/#primaryimage"},"thumbnailUrl":"https:\/\/jekpo.com\/wp-content\/uploads\/2026\/02\/viksrinis-dumperis-LIFTREX-D5100-darbui-sudetingomis-salygomis.jpg","datePublished":"2026-02-06T08:59:54+00:00","dateModified":"2026-02-17T09:06:09+00:00","description":"Kettendumper LIFTREX D5100 mit 500 kg Tragf\u00e4higkeit.Stabile Leistung auf nassem und unebenem Untergrund.Kettendumper f\u00fcr professionelle Bau- und Erdarbeiten.","breadcrumb":{"@id":"https:\/\/jekpo.com\/de\/p\/kettendumper-liftrex-d5100\/#breadcrumb"},"inLanguage":"de","potentialAction":[{"@type":"ReadAction","target":["https:\/\/jekpo.com\/de\/p\/kettendumper-liftrex-d5100\/"]}]},{"@type":"ImageObject","inLanguage":"de","@id":"https:\/\/jekpo.com\/de\/p\/kettendumper-liftrex-d5100\/#primaryimage","url":"https:\/\/jekpo.com\/wp-content\/uploads\/2026\/02\/viksrinis-dumperis-LIFTREX-D5100-darbui-sudetingomis-salygomis.jpg","contentUrl":"https:\/\/jekpo.com\/wp-content\/uploads\/2026\/02\/viksrinis-dumperis-LIFTREX-D5100-darbui-sudetingomis-salygomis.jpg","width":1000,"height":1000,"caption":"vik\u0161rinis dumperis LIFTREX D5100 darbui sud\u0117tingomis s\u0105lygomis"},{"@type":"BreadcrumbList","@id":"https:\/\/jekpo.com\/de\/p\/kettendumper-liftrex-d5100\/#breadcrumb","itemListElement":[{"@type":"ListItem","position":1,"name":"Home","item":"https:\/\/jekpo.com\/de\/"},{"@type":"ListItem","position":2,"name":"Technik","item":"https:\/\/jekpo.com\/de\/technik\/"},{"@type":"ListItem","position":3,"name":"Liftrex D5100 Dumper"}]},{"@type":"WebSite","@id":"https:\/\/jekpo.com\/de\/#website","url":"https:\/\/jekpo.com\/de\/","name":"JEKPO","description":"atsakingas j\u016bs\u0173 partneris \u017eem\u0117s \u016bkio, sodo ir smulkiosios technikos pasaulyje","publisher":{"@id":"https:\/\/jekpo.com\/de\/#organization"},"potentialAction":[{"@type":"SearchAction","target":{"@type":"EntryPoint","urlTemplate":"https:\/\/jekpo.com\/de\/?s={search_term_string}"},"query-input":{"@type":"PropertyValueSpecification","valueRequired":true,"valueName":"search_term_string"}}],"inLanguage":"de"},{"@type":"Organization","@id":"https:\/\/jekpo.com\/de\/#organization","name":"JEKPO","url":"https:\/\/jekpo.com\/de\/","logo":{"@type":"ImageObject","inLanguage":"de","@id":"https:\/\/jekpo.com\/de\/#\/schema\/logo\/image\/","url":"https:\/\/jekpo.com\/wp-content\/uploads\/2025\/03\/JEKPO-logo-trans-e1749117872556-300x201-2.webp","contentUrl":"https:\/\/jekpo.com\/wp-content\/uploads\/2025\/03\/JEKPO-logo-trans-e1749117872556-300x201-2.webp","width":300,"height":201,"caption":"JEKPO"},"image":{"@id":"https:\/\/jekpo.com\/de\/#\/schema\/logo\/image\/"},"sameAs":["https:\/\/www.facebook.com\/profile.php?id=61564816725405","https:\/\/www.instagram.com\/jekpo_ltu\/?igsh=cWh1ZDhyamEzOWQz&utm_source=qr#","https:\/\/www.tiktok.com\/@jekpo_ltu?is_from_webapp=1&sender_device=pc"]}]}},"_links":{"self":[{"href":"https:\/\/jekpo.com\/de\/wp-json\/wp\/v2\/product\/5789","targetHints":{"allow":["GET"]}}],"collection":[{"href":"https:\/\/jekpo.com\/de\/wp-json\/wp\/v2\/product"}],"about":[{"href":"https:\/\/jekpo.com\/de\/wp-json\/wp\/v2\/types\/product"}],"replies":[{"embeddable":true,"href":"https:\/\/jekpo.com\/de\/wp-json\/wp\/v2\/comments?post=5789"}],"wp:featuredmedia":[{"embeddable":true,"href":"https:\/\/jekpo.com\/de\/wp-json\/wp\/v2\/media\/5783"}],"wp:attachment":[{"href":"https:\/\/jekpo.com\/de\/wp-json\/wp\/v2\/media?parent=5789"}],"wp:term":[{"taxonomy":"product_brand","embeddable":true,"href":"https:\/\/jekpo.com\/de\/wp-json\/wp\/v2\/product_brand?post=5789"},{"taxonomy":"product_cat","embeddable":true,"href":"https:\/\/jekpo.com\/de\/wp-json\/wp\/v2\/product_cat?post=5789"},{"taxonomy":"product_tag","embeddable":true,"href":"https:\/\/jekpo.com\/de\/wp-json\/wp\/v2\/product_tag?post=5789"},{"taxonomy":"pritaikomumas","embeddable":true,"href":"https:\/\/jekpo.com\/de\/wp-json\/wp\/v2\/pritaikomumas?post=5789"},{"taxonomy":"variklio-tipas","embeddable":true,"href":"https:\/\/jekpo.com\/de\/wp-json\/wp\/v2\/variklio-tipas?post=5789"}],"curies":[{"name":"wp","href":"https:\/\/api.w.org\/{rel}","templated":true}]}}