{"id":5780,"date":"2026-02-06T11:58:05","date_gmt":"2026-02-06T08:58:05","guid":{"rendered":"https:\/\/jekpo.com\/?post_type=product&#038;p=5780"},"modified":"2026-02-17T11:38:42","modified_gmt":"2026-02-17T08:38:42","slug":"liftrex-650y-dumper","status":"publish","type":"product","link":"https:\/\/jekpo.com\/de\/p\/liftrex-650y-dumper\/","title":{"rendered":"Liftrex 650Y Dumper"},"content":{"rendered":"<p data-start=\"0\" data-end=\"440\"><strong data-start=\"0\" data-end=\"63\">LIFTREX 650Y \u2013 kompakter elektrischer Dumper (Muldenkipper)<\/strong> f\u00fcr den t\u00e4glichen Einsatz auf Baustellen, in der Au\u00dfenanlagenpflege und in der Landwirtschaft, wenn leiser Betrieb, Wendigkeit und geringe Betriebskosten entscheidend sind. Der Elektromotor erm\u00f6glicht Arbeiten ohne Abgase, wodurch der Dumper ideal f\u00fcr den Einsatz in geschlossenen R\u00e4umen, Lagerhallen, Hangars, St\u00e4llen und Bereichen mit eingeschr\u00e4nkter Bel\u00fcftung geeignet ist.<\/p>\n<p data-start=\"442\" data-end=\"889\">Dank des geringen Gewichts und der kompakten Abmessungen man\u00f6vriert der LIFTREX 650Y problemlos durch enge Durchg\u00e4nge, Innenh\u00f6fe und Baustellenbereiche, in denen gr\u00f6\u00dfere Maschinen ineffizient arbeiten. Mit einer Tragf\u00e4higkeit von bis zu <strong data-start=\"679\" data-end=\"689\">500 kg<\/strong> transportiert er sicher Erde, Schotter, Sand, Bauschutt oder andere Sch\u00fcttg\u00fcter. Die lange Laufzeit von bis zu <strong data-start=\"801\" data-end=\"817\">8\u201310 Stunden<\/strong> erm\u00f6glicht einen durchgehenden Einsatz \u00fcber die gesamte Arbeitsschicht.<\/p>\n<p data-start=\"891\" data-end=\"1112\" data-is-last-node=\"\" data-is-only-node=\"\">Dieser elektrische Muldenkipper ist eine praktische L\u00f6sung f\u00fcr alle, die einen wirtschaftlichen Dumper suchen, der im Vergleich zu Benzin- oder Dieselmodellen L\u00e4rm, Kraftstoffkosten und Wartungsaufwand deutlich reduziert.<\/p>\n","protected":false},"excerpt":{"rendered":"<p>LIFTREX 650Y \u2013 kompakter elektrischer Dumper (Muldenkipper) f\u00fcr den t\u00e4glichen Einsatz auf Baustellen, in der Au\u00dfenanlagenpflege und in der Landwirtschaft, wenn leiser Betrieb, Wendigkeit und geringe Betriebskosten entscheidend sind. Der Elektromotor erm\u00f6glicht Arbeiten ohne Abgase, wodurch der Dumper ideal f\u00fcr den Einsatz in geschlossenen R\u00e4umen, Lagerhallen, Hangars, St\u00e4llen und Bereichen mit eingeschr\u00e4nkter Bel\u00fcftung geeignet ist. [&hellip;]<\/p>\n","protected":false},"featured_media":5730,"comment_status":"closed","ping_status":"closed","template":"","meta":[],"product_brand":[],"product_cat":[219,171],"product_tag":[],"pritaikomumas":[223],"variklio-tipas":[222],"class_list":{"0":"post-5780","1":"product","2":"type-product","3":"status-publish","4":"has-post-thumbnail","6":"product_cat-muldenkipper-dumper","7":"product_cat-neuheiten","8":"pritaikomumas-liftrex","9":"variklio-tipas-elektrisch","11":"first","12":"instock","13":"taxable","14":"shipping-taxable","15":"purchasable","16":"product-type-simple"},"yoast_head":"<!-- This site is optimized with the Yoast SEO plugin v26.8 - https:\/\/yoast.com\/product\/yoast-seo-wordpress\/ -->\n<title>Liftrex 650Y Dumper | JEKPO.COM<\/title>\n<meta name=\"description\" content=\"Der Liftrex 650Y Dumper mit 650 kg Nutzlast ist die ideale L\u00f6sung f\u00fcr Materialtransport auf Baustellen, in H\u00f6fen und im Gartenbau.\" \/>\n<meta name=\"robots\" content=\"index, follow, max-snippet:-1, max-image-preview:large, max-video-preview:-1\" \/>\n<link rel=\"canonical\" href=\"https:\/\/jekpo.com\/de\/p\/liftrex-650y-dumper\/\" \/>\n<meta property=\"og:locale\" content=\"de_DE\" \/>\n<meta property=\"og:type\" content=\"article\" \/>\n<meta property=\"og:title\" content=\"Liftrex 650Y Dumper | JEKPO.COM\" \/>\n<meta property=\"og:description\" content=\"Der Liftrex 650Y Dumper mit 650 kg Nutzlast ist die ideale L\u00f6sung f\u00fcr Materialtransport auf Baustellen, in H\u00f6fen und im Gartenbau.\" \/>\n<meta property=\"og:url\" content=\"https:\/\/jekpo.com\/de\/p\/liftrex-650y-dumper\/\" \/>\n<meta property=\"og:site_name\" content=\"JEKPO\" \/>\n<meta property=\"article:publisher\" content=\"https:\/\/www.facebook.com\/profile.php?id=61564816725405\" \/>\n<meta property=\"article:modified_time\" content=\"2026-02-17T08:38:42+00:00\" \/>\n<meta property=\"og:image\" content=\"https:\/\/jekpo.com\/wp-content\/uploads\/2026\/02\/elektrinis-dumperis-LIFTREX-650Y-kasdieniams-statybos-ir-ukio-darbams.jpg\" \/>\n\t<meta property=\"og:image:width\" content=\"1000\" \/>\n\t<meta property=\"og:image:height\" content=\"1000\" \/>\n\t<meta property=\"og:image:type\" content=\"image\/jpeg\" \/>\n<meta name=\"twitter:card\" content=\"summary_large_image\" \/>\n<meta name=\"twitter:label1\" content=\"Gesch\u00e4tzte Lesezeit\" \/>\n\t<meta name=\"twitter:data1\" content=\"2\u00a0Minuten\" \/>\n<script type=\"application\/ld+json\" class=\"yoast-schema-graph\">{\"@context\":\"https:\/\/schema.org\",\"@graph\":[{\"@type\":\"WebPage\",\"@id\":\"https:\/\/jekpo.com\/de\/p\/liftrex-650y-dumper\/\",\"url\":\"https:\/\/jekpo.com\/de\/p\/liftrex-650y-dumper\/\",\"name\":\"Liftrex 650Y Dumper | JEKPO.COM\",\"isPartOf\":{\"@id\":\"https:\/\/jekpo.com\/de\/#website\"},\"primaryImageOfPage\":{\"@id\":\"https:\/\/jekpo.com\/de\/p\/liftrex-650y-dumper\/#primaryimage\"},\"image\":{\"@id\":\"https:\/\/jekpo.com\/de\/p\/liftrex-650y-dumper\/#primaryimage\"},\"thumbnailUrl\":\"https:\/\/jekpo.com\/wp-content\/uploads\/2026\/02\/elektrinis-dumperis-LIFTREX-650Y-kasdieniams-statybos-ir-ukio-darbams.jpg\",\"datePublished\":\"2026-02-06T08:58:05+00:00\",\"dateModified\":\"2026-02-17T08:38:42+00:00\",\"description\":\"Der Liftrex 650Y Dumper mit 650 kg Nutzlast ist die ideale L\u00f6sung f\u00fcr Materialtransport auf Baustellen, in H\u00f6fen und im Gartenbau.\",\"breadcrumb\":{\"@id\":\"https:\/\/jekpo.com\/de\/p\/liftrex-650y-dumper\/#breadcrumb\"},\"inLanguage\":\"de\",\"potentialAction\":[{\"@type\":\"ReadAction\",\"target\":[\"https:\/\/jekpo.com\/de\/p\/liftrex-650y-dumper\/\"]}]},{\"@type\":\"ImageObject\",\"inLanguage\":\"de\",\"@id\":\"https:\/\/jekpo.com\/de\/p\/liftrex-650y-dumper\/#primaryimage\",\"url\":\"https:\/\/jekpo.com\/wp-content\/uploads\/2026\/02\/elektrinis-dumperis-LIFTREX-650Y-kasdieniams-statybos-ir-ukio-darbams.jpg\",\"contentUrl\":\"https:\/\/jekpo.com\/wp-content\/uploads\/2026\/02\/elektrinis-dumperis-LIFTREX-650Y-kasdieniams-statybos-ir-ukio-darbams.jpg\",\"width\":1000,\"height\":1000,\"caption\":\"elektrinis-dumperis-LIFTREX-650Y-kasdieniams-statybos-ir-u\u0304kio-darbams\"},{\"@type\":\"BreadcrumbList\",\"@id\":\"https:\/\/jekpo.com\/de\/p\/liftrex-650y-dumper\/#breadcrumb\",\"itemListElement\":[{\"@type\":\"ListItem\",\"position\":1,\"name\":\"Home\",\"item\":\"https:\/\/jekpo.com\/de\/\"},{\"@type\":\"ListItem\",\"position\":2,\"name\":\"Technik\",\"item\":\"https:\/\/jekpo.com\/de\/technik\/\"},{\"@type\":\"ListItem\",\"position\":3,\"name\":\"Liftrex 650Y Dumper\"}]},{\"@type\":\"WebSite\",\"@id\":\"https:\/\/jekpo.com\/de\/#website\",\"url\":\"https:\/\/jekpo.com\/de\/\",\"name\":\"JEKPO\",\"description\":\"atsakingas j\u016bs\u0173 partneris \u017eem\u0117s \u016bkio, sodo ir smulkiosios technikos pasaulyje\",\"publisher\":{\"@id\":\"https:\/\/jekpo.com\/de\/#organization\"},\"potentialAction\":[{\"@type\":\"SearchAction\",\"target\":{\"@type\":\"EntryPoint\",\"urlTemplate\":\"https:\/\/jekpo.com\/de\/?s={search_term_string}\"},\"query-input\":{\"@type\":\"PropertyValueSpecification\",\"valueRequired\":true,\"valueName\":\"search_term_string\"}}],\"inLanguage\":\"de\"},{\"@type\":\"Organization\",\"@id\":\"https:\/\/jekpo.com\/de\/#organization\",\"name\":\"JEKPO\",\"url\":\"https:\/\/jekpo.com\/de\/\",\"logo\":{\"@type\":\"ImageObject\",\"inLanguage\":\"de\",\"@id\":\"https:\/\/jekpo.com\/de\/#\/schema\/logo\/image\/\",\"url\":\"https:\/\/jekpo.com\/wp-content\/uploads\/2025\/03\/JEKPO-logo-trans-e1749117872556-300x201-2.webp\",\"contentUrl\":\"https:\/\/jekpo.com\/wp-content\/uploads\/2025\/03\/JEKPO-logo-trans-e1749117872556-300x201-2.webp\",\"width\":300,\"height\":201,\"caption\":\"JEKPO\"},\"image\":{\"@id\":\"https:\/\/jekpo.com\/de\/#\/schema\/logo\/image\/\"},\"sameAs\":[\"https:\/\/www.facebook.com\/profile.php?id=61564816725405\",\"https:\/\/www.instagram.com\/jekpo_ltu\/?igsh=cWh1ZDhyamEzOWQz&utm_source=qr#\",\"https:\/\/www.tiktok.com\/@jekpo_ltu?is_from_webapp=1&sender_device=pc\"]}]}<\/script>\n<!-- \/ Yoast SEO plugin. -->","yoast_head_json":{"title":"Liftrex 650Y Dumper | JEKPO.COM","description":"Der Liftrex 650Y Dumper mit 650 kg Nutzlast ist die ideale L\u00f6sung f\u00fcr Materialtransport auf Baustellen, in H\u00f6fen und im Gartenbau.","robots":{"index":"index","follow":"follow","max-snippet":"max-snippet:-1","max-image-preview":"max-image-preview:large","max-video-preview":"max-video-preview:-1"},"canonical":"https:\/\/jekpo.com\/de\/p\/liftrex-650y-dumper\/","og_locale":"de_DE","og_type":"article","og_title":"Liftrex 650Y Dumper | JEKPO.COM","og_description":"Der Liftrex 650Y Dumper mit 650 kg Nutzlast ist die ideale L\u00f6sung f\u00fcr Materialtransport auf Baustellen, in H\u00f6fen und im Gartenbau.","og_url":"https:\/\/jekpo.com\/de\/p\/liftrex-650y-dumper\/","og_site_name":"JEKPO","article_publisher":"https:\/\/www.facebook.com\/profile.php?id=61564816725405","article_modified_time":"2026-02-17T08:38:42+00:00","og_image":[{"width":1000,"height":1000,"url":"https:\/\/jekpo.com\/wp-content\/uploads\/2026\/02\/elektrinis-dumperis-LIFTREX-650Y-kasdieniams-statybos-ir-ukio-darbams.jpg","type":"image\/jpeg"}],"twitter_card":"summary_large_image","twitter_misc":{"Gesch\u00e4tzte Lesezeit":"2\u00a0Minuten"},"schema":{"@context":"https:\/\/schema.org","@graph":[{"@type":"WebPage","@id":"https:\/\/jekpo.com\/de\/p\/liftrex-650y-dumper\/","url":"https:\/\/jekpo.com\/de\/p\/liftrex-650y-dumper\/","name":"Liftrex 650Y Dumper | JEKPO.COM","isPartOf":{"@id":"https:\/\/jekpo.com\/de\/#website"},"primaryImageOfPage":{"@id":"https:\/\/jekpo.com\/de\/p\/liftrex-650y-dumper\/#primaryimage"},"image":{"@id":"https:\/\/jekpo.com\/de\/p\/liftrex-650y-dumper\/#primaryimage"},"thumbnailUrl":"https:\/\/jekpo.com\/wp-content\/uploads\/2026\/02\/elektrinis-dumperis-LIFTREX-650Y-kasdieniams-statybos-ir-ukio-darbams.jpg","datePublished":"2026-02-06T08:58:05+00:00","dateModified":"2026-02-17T08:38:42+00:00","description":"Der Liftrex 650Y Dumper mit 650 kg Nutzlast ist die ideale L\u00f6sung f\u00fcr Materialtransport auf Baustellen, in H\u00f6fen und im Gartenbau.","breadcrumb":{"@id":"https:\/\/jekpo.com\/de\/p\/liftrex-650y-dumper\/#breadcrumb"},"inLanguage":"de","potentialAction":[{"@type":"ReadAction","target":["https:\/\/jekpo.com\/de\/p\/liftrex-650y-dumper\/"]}]},{"@type":"ImageObject","inLanguage":"de","@id":"https:\/\/jekpo.com\/de\/p\/liftrex-650y-dumper\/#primaryimage","url":"https:\/\/jekpo.com\/wp-content\/uploads\/2026\/02\/elektrinis-dumperis-LIFTREX-650Y-kasdieniams-statybos-ir-ukio-darbams.jpg","contentUrl":"https:\/\/jekpo.com\/wp-content\/uploads\/2026\/02\/elektrinis-dumperis-LIFTREX-650Y-kasdieniams-statybos-ir-ukio-darbams.jpg","width":1000,"height":1000,"caption":"elektrinis-dumperis-LIFTREX-650Y-kasdieniams-statybos-ir-u\u0304kio-darbams"},{"@type":"BreadcrumbList","@id":"https:\/\/jekpo.com\/de\/p\/liftrex-650y-dumper\/#breadcrumb","itemListElement":[{"@type":"ListItem","position":1,"name":"Home","item":"https:\/\/jekpo.com\/de\/"},{"@type":"ListItem","position":2,"name":"Technik","item":"https:\/\/jekpo.com\/de\/technik\/"},{"@type":"ListItem","position":3,"name":"Liftrex 650Y Dumper"}]},{"@type":"WebSite","@id":"https:\/\/jekpo.com\/de\/#website","url":"https:\/\/jekpo.com\/de\/","name":"JEKPO","description":"atsakingas j\u016bs\u0173 partneris \u017eem\u0117s \u016bkio, sodo ir smulkiosios technikos pasaulyje","publisher":{"@id":"https:\/\/jekpo.com\/de\/#organization"},"potentialAction":[{"@type":"SearchAction","target":{"@type":"EntryPoint","urlTemplate":"https:\/\/jekpo.com\/de\/?s={search_term_string}"},"query-input":{"@type":"PropertyValueSpecification","valueRequired":true,"valueName":"search_term_string"}}],"inLanguage":"de"},{"@type":"Organization","@id":"https:\/\/jekpo.com\/de\/#organization","name":"JEKPO","url":"https:\/\/jekpo.com\/de\/","logo":{"@type":"ImageObject","inLanguage":"de","@id":"https:\/\/jekpo.com\/de\/#\/schema\/logo\/image\/","url":"https:\/\/jekpo.com\/wp-content\/uploads\/2025\/03\/JEKPO-logo-trans-e1749117872556-300x201-2.webp","contentUrl":"https:\/\/jekpo.com\/wp-content\/uploads\/2025\/03\/JEKPO-logo-trans-e1749117872556-300x201-2.webp","width":300,"height":201,"caption":"JEKPO"},"image":{"@id":"https:\/\/jekpo.com\/de\/#\/schema\/logo\/image\/"},"sameAs":["https:\/\/www.facebook.com\/profile.php?id=61564816725405","https:\/\/www.instagram.com\/jekpo_ltu\/?igsh=cWh1ZDhyamEzOWQz&utm_source=qr#","https:\/\/www.tiktok.com\/@jekpo_ltu?is_from_webapp=1&sender_device=pc"]}]}},"_links":{"self":[{"href":"https:\/\/jekpo.com\/de\/wp-json\/wp\/v2\/product\/5780","targetHints":{"allow":["GET"]}}],"collection":[{"href":"https:\/\/jekpo.com\/de\/wp-json\/wp\/v2\/product"}],"about":[{"href":"https:\/\/jekpo.com\/de\/wp-json\/wp\/v2\/types\/product"}],"replies":[{"embeddable":true,"href":"https:\/\/jekpo.com\/de\/wp-json\/wp\/v2\/comments?post=5780"}],"wp:featuredmedia":[{"embeddable":true,"href":"https:\/\/jekpo.com\/de\/wp-json\/wp\/v2\/media\/5730"}],"wp:attachment":[{"href":"https:\/\/jekpo.com\/de\/wp-json\/wp\/v2\/media?parent=5780"}],"wp:term":[{"taxonomy":"product_brand","embeddable":true,"href":"https:\/\/jekpo.com\/de\/wp-json\/wp\/v2\/product_brand?post=5780"},{"taxonomy":"product_cat","embeddable":true,"href":"https:\/\/jekpo.com\/de\/wp-json\/wp\/v2\/product_cat?post=5780"},{"taxonomy":"product_tag","embeddable":true,"href":"https:\/\/jekpo.com\/de\/wp-json\/wp\/v2\/product_tag?post=5780"},{"taxonomy":"pritaikomumas","embeddable":true,"href":"https:\/\/jekpo.com\/de\/wp-json\/wp\/v2\/pritaikomumas?post=5780"},{"taxonomy":"variklio-tipas","embeddable":true,"href":"https:\/\/jekpo.com\/de\/wp-json\/wp\/v2\/variklio-tipas?post=5780"}],"curies":[{"name":"wp","href":"https:\/\/api.w.org\/{rel}","templated":true}]}}