{"id":5454,"date":"2025-12-15T10:51:13","date_gmt":"2025-12-15T07:51:13","guid":{"rendered":"https:\/\/jekpo.com\/p\/rippa-600-mm-planiravimo-kausas\/"},"modified":"2026-02-17T15:29:33","modified_gmt":"2026-02-17T12:29:33","slug":"ripper-600-mm-planierloeffel","status":"publish","type":"product","link":"https:\/\/jekpo.com\/de\/p\/ripper-600-mm-planierloeffel\/","title":{"rendered":"600 mm Planierl\u00f6ffel"},"content":{"rendered":"<p>Der 600 mm Planierl\u00f6ffel ist ein Nivellierl\u00f6ffel f\u00fcr Rippa Minibagger, konzipiert f\u00fcr die Formung von B\u00f6schungen sowie das Einebnen von Fl\u00e4chen, H\u00f6fen und Zufahrten.<br \/>\nDie breite Arbeitsfl\u00e4che erm\u00f6glicht eine schnelle Bearbeitung gr\u00f6\u00dferer Bereiche und sorgt f\u00fcr eine saubere, ebene Oberfl\u00e4che nach Aushubarbeiten.<\/p>\n<p><strong>Einsatzbereiche:<\/strong><\/p>\n<ul>\n<li>Auff\u00fcllen und Einebnen von Pl\u00e4tzen, H\u00f6fen und Zufahrten<\/li>\n<li>B\u00f6schungsformung, Grabenreinigung und Feinarbeiten<\/li>\n<li>Planieren von Erdreich nach Aushubarbeiten<\/li>\n<li>Einsatz mit Minibaggern f\u00fcr die finale Oberfl\u00e4chenbearbeitung<\/li>\n<\/ul>\n","protected":false},"excerpt":{"rendered":"<p>Der 600 mm Planierl\u00f6ffel ist ein Nivellierl\u00f6ffel f\u00fcr Rippa Minibagger, konzipiert f\u00fcr die Formung von B\u00f6schungen sowie das Einebnen von Fl\u00e4chen, H\u00f6fen und Zufahrten. Die breite Arbeitsfl\u00e4che erm\u00f6glicht eine schnelle Bearbeitung gr\u00f6\u00dferer Bereiche und sorgt f\u00fcr eine saubere, ebene Oberfl\u00e4che nach Aushubarbeiten. Einsatzbereiche: Auff\u00fcllen und Einebnen von Pl\u00e4tzen, H\u00f6fen und Zufahrten B\u00f6schungsformung, Grabenreinigung und Feinarbeiten [&hellip;]<\/p>\n","protected":false},"featured_media":5446,"comment_status":"closed","ping_status":"closed","template":"","meta":[],"product_brand":[],"product_cat":[127,171],"product_tag":[],"pritaikomumas":[227],"variklio-tipas":[],"class_list":{"0":"post-5454","1":"product","2":"type-product","3":"status-publish","4":"has-post-thumbnail","6":"product_cat-baggeranbaugeraete","7":"product_cat-neuheiten","8":"pritaikomumas-rippa-bagger","10":"first","11":"instock","12":"taxable","13":"shipping-taxable","14":"purchasable","15":"product-type-simple"},"yoast_head":"<!-- This site is optimized with the Yoast SEO plugin v26.8 - https:\/\/yoast.com\/product\/yoast-seo-wordpress\/ -->\n<title>600 mm Planierl\u00f6ffel f\u00fcr Minibagger | JEKPO.COM<\/title>\n<meta name=\"description\" content=\"Rippa 600 mm Planierl\u00f6ffel f\u00fcr Minibagger, geeignet f\u00fcr schnelles und pr\u00e4zises Nivellieren von Boden in beengten Bereichen. Kompakte Abmessungen 350 \u00d7 600 \u00d7 400 mm.\" \/>\n<meta name=\"robots\" content=\"index, follow, max-snippet:-1, max-image-preview:large, max-video-preview:-1\" \/>\n<link rel=\"canonical\" href=\"https:\/\/jekpo.com\/de\/p\/ripper-600-mm-planierloeffel\/\" \/>\n<meta property=\"og:locale\" content=\"de_DE\" \/>\n<meta property=\"og:type\" content=\"article\" \/>\n<meta property=\"og:title\" content=\"600 mm Planierl\u00f6ffel f\u00fcr Minibagger | JEKPO.COM\" \/>\n<meta property=\"og:description\" content=\"Rippa 600 mm Planierl\u00f6ffel f\u00fcr Minibagger, geeignet f\u00fcr schnelles und pr\u00e4zises Nivellieren von Boden in beengten Bereichen. Kompakte Abmessungen 350 \u00d7 600 \u00d7 400 mm.\" \/>\n<meta property=\"og:url\" content=\"https:\/\/jekpo.com\/de\/p\/ripper-600-mm-planierloeffel\/\" \/>\n<meta property=\"og:site_name\" content=\"JEKPO\" \/>\n<meta property=\"article:publisher\" content=\"https:\/\/www.facebook.com\/profile.php?id=61564816725405\" \/>\n<meta property=\"article:modified_time\" content=\"2026-02-17T12:29:33+00:00\" \/>\n<meta property=\"og:image\" content=\"https:\/\/jekpo.com\/wp-content\/uploads\/2025\/12\/600-mm-planiravimo-kausas-E160.png\" \/>\n\t<meta property=\"og:image:width\" content=\"1000\" \/>\n\t<meta property=\"og:image:height\" content=\"1000\" \/>\n\t<meta property=\"og:image:type\" content=\"image\/png\" \/>\n<meta name=\"twitter:card\" content=\"summary_large_image\" \/>\n<meta name=\"twitter:label1\" content=\"Gesch\u00e4tzte Lesezeit\" \/>\n\t<meta name=\"twitter:data1\" content=\"1\u00a0Minute\" \/>\n<script type=\"application\/ld+json\" class=\"yoast-schema-graph\">{\"@context\":\"https:\/\/schema.org\",\"@graph\":[{\"@type\":\"WebPage\",\"@id\":\"https:\/\/jekpo.com\/de\/p\/ripper-600-mm-planierloeffel\/\",\"url\":\"https:\/\/jekpo.com\/de\/p\/ripper-600-mm-planierloeffel\/\",\"name\":\"600 mm Planierl\u00f6ffel f\u00fcr Minibagger | JEKPO.COM\",\"isPartOf\":{\"@id\":\"https:\/\/jekpo.com\/de\/#website\"},\"primaryImageOfPage\":{\"@id\":\"https:\/\/jekpo.com\/de\/p\/ripper-600-mm-planierloeffel\/#primaryimage\"},\"image\":{\"@id\":\"https:\/\/jekpo.com\/de\/p\/ripper-600-mm-planierloeffel\/#primaryimage\"},\"thumbnailUrl\":\"https:\/\/jekpo.com\/wp-content\/uploads\/2025\/12\/600-mm-planiravimo-kausas-E160.png\",\"datePublished\":\"2025-12-15T07:51:13+00:00\",\"dateModified\":\"2026-02-17T12:29:33+00:00\",\"description\":\"Rippa 600 mm Planierl\u00f6ffel f\u00fcr Minibagger, geeignet f\u00fcr schnelles und pr\u00e4zises Nivellieren von Boden in beengten Bereichen. Kompakte Abmessungen 350 \u00d7 600 \u00d7 400 mm.\",\"breadcrumb\":{\"@id\":\"https:\/\/jekpo.com\/de\/p\/ripper-600-mm-planierloeffel\/#breadcrumb\"},\"inLanguage\":\"de\",\"potentialAction\":[{\"@type\":\"ReadAction\",\"target\":[\"https:\/\/jekpo.com\/de\/p\/ripper-600-mm-planierloeffel\/\"]}]},{\"@type\":\"ImageObject\",\"inLanguage\":\"de\",\"@id\":\"https:\/\/jekpo.com\/de\/p\/ripper-600-mm-planierloeffel\/#primaryimage\",\"url\":\"https:\/\/jekpo.com\/wp-content\/uploads\/2025\/12\/600-mm-planiravimo-kausas-E160.png\",\"contentUrl\":\"https:\/\/jekpo.com\/wp-content\/uploads\/2025\/12\/600-mm-planiravimo-kausas-E160.png\",\"width\":1000,\"height\":1000,\"caption\":\"600-mm-planiravimo-kaus\u030cas---\u20ac160\"},{\"@type\":\"BreadcrumbList\",\"@id\":\"https:\/\/jekpo.com\/de\/p\/ripper-600-mm-planierloeffel\/#breadcrumb\",\"itemListElement\":[{\"@type\":\"ListItem\",\"position\":1,\"name\":\"Home\",\"item\":\"https:\/\/jekpo.com\/de\/\"},{\"@type\":\"ListItem\",\"position\":2,\"name\":\"Technik\",\"item\":\"https:\/\/jekpo.com\/de\/technik\/\"},{\"@type\":\"ListItem\",\"position\":3,\"name\":\"600 mm Planierl\u00f6ffel\"}]},{\"@type\":\"WebSite\",\"@id\":\"https:\/\/jekpo.com\/de\/#website\",\"url\":\"https:\/\/jekpo.com\/de\/\",\"name\":\"JEKPO\",\"description\":\"atsakingas j\u016bs\u0173 partneris \u017eem\u0117s \u016bkio, sodo ir smulkiosios technikos pasaulyje\",\"publisher\":{\"@id\":\"https:\/\/jekpo.com\/de\/#organization\"},\"potentialAction\":[{\"@type\":\"SearchAction\",\"target\":{\"@type\":\"EntryPoint\",\"urlTemplate\":\"https:\/\/jekpo.com\/de\/?s={search_term_string}\"},\"query-input\":{\"@type\":\"PropertyValueSpecification\",\"valueRequired\":true,\"valueName\":\"search_term_string\"}}],\"inLanguage\":\"de\"},{\"@type\":\"Organization\",\"@id\":\"https:\/\/jekpo.com\/de\/#organization\",\"name\":\"JEKPO\",\"url\":\"https:\/\/jekpo.com\/de\/\",\"logo\":{\"@type\":\"ImageObject\",\"inLanguage\":\"de\",\"@id\":\"https:\/\/jekpo.com\/de\/#\/schema\/logo\/image\/\",\"url\":\"https:\/\/jekpo.com\/wp-content\/uploads\/2025\/03\/JEKPO-logo-trans-e1749117872556-300x201-2.webp\",\"contentUrl\":\"https:\/\/jekpo.com\/wp-content\/uploads\/2025\/03\/JEKPO-logo-trans-e1749117872556-300x201-2.webp\",\"width\":300,\"height\":201,\"caption\":\"JEKPO\"},\"image\":{\"@id\":\"https:\/\/jekpo.com\/de\/#\/schema\/logo\/image\/\"},\"sameAs\":[\"https:\/\/www.facebook.com\/profile.php?id=61564816725405\",\"https:\/\/www.instagram.com\/jekpo_ltu\/?igsh=cWh1ZDhyamEzOWQz&utm_source=qr#\",\"https:\/\/www.tiktok.com\/@jekpo_ltu?is_from_webapp=1&sender_device=pc\"]}]}<\/script>\n<!-- \/ Yoast SEO plugin. -->","yoast_head_json":{"title":"600 mm Planierl\u00f6ffel f\u00fcr Minibagger | JEKPO.COM","description":"Rippa 600 mm Planierl\u00f6ffel f\u00fcr Minibagger, geeignet f\u00fcr schnelles und pr\u00e4zises Nivellieren von Boden in beengten Bereichen. Kompakte Abmessungen 350 \u00d7 600 \u00d7 400 mm.","robots":{"index":"index","follow":"follow","max-snippet":"max-snippet:-1","max-image-preview":"max-image-preview:large","max-video-preview":"max-video-preview:-1"},"canonical":"https:\/\/jekpo.com\/de\/p\/ripper-600-mm-planierloeffel\/","og_locale":"de_DE","og_type":"article","og_title":"600 mm Planierl\u00f6ffel f\u00fcr Minibagger | JEKPO.COM","og_description":"Rippa 600 mm Planierl\u00f6ffel f\u00fcr Minibagger, geeignet f\u00fcr schnelles und pr\u00e4zises Nivellieren von Boden in beengten Bereichen. Kompakte Abmessungen 350 \u00d7 600 \u00d7 400 mm.","og_url":"https:\/\/jekpo.com\/de\/p\/ripper-600-mm-planierloeffel\/","og_site_name":"JEKPO","article_publisher":"https:\/\/www.facebook.com\/profile.php?id=61564816725405","article_modified_time":"2026-02-17T12:29:33+00:00","og_image":[{"width":1000,"height":1000,"url":"https:\/\/jekpo.com\/wp-content\/uploads\/2025\/12\/600-mm-planiravimo-kausas-E160.png","type":"image\/png"}],"twitter_card":"summary_large_image","twitter_misc":{"Gesch\u00e4tzte Lesezeit":"1\u00a0Minute"},"schema":{"@context":"https:\/\/schema.org","@graph":[{"@type":"WebPage","@id":"https:\/\/jekpo.com\/de\/p\/ripper-600-mm-planierloeffel\/","url":"https:\/\/jekpo.com\/de\/p\/ripper-600-mm-planierloeffel\/","name":"600 mm Planierl\u00f6ffel f\u00fcr Minibagger | JEKPO.COM","isPartOf":{"@id":"https:\/\/jekpo.com\/de\/#website"},"primaryImageOfPage":{"@id":"https:\/\/jekpo.com\/de\/p\/ripper-600-mm-planierloeffel\/#primaryimage"},"image":{"@id":"https:\/\/jekpo.com\/de\/p\/ripper-600-mm-planierloeffel\/#primaryimage"},"thumbnailUrl":"https:\/\/jekpo.com\/wp-content\/uploads\/2025\/12\/600-mm-planiravimo-kausas-E160.png","datePublished":"2025-12-15T07:51:13+00:00","dateModified":"2026-02-17T12:29:33+00:00","description":"Rippa 600 mm Planierl\u00f6ffel f\u00fcr Minibagger, geeignet f\u00fcr schnelles und pr\u00e4zises Nivellieren von Boden in beengten Bereichen. Kompakte Abmessungen 350 \u00d7 600 \u00d7 400 mm.","breadcrumb":{"@id":"https:\/\/jekpo.com\/de\/p\/ripper-600-mm-planierloeffel\/#breadcrumb"},"inLanguage":"de","potentialAction":[{"@type":"ReadAction","target":["https:\/\/jekpo.com\/de\/p\/ripper-600-mm-planierloeffel\/"]}]},{"@type":"ImageObject","inLanguage":"de","@id":"https:\/\/jekpo.com\/de\/p\/ripper-600-mm-planierloeffel\/#primaryimage","url":"https:\/\/jekpo.com\/wp-content\/uploads\/2025\/12\/600-mm-planiravimo-kausas-E160.png","contentUrl":"https:\/\/jekpo.com\/wp-content\/uploads\/2025\/12\/600-mm-planiravimo-kausas-E160.png","width":1000,"height":1000,"caption":"600-mm-planiravimo-kaus\u030cas---\u20ac160"},{"@type":"BreadcrumbList","@id":"https:\/\/jekpo.com\/de\/p\/ripper-600-mm-planierloeffel\/#breadcrumb","itemListElement":[{"@type":"ListItem","position":1,"name":"Home","item":"https:\/\/jekpo.com\/de\/"},{"@type":"ListItem","position":2,"name":"Technik","item":"https:\/\/jekpo.com\/de\/technik\/"},{"@type":"ListItem","position":3,"name":"600 mm Planierl\u00f6ffel"}]},{"@type":"WebSite","@id":"https:\/\/jekpo.com\/de\/#website","url":"https:\/\/jekpo.com\/de\/","name":"JEKPO","description":"atsakingas j\u016bs\u0173 partneris \u017eem\u0117s \u016bkio, sodo ir smulkiosios technikos pasaulyje","publisher":{"@id":"https:\/\/jekpo.com\/de\/#organization"},"potentialAction":[{"@type":"SearchAction","target":{"@type":"EntryPoint","urlTemplate":"https:\/\/jekpo.com\/de\/?s={search_term_string}"},"query-input":{"@type":"PropertyValueSpecification","valueRequired":true,"valueName":"search_term_string"}}],"inLanguage":"de"},{"@type":"Organization","@id":"https:\/\/jekpo.com\/de\/#organization","name":"JEKPO","url":"https:\/\/jekpo.com\/de\/","logo":{"@type":"ImageObject","inLanguage":"de","@id":"https:\/\/jekpo.com\/de\/#\/schema\/logo\/image\/","url":"https:\/\/jekpo.com\/wp-content\/uploads\/2025\/03\/JEKPO-logo-trans-e1749117872556-300x201-2.webp","contentUrl":"https:\/\/jekpo.com\/wp-content\/uploads\/2025\/03\/JEKPO-logo-trans-e1749117872556-300x201-2.webp","width":300,"height":201,"caption":"JEKPO"},"image":{"@id":"https:\/\/jekpo.com\/de\/#\/schema\/logo\/image\/"},"sameAs":["https:\/\/www.facebook.com\/profile.php?id=61564816725405","https:\/\/www.instagram.com\/jekpo_ltu\/?igsh=cWh1ZDhyamEzOWQz&utm_source=qr#","https:\/\/www.tiktok.com\/@jekpo_ltu?is_from_webapp=1&sender_device=pc"]}]}},"_links":{"self":[{"href":"https:\/\/jekpo.com\/de\/wp-json\/wp\/v2\/product\/5454","targetHints":{"allow":["GET"]}}],"collection":[{"href":"https:\/\/jekpo.com\/de\/wp-json\/wp\/v2\/product"}],"about":[{"href":"https:\/\/jekpo.com\/de\/wp-json\/wp\/v2\/types\/product"}],"replies":[{"embeddable":true,"href":"https:\/\/jekpo.com\/de\/wp-json\/wp\/v2\/comments?post=5454"}],"wp:featuredmedia":[{"embeddable":true,"href":"https:\/\/jekpo.com\/de\/wp-json\/wp\/v2\/media\/5446"}],"wp:attachment":[{"href":"https:\/\/jekpo.com\/de\/wp-json\/wp\/v2\/media?parent=5454"}],"wp:term":[{"taxonomy":"product_brand","embeddable":true,"href":"https:\/\/jekpo.com\/de\/wp-json\/wp\/v2\/product_brand?post=5454"},{"taxonomy":"product_cat","embeddable":true,"href":"https:\/\/jekpo.com\/de\/wp-json\/wp\/v2\/product_cat?post=5454"},{"taxonomy":"product_tag","embeddable":true,"href":"https:\/\/jekpo.com\/de\/wp-json\/wp\/v2\/product_tag?post=5454"},{"taxonomy":"pritaikomumas","embeddable":true,"href":"https:\/\/jekpo.com\/de\/wp-json\/wp\/v2\/pritaikomumas?post=5454"},{"taxonomy":"variklio-tipas","embeddable":true,"href":"https:\/\/jekpo.com\/de\/wp-json\/wp\/v2\/variklio-tipas?post=5454"}],"curies":[{"name":"wp","href":"https:\/\/api.w.org\/{rel}","templated":true}]}}