{"id":5450,"date":"2025-12-15T11:03:15","date_gmt":"2025-12-15T08:03:15","guid":{"rendered":"https:\/\/jekpo.com\/p\/rippa-medzio-griebtuvas-mini-ekskavatoriui\/"},"modified":"2026-02-17T15:42:50","modified_gmt":"2026-02-17T12:42:50","slug":"rippa-medzio-griebtuvas-mini-ekskavatoriui","status":"publish","type":"product","link":"https:\/\/jekpo.com\/de\/p\/rippa-medzio-griebtuvas-mini-ekskavatoriui\/","title":{"rendered":"Holzgreifer"},"content":{"rendered":"<p>Der Holzgreifer ist ein funktionaler Anbau f\u00fcr Rippa Minibagger, \u043f\u0440\u0435\u0434\u043d\u0430\u0437\u043d\u0430\u0447\u0435\u043d zum Greifen, Bewegen und Verladen von Baumst\u00e4mmen, \u00c4sten, Str\u00e4uchern und Holzabf\u00e4llen.<br \/>\nDer robuste Stahlrahmen und die gebogenen Greifzangen sorgen f\u00fcr einen sicheren Halt des Materials und erm\u00f6glichen stabiles sowie sicheres Arbeiten bei verschiedenen Landschafts- und Forstarbeiten.<\/p>\n<p><strong>Einsatzbereiche:<\/strong><\/p>\n<ul>\n<li>Verladen und Handling von Baumst\u00e4mmen, \u00c4sten, Wurzelst\u00f6cken und Str\u00e4uchern<\/li>\n<li>Sammlung von Holzabf\u00e4llen nach F\u00e4ll- oder Schnittarbeiten<\/li>\n<li>Pflegearbeiten auf Grundst\u00fccken, landwirtschaftlichen Fl\u00e4chen, Stra\u00dfenr\u00e4ndern und Forstwegen<\/li>\n<li>Nutzung des Minibaggers zur Holzhandhabung ohne zus\u00e4tzliche Maschinen<\/li>\n<\/ul>\n","protected":false},"excerpt":{"rendered":"<p>Der Holzgreifer ist ein funktionaler Anbau f\u00fcr Rippa Minibagger, \u043f\u0440\u0435\u0434\u043d\u0430\u0437\u043d\u0430\u0447\u0435\u043d zum Greifen, Bewegen und Verladen von Baumst\u00e4mmen, \u00c4sten, Str\u00e4uchern und Holzabf\u00e4llen. Der robuste Stahlrahmen und die gebogenen Greifzangen sorgen f\u00fcr einen sicheren Halt des Materials und erm\u00f6glichen stabiles sowie sicheres Arbeiten bei verschiedenen Landschafts- und Forstarbeiten. Einsatzbereiche: Verladen und Handling von Baumst\u00e4mmen, \u00c4sten, Wurzelst\u00f6cken und [&hellip;]<\/p>\n","protected":false},"featured_media":5438,"comment_status":"closed","ping_status":"closed","template":"","meta":[],"product_brand":[],"product_cat":[127,171],"product_tag":[],"pritaikomumas":[227],"variklio-tipas":[],"class_list":{"0":"post-5450","1":"product","2":"type-product","3":"status-publish","4":"has-post-thumbnail","6":"product_cat-baggeranbaugeraete","7":"product_cat-neuheiten","8":"pritaikomumas-rippa-bagger","10":"first","11":"instock","12":"taxable","13":"shipping-taxable","14":"purchasable","15":"product-type-simple"},"yoast_head":"<!-- This site is optimized with the Yoast SEO plugin v26.8 - https:\/\/yoast.com\/product\/yoast-seo-wordpress\/ -->\n<title>Holzgreifer Rippa f\u00fcr Minibagger | JEKPO.COM<\/title>\n<meta name=\"description\" content=\"Rippa Holzgreifer f\u00fcr Minibagger zum Heben von St\u00e4mmen und \u00c4sten. Abmessungen 500 \u00d7 450 \u00d7 540 mm. Praktische L\u00f6sung f\u00fcr Holzhandling bei Forst- und Bauarbeiten.\" \/>\n<meta name=\"robots\" content=\"index, follow, max-snippet:-1, max-image-preview:large, max-video-preview:-1\" \/>\n<link rel=\"canonical\" href=\"https:\/\/jekpo.com\/de\/p\/rippa-medzio-griebtuvas-mini-ekskavatoriui\/\" \/>\n<meta property=\"og:locale\" content=\"de_DE\" \/>\n<meta property=\"og:type\" content=\"article\" \/>\n<meta property=\"og:title\" content=\"Holzgreifer Rippa f\u00fcr Minibagger | JEKPO.COM\" \/>\n<meta property=\"og:description\" content=\"Rippa Holzgreifer f\u00fcr Minibagger zum Heben von St\u00e4mmen und \u00c4sten. Abmessungen 500 \u00d7 450 \u00d7 540 mm. Praktische L\u00f6sung f\u00fcr Holzhandling bei Forst- und Bauarbeiten.\" \/>\n<meta property=\"og:url\" content=\"https:\/\/jekpo.com\/de\/p\/rippa-medzio-griebtuvas-mini-ekskavatoriui\/\" \/>\n<meta property=\"og:site_name\" content=\"JEKPO\" \/>\n<meta property=\"article:publisher\" content=\"https:\/\/www.facebook.com\/profile.php?id=61564816725405\" \/>\n<meta property=\"article:modified_time\" content=\"2026-02-17T12:42:50+00:00\" \/>\n<meta property=\"og:image\" content=\"https:\/\/jekpo.com\/wp-content\/uploads\/2025\/12\/jekpo-rippa-medzio-griebtuvas-mini-ekskavatoriaus-priedas.png\" \/>\n\t<meta property=\"og:image:width\" content=\"1000\" \/>\n\t<meta property=\"og:image:height\" content=\"1000\" \/>\n\t<meta property=\"og:image:type\" content=\"image\/png\" \/>\n<meta name=\"twitter:card\" content=\"summary_large_image\" \/>\n<meta name=\"twitter:label1\" content=\"Gesch\u00e4tzte Lesezeit\" \/>\n\t<meta name=\"twitter:data1\" content=\"1\u00a0Minute\" \/>\n<script type=\"application\/ld+json\" class=\"yoast-schema-graph\">{\"@context\":\"https:\/\/schema.org\",\"@graph\":[{\"@type\":\"WebPage\",\"@id\":\"https:\/\/jekpo.com\/de\/p\/rippa-medzio-griebtuvas-mini-ekskavatoriui\/\",\"url\":\"https:\/\/jekpo.com\/de\/p\/rippa-medzio-griebtuvas-mini-ekskavatoriui\/\",\"name\":\"Holzgreifer Rippa f\u00fcr Minibagger | JEKPO.COM\",\"isPartOf\":{\"@id\":\"https:\/\/jekpo.com\/de\/#website\"},\"primaryImageOfPage\":{\"@id\":\"https:\/\/jekpo.com\/de\/p\/rippa-medzio-griebtuvas-mini-ekskavatoriui\/#primaryimage\"},\"image\":{\"@id\":\"https:\/\/jekpo.com\/de\/p\/rippa-medzio-griebtuvas-mini-ekskavatoriui\/#primaryimage\"},\"thumbnailUrl\":\"https:\/\/jekpo.com\/wp-content\/uploads\/2025\/12\/jekpo-rippa-medzio-griebtuvas-mini-ekskavatoriaus-priedas.png\",\"datePublished\":\"2025-12-15T08:03:15+00:00\",\"dateModified\":\"2026-02-17T12:42:50+00:00\",\"description\":\"Rippa Holzgreifer f\u00fcr Minibagger zum Heben von St\u00e4mmen und \u00c4sten. Abmessungen 500 \u00d7 450 \u00d7 540 mm. Praktische L\u00f6sung f\u00fcr Holzhandling bei Forst- und Bauarbeiten.\",\"breadcrumb\":{\"@id\":\"https:\/\/jekpo.com\/de\/p\/rippa-medzio-griebtuvas-mini-ekskavatoriui\/#breadcrumb\"},\"inLanguage\":\"de\",\"potentialAction\":[{\"@type\":\"ReadAction\",\"target\":[\"https:\/\/jekpo.com\/de\/p\/rippa-medzio-griebtuvas-mini-ekskavatoriui\/\"]}]},{\"@type\":\"ImageObject\",\"inLanguage\":\"de\",\"@id\":\"https:\/\/jekpo.com\/de\/p\/rippa-medzio-griebtuvas-mini-ekskavatoriui\/#primaryimage\",\"url\":\"https:\/\/jekpo.com\/wp-content\/uploads\/2025\/12\/jekpo-rippa-medzio-griebtuvas-mini-ekskavatoriaus-priedas.png\",\"contentUrl\":\"https:\/\/jekpo.com\/wp-content\/uploads\/2025\/12\/jekpo-rippa-medzio-griebtuvas-mini-ekskavatoriaus-priedas.png\",\"width\":1000,\"height\":1000,\"caption\":\"jekpo-rippa-medzio-griebtuvas-mini-ekskavatoriaus-priedas\"},{\"@type\":\"BreadcrumbList\",\"@id\":\"https:\/\/jekpo.com\/de\/p\/rippa-medzio-griebtuvas-mini-ekskavatoriui\/#breadcrumb\",\"itemListElement\":[{\"@type\":\"ListItem\",\"position\":1,\"name\":\"Home\",\"item\":\"https:\/\/jekpo.com\/de\/\"},{\"@type\":\"ListItem\",\"position\":2,\"name\":\"Technik\",\"item\":\"https:\/\/jekpo.com\/de\/technik\/\"},{\"@type\":\"ListItem\",\"position\":3,\"name\":\"Holzgreifer\"}]},{\"@type\":\"WebSite\",\"@id\":\"https:\/\/jekpo.com\/de\/#website\",\"url\":\"https:\/\/jekpo.com\/de\/\",\"name\":\"JEKPO\",\"description\":\"atsakingas j\u016bs\u0173 partneris \u017eem\u0117s \u016bkio, sodo ir smulkiosios technikos pasaulyje\",\"publisher\":{\"@id\":\"https:\/\/jekpo.com\/de\/#organization\"},\"potentialAction\":[{\"@type\":\"SearchAction\",\"target\":{\"@type\":\"EntryPoint\",\"urlTemplate\":\"https:\/\/jekpo.com\/de\/?s={search_term_string}\"},\"query-input\":{\"@type\":\"PropertyValueSpecification\",\"valueRequired\":true,\"valueName\":\"search_term_string\"}}],\"inLanguage\":\"de\"},{\"@type\":\"Organization\",\"@id\":\"https:\/\/jekpo.com\/de\/#organization\",\"name\":\"JEKPO\",\"url\":\"https:\/\/jekpo.com\/de\/\",\"logo\":{\"@type\":\"ImageObject\",\"inLanguage\":\"de\",\"@id\":\"https:\/\/jekpo.com\/de\/#\/schema\/logo\/image\/\",\"url\":\"https:\/\/jekpo.com\/wp-content\/uploads\/2025\/03\/JEKPO-logo-trans-e1749117872556-300x201-2.webp\",\"contentUrl\":\"https:\/\/jekpo.com\/wp-content\/uploads\/2025\/03\/JEKPO-logo-trans-e1749117872556-300x201-2.webp\",\"width\":300,\"height\":201,\"caption\":\"JEKPO\"},\"image\":{\"@id\":\"https:\/\/jekpo.com\/de\/#\/schema\/logo\/image\/\"},\"sameAs\":[\"https:\/\/www.facebook.com\/profile.php?id=61564816725405\",\"https:\/\/www.instagram.com\/jekpo_ltu\/?igsh=cWh1ZDhyamEzOWQz&utm_source=qr#\",\"https:\/\/www.tiktok.com\/@jekpo_ltu?is_from_webapp=1&sender_device=pc\"]}]}<\/script>\n<!-- \/ Yoast SEO plugin. -->","yoast_head_json":{"title":"Holzgreifer Rippa f\u00fcr Minibagger | JEKPO.COM","description":"Rippa Holzgreifer f\u00fcr Minibagger zum Heben von St\u00e4mmen und \u00c4sten. Abmessungen 500 \u00d7 450 \u00d7 540 mm. Praktische L\u00f6sung f\u00fcr Holzhandling bei Forst- und Bauarbeiten.","robots":{"index":"index","follow":"follow","max-snippet":"max-snippet:-1","max-image-preview":"max-image-preview:large","max-video-preview":"max-video-preview:-1"},"canonical":"https:\/\/jekpo.com\/de\/p\/rippa-medzio-griebtuvas-mini-ekskavatoriui\/","og_locale":"de_DE","og_type":"article","og_title":"Holzgreifer Rippa f\u00fcr Minibagger | JEKPO.COM","og_description":"Rippa Holzgreifer f\u00fcr Minibagger zum Heben von St\u00e4mmen und \u00c4sten. Abmessungen 500 \u00d7 450 \u00d7 540 mm. Praktische L\u00f6sung f\u00fcr Holzhandling bei Forst- und Bauarbeiten.","og_url":"https:\/\/jekpo.com\/de\/p\/rippa-medzio-griebtuvas-mini-ekskavatoriui\/","og_site_name":"JEKPO","article_publisher":"https:\/\/www.facebook.com\/profile.php?id=61564816725405","article_modified_time":"2026-02-17T12:42:50+00:00","og_image":[{"width":1000,"height":1000,"url":"https:\/\/jekpo.com\/wp-content\/uploads\/2025\/12\/jekpo-rippa-medzio-griebtuvas-mini-ekskavatoriaus-priedas.png","type":"image\/png"}],"twitter_card":"summary_large_image","twitter_misc":{"Gesch\u00e4tzte Lesezeit":"1\u00a0Minute"},"schema":{"@context":"https:\/\/schema.org","@graph":[{"@type":"WebPage","@id":"https:\/\/jekpo.com\/de\/p\/rippa-medzio-griebtuvas-mini-ekskavatoriui\/","url":"https:\/\/jekpo.com\/de\/p\/rippa-medzio-griebtuvas-mini-ekskavatoriui\/","name":"Holzgreifer Rippa f\u00fcr Minibagger | JEKPO.COM","isPartOf":{"@id":"https:\/\/jekpo.com\/de\/#website"},"primaryImageOfPage":{"@id":"https:\/\/jekpo.com\/de\/p\/rippa-medzio-griebtuvas-mini-ekskavatoriui\/#primaryimage"},"image":{"@id":"https:\/\/jekpo.com\/de\/p\/rippa-medzio-griebtuvas-mini-ekskavatoriui\/#primaryimage"},"thumbnailUrl":"https:\/\/jekpo.com\/wp-content\/uploads\/2025\/12\/jekpo-rippa-medzio-griebtuvas-mini-ekskavatoriaus-priedas.png","datePublished":"2025-12-15T08:03:15+00:00","dateModified":"2026-02-17T12:42:50+00:00","description":"Rippa Holzgreifer f\u00fcr Minibagger zum Heben von St\u00e4mmen und \u00c4sten. Abmessungen 500 \u00d7 450 \u00d7 540 mm. Praktische L\u00f6sung f\u00fcr Holzhandling bei Forst- und Bauarbeiten.","breadcrumb":{"@id":"https:\/\/jekpo.com\/de\/p\/rippa-medzio-griebtuvas-mini-ekskavatoriui\/#breadcrumb"},"inLanguage":"de","potentialAction":[{"@type":"ReadAction","target":["https:\/\/jekpo.com\/de\/p\/rippa-medzio-griebtuvas-mini-ekskavatoriui\/"]}]},{"@type":"ImageObject","inLanguage":"de","@id":"https:\/\/jekpo.com\/de\/p\/rippa-medzio-griebtuvas-mini-ekskavatoriui\/#primaryimage","url":"https:\/\/jekpo.com\/wp-content\/uploads\/2025\/12\/jekpo-rippa-medzio-griebtuvas-mini-ekskavatoriaus-priedas.png","contentUrl":"https:\/\/jekpo.com\/wp-content\/uploads\/2025\/12\/jekpo-rippa-medzio-griebtuvas-mini-ekskavatoriaus-priedas.png","width":1000,"height":1000,"caption":"jekpo-rippa-medzio-griebtuvas-mini-ekskavatoriaus-priedas"},{"@type":"BreadcrumbList","@id":"https:\/\/jekpo.com\/de\/p\/rippa-medzio-griebtuvas-mini-ekskavatoriui\/#breadcrumb","itemListElement":[{"@type":"ListItem","position":1,"name":"Home","item":"https:\/\/jekpo.com\/de\/"},{"@type":"ListItem","position":2,"name":"Technik","item":"https:\/\/jekpo.com\/de\/technik\/"},{"@type":"ListItem","position":3,"name":"Holzgreifer"}]},{"@type":"WebSite","@id":"https:\/\/jekpo.com\/de\/#website","url":"https:\/\/jekpo.com\/de\/","name":"JEKPO","description":"atsakingas j\u016bs\u0173 partneris \u017eem\u0117s \u016bkio, sodo ir smulkiosios technikos pasaulyje","publisher":{"@id":"https:\/\/jekpo.com\/de\/#organization"},"potentialAction":[{"@type":"SearchAction","target":{"@type":"EntryPoint","urlTemplate":"https:\/\/jekpo.com\/de\/?s={search_term_string}"},"query-input":{"@type":"PropertyValueSpecification","valueRequired":true,"valueName":"search_term_string"}}],"inLanguage":"de"},{"@type":"Organization","@id":"https:\/\/jekpo.com\/de\/#organization","name":"JEKPO","url":"https:\/\/jekpo.com\/de\/","logo":{"@type":"ImageObject","inLanguage":"de","@id":"https:\/\/jekpo.com\/de\/#\/schema\/logo\/image\/","url":"https:\/\/jekpo.com\/wp-content\/uploads\/2025\/03\/JEKPO-logo-trans-e1749117872556-300x201-2.webp","contentUrl":"https:\/\/jekpo.com\/wp-content\/uploads\/2025\/03\/JEKPO-logo-trans-e1749117872556-300x201-2.webp","width":300,"height":201,"caption":"JEKPO"},"image":{"@id":"https:\/\/jekpo.com\/de\/#\/schema\/logo\/image\/"},"sameAs":["https:\/\/www.facebook.com\/profile.php?id=61564816725405","https:\/\/www.instagram.com\/jekpo_ltu\/?igsh=cWh1ZDhyamEzOWQz&utm_source=qr#","https:\/\/www.tiktok.com\/@jekpo_ltu?is_from_webapp=1&sender_device=pc"]}]}},"_links":{"self":[{"href":"https:\/\/jekpo.com\/de\/wp-json\/wp\/v2\/product\/5450","targetHints":{"allow":["GET"]}}],"collection":[{"href":"https:\/\/jekpo.com\/de\/wp-json\/wp\/v2\/product"}],"about":[{"href":"https:\/\/jekpo.com\/de\/wp-json\/wp\/v2\/types\/product"}],"replies":[{"embeddable":true,"href":"https:\/\/jekpo.com\/de\/wp-json\/wp\/v2\/comments?post=5450"}],"wp:featuredmedia":[{"embeddable":true,"href":"https:\/\/jekpo.com\/de\/wp-json\/wp\/v2\/media\/5438"}],"wp:attachment":[{"href":"https:\/\/jekpo.com\/de\/wp-json\/wp\/v2\/media?parent=5450"}],"wp:term":[{"taxonomy":"product_brand","embeddable":true,"href":"https:\/\/jekpo.com\/de\/wp-json\/wp\/v2\/product_brand?post=5450"},{"taxonomy":"product_cat","embeddable":true,"href":"https:\/\/jekpo.com\/de\/wp-json\/wp\/v2\/product_cat?post=5450"},{"taxonomy":"product_tag","embeddable":true,"href":"https:\/\/jekpo.com\/de\/wp-json\/wp\/v2\/product_tag?post=5450"},{"taxonomy":"pritaikomumas","embeddable":true,"href":"https:\/\/jekpo.com\/de\/wp-json\/wp\/v2\/pritaikomumas?post=5450"},{"taxonomy":"variklio-tipas","embeddable":true,"href":"https:\/\/jekpo.com\/de\/wp-json\/wp\/v2\/variklio-tipas?post=5450"}],"curies":[{"name":"wp","href":"https:\/\/api.w.org\/{rel}","templated":true}]}}