{"id":5437,"date":"2025-12-15T11:05:18","date_gmt":"2025-12-15T08:05:18","guid":{"rendered":"https:\/\/jekpo.com\/p\/nagas-2\/"},"modified":"2026-02-17T15:25:24","modified_gmt":"2026-02-17T12:25:24","slug":"reisszahn-ripper-fuer-bagger","status":"publish","type":"product","link":"https:\/\/jekpo.com\/de\/p\/reisszahn-ripper-fuer-bagger\/","title":{"rendered":"Ripperzahn"},"content":{"rendered":"<p>Der Ripperzahn ist ein schmaler Ripper-Anbau f\u00fcr Rippa Minibagger, entwickelt zum Auflockern von hartem Boden, Wurzeln, Steinen und gefrorenen Schichten.<br \/>\nDer einzinkige Zahn konzentriert die Kraft auf eine kleine Fl\u00e4che und dringt dadurch leichter in verdichtete, stark befahrene oder gefrorene B\u00f6den ein. So wird der Untergrund optimal f\u00fcr nachfolgende Erdarbeiten mit dem L\u00f6ffel vorbereitet.<\/p>\n<p><strong>Einsatzbereiche:<\/strong><\/p>\n<ul>\n<li>Auflockern von hartem Boden, Kies und Lehm<\/li>\n<li>Brechen von Wurzeln, Steinen und gefrorenem Erdreich<\/li>\n<li>Vorbereitung des Bodens vor dem Grabenaushub<\/li>\n<li>Einsatz mit<br \/>\nMinibaggern unter schwierigen Bodenbedingungen<\/li>\n<\/ul>\n","protected":false},"excerpt":{"rendered":"<p>Der Ripperzahn ist ein schmaler Ripper-Anbau f\u00fcr Rippa Minibagger, entwickelt zum Auflockern von hartem Boden, Wurzeln, Steinen und gefrorenen Schichten. Der einzinkige Zahn konzentriert die Kraft auf eine kleine Fl\u00e4che und dringt dadurch leichter in verdichtete, stark befahrene oder gefrorene B\u00f6den ein. So wird der Untergrund optimal f\u00fcr nachfolgende Erdarbeiten mit dem L\u00f6ffel vorbereitet. Einsatzbereiche: [&hellip;]<\/p>\n","protected":false},"featured_media":5431,"comment_status":"closed","ping_status":"closed","template":"","meta":[],"product_brand":[],"product_cat":[127,171],"product_tag":[],"pritaikomumas":[227],"variklio-tipas":[],"class_list":{"0":"post-5437","1":"product","2":"type-product","3":"status-publish","4":"has-post-thumbnail","6":"product_cat-baggeranbaugeraete","7":"product_cat-neuheiten","8":"pritaikomumas-rippa-bagger","10":"first","11":"instock","12":"taxable","13":"shipping-taxable","14":"purchasable","15":"product-type-simple"},"yoast_head":"<!-- This site is optimized with the Yoast SEO plugin v26.8 - https:\/\/yoast.com\/product\/yoast-seo-wordpress\/ -->\n<title>Ripperzahn Rei\u00dfzahn f\u00fcr Minibagger | JEKPO.COM<\/title>\n<meta name=\"description\" content=\"Rei\u00dfzahn f\u00fcr Minibagger zum Auflockern von hartem Boden, Wurzeln und Steinen. Abmessungen 530 \u00d7 140 \u00d7 200 mm. Pr\u00e4zises Anbauger\u00e4t f\u00fcr Aufbruch- und Vorbereitungsarbeiten.\" \/>\n<meta name=\"robots\" content=\"index, follow, max-snippet:-1, max-image-preview:large, max-video-preview:-1\" \/>\n<link rel=\"canonical\" href=\"https:\/\/jekpo.com\/de\/p\/reisszahn-ripper-fuer-bagger\/\" \/>\n<meta property=\"og:locale\" content=\"de_DE\" \/>\n<meta property=\"og:type\" content=\"article\" \/>\n<meta property=\"og:title\" content=\"Ripperzahn Rei\u00dfzahn f\u00fcr Minibagger | JEKPO.COM\" \/>\n<meta property=\"og:description\" content=\"Rei\u00dfzahn f\u00fcr Minibagger zum Auflockern von hartem Boden, Wurzeln und Steinen. Abmessungen 530 \u00d7 140 \u00d7 200 mm. Pr\u00e4zises Anbauger\u00e4t f\u00fcr Aufbruch- und Vorbereitungsarbeiten.\" \/>\n<meta property=\"og:url\" content=\"https:\/\/jekpo.com\/de\/p\/reisszahn-ripper-fuer-bagger\/\" \/>\n<meta property=\"og:site_name\" content=\"JEKPO\" \/>\n<meta property=\"article:publisher\" content=\"https:\/\/www.facebook.com\/profile.php?id=61564816725405\" \/>\n<meta property=\"article:modified_time\" content=\"2026-02-17T12:25:24+00:00\" \/>\n<meta property=\"og:image\" content=\"https:\/\/jekpo.com\/wp-content\/uploads\/2025\/12\/jekpo-rippa-mini-ekskavatoriaus-priedas-nagas.png\" \/>\n\t<meta property=\"og:image:width\" content=\"1000\" \/>\n\t<meta property=\"og:image:height\" content=\"1000\" \/>\n\t<meta property=\"og:image:type\" content=\"image\/png\" \/>\n<meta name=\"twitter:card\" content=\"summary_large_image\" \/>\n<meta name=\"twitter:label1\" content=\"Gesch\u00e4tzte Lesezeit\" \/>\n\t<meta name=\"twitter:data1\" content=\"1\u00a0Minute\" \/>\n<script type=\"application\/ld+json\" class=\"yoast-schema-graph\">{\"@context\":\"https:\/\/schema.org\",\"@graph\":[{\"@type\":\"WebPage\",\"@id\":\"https:\/\/jekpo.com\/de\/p\/reisszahn-ripper-fuer-bagger\/\",\"url\":\"https:\/\/jekpo.com\/de\/p\/reisszahn-ripper-fuer-bagger\/\",\"name\":\"Ripperzahn Rei\u00dfzahn f\u00fcr Minibagger | JEKPO.COM\",\"isPartOf\":{\"@id\":\"https:\/\/jekpo.com\/de\/#website\"},\"primaryImageOfPage\":{\"@id\":\"https:\/\/jekpo.com\/de\/p\/reisszahn-ripper-fuer-bagger\/#primaryimage\"},\"image\":{\"@id\":\"https:\/\/jekpo.com\/de\/p\/reisszahn-ripper-fuer-bagger\/#primaryimage\"},\"thumbnailUrl\":\"https:\/\/jekpo.com\/wp-content\/uploads\/2025\/12\/jekpo-rippa-mini-ekskavatoriaus-priedas-nagas.png\",\"datePublished\":\"2025-12-15T08:05:18+00:00\",\"dateModified\":\"2026-02-17T12:25:24+00:00\",\"description\":\"Rei\u00dfzahn f\u00fcr Minibagger zum Auflockern von hartem Boden, Wurzeln und Steinen. Abmessungen 530 \u00d7 140 \u00d7 200 mm. Pr\u00e4zises Anbauger\u00e4t f\u00fcr Aufbruch- und Vorbereitungsarbeiten.\",\"breadcrumb\":{\"@id\":\"https:\/\/jekpo.com\/de\/p\/reisszahn-ripper-fuer-bagger\/#breadcrumb\"},\"inLanguage\":\"de\",\"potentialAction\":[{\"@type\":\"ReadAction\",\"target\":[\"https:\/\/jekpo.com\/de\/p\/reisszahn-ripper-fuer-bagger\/\"]}]},{\"@type\":\"ImageObject\",\"inLanguage\":\"de\",\"@id\":\"https:\/\/jekpo.com\/de\/p\/reisszahn-ripper-fuer-bagger\/#primaryimage\",\"url\":\"https:\/\/jekpo.com\/wp-content\/uploads\/2025\/12\/jekpo-rippa-mini-ekskavatoriaus-priedas-nagas.png\",\"contentUrl\":\"https:\/\/jekpo.com\/wp-content\/uploads\/2025\/12\/jekpo-rippa-mini-ekskavatoriaus-priedas-nagas.png\",\"width\":1000,\"height\":1000,\"caption\":\"jekpo-rippa-mini-ekskavatoriaus-priedas-nagas\"},{\"@type\":\"BreadcrumbList\",\"@id\":\"https:\/\/jekpo.com\/de\/p\/reisszahn-ripper-fuer-bagger\/#breadcrumb\",\"itemListElement\":[{\"@type\":\"ListItem\",\"position\":1,\"name\":\"Home\",\"item\":\"https:\/\/jekpo.com\/de\/\"},{\"@type\":\"ListItem\",\"position\":2,\"name\":\"Technik\",\"item\":\"https:\/\/jekpo.com\/de\/technik\/\"},{\"@type\":\"ListItem\",\"position\":3,\"name\":\"Ripperzahn\"}]},{\"@type\":\"WebSite\",\"@id\":\"https:\/\/jekpo.com\/de\/#website\",\"url\":\"https:\/\/jekpo.com\/de\/\",\"name\":\"JEKPO\",\"description\":\"atsakingas j\u016bs\u0173 partneris \u017eem\u0117s \u016bkio, sodo ir smulkiosios technikos pasaulyje\",\"publisher\":{\"@id\":\"https:\/\/jekpo.com\/de\/#organization\"},\"potentialAction\":[{\"@type\":\"SearchAction\",\"target\":{\"@type\":\"EntryPoint\",\"urlTemplate\":\"https:\/\/jekpo.com\/de\/?s={search_term_string}\"},\"query-input\":{\"@type\":\"PropertyValueSpecification\",\"valueRequired\":true,\"valueName\":\"search_term_string\"}}],\"inLanguage\":\"de\"},{\"@type\":\"Organization\",\"@id\":\"https:\/\/jekpo.com\/de\/#organization\",\"name\":\"JEKPO\",\"url\":\"https:\/\/jekpo.com\/de\/\",\"logo\":{\"@type\":\"ImageObject\",\"inLanguage\":\"de\",\"@id\":\"https:\/\/jekpo.com\/de\/#\/schema\/logo\/image\/\",\"url\":\"https:\/\/jekpo.com\/wp-content\/uploads\/2025\/03\/JEKPO-logo-trans-e1749117872556-300x201-2.webp\",\"contentUrl\":\"https:\/\/jekpo.com\/wp-content\/uploads\/2025\/03\/JEKPO-logo-trans-e1749117872556-300x201-2.webp\",\"width\":300,\"height\":201,\"caption\":\"JEKPO\"},\"image\":{\"@id\":\"https:\/\/jekpo.com\/de\/#\/schema\/logo\/image\/\"},\"sameAs\":[\"https:\/\/www.facebook.com\/profile.php?id=61564816725405\",\"https:\/\/www.instagram.com\/jekpo_ltu\/?igsh=cWh1ZDhyamEzOWQz&utm_source=qr#\",\"https:\/\/www.tiktok.com\/@jekpo_ltu?is_from_webapp=1&sender_device=pc\"]}]}<\/script>\n<!-- \/ Yoast SEO plugin. -->","yoast_head_json":{"title":"Ripperzahn Rei\u00dfzahn f\u00fcr Minibagger | JEKPO.COM","description":"Rei\u00dfzahn f\u00fcr Minibagger zum Auflockern von hartem Boden, Wurzeln und Steinen. Abmessungen 530 \u00d7 140 \u00d7 200 mm. Pr\u00e4zises Anbauger\u00e4t f\u00fcr Aufbruch- und Vorbereitungsarbeiten.","robots":{"index":"index","follow":"follow","max-snippet":"max-snippet:-1","max-image-preview":"max-image-preview:large","max-video-preview":"max-video-preview:-1"},"canonical":"https:\/\/jekpo.com\/de\/p\/reisszahn-ripper-fuer-bagger\/","og_locale":"de_DE","og_type":"article","og_title":"Ripperzahn Rei\u00dfzahn f\u00fcr Minibagger | JEKPO.COM","og_description":"Rei\u00dfzahn f\u00fcr Minibagger zum Auflockern von hartem Boden, Wurzeln und Steinen. Abmessungen 530 \u00d7 140 \u00d7 200 mm. Pr\u00e4zises Anbauger\u00e4t f\u00fcr Aufbruch- und Vorbereitungsarbeiten.","og_url":"https:\/\/jekpo.com\/de\/p\/reisszahn-ripper-fuer-bagger\/","og_site_name":"JEKPO","article_publisher":"https:\/\/www.facebook.com\/profile.php?id=61564816725405","article_modified_time":"2026-02-17T12:25:24+00:00","og_image":[{"width":1000,"height":1000,"url":"https:\/\/jekpo.com\/wp-content\/uploads\/2025\/12\/jekpo-rippa-mini-ekskavatoriaus-priedas-nagas.png","type":"image\/png"}],"twitter_card":"summary_large_image","twitter_misc":{"Gesch\u00e4tzte Lesezeit":"1\u00a0Minute"},"schema":{"@context":"https:\/\/schema.org","@graph":[{"@type":"WebPage","@id":"https:\/\/jekpo.com\/de\/p\/reisszahn-ripper-fuer-bagger\/","url":"https:\/\/jekpo.com\/de\/p\/reisszahn-ripper-fuer-bagger\/","name":"Ripperzahn Rei\u00dfzahn f\u00fcr Minibagger | JEKPO.COM","isPartOf":{"@id":"https:\/\/jekpo.com\/de\/#website"},"primaryImageOfPage":{"@id":"https:\/\/jekpo.com\/de\/p\/reisszahn-ripper-fuer-bagger\/#primaryimage"},"image":{"@id":"https:\/\/jekpo.com\/de\/p\/reisszahn-ripper-fuer-bagger\/#primaryimage"},"thumbnailUrl":"https:\/\/jekpo.com\/wp-content\/uploads\/2025\/12\/jekpo-rippa-mini-ekskavatoriaus-priedas-nagas.png","datePublished":"2025-12-15T08:05:18+00:00","dateModified":"2026-02-17T12:25:24+00:00","description":"Rei\u00dfzahn f\u00fcr Minibagger zum Auflockern von hartem Boden, Wurzeln und Steinen. Abmessungen 530 \u00d7 140 \u00d7 200 mm. Pr\u00e4zises Anbauger\u00e4t f\u00fcr Aufbruch- und Vorbereitungsarbeiten.","breadcrumb":{"@id":"https:\/\/jekpo.com\/de\/p\/reisszahn-ripper-fuer-bagger\/#breadcrumb"},"inLanguage":"de","potentialAction":[{"@type":"ReadAction","target":["https:\/\/jekpo.com\/de\/p\/reisszahn-ripper-fuer-bagger\/"]}]},{"@type":"ImageObject","inLanguage":"de","@id":"https:\/\/jekpo.com\/de\/p\/reisszahn-ripper-fuer-bagger\/#primaryimage","url":"https:\/\/jekpo.com\/wp-content\/uploads\/2025\/12\/jekpo-rippa-mini-ekskavatoriaus-priedas-nagas.png","contentUrl":"https:\/\/jekpo.com\/wp-content\/uploads\/2025\/12\/jekpo-rippa-mini-ekskavatoriaus-priedas-nagas.png","width":1000,"height":1000,"caption":"jekpo-rippa-mini-ekskavatoriaus-priedas-nagas"},{"@type":"BreadcrumbList","@id":"https:\/\/jekpo.com\/de\/p\/reisszahn-ripper-fuer-bagger\/#breadcrumb","itemListElement":[{"@type":"ListItem","position":1,"name":"Home","item":"https:\/\/jekpo.com\/de\/"},{"@type":"ListItem","position":2,"name":"Technik","item":"https:\/\/jekpo.com\/de\/technik\/"},{"@type":"ListItem","position":3,"name":"Ripperzahn"}]},{"@type":"WebSite","@id":"https:\/\/jekpo.com\/de\/#website","url":"https:\/\/jekpo.com\/de\/","name":"JEKPO","description":"atsakingas j\u016bs\u0173 partneris \u017eem\u0117s \u016bkio, sodo ir smulkiosios technikos pasaulyje","publisher":{"@id":"https:\/\/jekpo.com\/de\/#organization"},"potentialAction":[{"@type":"SearchAction","target":{"@type":"EntryPoint","urlTemplate":"https:\/\/jekpo.com\/de\/?s={search_term_string}"},"query-input":{"@type":"PropertyValueSpecification","valueRequired":true,"valueName":"search_term_string"}}],"inLanguage":"de"},{"@type":"Organization","@id":"https:\/\/jekpo.com\/de\/#organization","name":"JEKPO","url":"https:\/\/jekpo.com\/de\/","logo":{"@type":"ImageObject","inLanguage":"de","@id":"https:\/\/jekpo.com\/de\/#\/schema\/logo\/image\/","url":"https:\/\/jekpo.com\/wp-content\/uploads\/2025\/03\/JEKPO-logo-trans-e1749117872556-300x201-2.webp","contentUrl":"https:\/\/jekpo.com\/wp-content\/uploads\/2025\/03\/JEKPO-logo-trans-e1749117872556-300x201-2.webp","width":300,"height":201,"caption":"JEKPO"},"image":{"@id":"https:\/\/jekpo.com\/de\/#\/schema\/logo\/image\/"},"sameAs":["https:\/\/www.facebook.com\/profile.php?id=61564816725405","https:\/\/www.instagram.com\/jekpo_ltu\/?igsh=cWh1ZDhyamEzOWQz&utm_source=qr#","https:\/\/www.tiktok.com\/@jekpo_ltu?is_from_webapp=1&sender_device=pc"]}]}},"_links":{"self":[{"href":"https:\/\/jekpo.com\/de\/wp-json\/wp\/v2\/product\/5437","targetHints":{"allow":["GET"]}}],"collection":[{"href":"https:\/\/jekpo.com\/de\/wp-json\/wp\/v2\/product"}],"about":[{"href":"https:\/\/jekpo.com\/de\/wp-json\/wp\/v2\/types\/product"}],"replies":[{"embeddable":true,"href":"https:\/\/jekpo.com\/de\/wp-json\/wp\/v2\/comments?post=5437"}],"wp:featuredmedia":[{"embeddable":true,"href":"https:\/\/jekpo.com\/de\/wp-json\/wp\/v2\/media\/5431"}],"wp:attachment":[{"href":"https:\/\/jekpo.com\/de\/wp-json\/wp\/v2\/media?parent=5437"}],"wp:term":[{"taxonomy":"product_brand","embeddable":true,"href":"https:\/\/jekpo.com\/de\/wp-json\/wp\/v2\/product_brand?post=5437"},{"taxonomy":"product_cat","embeddable":true,"href":"https:\/\/jekpo.com\/de\/wp-json\/wp\/v2\/product_cat?post=5437"},{"taxonomy":"product_tag","embeddable":true,"href":"https:\/\/jekpo.com\/de\/wp-json\/wp\/v2\/product_tag?post=5437"},{"taxonomy":"pritaikomumas","embeddable":true,"href":"https:\/\/jekpo.com\/de\/wp-json\/wp\/v2\/pritaikomumas?post=5437"},{"taxonomy":"variklio-tipas","embeddable":true,"href":"https:\/\/jekpo.com\/de\/wp-json\/wp\/v2\/variklio-tipas?post=5437"}],"curies":[{"name":"wp","href":"https:\/\/api.w.org\/{rel}","templated":true}]}}