{"id":2469,"date":"2025-10-28T16:36:28","date_gmt":"2025-10-28T13:36:28","guid":{"rendered":"https:\/\/jekpo.com\/?post_type=product&#038;p=2469"},"modified":"2026-01-23T10:41:13","modified_gmt":"2026-01-23T07:41:13","slug":"rippa-r10-minibagger-kompakt-praezise-mit","status":"publish","type":"product","link":"https:\/\/jekpo.com\/de\/p\/rippa-r10-minibagger-kompakt-praezise-mit\/","title":{"rendered":"RIPPA R10"},"content":{"rendered":"<p data-start=\"135\" data-end=\"433\">Der Minibagger R10 ist eine kompakte, aber kraftvolle Maschine, die f\u00fcr pr\u00e4zises und effizientes Arbeiten auf engem Raum entwickelt wurde. Dieses Modell ist die ideale Wahl f\u00fcr kleinere Bauunternehmer, Grundst\u00fccks- und Hofbesitzer, die eine zuverl\u00e4ssige und leicht man\u00f6vrierbare L\u00f6sung ben\u00f6tigen.<\/p>\n<p data-start=\"435\" data-end=\"850\">Der R10 verf\u00fcgt \u00fcber verdeckte Hydraulikmotoren, ausfahrbare Ketten, einen Schwenkarm und eine Joystick-Steuerung. So lassen sich Arbeiten schnell, pr\u00e4zise und ohne zus\u00e4tzliche Hilfe erledigen. Mit dem hydraulischen Schnellwechsler k\u00f6nnen Anbauger\u00e4te in Sekundenschnelle werkzeuglos gewechselt werden, w\u00e4hrend der hydraulische L\u00f6ffeldaumen zus\u00e4tzliche Flexibilit\u00e4t beim Greifen und Bewegen von Materialien bietet.<\/p>\n","protected":false},"excerpt":{"rendered":"<p>Der Minibagger R10 ist eine kompakte, aber kraftvolle Maschine, die f\u00fcr pr\u00e4zises und effizientes Arbeiten auf engem Raum entwickelt wurde. Dieses Modell ist die ideale Wahl f\u00fcr kleinere Bauunternehmer, Grundst\u00fccks- und Hofbesitzer, die eine zuverl\u00e4ssige und leicht man\u00f6vrierbare L\u00f6sung ben\u00f6tigen. Der R10 verf\u00fcgt \u00fcber verdeckte Hydraulikmotoren, ausfahrbare Ketten, einen Schwenkarm und eine Joystick-Steuerung. So lassen [&hellip;]<\/p>\n","protected":false},"featured_media":4248,"comment_status":"closed","ping_status":"closed","template":"","meta":[],"product_brand":[],"product_cat":[125,171],"product_tag":[],"pritaikomumas":[],"variklio-tipas":[91],"class_list":{"0":"post-2469","1":"product","2":"type-product","3":"status-publish","4":"has-post-thumbnail","6":"product_cat-bagger","7":"product_cat-neuheiten","8":"variklio-tipas-diesel","10":"first","11":"instock","12":"sale","13":"taxable","14":"shipping-taxable","15":"purchasable","16":"product-type-simple"},"yoast_head":"<!-- This site is optimized with the Yoast SEO plugin v27.4 - https:\/\/yoast.com\/product\/yoast-seo-wordpress\/ -->\n<title>RIPPA R10 Minibagger kaufen \u2013 Schwenkausleger | JEKPO.COM<\/title>\n<meta name=\"description\" content=\"Rippa R10 Minibagger: kompakt &amp; pr\u00e4zise mit Schwenkausleger und Schnellwechsler. CE-konform, &gt;30 Anbauger\u00e4te, schnelle Lieferung in Deutschland.\" \/>\n<meta name=\"robots\" content=\"index, follow, max-snippet:-1, max-image-preview:large, max-video-preview:-1\" \/>\n<link rel=\"canonical\" href=\"https:\/\/jekpo.com\/de\/p\/rippa-r10-minibagger-kompakt-praezise-mit\/\" \/>\n<meta property=\"og:locale\" content=\"de_DE\" \/>\n<meta property=\"og:type\" content=\"article\" \/>\n<meta property=\"og:title\" content=\"RIPPA R10 Minibagger kaufen \u2013 Schwenkausleger | JEKPO.COM\" \/>\n<meta property=\"og:description\" content=\"Rippa R10 Minibagger: kompakt &amp; pr\u00e4zise mit Schwenkausleger und Schnellwechsler. CE-konform, &gt;30 Anbauger\u00e4te, schnelle Lieferung in Deutschland.\" \/>\n<meta property=\"og:url\" content=\"https:\/\/jekpo.com\/de\/p\/rippa-r10-minibagger-kompakt-praezise-mit\/\" \/>\n<meta property=\"og:site_name\" content=\"JEKPO\" \/>\n<meta property=\"article:publisher\" content=\"https:\/\/www.facebook.com\/profile.php?id=61564816725405\" \/>\n<meta property=\"article:modified_time\" content=\"2026-01-23T07:41:13+00:00\" \/>\n<meta property=\"og:image\" content=\"https:\/\/jekpo.com\/wp-content\/uploads\/2025\/10\/DE-_-jekpo-rippa-r10-mini-ekskavatorius.png\" \/>\n\t<meta property=\"og:image:width\" content=\"1000\" \/>\n\t<meta property=\"og:image:height\" content=\"1000\" \/>\n\t<meta property=\"og:image:type\" content=\"image\/png\" \/>\n<meta name=\"twitter:card\" content=\"summary_large_image\" \/>\n<meta name=\"twitter:label1\" content=\"Gesch\u00e4tzte Lesezeit\" \/>\n\t<meta name=\"twitter:data1\" content=\"1\u00a0Minute\" \/>\n<script type=\"application\/ld+json\" class=\"yoast-schema-graph\">{\"@context\":\"https:\\\/\\\/schema.org\",\"@graph\":[{\"@type\":\"WebPage\",\"@id\":\"https:\\\/\\\/jekpo.com\\\/de\\\/p\\\/rippa-r10-minibagger-kompakt-praezise-mit\\\/\",\"url\":\"https:\\\/\\\/jekpo.com\\\/de\\\/p\\\/rippa-r10-minibagger-kompakt-praezise-mit\\\/\",\"name\":\"RIPPA R10 Minibagger kaufen \u2013 Schwenkausleger | JEKPO.COM\",\"isPartOf\":{\"@id\":\"https:\\\/\\\/jekpo.com\\\/de\\\/#website\"},\"primaryImageOfPage\":{\"@id\":\"https:\\\/\\\/jekpo.com\\\/de\\\/p\\\/rippa-r10-minibagger-kompakt-praezise-mit\\\/#primaryimage\"},\"image\":{\"@id\":\"https:\\\/\\\/jekpo.com\\\/de\\\/p\\\/rippa-r10-minibagger-kompakt-praezise-mit\\\/#primaryimage\"},\"thumbnailUrl\":\"https:\\\/\\\/jekpo.com\\\/wp-content\\\/uploads\\\/2025\\\/10\\\/DE-_-jekpo-rippa-r10-mini-ekskavatorius.png\",\"datePublished\":\"2025-10-28T13:36:28+00:00\",\"dateModified\":\"2026-01-23T07:41:13+00:00\",\"description\":\"Rippa R10 Minibagger: kompakt & pr\u00e4zise mit Schwenkausleger und Schnellwechsler. CE-konform, >30 Anbauger\u00e4te, schnelle Lieferung in Deutschland.\",\"breadcrumb\":{\"@id\":\"https:\\\/\\\/jekpo.com\\\/de\\\/p\\\/rippa-r10-minibagger-kompakt-praezise-mit\\\/#breadcrumb\"},\"inLanguage\":\"de\",\"potentialAction\":[{\"@type\":\"ReadAction\",\"target\":[\"https:\\\/\\\/jekpo.com\\\/de\\\/p\\\/rippa-r10-minibagger-kompakt-praezise-mit\\\/\"]}]},{\"@type\":\"ImageObject\",\"inLanguage\":\"de\",\"@id\":\"https:\\\/\\\/jekpo.com\\\/de\\\/p\\\/rippa-r10-minibagger-kompakt-praezise-mit\\\/#primaryimage\",\"url\":\"https:\\\/\\\/jekpo.com\\\/wp-content\\\/uploads\\\/2025\\\/10\\\/DE-_-jekpo-rippa-r10-mini-ekskavatorius.png\",\"contentUrl\":\"https:\\\/\\\/jekpo.com\\\/wp-content\\\/uploads\\\/2025\\\/10\\\/DE-_-jekpo-rippa-r10-mini-ekskavatorius.png\",\"width\":1000,\"height\":1000,\"caption\":\"RIPPA R10 Minibagger im Einsatz auf der Baustelle\"},{\"@type\":\"BreadcrumbList\",\"@id\":\"https:\\\/\\\/jekpo.com\\\/de\\\/p\\\/rippa-r10-minibagger-kompakt-praezise-mit\\\/#breadcrumb\",\"itemListElement\":[{\"@type\":\"ListItem\",\"position\":1,\"name\":\"Home\",\"item\":\"https:\\\/\\\/jekpo.com\\\/de\\\/\"},{\"@type\":\"ListItem\",\"position\":2,\"name\":\"Technik\",\"item\":\"https:\\\/\\\/jekpo.com\\\/de\\\/technik\\\/\"},{\"@type\":\"ListItem\",\"position\":3,\"name\":\"RIPPA R10\"}]},{\"@type\":\"WebSite\",\"@id\":\"https:\\\/\\\/jekpo.com\\\/de\\\/#website\",\"url\":\"https:\\\/\\\/jekpo.com\\\/de\\\/\",\"name\":\"JEKPO\",\"description\":\"atsakingas j\u016bs\u0173 partneris \u017eem\u0117s \u016bkio, sodo ir smulkiosios technikos pasaulyje\",\"publisher\":{\"@id\":\"https:\\\/\\\/jekpo.com\\\/de\\\/#organization\"},\"potentialAction\":[{\"@type\":\"SearchAction\",\"target\":{\"@type\":\"EntryPoint\",\"urlTemplate\":\"https:\\\/\\\/jekpo.com\\\/de\\\/?s={search_term_string}\"},\"query-input\":{\"@type\":\"PropertyValueSpecification\",\"valueRequired\":true,\"valueName\":\"search_term_string\"}}],\"inLanguage\":\"de\"},{\"@type\":\"Organization\",\"@id\":\"https:\\\/\\\/jekpo.com\\\/de\\\/#organization\",\"name\":\"JEKPO\",\"url\":\"https:\\\/\\\/jekpo.com\\\/de\\\/\",\"logo\":{\"@type\":\"ImageObject\",\"inLanguage\":\"de\",\"@id\":\"https:\\\/\\\/jekpo.com\\\/de\\\/#\\\/schema\\\/logo\\\/image\\\/\",\"url\":\"https:\\\/\\\/jekpo.com\\\/wp-content\\\/uploads\\\/2025\\\/03\\\/JEKPO-logo-trans-e1749117872556-300x201-2.webp\",\"contentUrl\":\"https:\\\/\\\/jekpo.com\\\/wp-content\\\/uploads\\\/2025\\\/03\\\/JEKPO-logo-trans-e1749117872556-300x201-2.webp\",\"width\":300,\"height\":201,\"caption\":\"JEKPO\"},\"image\":{\"@id\":\"https:\\\/\\\/jekpo.com\\\/de\\\/#\\\/schema\\\/logo\\\/image\\\/\"},\"sameAs\":[\"https:\\\/\\\/www.facebook.com\\\/profile.php?id=61564816725405\",\"https:\\\/\\\/www.instagram.com\\\/jekpo_ltu\\\/?igsh=cWh1ZDhyamEzOWQz&utm_source=qr#\",\"https:\\\/\\\/www.tiktok.com\\\/@jekpo_ltu?is_from_webapp=1&sender_device=pc\"]}]}<\/script>\n<!-- \/ Yoast SEO plugin. -->","yoast_head_json":{"title":"RIPPA R10 Minibagger kaufen \u2013 Schwenkausleger | JEKPO.COM","description":"Rippa R10 Minibagger: kompakt & pr\u00e4zise mit Schwenkausleger und Schnellwechsler. CE-konform, >30 Anbauger\u00e4te, schnelle Lieferung in Deutschland.","robots":{"index":"index","follow":"follow","max-snippet":"max-snippet:-1","max-image-preview":"max-image-preview:large","max-video-preview":"max-video-preview:-1"},"canonical":"https:\/\/jekpo.com\/de\/p\/rippa-r10-minibagger-kompakt-praezise-mit\/","og_locale":"de_DE","og_type":"article","og_title":"RIPPA R10 Minibagger kaufen \u2013 Schwenkausleger | JEKPO.COM","og_description":"Rippa R10 Minibagger: kompakt & pr\u00e4zise mit Schwenkausleger und Schnellwechsler. CE-konform, >30 Anbauger\u00e4te, schnelle Lieferung in Deutschland.","og_url":"https:\/\/jekpo.com\/de\/p\/rippa-r10-minibagger-kompakt-praezise-mit\/","og_site_name":"JEKPO","article_publisher":"https:\/\/www.facebook.com\/profile.php?id=61564816725405","article_modified_time":"2026-01-23T07:41:13+00:00","og_image":[{"width":1000,"height":1000,"url":"https:\/\/jekpo.com\/wp-content\/uploads\/2025\/10\/DE-_-jekpo-rippa-r10-mini-ekskavatorius.png","type":"image\/png"}],"twitter_card":"summary_large_image","twitter_misc":{"Gesch\u00e4tzte Lesezeit":"1\u00a0Minute"},"schema":{"@context":"https:\/\/schema.org","@graph":[{"@type":"WebPage","@id":"https:\/\/jekpo.com\/de\/p\/rippa-r10-minibagger-kompakt-praezise-mit\/","url":"https:\/\/jekpo.com\/de\/p\/rippa-r10-minibagger-kompakt-praezise-mit\/","name":"RIPPA R10 Minibagger kaufen \u2013 Schwenkausleger | JEKPO.COM","isPartOf":{"@id":"https:\/\/jekpo.com\/de\/#website"},"primaryImageOfPage":{"@id":"https:\/\/jekpo.com\/de\/p\/rippa-r10-minibagger-kompakt-praezise-mit\/#primaryimage"},"image":{"@id":"https:\/\/jekpo.com\/de\/p\/rippa-r10-minibagger-kompakt-praezise-mit\/#primaryimage"},"thumbnailUrl":"https:\/\/jekpo.com\/wp-content\/uploads\/2025\/10\/DE-_-jekpo-rippa-r10-mini-ekskavatorius.png","datePublished":"2025-10-28T13:36:28+00:00","dateModified":"2026-01-23T07:41:13+00:00","description":"Rippa R10 Minibagger: kompakt & pr\u00e4zise mit Schwenkausleger und Schnellwechsler. CE-konform, >30 Anbauger\u00e4te, schnelle Lieferung in Deutschland.","breadcrumb":{"@id":"https:\/\/jekpo.com\/de\/p\/rippa-r10-minibagger-kompakt-praezise-mit\/#breadcrumb"},"inLanguage":"de","potentialAction":[{"@type":"ReadAction","target":["https:\/\/jekpo.com\/de\/p\/rippa-r10-minibagger-kompakt-praezise-mit\/"]}]},{"@type":"ImageObject","inLanguage":"de","@id":"https:\/\/jekpo.com\/de\/p\/rippa-r10-minibagger-kompakt-praezise-mit\/#primaryimage","url":"https:\/\/jekpo.com\/wp-content\/uploads\/2025\/10\/DE-_-jekpo-rippa-r10-mini-ekskavatorius.png","contentUrl":"https:\/\/jekpo.com\/wp-content\/uploads\/2025\/10\/DE-_-jekpo-rippa-r10-mini-ekskavatorius.png","width":1000,"height":1000,"caption":"RIPPA R10 Minibagger im Einsatz auf der Baustelle"},{"@type":"BreadcrumbList","@id":"https:\/\/jekpo.com\/de\/p\/rippa-r10-minibagger-kompakt-praezise-mit\/#breadcrumb","itemListElement":[{"@type":"ListItem","position":1,"name":"Home","item":"https:\/\/jekpo.com\/de\/"},{"@type":"ListItem","position":2,"name":"Technik","item":"https:\/\/jekpo.com\/de\/technik\/"},{"@type":"ListItem","position":3,"name":"RIPPA R10"}]},{"@type":"WebSite","@id":"https:\/\/jekpo.com\/de\/#website","url":"https:\/\/jekpo.com\/de\/","name":"JEKPO","description":"atsakingas j\u016bs\u0173 partneris \u017eem\u0117s \u016bkio, sodo ir smulkiosios technikos pasaulyje","publisher":{"@id":"https:\/\/jekpo.com\/de\/#organization"},"potentialAction":[{"@type":"SearchAction","target":{"@type":"EntryPoint","urlTemplate":"https:\/\/jekpo.com\/de\/?s={search_term_string}"},"query-input":{"@type":"PropertyValueSpecification","valueRequired":true,"valueName":"search_term_string"}}],"inLanguage":"de"},{"@type":"Organization","@id":"https:\/\/jekpo.com\/de\/#organization","name":"JEKPO","url":"https:\/\/jekpo.com\/de\/","logo":{"@type":"ImageObject","inLanguage":"de","@id":"https:\/\/jekpo.com\/de\/#\/schema\/logo\/image\/","url":"https:\/\/jekpo.com\/wp-content\/uploads\/2025\/03\/JEKPO-logo-trans-e1749117872556-300x201-2.webp","contentUrl":"https:\/\/jekpo.com\/wp-content\/uploads\/2025\/03\/JEKPO-logo-trans-e1749117872556-300x201-2.webp","width":300,"height":201,"caption":"JEKPO"},"image":{"@id":"https:\/\/jekpo.com\/de\/#\/schema\/logo\/image\/"},"sameAs":["https:\/\/www.facebook.com\/profile.php?id=61564816725405","https:\/\/www.instagram.com\/jekpo_ltu\/?igsh=cWh1ZDhyamEzOWQz&utm_source=qr#","https:\/\/www.tiktok.com\/@jekpo_ltu?is_from_webapp=1&sender_device=pc"]}]}},"_links":{"self":[{"href":"https:\/\/jekpo.com\/de\/wp-json\/wp\/v2\/product\/2469","targetHints":{"allow":["GET"]}}],"collection":[{"href":"https:\/\/jekpo.com\/de\/wp-json\/wp\/v2\/product"}],"about":[{"href":"https:\/\/jekpo.com\/de\/wp-json\/wp\/v2\/types\/product"}],"replies":[{"embeddable":true,"href":"https:\/\/jekpo.com\/de\/wp-json\/wp\/v2\/comments?post=2469"}],"wp:featuredmedia":[{"embeddable":true,"href":"https:\/\/jekpo.com\/de\/wp-json\/wp\/v2\/media\/4248"}],"wp:attachment":[{"href":"https:\/\/jekpo.com\/de\/wp-json\/wp\/v2\/media?parent=2469"}],"wp:term":[{"taxonomy":"product_brand","embeddable":true,"href":"https:\/\/jekpo.com\/de\/wp-json\/wp\/v2\/product_brand?post=2469"},{"taxonomy":"product_cat","embeddable":true,"href":"https:\/\/jekpo.com\/de\/wp-json\/wp\/v2\/product_cat?post=2469"},{"taxonomy":"product_tag","embeddable":true,"href":"https:\/\/jekpo.com\/de\/wp-json\/wp\/v2\/product_tag?post=2469"},{"taxonomy":"pritaikomumas","embeddable":true,"href":"https:\/\/jekpo.com\/de\/wp-json\/wp\/v2\/pritaikomumas?post=2469"},{"taxonomy":"variklio-tipas","embeddable":true,"href":"https:\/\/jekpo.com\/de\/wp-json\/wp\/v2\/variklio-tipas?post=2469"}],"curies":[{"name":"wp","href":"https:\/\/api.w.org\/{rel}","templated":true}]}}