{"id":2434,"date":"2025-06-11T19:31:38","date_gmt":"2025-06-11T16:31:38","guid":{"rendered":"https:\/\/jekpo.com\/?post_type=product&#038;p=2434"},"modified":"2025-10-06T14:07:12","modified_gmt":"2025-10-06T11:07:12","slug":"kr150z-rad-minilader","status":"publish","type":"product","link":"https:\/\/jekpo.com\/de\/p\/kr150z-rad-minilader\/","title":{"rendered":"KR150Z Rad-Minilader"},"content":{"rendered":"<p data-start=\"122\" data-end=\"199\"><strong data-start=\"122\" data-end=\"197\">KR150Z \u2013 Leistungsstarker und vielseitiger Minilader mit Pilotsteuerung<\/strong><\/p>\n<p data-start=\"201\" data-end=\"259\">Stark und schnell \u2013 die L\u00f6sung f\u00fcr vielf\u00e4ltige Aufgaben.<\/p>\n<p data-start=\"261\" data-end=\"532\">Der KR150Z ist ein multifunktionaler Minilader mit einem Einsatzgewicht von 1200 kg, der durch hervorragende Wendigkeit \u00fcberzeugt. Er eignet sich sowohl f\u00fcr schwere Materialien als auch f\u00fcr Arbeiten auf engem Raum. Die maximale Reichh\u00f6he betr\u00e4gt beeindruckende 2750 mm!<\/p>\n<p data-start=\"534\" data-end=\"554\"><strong data-start=\"534\" data-end=\"552\">Hauptvorteile:<\/strong><\/p>\n<ul>\n<li data-start=\"557\" data-end=\"608\">0,15 m\u00b3 Schaufelvolumen und 500 kg Tragf\u00e4higkeit.<\/li>\n<li data-start=\"611\" data-end=\"683\">Allradantrieb (4WD) \u2013 beste Gel\u00e4ndeg\u00e4ngigkeit unter allen Bedingungen.<\/li>\n<li data-start=\"686\" data-end=\"755\">Hydraulische Pilotsteuerung f\u00fcr pr\u00e4zises und komfortables Arbeiten.<\/li>\n<li data-start=\"758\" data-end=\"849\">Fahrgeschwindigkeit bis zu 10 km\/h \u2013 weniger Zeit f\u00fcr den Transport, mehr f\u00fcr die Arbeit.<\/li>\n<li data-start=\"852\" data-end=\"920\">Mit 4 St\u00fctzf\u00fc\u00dfen und Dach \u2013 zus\u00e4tzliche Stabilit\u00e4t und Sicherheit.<\/li>\n<\/ul>\n<p data-start=\"922\" data-end=\"1037\"><strong data-start=\"922\" data-end=\"942\">Einsatzbereiche:<\/strong><br data-start=\"942\" data-end=\"945\" \/>Ideal f\u00fcr professionelle Bauunternehmer, Landwirte sowie f\u00fcr Bau- und Landschaftsarbeiten.<\/p>\n","protected":false},"excerpt":{"rendered":"<p>KR150Z \u2013 Leistungsstarker und vielseitiger Minilader mit Pilotsteuerung Stark und schnell \u2013 die L\u00f6sung f\u00fcr vielf\u00e4ltige Aufgaben. Der KR150Z ist ein multifunktionaler Minilader mit einem Einsatzgewicht von 1200 kg, der durch hervorragende Wendigkeit \u00fcberzeugt. Er eignet sich sowohl f\u00fcr schwere Materialien als auch f\u00fcr Arbeiten auf engem Raum. Die maximale Reichh\u00f6he betr\u00e4gt beeindruckende 2750 mm! [&hellip;]<\/p>\n","protected":false},"featured_media":2904,"comment_status":"closed","ping_status":"closed","template":"","meta":[],"product_brand":[],"product_cat":[77],"product_tag":[],"pritaikomumas":[],"variklio-tipas":[89,91],"class_list":{"0":"post-2434","1":"product","2":"type-product","3":"status-publish","4":"has-post-thumbnail","6":"product_cat-minilader","7":"variklio-tipas-benzin","8":"variklio-tipas-diesel","10":"first","11":"instock","12":"sale","13":"taxable","14":"shipping-taxable","15":"purchasable","16":"product-type-simple"},"yoast_head":"<!-- This site is optimized with the Yoast SEO plugin v27.4 - https:\/\/yoast.com\/product\/yoast-seo-wordpress\/ -->\n<title>KR150Z Rad-Minilader kaufen \u2013 Kraft &amp; Komfort | JEKPO.COM<\/title>\n<meta name=\"description\" content=\"KR150Z Radlader: kraftvoll &amp; wendig f\u00fcr Bau &amp; Landwirtschaft. Schnellwechsler, &gt;30 Anbauger\u00e4te, CE. Ergonomischer Sitz, schnelle Lieferung in Deutschland.\" \/>\n<meta name=\"robots\" content=\"index, follow, max-snippet:-1, max-image-preview:large, max-video-preview:-1\" \/>\n<link rel=\"canonical\" href=\"https:\/\/jekpo.com\/de\/p\/kr150z-rad-minilader\/\" \/>\n<meta property=\"og:locale\" content=\"de_DE\" \/>\n<meta property=\"og:type\" content=\"article\" \/>\n<meta property=\"og:title\" content=\"KR150Z Rad-Minilader kaufen \u2013 Kraft &amp; Komfort | JEKPO.COM\" \/>\n<meta property=\"og:description\" content=\"KR150Z Radlader: kraftvoll &amp; wendig f\u00fcr Bau &amp; Landwirtschaft. Schnellwechsler, &gt;30 Anbauger\u00e4te, CE. Ergonomischer Sitz, schnelle Lieferung in Deutschland.\" \/>\n<meta property=\"og:url\" content=\"https:\/\/jekpo.com\/de\/p\/kr150z-rad-minilader\/\" \/>\n<meta property=\"og:site_name\" content=\"JEKPO\" \/>\n<meta property=\"article:publisher\" content=\"https:\/\/www.facebook.com\/profile.php?id=61564816725405\" \/>\n<meta property=\"article:modified_time\" content=\"2025-10-06T11:07:12+00:00\" \/>\n<meta property=\"og:image\" content=\"https:\/\/jekpo.com\/wp-content\/uploads\/2025\/06\/jekpo-mini-krautuvas-kr150z-ratinis-sedimas.png\" \/>\n\t<meta property=\"og:image:width\" content=\"1000\" \/>\n\t<meta property=\"og:image:height\" content=\"1000\" \/>\n\t<meta property=\"og:image:type\" content=\"image\/png\" \/>\n<meta name=\"twitter:card\" content=\"summary_large_image\" \/>\n<meta name=\"twitter:label1\" content=\"Gesch\u00e4tzte Lesezeit\" \/>\n\t<meta name=\"twitter:data1\" content=\"2\u00a0Minuten\" \/>\n<script type=\"application\/ld+json\" class=\"yoast-schema-graph\">{\"@context\":\"https:\\\/\\\/schema.org\",\"@graph\":[{\"@type\":\"WebPage\",\"@id\":\"https:\\\/\\\/jekpo.com\\\/de\\\/p\\\/kr150z-rad-minilader\\\/\",\"url\":\"https:\\\/\\\/jekpo.com\\\/de\\\/p\\\/kr150z-rad-minilader\\\/\",\"name\":\"KR150Z Rad-Minilader kaufen \u2013 Kraft & Komfort | JEKPO.COM\",\"isPartOf\":{\"@id\":\"https:\\\/\\\/jekpo.com\\\/de\\\/#website\"},\"primaryImageOfPage\":{\"@id\":\"https:\\\/\\\/jekpo.com\\\/de\\\/p\\\/kr150z-rad-minilader\\\/#primaryimage\"},\"image\":{\"@id\":\"https:\\\/\\\/jekpo.com\\\/de\\\/p\\\/kr150z-rad-minilader\\\/#primaryimage\"},\"thumbnailUrl\":\"https:\\\/\\\/jekpo.com\\\/wp-content\\\/uploads\\\/2025\\\/06\\\/jekpo-mini-krautuvas-kr150z-ratinis-sedimas-e1769680419331.png\",\"datePublished\":\"2025-06-11T16:31:38+00:00\",\"dateModified\":\"2025-10-06T11:07:12+00:00\",\"description\":\"KR150Z Radlader: kraftvoll & wendig f\u00fcr Bau & Landwirtschaft. Schnellwechsler, >30 Anbauger\u00e4te, CE. Ergonomischer Sitz, schnelle Lieferung in Deutschland.\",\"breadcrumb\":{\"@id\":\"https:\\\/\\\/jekpo.com\\\/de\\\/p\\\/kr150z-rad-minilader\\\/#breadcrumb\"},\"inLanguage\":\"de\",\"potentialAction\":[{\"@type\":\"ReadAction\",\"target\":[\"https:\\\/\\\/jekpo.com\\\/de\\\/p\\\/kr150z-rad-minilader\\\/\"]}]},{\"@type\":\"ImageObject\",\"inLanguage\":\"de\",\"@id\":\"https:\\\/\\\/jekpo.com\\\/de\\\/p\\\/kr150z-rad-minilader\\\/#primaryimage\",\"url\":\"https:\\\/\\\/jekpo.com\\\/wp-content\\\/uploads\\\/2025\\\/06\\\/jekpo-mini-krautuvas-kr150z-ratinis-sedimas-e1769680419331.png\",\"contentUrl\":\"https:\\\/\\\/jekpo.com\\\/wp-content\\\/uploads\\\/2025\\\/06\\\/jekpo-mini-krautuvas-kr150z-ratinis-sedimas-e1769680419331.png\",\"width\":1000,\"height\":1000,\"caption\":\"jekpo-mini-krautuvas-kr150z-ratinis-sedimas\"},{\"@type\":\"BreadcrumbList\",\"@id\":\"https:\\\/\\\/jekpo.com\\\/de\\\/p\\\/kr150z-rad-minilader\\\/#breadcrumb\",\"itemListElement\":[{\"@type\":\"ListItem\",\"position\":1,\"name\":\"Home\",\"item\":\"https:\\\/\\\/jekpo.com\\\/de\\\/\"},{\"@type\":\"ListItem\",\"position\":2,\"name\":\"Technik\",\"item\":\"https:\\\/\\\/jekpo.com\\\/de\\\/technik\\\/\"},{\"@type\":\"ListItem\",\"position\":3,\"name\":\"KR150Z Rad-Minilader\"}]},{\"@type\":\"WebSite\",\"@id\":\"https:\\\/\\\/jekpo.com\\\/de\\\/#website\",\"url\":\"https:\\\/\\\/jekpo.com\\\/de\\\/\",\"name\":\"JEKPO\",\"description\":\"atsakingas j\u016bs\u0173 partneris \u017eem\u0117s \u016bkio, sodo ir smulkiosios technikos pasaulyje\",\"publisher\":{\"@id\":\"https:\\\/\\\/jekpo.com\\\/de\\\/#organization\"},\"potentialAction\":[{\"@type\":\"SearchAction\",\"target\":{\"@type\":\"EntryPoint\",\"urlTemplate\":\"https:\\\/\\\/jekpo.com\\\/de\\\/?s={search_term_string}\"},\"query-input\":{\"@type\":\"PropertyValueSpecification\",\"valueRequired\":true,\"valueName\":\"search_term_string\"}}],\"inLanguage\":\"de\"},{\"@type\":\"Organization\",\"@id\":\"https:\\\/\\\/jekpo.com\\\/de\\\/#organization\",\"name\":\"JEKPO\",\"url\":\"https:\\\/\\\/jekpo.com\\\/de\\\/\",\"logo\":{\"@type\":\"ImageObject\",\"inLanguage\":\"de\",\"@id\":\"https:\\\/\\\/jekpo.com\\\/de\\\/#\\\/schema\\\/logo\\\/image\\\/\",\"url\":\"https:\\\/\\\/jekpo.com\\\/wp-content\\\/uploads\\\/2025\\\/03\\\/JEKPO-logo-trans-e1749117872556-300x201-2.webp\",\"contentUrl\":\"https:\\\/\\\/jekpo.com\\\/wp-content\\\/uploads\\\/2025\\\/03\\\/JEKPO-logo-trans-e1749117872556-300x201-2.webp\",\"width\":300,\"height\":201,\"caption\":\"JEKPO\"},\"image\":{\"@id\":\"https:\\\/\\\/jekpo.com\\\/de\\\/#\\\/schema\\\/logo\\\/image\\\/\"},\"sameAs\":[\"https:\\\/\\\/www.facebook.com\\\/profile.php?id=61564816725405\",\"https:\\\/\\\/www.instagram.com\\\/jekpo_ltu\\\/?igsh=cWh1ZDhyamEzOWQz&utm_source=qr#\",\"https:\\\/\\\/www.tiktok.com\\\/@jekpo_ltu?is_from_webapp=1&sender_device=pc\"]}]}<\/script>\n<!-- \/ Yoast SEO plugin. -->","yoast_head_json":{"title":"KR150Z Rad-Minilader kaufen \u2013 Kraft & Komfort | JEKPO.COM","description":"KR150Z Radlader: kraftvoll & wendig f\u00fcr Bau & Landwirtschaft. Schnellwechsler, >30 Anbauger\u00e4te, CE. Ergonomischer Sitz, schnelle Lieferung in Deutschland.","robots":{"index":"index","follow":"follow","max-snippet":"max-snippet:-1","max-image-preview":"max-image-preview:large","max-video-preview":"max-video-preview:-1"},"canonical":"https:\/\/jekpo.com\/de\/p\/kr150z-rad-minilader\/","og_locale":"de_DE","og_type":"article","og_title":"KR150Z Rad-Minilader kaufen \u2013 Kraft & Komfort | JEKPO.COM","og_description":"KR150Z Radlader: kraftvoll & wendig f\u00fcr Bau & Landwirtschaft. Schnellwechsler, >30 Anbauger\u00e4te, CE. Ergonomischer Sitz, schnelle Lieferung in Deutschland.","og_url":"https:\/\/jekpo.com\/de\/p\/kr150z-rad-minilader\/","og_site_name":"JEKPO","article_publisher":"https:\/\/www.facebook.com\/profile.php?id=61564816725405","article_modified_time":"2025-10-06T11:07:12+00:00","og_image":[{"width":1000,"height":1000,"url":"https:\/\/jekpo.com\/wp-content\/uploads\/2025\/06\/jekpo-mini-krautuvas-kr150z-ratinis-sedimas.png","type":"image\/png"}],"twitter_card":"summary_large_image","twitter_misc":{"Gesch\u00e4tzte Lesezeit":"2\u00a0Minuten"},"schema":{"@context":"https:\/\/schema.org","@graph":[{"@type":"WebPage","@id":"https:\/\/jekpo.com\/de\/p\/kr150z-rad-minilader\/","url":"https:\/\/jekpo.com\/de\/p\/kr150z-rad-minilader\/","name":"KR150Z Rad-Minilader kaufen \u2013 Kraft & Komfort | JEKPO.COM","isPartOf":{"@id":"https:\/\/jekpo.com\/de\/#website"},"primaryImageOfPage":{"@id":"https:\/\/jekpo.com\/de\/p\/kr150z-rad-minilader\/#primaryimage"},"image":{"@id":"https:\/\/jekpo.com\/de\/p\/kr150z-rad-minilader\/#primaryimage"},"thumbnailUrl":"https:\/\/jekpo.com\/wp-content\/uploads\/2025\/06\/jekpo-mini-krautuvas-kr150z-ratinis-sedimas-e1769680419331.png","datePublished":"2025-06-11T16:31:38+00:00","dateModified":"2025-10-06T11:07:12+00:00","description":"KR150Z Radlader: kraftvoll & wendig f\u00fcr Bau & Landwirtschaft. Schnellwechsler, >30 Anbauger\u00e4te, CE. Ergonomischer Sitz, schnelle Lieferung in Deutschland.","breadcrumb":{"@id":"https:\/\/jekpo.com\/de\/p\/kr150z-rad-minilader\/#breadcrumb"},"inLanguage":"de","potentialAction":[{"@type":"ReadAction","target":["https:\/\/jekpo.com\/de\/p\/kr150z-rad-minilader\/"]}]},{"@type":"ImageObject","inLanguage":"de","@id":"https:\/\/jekpo.com\/de\/p\/kr150z-rad-minilader\/#primaryimage","url":"https:\/\/jekpo.com\/wp-content\/uploads\/2025\/06\/jekpo-mini-krautuvas-kr150z-ratinis-sedimas-e1769680419331.png","contentUrl":"https:\/\/jekpo.com\/wp-content\/uploads\/2025\/06\/jekpo-mini-krautuvas-kr150z-ratinis-sedimas-e1769680419331.png","width":1000,"height":1000,"caption":"jekpo-mini-krautuvas-kr150z-ratinis-sedimas"},{"@type":"BreadcrumbList","@id":"https:\/\/jekpo.com\/de\/p\/kr150z-rad-minilader\/#breadcrumb","itemListElement":[{"@type":"ListItem","position":1,"name":"Home","item":"https:\/\/jekpo.com\/de\/"},{"@type":"ListItem","position":2,"name":"Technik","item":"https:\/\/jekpo.com\/de\/technik\/"},{"@type":"ListItem","position":3,"name":"KR150Z Rad-Minilader"}]},{"@type":"WebSite","@id":"https:\/\/jekpo.com\/de\/#website","url":"https:\/\/jekpo.com\/de\/","name":"JEKPO","description":"atsakingas j\u016bs\u0173 partneris \u017eem\u0117s \u016bkio, sodo ir smulkiosios technikos pasaulyje","publisher":{"@id":"https:\/\/jekpo.com\/de\/#organization"},"potentialAction":[{"@type":"SearchAction","target":{"@type":"EntryPoint","urlTemplate":"https:\/\/jekpo.com\/de\/?s={search_term_string}"},"query-input":{"@type":"PropertyValueSpecification","valueRequired":true,"valueName":"search_term_string"}}],"inLanguage":"de"},{"@type":"Organization","@id":"https:\/\/jekpo.com\/de\/#organization","name":"JEKPO","url":"https:\/\/jekpo.com\/de\/","logo":{"@type":"ImageObject","inLanguage":"de","@id":"https:\/\/jekpo.com\/de\/#\/schema\/logo\/image\/","url":"https:\/\/jekpo.com\/wp-content\/uploads\/2025\/03\/JEKPO-logo-trans-e1749117872556-300x201-2.webp","contentUrl":"https:\/\/jekpo.com\/wp-content\/uploads\/2025\/03\/JEKPO-logo-trans-e1749117872556-300x201-2.webp","width":300,"height":201,"caption":"JEKPO"},"image":{"@id":"https:\/\/jekpo.com\/de\/#\/schema\/logo\/image\/"},"sameAs":["https:\/\/www.facebook.com\/profile.php?id=61564816725405","https:\/\/www.instagram.com\/jekpo_ltu\/?igsh=cWh1ZDhyamEzOWQz&utm_source=qr#","https:\/\/www.tiktok.com\/@jekpo_ltu?is_from_webapp=1&sender_device=pc"]}]}},"_links":{"self":[{"href":"https:\/\/jekpo.com\/de\/wp-json\/wp\/v2\/product\/2434","targetHints":{"allow":["GET"]}}],"collection":[{"href":"https:\/\/jekpo.com\/de\/wp-json\/wp\/v2\/product"}],"about":[{"href":"https:\/\/jekpo.com\/de\/wp-json\/wp\/v2\/types\/product"}],"replies":[{"embeddable":true,"href":"https:\/\/jekpo.com\/de\/wp-json\/wp\/v2\/comments?post=2434"}],"wp:featuredmedia":[{"embeddable":true,"href":"https:\/\/jekpo.com\/de\/wp-json\/wp\/v2\/media\/2904"}],"wp:attachment":[{"href":"https:\/\/jekpo.com\/de\/wp-json\/wp\/v2\/media?parent=2434"}],"wp:term":[{"taxonomy":"product_brand","embeddable":true,"href":"https:\/\/jekpo.com\/de\/wp-json\/wp\/v2\/product_brand?post=2434"},{"taxonomy":"product_cat","embeddable":true,"href":"https:\/\/jekpo.com\/de\/wp-json\/wp\/v2\/product_cat?post=2434"},{"taxonomy":"product_tag","embeddable":true,"href":"https:\/\/jekpo.com\/de\/wp-json\/wp\/v2\/product_tag?post=2434"},{"taxonomy":"pritaikomumas","embeddable":true,"href":"https:\/\/jekpo.com\/de\/wp-json\/wp\/v2\/pritaikomumas?post=2434"},{"taxonomy":"variklio-tipas","embeddable":true,"href":"https:\/\/jekpo.com\/de\/wp-json\/wp\/v2\/variklio-tipas?post=2434"}],"curies":[{"name":"wp","href":"https:\/\/api.w.org\/{rel}","templated":true}]}}