{"id":2433,"date":"2025-06-11T19:25:50","date_gmt":"2025-06-11T16:25:50","guid":{"rendered":"https:\/\/jekpo.com\/?post_type=product&#038;p=2433"},"modified":"2025-10-06T12:59:36","modified_gmt":"2025-10-06T09:59:36","slug":"kr75-raupen-minilader","status":"publish","type":"product","link":"https:\/\/jekpo.com\/de\/p\/kr75-raupen-minilader\/","title":{"rendered":"KR75 Raupen-Minilader"},"content":{"rendered":"<p data-start=\"119\" data-end=\"176\"><strong data-start=\"119\" data-end=\"174\">KR75 \u2013 Kompakt, aber au\u00dfergew\u00f6hnlich leistungsstark<\/strong><\/p>\n<p data-start=\"178\" data-end=\"241\">Kraft und Vielseitigkeit vereint in einer kompakten Maschine.<\/p>\n<p data-start=\"243\" data-end=\"459\">Der KR75 wiegt nur 1330 kg, \u00fcberzeugt jedoch mit einer hohen Hubkraft von 960 kg und einem Schaufelvolumen von 0,15 m\u00b3. Damit meistert er sowohl schwere Bauarbeiten als auch landwirtschaftliche Aufgaben problemlos.<\/p>\n<p data-start=\"461\" data-end=\"514\"><strong data-start=\"461\" data-end=\"512\">Warum hebt sich der KR75 von der Konkurrenz ab?<\/strong><\/p>\n<ul>\n<li data-start=\"517\" data-end=\"621\">Dreifache Hydraulikpumpe mit einer Leistung von 62,4 l\/min \u2013 f\u00fcr reibungsloses und schnelles Arbeiten.<\/li>\n<li data-start=\"624\" data-end=\"711\">Kompakte Abmessungen (nur 1000 mm Breite) erm\u00f6glichen den Einsatz in engen Bereichen.<\/li>\n<li data-start=\"714\" data-end=\"792\">1070 mm Schaufelbreite \u2013 perfekt ausbalanciert f\u00fcr Stabilit\u00e4t und Effizienz.<\/li>\n<li data-start=\"795\" data-end=\"874\">Robuste Konstruktion und zuverl\u00e4ssige Komponenten f\u00fcr eine lange Lebensdauer.<\/li>\n<\/ul>\n<p data-start=\"876\" data-end=\"1034\"><strong data-start=\"876\" data-end=\"896\">Einsatzbereiche:<\/strong><br data-start=\"896\" data-end=\"899\" \/>Ideal f\u00fcr Lagerhallen, Baustellen und landwirtschaftliche Betriebe \u2013 \u00fcberall dort, wo Wendigkeit und Kraft gleichzeitig gefragt sind.<\/p>\n","protected":false},"excerpt":{"rendered":"<p>KR75 \u2013 Kompakt, aber au\u00dfergew\u00f6hnlich leistungsstark Kraft und Vielseitigkeit vereint in einer kompakten Maschine. Der KR75 wiegt nur 1330 kg, \u00fcberzeugt jedoch mit einer hohen Hubkraft von 960 kg und einem Schaufelvolumen von 0,15 m\u00b3. Damit meistert er sowohl schwere Bauarbeiten als auch landwirtschaftliche Aufgaben problemlos. Warum hebt sich der KR75 von der Konkurrenz ab? [&hellip;]<\/p>\n","protected":false},"featured_media":2818,"comment_status":"closed","ping_status":"closed","template":"","meta":[],"product_brand":[],"product_cat":[77],"product_tag":[],"pritaikomumas":[223],"variklio-tipas":[89,91],"class_list":{"0":"post-2433","1":"product","2":"type-product","3":"status-publish","4":"has-post-thumbnail","6":"product_cat-minilader","7":"pritaikomumas-liftrex","8":"variklio-tipas-benzin","9":"variklio-tipas-diesel","11":"first","12":"instock","13":"sale","14":"taxable","15":"shipping-taxable","16":"purchasable","17":"product-type-simple"},"yoast_head":"<!-- This site is optimized with the Yoast SEO plugin v27.4 - https:\/\/yoast.com\/product\/yoast-seo-wordpress\/ -->\n<title>KR75 Raupen-Minilader \u2013 Kraft &amp; Wendigkeit | JEKPO.COM<\/title>\n<meta name=\"description\" content=\"KR75 Radlader: Kraft &amp; Wendigkeit in einem. Kompakt f\u00fcr enge Bereiche, mit Schnellwechsler &amp; &gt;30 Anbauger\u00e4ten. CE-konform, schnelle Lieferung.\" \/>\n<meta name=\"robots\" content=\"index, follow, max-snippet:-1, max-image-preview:large, max-video-preview:-1\" \/>\n<link rel=\"canonical\" href=\"https:\/\/jekpo.com\/de\/p\/kr75-raupen-minilader\/\" \/>\n<meta property=\"og:locale\" content=\"de_DE\" \/>\n<meta property=\"og:type\" content=\"article\" \/>\n<meta property=\"og:title\" content=\"KR75 Raupen-Minilader \u2013 Kraft &amp; Wendigkeit | JEKPO.COM\" \/>\n<meta property=\"og:description\" content=\"KR75 Radlader: Kraft &amp; Wendigkeit in einem. Kompakt f\u00fcr enge Bereiche, mit Schnellwechsler &amp; &gt;30 Anbauger\u00e4ten. CE-konform, schnelle Lieferung.\" \/>\n<meta property=\"og:url\" content=\"https:\/\/jekpo.com\/de\/p\/kr75-raupen-minilader\/\" \/>\n<meta property=\"og:site_name\" content=\"JEKPO\" \/>\n<meta property=\"article:publisher\" content=\"https:\/\/www.facebook.com\/profile.php?id=61564816725405\" \/>\n<meta property=\"article:modified_time\" content=\"2025-10-06T09:59:36+00:00\" \/>\n<meta property=\"og:image\" content=\"https:\/\/jekpo.com\/wp-content\/uploads\/2025\/06\/jekpo-mini-krautuvas-kr75-viksrinis-geltonas-su-kausu.png\" \/>\n\t<meta property=\"og:image:width\" content=\"1000\" \/>\n\t<meta property=\"og:image:height\" content=\"1000\" \/>\n\t<meta property=\"og:image:type\" content=\"image\/png\" \/>\n<meta name=\"twitter:card\" content=\"summary_large_image\" \/>\n<meta name=\"twitter:label1\" content=\"Gesch\u00e4tzte Lesezeit\" \/>\n\t<meta name=\"twitter:data1\" content=\"2\u00a0Minuten\" \/>\n<script type=\"application\/ld+json\" class=\"yoast-schema-graph\">{\"@context\":\"https:\\\/\\\/schema.org\",\"@graph\":[{\"@type\":\"WebPage\",\"@id\":\"https:\\\/\\\/jekpo.com\\\/de\\\/p\\\/kr75-raupen-minilader\\\/\",\"url\":\"https:\\\/\\\/jekpo.com\\\/de\\\/p\\\/kr75-raupen-minilader\\\/\",\"name\":\"KR75 Raupen-Minilader \u2013 Kraft & Wendigkeit | JEKPO.COM\",\"isPartOf\":{\"@id\":\"https:\\\/\\\/jekpo.com\\\/de\\\/#website\"},\"primaryImageOfPage\":{\"@id\":\"https:\\\/\\\/jekpo.com\\\/de\\\/p\\\/kr75-raupen-minilader\\\/#primaryimage\"},\"image\":{\"@id\":\"https:\\\/\\\/jekpo.com\\\/de\\\/p\\\/kr75-raupen-minilader\\\/#primaryimage\"},\"thumbnailUrl\":\"https:\\\/\\\/jekpo.com\\\/wp-content\\\/uploads\\\/2025\\\/06\\\/jekpo-mini-krautuvas-kr75-viksrinis-geltonas-su-kausu.png\",\"datePublished\":\"2025-06-11T16:25:50+00:00\",\"dateModified\":\"2025-10-06T09:59:36+00:00\",\"description\":\"KR75 Radlader: Kraft & Wendigkeit in einem. Kompakt f\u00fcr enge Bereiche, mit Schnellwechsler & >30 Anbauger\u00e4ten. CE-konform, schnelle Lieferung.\",\"breadcrumb\":{\"@id\":\"https:\\\/\\\/jekpo.com\\\/de\\\/p\\\/kr75-raupen-minilader\\\/#breadcrumb\"},\"inLanguage\":\"de\",\"potentialAction\":[{\"@type\":\"ReadAction\",\"target\":[\"https:\\\/\\\/jekpo.com\\\/de\\\/p\\\/kr75-raupen-minilader\\\/\"]}]},{\"@type\":\"ImageObject\",\"inLanguage\":\"de\",\"@id\":\"https:\\\/\\\/jekpo.com\\\/de\\\/p\\\/kr75-raupen-minilader\\\/#primaryimage\",\"url\":\"https:\\\/\\\/jekpo.com\\\/wp-content\\\/uploads\\\/2025\\\/06\\\/jekpo-mini-krautuvas-kr75-viksrinis-geltonas-su-kausu.png\",\"contentUrl\":\"https:\\\/\\\/jekpo.com\\\/wp-content\\\/uploads\\\/2025\\\/06\\\/jekpo-mini-krautuvas-kr75-viksrinis-geltonas-su-kausu.png\",\"width\":1000,\"height\":1000,\"caption\":\"jekpo-mini-krautuvas-kr75-viksrinis-geltonas-su-kausu\"},{\"@type\":\"BreadcrumbList\",\"@id\":\"https:\\\/\\\/jekpo.com\\\/de\\\/p\\\/kr75-raupen-minilader\\\/#breadcrumb\",\"itemListElement\":[{\"@type\":\"ListItem\",\"position\":1,\"name\":\"Home\",\"item\":\"https:\\\/\\\/jekpo.com\\\/de\\\/\"},{\"@type\":\"ListItem\",\"position\":2,\"name\":\"Technik\",\"item\":\"https:\\\/\\\/jekpo.com\\\/de\\\/technik\\\/\"},{\"@type\":\"ListItem\",\"position\":3,\"name\":\"KR75 Raupen-Minilader\"}]},{\"@type\":\"WebSite\",\"@id\":\"https:\\\/\\\/jekpo.com\\\/de\\\/#website\",\"url\":\"https:\\\/\\\/jekpo.com\\\/de\\\/\",\"name\":\"JEKPO\",\"description\":\"atsakingas j\u016bs\u0173 partneris \u017eem\u0117s \u016bkio, sodo ir smulkiosios technikos pasaulyje\",\"publisher\":{\"@id\":\"https:\\\/\\\/jekpo.com\\\/de\\\/#organization\"},\"potentialAction\":[{\"@type\":\"SearchAction\",\"target\":{\"@type\":\"EntryPoint\",\"urlTemplate\":\"https:\\\/\\\/jekpo.com\\\/de\\\/?s={search_term_string}\"},\"query-input\":{\"@type\":\"PropertyValueSpecification\",\"valueRequired\":true,\"valueName\":\"search_term_string\"}}],\"inLanguage\":\"de\"},{\"@type\":\"Organization\",\"@id\":\"https:\\\/\\\/jekpo.com\\\/de\\\/#organization\",\"name\":\"JEKPO\",\"url\":\"https:\\\/\\\/jekpo.com\\\/de\\\/\",\"logo\":{\"@type\":\"ImageObject\",\"inLanguage\":\"de\",\"@id\":\"https:\\\/\\\/jekpo.com\\\/de\\\/#\\\/schema\\\/logo\\\/image\\\/\",\"url\":\"https:\\\/\\\/jekpo.com\\\/wp-content\\\/uploads\\\/2025\\\/03\\\/JEKPO-logo-trans-e1749117872556-300x201-2.webp\",\"contentUrl\":\"https:\\\/\\\/jekpo.com\\\/wp-content\\\/uploads\\\/2025\\\/03\\\/JEKPO-logo-trans-e1749117872556-300x201-2.webp\",\"width\":300,\"height\":201,\"caption\":\"JEKPO\"},\"image\":{\"@id\":\"https:\\\/\\\/jekpo.com\\\/de\\\/#\\\/schema\\\/logo\\\/image\\\/\"},\"sameAs\":[\"https:\\\/\\\/www.facebook.com\\\/profile.php?id=61564816725405\",\"https:\\\/\\\/www.instagram.com\\\/jekpo_ltu\\\/?igsh=cWh1ZDhyamEzOWQz&utm_source=qr#\",\"https:\\\/\\\/www.tiktok.com\\\/@jekpo_ltu?is_from_webapp=1&sender_device=pc\"]}]}<\/script>\n<!-- \/ Yoast SEO plugin. -->","yoast_head_json":{"title":"KR75 Raupen-Minilader \u2013 Kraft & Wendigkeit | JEKPO.COM","description":"KR75 Radlader: Kraft & Wendigkeit in einem. Kompakt f\u00fcr enge Bereiche, mit Schnellwechsler & >30 Anbauger\u00e4ten. CE-konform, schnelle Lieferung.","robots":{"index":"index","follow":"follow","max-snippet":"max-snippet:-1","max-image-preview":"max-image-preview:large","max-video-preview":"max-video-preview:-1"},"canonical":"https:\/\/jekpo.com\/de\/p\/kr75-raupen-minilader\/","og_locale":"de_DE","og_type":"article","og_title":"KR75 Raupen-Minilader \u2013 Kraft & Wendigkeit | JEKPO.COM","og_description":"KR75 Radlader: Kraft & Wendigkeit in einem. Kompakt f\u00fcr enge Bereiche, mit Schnellwechsler & >30 Anbauger\u00e4ten. CE-konform, schnelle Lieferung.","og_url":"https:\/\/jekpo.com\/de\/p\/kr75-raupen-minilader\/","og_site_name":"JEKPO","article_publisher":"https:\/\/www.facebook.com\/profile.php?id=61564816725405","article_modified_time":"2025-10-06T09:59:36+00:00","og_image":[{"width":1000,"height":1000,"url":"https:\/\/jekpo.com\/wp-content\/uploads\/2025\/06\/jekpo-mini-krautuvas-kr75-viksrinis-geltonas-su-kausu.png","type":"image\/png"}],"twitter_card":"summary_large_image","twitter_misc":{"Gesch\u00e4tzte Lesezeit":"2\u00a0Minuten"},"schema":{"@context":"https:\/\/schema.org","@graph":[{"@type":"WebPage","@id":"https:\/\/jekpo.com\/de\/p\/kr75-raupen-minilader\/","url":"https:\/\/jekpo.com\/de\/p\/kr75-raupen-minilader\/","name":"KR75 Raupen-Minilader \u2013 Kraft & Wendigkeit | JEKPO.COM","isPartOf":{"@id":"https:\/\/jekpo.com\/de\/#website"},"primaryImageOfPage":{"@id":"https:\/\/jekpo.com\/de\/p\/kr75-raupen-minilader\/#primaryimage"},"image":{"@id":"https:\/\/jekpo.com\/de\/p\/kr75-raupen-minilader\/#primaryimage"},"thumbnailUrl":"https:\/\/jekpo.com\/wp-content\/uploads\/2025\/06\/jekpo-mini-krautuvas-kr75-viksrinis-geltonas-su-kausu.png","datePublished":"2025-06-11T16:25:50+00:00","dateModified":"2025-10-06T09:59:36+00:00","description":"KR75 Radlader: Kraft & Wendigkeit in einem. Kompakt f\u00fcr enge Bereiche, mit Schnellwechsler & >30 Anbauger\u00e4ten. CE-konform, schnelle Lieferung.","breadcrumb":{"@id":"https:\/\/jekpo.com\/de\/p\/kr75-raupen-minilader\/#breadcrumb"},"inLanguage":"de","potentialAction":[{"@type":"ReadAction","target":["https:\/\/jekpo.com\/de\/p\/kr75-raupen-minilader\/"]}]},{"@type":"ImageObject","inLanguage":"de","@id":"https:\/\/jekpo.com\/de\/p\/kr75-raupen-minilader\/#primaryimage","url":"https:\/\/jekpo.com\/wp-content\/uploads\/2025\/06\/jekpo-mini-krautuvas-kr75-viksrinis-geltonas-su-kausu.png","contentUrl":"https:\/\/jekpo.com\/wp-content\/uploads\/2025\/06\/jekpo-mini-krautuvas-kr75-viksrinis-geltonas-su-kausu.png","width":1000,"height":1000,"caption":"jekpo-mini-krautuvas-kr75-viksrinis-geltonas-su-kausu"},{"@type":"BreadcrumbList","@id":"https:\/\/jekpo.com\/de\/p\/kr75-raupen-minilader\/#breadcrumb","itemListElement":[{"@type":"ListItem","position":1,"name":"Home","item":"https:\/\/jekpo.com\/de\/"},{"@type":"ListItem","position":2,"name":"Technik","item":"https:\/\/jekpo.com\/de\/technik\/"},{"@type":"ListItem","position":3,"name":"KR75 Raupen-Minilader"}]},{"@type":"WebSite","@id":"https:\/\/jekpo.com\/de\/#website","url":"https:\/\/jekpo.com\/de\/","name":"JEKPO","description":"atsakingas j\u016bs\u0173 partneris \u017eem\u0117s \u016bkio, sodo ir smulkiosios technikos pasaulyje","publisher":{"@id":"https:\/\/jekpo.com\/de\/#organization"},"potentialAction":[{"@type":"SearchAction","target":{"@type":"EntryPoint","urlTemplate":"https:\/\/jekpo.com\/de\/?s={search_term_string}"},"query-input":{"@type":"PropertyValueSpecification","valueRequired":true,"valueName":"search_term_string"}}],"inLanguage":"de"},{"@type":"Organization","@id":"https:\/\/jekpo.com\/de\/#organization","name":"JEKPO","url":"https:\/\/jekpo.com\/de\/","logo":{"@type":"ImageObject","inLanguage":"de","@id":"https:\/\/jekpo.com\/de\/#\/schema\/logo\/image\/","url":"https:\/\/jekpo.com\/wp-content\/uploads\/2025\/03\/JEKPO-logo-trans-e1749117872556-300x201-2.webp","contentUrl":"https:\/\/jekpo.com\/wp-content\/uploads\/2025\/03\/JEKPO-logo-trans-e1749117872556-300x201-2.webp","width":300,"height":201,"caption":"JEKPO"},"image":{"@id":"https:\/\/jekpo.com\/de\/#\/schema\/logo\/image\/"},"sameAs":["https:\/\/www.facebook.com\/profile.php?id=61564816725405","https:\/\/www.instagram.com\/jekpo_ltu\/?igsh=cWh1ZDhyamEzOWQz&utm_source=qr#","https:\/\/www.tiktok.com\/@jekpo_ltu?is_from_webapp=1&sender_device=pc"]}]}},"_links":{"self":[{"href":"https:\/\/jekpo.com\/de\/wp-json\/wp\/v2\/product\/2433","targetHints":{"allow":["GET"]}}],"collection":[{"href":"https:\/\/jekpo.com\/de\/wp-json\/wp\/v2\/product"}],"about":[{"href":"https:\/\/jekpo.com\/de\/wp-json\/wp\/v2\/types\/product"}],"replies":[{"embeddable":true,"href":"https:\/\/jekpo.com\/de\/wp-json\/wp\/v2\/comments?post=2433"}],"wp:featuredmedia":[{"embeddable":true,"href":"https:\/\/jekpo.com\/de\/wp-json\/wp\/v2\/media\/2818"}],"wp:attachment":[{"href":"https:\/\/jekpo.com\/de\/wp-json\/wp\/v2\/media?parent=2433"}],"wp:term":[{"taxonomy":"product_brand","embeddable":true,"href":"https:\/\/jekpo.com\/de\/wp-json\/wp\/v2\/product_brand?post=2433"},{"taxonomy":"product_cat","embeddable":true,"href":"https:\/\/jekpo.com\/de\/wp-json\/wp\/v2\/product_cat?post=2433"},{"taxonomy":"product_tag","embeddable":true,"href":"https:\/\/jekpo.com\/de\/wp-json\/wp\/v2\/product_tag?post=2433"},{"taxonomy":"pritaikomumas","embeddable":true,"href":"https:\/\/jekpo.com\/de\/wp-json\/wp\/v2\/pritaikomumas?post=2433"},{"taxonomy":"variklio-tipas","embeddable":true,"href":"https:\/\/jekpo.com\/de\/wp-json\/wp\/v2\/variklio-tipas?post=2433"}],"curies":[{"name":"wp","href":"https:\/\/api.w.org\/{rel}","templated":true}]}}