{"id":2431,"date":"2025-06-09T13:11:39","date_gmt":"2025-06-09T10:11:39","guid":{"rendered":"https:\/\/jekpo.com\/?post_type=product&#038;p=2431"},"modified":"2025-10-01T13:29:04","modified_gmt":"2025-10-01T10:29:04","slug":"erdbohrschnecken","status":"publish","type":"product","link":"https:\/\/jekpo.com\/de\/p\/erdbohrschnecken\/","title":{"rendered":"Erdbohrschnecken"},"content":{"rendered":"<p data-start=\"63\" data-end=\"510\">Hochwertige Erdbohrschnecken f\u00fcr vielf\u00e4ltige Bohrarbeiten im Erdreich. Durch die Auswahl verschiedener Durchmesser l\u00e4sst sich das Werkzeug optimal an individuelle Anforderungen anpassen \u2013 vom Setzen von Pfosten bis hin zu gr\u00f6\u00dferen Projekten. Die robusten und langlebigen Schnecken eignen sich f\u00fcr den Einsatz mit Bohrantrieben und anderen Bohrzubeh\u00f6rteilen in der Landwirtschaft, im Bauwesen oder in der Landschaftsgestaltung.<\/p>\n","protected":false},"excerpt":{"rendered":"<p>Hochwertige Erdbohrschnecken f\u00fcr vielf\u00e4ltige Bohrarbeiten im Erdreich. Durch die Auswahl verschiedener Durchmesser l\u00e4sst sich das Werkzeug optimal an individuelle Anforderungen anpassen \u2013 vom Setzen von Pfosten bis hin zu gr\u00f6\u00dferen Projekten. Die robusten und langlebigen Schnecken eignen sich f\u00fcr den Einsatz mit Bohrantrieben und anderen Bohrzubeh\u00f6rteilen in der Landwirtschaft, im Bauwesen oder in der Landschaftsgestaltung.<\/p>\n","protected":false},"featured_media":3313,"comment_status":"closed","ping_status":"closed","template":"","meta":[],"product_brand":[],"product_cat":[75],"product_tag":[],"pritaikomumas":[],"variklio-tipas":[],"class_list":{"0":"post-2431","1":"product","2":"type-product","3":"status-publish","4":"has-post-thumbnail","6":"product_cat-kompaktlader-anbaugeraete","8":"first","9":"instock","10":"sale","11":"sold-individually","12":"taxable","13":"shipping-taxable","14":"purchasable","15":"product-type-simple"},"yoast_head":"<!-- This site is optimized with the Yoast SEO plugin v27.4 - https:\/\/yoast.com\/product\/yoast-seo-wordpress\/ -->\n<title>Erdbohrschnecken \u2013 \u012fvairiems gr\u0119\u017eimo darbams | JEKPO.COM<\/title>\n<meta name=\"description\" content=\"Auk\u0161tos kokyb\u0117s gr\u0105\u017eto sraigtai krautuvui \u2013 tvirti, tiksl\u016bs, \u012fvairaus skersmens. Tinka stulp\u0173 montavimui ir grunto gr\u0119\u017eimui. Gr\u0119\u017eimui molingame grunte.\" \/>\n<meta name=\"robots\" content=\"index, follow, max-snippet:-1, max-image-preview:large, max-video-preview:-1\" \/>\n<link rel=\"canonical\" href=\"https:\/\/jekpo.com\/de\/p\/erdbohrschnecken\/\" \/>\n<meta property=\"og:locale\" content=\"de_DE\" \/>\n<meta property=\"og:type\" content=\"article\" \/>\n<meta property=\"og:title\" content=\"Erdbohrschnecken \u2013 \u012fvairiems gr\u0119\u017eimo darbams | JEKPO.COM\" \/>\n<meta property=\"og:description\" content=\"Auk\u0161tos kokyb\u0117s gr\u0105\u017eto sraigtai krautuvui \u2013 tvirti, tiksl\u016bs, \u012fvairaus skersmens. Tinka stulp\u0173 montavimui ir grunto gr\u0119\u017eimui. Gr\u0119\u017eimui molingame grunte.\" \/>\n<meta property=\"og:url\" content=\"https:\/\/jekpo.com\/de\/p\/erdbohrschnecken\/\" \/>\n<meta property=\"og:site_name\" content=\"JEKPO\" \/>\n<meta property=\"article:publisher\" content=\"https:\/\/www.facebook.com\/profile.php?id=61564816725405\" \/>\n<meta property=\"article:modified_time\" content=\"2025-10-01T10:29:04+00:00\" \/>\n<meta property=\"og:image\" content=\"https:\/\/jekpo.com\/wp-content\/uploads\/2025\/06\/grazto-sraigtai-jekpo-mini-traktoriukai.png\" \/>\n\t<meta property=\"og:image:width\" content=\"1000\" \/>\n\t<meta property=\"og:image:height\" content=\"1000\" \/>\n\t<meta property=\"og:image:type\" content=\"image\/png\" \/>\n<meta name=\"twitter:card\" content=\"summary_large_image\" \/>\n<meta name=\"twitter:label1\" content=\"Gesch\u00e4tzte Lesezeit\" \/>\n\t<meta name=\"twitter:data1\" content=\"1\u00a0Minute\" \/>\n<script type=\"application\/ld+json\" class=\"yoast-schema-graph\">{\"@context\":\"https:\\\/\\\/schema.org\",\"@graph\":[{\"@type\":\"WebPage\",\"@id\":\"https:\\\/\\\/jekpo.com\\\/de\\\/p\\\/erdbohrschnecken\\\/\",\"url\":\"https:\\\/\\\/jekpo.com\\\/de\\\/p\\\/erdbohrschnecken\\\/\",\"name\":\"Erdbohrschnecken \u2013 \u012fvairiems gr\u0119\u017eimo darbams | JEKPO.COM\",\"isPartOf\":{\"@id\":\"https:\\\/\\\/jekpo.com\\\/de\\\/#website\"},\"primaryImageOfPage\":{\"@id\":\"https:\\\/\\\/jekpo.com\\\/de\\\/p\\\/erdbohrschnecken\\\/#primaryimage\"},\"image\":{\"@id\":\"https:\\\/\\\/jekpo.com\\\/de\\\/p\\\/erdbohrschnecken\\\/#primaryimage\"},\"thumbnailUrl\":\"https:\\\/\\\/jekpo.com\\\/wp-content\\\/uploads\\\/2025\\\/06\\\/grazto-sraigtai-jekpo-mini-traktoriukai.png\",\"datePublished\":\"2025-06-09T10:11:39+00:00\",\"dateModified\":\"2025-10-01T10:29:04+00:00\",\"description\":\"Auk\u0161tos kokyb\u0117s gr\u0105\u017eto sraigtai krautuvui \u2013 tvirti, tiksl\u016bs, \u012fvairaus skersmens. Tinka stulp\u0173 montavimui ir grunto gr\u0119\u017eimui. Gr\u0119\u017eimui molingame grunte.\",\"breadcrumb\":{\"@id\":\"https:\\\/\\\/jekpo.com\\\/de\\\/p\\\/erdbohrschnecken\\\/#breadcrumb\"},\"inLanguage\":\"de\",\"potentialAction\":[{\"@type\":\"ReadAction\",\"target\":[\"https:\\\/\\\/jekpo.com\\\/de\\\/p\\\/erdbohrschnecken\\\/\"]}]},{\"@type\":\"ImageObject\",\"inLanguage\":\"de\",\"@id\":\"https:\\\/\\\/jekpo.com\\\/de\\\/p\\\/erdbohrschnecken\\\/#primaryimage\",\"url\":\"https:\\\/\\\/jekpo.com\\\/wp-content\\\/uploads\\\/2025\\\/06\\\/grazto-sraigtai-jekpo-mini-traktoriukai.png\",\"contentUrl\":\"https:\\\/\\\/jekpo.com\\\/wp-content\\\/uploads\\\/2025\\\/06\\\/grazto-sraigtai-jekpo-mini-traktoriukai.png\",\"width\":1000,\"height\":1000,\"caption\":\"grazto-sraigtai-jekpo-mini-traktoriukai\"},{\"@type\":\"BreadcrumbList\",\"@id\":\"https:\\\/\\\/jekpo.com\\\/de\\\/p\\\/erdbohrschnecken\\\/#breadcrumb\",\"itemListElement\":[{\"@type\":\"ListItem\",\"position\":1,\"name\":\"Home\",\"item\":\"https:\\\/\\\/jekpo.com\\\/de\\\/\"},{\"@type\":\"ListItem\",\"position\":2,\"name\":\"Technik\",\"item\":\"https:\\\/\\\/jekpo.com\\\/de\\\/technik\\\/\"},{\"@type\":\"ListItem\",\"position\":3,\"name\":\"Erdbohrschnecken\"}]},{\"@type\":\"WebSite\",\"@id\":\"https:\\\/\\\/jekpo.com\\\/de\\\/#website\",\"url\":\"https:\\\/\\\/jekpo.com\\\/de\\\/\",\"name\":\"JEKPO\",\"description\":\"atsakingas j\u016bs\u0173 partneris \u017eem\u0117s \u016bkio, sodo ir smulkiosios technikos pasaulyje\",\"publisher\":{\"@id\":\"https:\\\/\\\/jekpo.com\\\/de\\\/#organization\"},\"potentialAction\":[{\"@type\":\"SearchAction\",\"target\":{\"@type\":\"EntryPoint\",\"urlTemplate\":\"https:\\\/\\\/jekpo.com\\\/de\\\/?s={search_term_string}\"},\"query-input\":{\"@type\":\"PropertyValueSpecification\",\"valueRequired\":true,\"valueName\":\"search_term_string\"}}],\"inLanguage\":\"de\"},{\"@type\":\"Organization\",\"@id\":\"https:\\\/\\\/jekpo.com\\\/de\\\/#organization\",\"name\":\"JEKPO\",\"url\":\"https:\\\/\\\/jekpo.com\\\/de\\\/\",\"logo\":{\"@type\":\"ImageObject\",\"inLanguage\":\"de\",\"@id\":\"https:\\\/\\\/jekpo.com\\\/de\\\/#\\\/schema\\\/logo\\\/image\\\/\",\"url\":\"https:\\\/\\\/jekpo.com\\\/wp-content\\\/uploads\\\/2025\\\/03\\\/JEKPO-logo-trans-e1749117872556-300x201-2.webp\",\"contentUrl\":\"https:\\\/\\\/jekpo.com\\\/wp-content\\\/uploads\\\/2025\\\/03\\\/JEKPO-logo-trans-e1749117872556-300x201-2.webp\",\"width\":300,\"height\":201,\"caption\":\"JEKPO\"},\"image\":{\"@id\":\"https:\\\/\\\/jekpo.com\\\/de\\\/#\\\/schema\\\/logo\\\/image\\\/\"},\"sameAs\":[\"https:\\\/\\\/www.facebook.com\\\/profile.php?id=61564816725405\",\"https:\\\/\\\/www.instagram.com\\\/jekpo_ltu\\\/?igsh=cWh1ZDhyamEzOWQz&utm_source=qr#\",\"https:\\\/\\\/www.tiktok.com\\\/@jekpo_ltu?is_from_webapp=1&sender_device=pc\"]}]}<\/script>\n<!-- \/ Yoast SEO plugin. -->","yoast_head_json":{"title":"Erdbohrschnecken \u2013 \u012fvairiems gr\u0119\u017eimo darbams | JEKPO.COM","description":"Auk\u0161tos kokyb\u0117s gr\u0105\u017eto sraigtai krautuvui \u2013 tvirti, tiksl\u016bs, \u012fvairaus skersmens. Tinka stulp\u0173 montavimui ir grunto gr\u0119\u017eimui. Gr\u0119\u017eimui molingame grunte.","robots":{"index":"index","follow":"follow","max-snippet":"max-snippet:-1","max-image-preview":"max-image-preview:large","max-video-preview":"max-video-preview:-1"},"canonical":"https:\/\/jekpo.com\/de\/p\/erdbohrschnecken\/","og_locale":"de_DE","og_type":"article","og_title":"Erdbohrschnecken \u2013 \u012fvairiems gr\u0119\u017eimo darbams | JEKPO.COM","og_description":"Auk\u0161tos kokyb\u0117s gr\u0105\u017eto sraigtai krautuvui \u2013 tvirti, tiksl\u016bs, \u012fvairaus skersmens. Tinka stulp\u0173 montavimui ir grunto gr\u0119\u017eimui. Gr\u0119\u017eimui molingame grunte.","og_url":"https:\/\/jekpo.com\/de\/p\/erdbohrschnecken\/","og_site_name":"JEKPO","article_publisher":"https:\/\/www.facebook.com\/profile.php?id=61564816725405","article_modified_time":"2025-10-01T10:29:04+00:00","og_image":[{"width":1000,"height":1000,"url":"https:\/\/jekpo.com\/wp-content\/uploads\/2025\/06\/grazto-sraigtai-jekpo-mini-traktoriukai.png","type":"image\/png"}],"twitter_card":"summary_large_image","twitter_misc":{"Gesch\u00e4tzte Lesezeit":"1\u00a0Minute"},"schema":{"@context":"https:\/\/schema.org","@graph":[{"@type":"WebPage","@id":"https:\/\/jekpo.com\/de\/p\/erdbohrschnecken\/","url":"https:\/\/jekpo.com\/de\/p\/erdbohrschnecken\/","name":"Erdbohrschnecken \u2013 \u012fvairiems gr\u0119\u017eimo darbams | JEKPO.COM","isPartOf":{"@id":"https:\/\/jekpo.com\/de\/#website"},"primaryImageOfPage":{"@id":"https:\/\/jekpo.com\/de\/p\/erdbohrschnecken\/#primaryimage"},"image":{"@id":"https:\/\/jekpo.com\/de\/p\/erdbohrschnecken\/#primaryimage"},"thumbnailUrl":"https:\/\/jekpo.com\/wp-content\/uploads\/2025\/06\/grazto-sraigtai-jekpo-mini-traktoriukai.png","datePublished":"2025-06-09T10:11:39+00:00","dateModified":"2025-10-01T10:29:04+00:00","description":"Auk\u0161tos kokyb\u0117s gr\u0105\u017eto sraigtai krautuvui \u2013 tvirti, tiksl\u016bs, \u012fvairaus skersmens. Tinka stulp\u0173 montavimui ir grunto gr\u0119\u017eimui. Gr\u0119\u017eimui molingame grunte.","breadcrumb":{"@id":"https:\/\/jekpo.com\/de\/p\/erdbohrschnecken\/#breadcrumb"},"inLanguage":"de","potentialAction":[{"@type":"ReadAction","target":["https:\/\/jekpo.com\/de\/p\/erdbohrschnecken\/"]}]},{"@type":"ImageObject","inLanguage":"de","@id":"https:\/\/jekpo.com\/de\/p\/erdbohrschnecken\/#primaryimage","url":"https:\/\/jekpo.com\/wp-content\/uploads\/2025\/06\/grazto-sraigtai-jekpo-mini-traktoriukai.png","contentUrl":"https:\/\/jekpo.com\/wp-content\/uploads\/2025\/06\/grazto-sraigtai-jekpo-mini-traktoriukai.png","width":1000,"height":1000,"caption":"grazto-sraigtai-jekpo-mini-traktoriukai"},{"@type":"BreadcrumbList","@id":"https:\/\/jekpo.com\/de\/p\/erdbohrschnecken\/#breadcrumb","itemListElement":[{"@type":"ListItem","position":1,"name":"Home","item":"https:\/\/jekpo.com\/de\/"},{"@type":"ListItem","position":2,"name":"Technik","item":"https:\/\/jekpo.com\/de\/technik\/"},{"@type":"ListItem","position":3,"name":"Erdbohrschnecken"}]},{"@type":"WebSite","@id":"https:\/\/jekpo.com\/de\/#website","url":"https:\/\/jekpo.com\/de\/","name":"JEKPO","description":"atsakingas j\u016bs\u0173 partneris \u017eem\u0117s \u016bkio, sodo ir smulkiosios technikos pasaulyje","publisher":{"@id":"https:\/\/jekpo.com\/de\/#organization"},"potentialAction":[{"@type":"SearchAction","target":{"@type":"EntryPoint","urlTemplate":"https:\/\/jekpo.com\/de\/?s={search_term_string}"},"query-input":{"@type":"PropertyValueSpecification","valueRequired":true,"valueName":"search_term_string"}}],"inLanguage":"de"},{"@type":"Organization","@id":"https:\/\/jekpo.com\/de\/#organization","name":"JEKPO","url":"https:\/\/jekpo.com\/de\/","logo":{"@type":"ImageObject","inLanguage":"de","@id":"https:\/\/jekpo.com\/de\/#\/schema\/logo\/image\/","url":"https:\/\/jekpo.com\/wp-content\/uploads\/2025\/03\/JEKPO-logo-trans-e1749117872556-300x201-2.webp","contentUrl":"https:\/\/jekpo.com\/wp-content\/uploads\/2025\/03\/JEKPO-logo-trans-e1749117872556-300x201-2.webp","width":300,"height":201,"caption":"JEKPO"},"image":{"@id":"https:\/\/jekpo.com\/de\/#\/schema\/logo\/image\/"},"sameAs":["https:\/\/www.facebook.com\/profile.php?id=61564816725405","https:\/\/www.instagram.com\/jekpo_ltu\/?igsh=cWh1ZDhyamEzOWQz&utm_source=qr#","https:\/\/www.tiktok.com\/@jekpo_ltu?is_from_webapp=1&sender_device=pc"]}]}},"_links":{"self":[{"href":"https:\/\/jekpo.com\/de\/wp-json\/wp\/v2\/product\/2431","targetHints":{"allow":["GET"]}}],"collection":[{"href":"https:\/\/jekpo.com\/de\/wp-json\/wp\/v2\/product"}],"about":[{"href":"https:\/\/jekpo.com\/de\/wp-json\/wp\/v2\/types\/product"}],"replies":[{"embeddable":true,"href":"https:\/\/jekpo.com\/de\/wp-json\/wp\/v2\/comments?post=2431"}],"wp:featuredmedia":[{"embeddable":true,"href":"https:\/\/jekpo.com\/de\/wp-json\/wp\/v2\/media\/3313"}],"wp:attachment":[{"href":"https:\/\/jekpo.com\/de\/wp-json\/wp\/v2\/media?parent=2431"}],"wp:term":[{"taxonomy":"product_brand","embeddable":true,"href":"https:\/\/jekpo.com\/de\/wp-json\/wp\/v2\/product_brand?post=2431"},{"taxonomy":"product_cat","embeddable":true,"href":"https:\/\/jekpo.com\/de\/wp-json\/wp\/v2\/product_cat?post=2431"},{"taxonomy":"product_tag","embeddable":true,"href":"https:\/\/jekpo.com\/de\/wp-json\/wp\/v2\/product_tag?post=2431"},{"taxonomy":"pritaikomumas","embeddable":true,"href":"https:\/\/jekpo.com\/de\/wp-json\/wp\/v2\/pritaikomumas?post=2431"},{"taxonomy":"variklio-tipas","embeddable":true,"href":"https:\/\/jekpo.com\/de\/wp-json\/wp\/v2\/variklio-tipas?post=2431"}],"curies":[{"name":"wp","href":"https:\/\/api.w.org\/{rel}","templated":true}]}}