{"id":2428,"date":"2025-05-30T13:58:04","date_gmt":"2025-05-30T10:58:04","guid":{"rendered":"https:\/\/jekpo.com\/?post_type=product&#038;p=2428"},"modified":"2025-10-01T13:26:12","modified_gmt":"2025-10-01T10:26:12","slug":"steinsammelschaufel","status":"publish","type":"product","link":"https:\/\/jekpo.com\/de\/p\/steinsammelschaufel\/","title":{"rendered":"Steinsammelschaufel"},"content":{"rendered":"<p data-start=\"66\" data-end=\"482\">Die Steinsammelschaufel ist f\u00fcr das effiziente Aufsammeln von Steinen, Abf\u00e4llen und anderen unerw\u00fcnschten Objekten aus dem Boden konzipiert. Mit einem Zahnabstand von 86 mm dringt sie leicht in den Boden ein, beh\u00e4lt dabei kleinere Fraktionen zur\u00fcck und sammelt gr\u00f6\u00dfere Objekte zuverl\u00e4ssig auf. Ideal geeignet f\u00fcr den Einsatz in der Landwirtschaft sowie bei Landschafts- und Umweltpflegearbeiten.<\/p>\n","protected":false},"excerpt":{"rendered":"<p>Die Steinsammelschaufel ist f\u00fcr das effiziente Aufsammeln von Steinen, Abf\u00e4llen und anderen unerw\u00fcnschten Objekten aus dem Boden konzipiert. Mit einem Zahnabstand von 86 mm dringt sie leicht in den Boden ein, beh\u00e4lt dabei kleinere Fraktionen zur\u00fcck und sammelt gr\u00f6\u00dfere Objekte zuverl\u00e4ssig auf. Ideal geeignet f\u00fcr den Einsatz in der Landwirtschaft sowie bei Landschafts- und Umweltpflegearbeiten.<\/p>\n","protected":false},"featured_media":3288,"comment_status":"closed","ping_status":"closed","template":"","meta":[],"product_brand":[],"product_cat":[75],"product_tag":[],"pritaikomumas":[],"variklio-tipas":[],"class_list":{"0":"post-2428","1":"product","2":"type-product","3":"status-publish","4":"has-post-thumbnail","6":"product_cat-kompaktlader-anbaugeraete","8":"first","9":"instock","10":"sale","11":"sold-individually","12":"taxable","13":"shipping-taxable","14":"purchasable","15":"product-type-simple"},"yoast_head":"<!-- This site is optimized with the Yoast SEO plugin v27.4 - https:\/\/yoast.com\/product\/yoast-seo-wordpress\/ -->\n<title>Steinsammelschaufel lauk\u0173 valymui nuo akmen\u0173 | JEKPO.COM<\/title>\n<meta name=\"description\" content=\"Kau\u0161as akmenims JEKPO krautuvui \u2013 greitam akmen\u0173 rinkimui i\u0161 lauk\u0173, statybvie\u010di\u0173 ar sodybos teritorijos. Sutaupyk laik\u0105 \u2013 dirbk i\u0161maniai.\" \/>\n<meta name=\"robots\" content=\"index, follow, max-snippet:-1, max-image-preview:large, max-video-preview:-1\" \/>\n<link rel=\"canonical\" href=\"https:\/\/jekpo.com\/de\/p\/steinsammelschaufel\/\" \/>\n<meta property=\"og:locale\" content=\"de_DE\" \/>\n<meta property=\"og:type\" content=\"article\" \/>\n<meta property=\"og:title\" content=\"Steinsammelschaufel lauk\u0173 valymui nuo akmen\u0173 | JEKPO.COM\" \/>\n<meta property=\"og:description\" content=\"Kau\u0161as akmenims JEKPO krautuvui \u2013 greitam akmen\u0173 rinkimui i\u0161 lauk\u0173, statybvie\u010di\u0173 ar sodybos teritorijos. Sutaupyk laik\u0105 \u2013 dirbk i\u0161maniai.\" \/>\n<meta property=\"og:url\" content=\"https:\/\/jekpo.com\/de\/p\/steinsammelschaufel\/\" \/>\n<meta property=\"og:site_name\" content=\"JEKPO\" \/>\n<meta property=\"article:publisher\" content=\"https:\/\/www.facebook.com\/profile.php?id=61564816725405\" \/>\n<meta property=\"article:modified_time\" content=\"2025-10-01T10:26:12+00:00\" \/>\n<meta property=\"og:image\" content=\"https:\/\/jekpo.com\/wp-content\/uploads\/2025\/05\/kausas-akmenims-jekpo-mini-traktoriukai.png\" \/>\n\t<meta property=\"og:image:width\" content=\"1000\" \/>\n\t<meta property=\"og:image:height\" content=\"1000\" \/>\n\t<meta property=\"og:image:type\" content=\"image\/png\" \/>\n<meta name=\"twitter:card\" content=\"summary_large_image\" \/>\n<meta name=\"twitter:label1\" content=\"Gesch\u00e4tzte Lesezeit\" \/>\n\t<meta name=\"twitter:data1\" content=\"1\u00a0Minute\" \/>\n<script type=\"application\/ld+json\" class=\"yoast-schema-graph\">{\"@context\":\"https:\\\/\\\/schema.org\",\"@graph\":[{\"@type\":\"WebPage\",\"@id\":\"https:\\\/\\\/jekpo.com\\\/de\\\/p\\\/steinsammelschaufel\\\/\",\"url\":\"https:\\\/\\\/jekpo.com\\\/de\\\/p\\\/steinsammelschaufel\\\/\",\"name\":\"Steinsammelschaufel lauk\u0173 valymui nuo akmen\u0173 | JEKPO.COM\",\"isPartOf\":{\"@id\":\"https:\\\/\\\/jekpo.com\\\/de\\\/#website\"},\"primaryImageOfPage\":{\"@id\":\"https:\\\/\\\/jekpo.com\\\/de\\\/p\\\/steinsammelschaufel\\\/#primaryimage\"},\"image\":{\"@id\":\"https:\\\/\\\/jekpo.com\\\/de\\\/p\\\/steinsammelschaufel\\\/#primaryimage\"},\"thumbnailUrl\":\"https:\\\/\\\/jekpo.com\\\/wp-content\\\/uploads\\\/2025\\\/05\\\/kausas-akmenims-jekpo-mini-traktoriukai.png\",\"datePublished\":\"2025-05-30T10:58:04+00:00\",\"dateModified\":\"2025-10-01T10:26:12+00:00\",\"description\":\"Kau\u0161as akmenims JEKPO krautuvui \u2013 greitam akmen\u0173 rinkimui i\u0161 lauk\u0173, statybvie\u010di\u0173 ar sodybos teritorijos. Sutaupyk laik\u0105 \u2013 dirbk i\u0161maniai.\",\"breadcrumb\":{\"@id\":\"https:\\\/\\\/jekpo.com\\\/de\\\/p\\\/steinsammelschaufel\\\/#breadcrumb\"},\"inLanguage\":\"de\",\"potentialAction\":[{\"@type\":\"ReadAction\",\"target\":[\"https:\\\/\\\/jekpo.com\\\/de\\\/p\\\/steinsammelschaufel\\\/\"]}]},{\"@type\":\"ImageObject\",\"inLanguage\":\"de\",\"@id\":\"https:\\\/\\\/jekpo.com\\\/de\\\/p\\\/steinsammelschaufel\\\/#primaryimage\",\"url\":\"https:\\\/\\\/jekpo.com\\\/wp-content\\\/uploads\\\/2025\\\/05\\\/kausas-akmenims-jekpo-mini-traktoriukai.png\",\"contentUrl\":\"https:\\\/\\\/jekpo.com\\\/wp-content\\\/uploads\\\/2025\\\/05\\\/kausas-akmenims-jekpo-mini-traktoriukai.png\",\"width\":1000,\"height\":1000,\"caption\":\"kausas-akmenims-jekpo-mini-traktoriukai\"},{\"@type\":\"BreadcrumbList\",\"@id\":\"https:\\\/\\\/jekpo.com\\\/de\\\/p\\\/steinsammelschaufel\\\/#breadcrumb\",\"itemListElement\":[{\"@type\":\"ListItem\",\"position\":1,\"name\":\"Home\",\"item\":\"https:\\\/\\\/jekpo.com\\\/de\\\/\"},{\"@type\":\"ListItem\",\"position\":2,\"name\":\"Technik\",\"item\":\"https:\\\/\\\/jekpo.com\\\/de\\\/technik\\\/\"},{\"@type\":\"ListItem\",\"position\":3,\"name\":\"Steinsammelschaufel\"}]},{\"@type\":\"WebSite\",\"@id\":\"https:\\\/\\\/jekpo.com\\\/de\\\/#website\",\"url\":\"https:\\\/\\\/jekpo.com\\\/de\\\/\",\"name\":\"JEKPO\",\"description\":\"atsakingas j\u016bs\u0173 partneris \u017eem\u0117s \u016bkio, sodo ir smulkiosios technikos pasaulyje\",\"publisher\":{\"@id\":\"https:\\\/\\\/jekpo.com\\\/de\\\/#organization\"},\"potentialAction\":[{\"@type\":\"SearchAction\",\"target\":{\"@type\":\"EntryPoint\",\"urlTemplate\":\"https:\\\/\\\/jekpo.com\\\/de\\\/?s={search_term_string}\"},\"query-input\":{\"@type\":\"PropertyValueSpecification\",\"valueRequired\":true,\"valueName\":\"search_term_string\"}}],\"inLanguage\":\"de\"},{\"@type\":\"Organization\",\"@id\":\"https:\\\/\\\/jekpo.com\\\/de\\\/#organization\",\"name\":\"JEKPO\",\"url\":\"https:\\\/\\\/jekpo.com\\\/de\\\/\",\"logo\":{\"@type\":\"ImageObject\",\"inLanguage\":\"de\",\"@id\":\"https:\\\/\\\/jekpo.com\\\/de\\\/#\\\/schema\\\/logo\\\/image\\\/\",\"url\":\"https:\\\/\\\/jekpo.com\\\/wp-content\\\/uploads\\\/2025\\\/03\\\/JEKPO-logo-trans-e1749117872556-300x201-2.webp\",\"contentUrl\":\"https:\\\/\\\/jekpo.com\\\/wp-content\\\/uploads\\\/2025\\\/03\\\/JEKPO-logo-trans-e1749117872556-300x201-2.webp\",\"width\":300,\"height\":201,\"caption\":\"JEKPO\"},\"image\":{\"@id\":\"https:\\\/\\\/jekpo.com\\\/de\\\/#\\\/schema\\\/logo\\\/image\\\/\"},\"sameAs\":[\"https:\\\/\\\/www.facebook.com\\\/profile.php?id=61564816725405\",\"https:\\\/\\\/www.instagram.com\\\/jekpo_ltu\\\/?igsh=cWh1ZDhyamEzOWQz&utm_source=qr#\",\"https:\\\/\\\/www.tiktok.com\\\/@jekpo_ltu?is_from_webapp=1&sender_device=pc\"]}]}<\/script>\n<!-- \/ Yoast SEO plugin. -->","yoast_head_json":{"title":"Steinsammelschaufel lauk\u0173 valymui nuo akmen\u0173 | JEKPO.COM","description":"Kau\u0161as akmenims JEKPO krautuvui \u2013 greitam akmen\u0173 rinkimui i\u0161 lauk\u0173, statybvie\u010di\u0173 ar sodybos teritorijos. Sutaupyk laik\u0105 \u2013 dirbk i\u0161maniai.","robots":{"index":"index","follow":"follow","max-snippet":"max-snippet:-1","max-image-preview":"max-image-preview:large","max-video-preview":"max-video-preview:-1"},"canonical":"https:\/\/jekpo.com\/de\/p\/steinsammelschaufel\/","og_locale":"de_DE","og_type":"article","og_title":"Steinsammelschaufel lauk\u0173 valymui nuo akmen\u0173 | JEKPO.COM","og_description":"Kau\u0161as akmenims JEKPO krautuvui \u2013 greitam akmen\u0173 rinkimui i\u0161 lauk\u0173, statybvie\u010di\u0173 ar sodybos teritorijos. Sutaupyk laik\u0105 \u2013 dirbk i\u0161maniai.","og_url":"https:\/\/jekpo.com\/de\/p\/steinsammelschaufel\/","og_site_name":"JEKPO","article_publisher":"https:\/\/www.facebook.com\/profile.php?id=61564816725405","article_modified_time":"2025-10-01T10:26:12+00:00","og_image":[{"width":1000,"height":1000,"url":"https:\/\/jekpo.com\/wp-content\/uploads\/2025\/05\/kausas-akmenims-jekpo-mini-traktoriukai.png","type":"image\/png"}],"twitter_card":"summary_large_image","twitter_misc":{"Gesch\u00e4tzte Lesezeit":"1\u00a0Minute"},"schema":{"@context":"https:\/\/schema.org","@graph":[{"@type":"WebPage","@id":"https:\/\/jekpo.com\/de\/p\/steinsammelschaufel\/","url":"https:\/\/jekpo.com\/de\/p\/steinsammelschaufel\/","name":"Steinsammelschaufel lauk\u0173 valymui nuo akmen\u0173 | JEKPO.COM","isPartOf":{"@id":"https:\/\/jekpo.com\/de\/#website"},"primaryImageOfPage":{"@id":"https:\/\/jekpo.com\/de\/p\/steinsammelschaufel\/#primaryimage"},"image":{"@id":"https:\/\/jekpo.com\/de\/p\/steinsammelschaufel\/#primaryimage"},"thumbnailUrl":"https:\/\/jekpo.com\/wp-content\/uploads\/2025\/05\/kausas-akmenims-jekpo-mini-traktoriukai.png","datePublished":"2025-05-30T10:58:04+00:00","dateModified":"2025-10-01T10:26:12+00:00","description":"Kau\u0161as akmenims JEKPO krautuvui \u2013 greitam akmen\u0173 rinkimui i\u0161 lauk\u0173, statybvie\u010di\u0173 ar sodybos teritorijos. Sutaupyk laik\u0105 \u2013 dirbk i\u0161maniai.","breadcrumb":{"@id":"https:\/\/jekpo.com\/de\/p\/steinsammelschaufel\/#breadcrumb"},"inLanguage":"de","potentialAction":[{"@type":"ReadAction","target":["https:\/\/jekpo.com\/de\/p\/steinsammelschaufel\/"]}]},{"@type":"ImageObject","inLanguage":"de","@id":"https:\/\/jekpo.com\/de\/p\/steinsammelschaufel\/#primaryimage","url":"https:\/\/jekpo.com\/wp-content\/uploads\/2025\/05\/kausas-akmenims-jekpo-mini-traktoriukai.png","contentUrl":"https:\/\/jekpo.com\/wp-content\/uploads\/2025\/05\/kausas-akmenims-jekpo-mini-traktoriukai.png","width":1000,"height":1000,"caption":"kausas-akmenims-jekpo-mini-traktoriukai"},{"@type":"BreadcrumbList","@id":"https:\/\/jekpo.com\/de\/p\/steinsammelschaufel\/#breadcrumb","itemListElement":[{"@type":"ListItem","position":1,"name":"Home","item":"https:\/\/jekpo.com\/de\/"},{"@type":"ListItem","position":2,"name":"Technik","item":"https:\/\/jekpo.com\/de\/technik\/"},{"@type":"ListItem","position":3,"name":"Steinsammelschaufel"}]},{"@type":"WebSite","@id":"https:\/\/jekpo.com\/de\/#website","url":"https:\/\/jekpo.com\/de\/","name":"JEKPO","description":"atsakingas j\u016bs\u0173 partneris \u017eem\u0117s \u016bkio, sodo ir smulkiosios technikos pasaulyje","publisher":{"@id":"https:\/\/jekpo.com\/de\/#organization"},"potentialAction":[{"@type":"SearchAction","target":{"@type":"EntryPoint","urlTemplate":"https:\/\/jekpo.com\/de\/?s={search_term_string}"},"query-input":{"@type":"PropertyValueSpecification","valueRequired":true,"valueName":"search_term_string"}}],"inLanguage":"de"},{"@type":"Organization","@id":"https:\/\/jekpo.com\/de\/#organization","name":"JEKPO","url":"https:\/\/jekpo.com\/de\/","logo":{"@type":"ImageObject","inLanguage":"de","@id":"https:\/\/jekpo.com\/de\/#\/schema\/logo\/image\/","url":"https:\/\/jekpo.com\/wp-content\/uploads\/2025\/03\/JEKPO-logo-trans-e1749117872556-300x201-2.webp","contentUrl":"https:\/\/jekpo.com\/wp-content\/uploads\/2025\/03\/JEKPO-logo-trans-e1749117872556-300x201-2.webp","width":300,"height":201,"caption":"JEKPO"},"image":{"@id":"https:\/\/jekpo.com\/de\/#\/schema\/logo\/image\/"},"sameAs":["https:\/\/www.facebook.com\/profile.php?id=61564816725405","https:\/\/www.instagram.com\/jekpo_ltu\/?igsh=cWh1ZDhyamEzOWQz&utm_source=qr#","https:\/\/www.tiktok.com\/@jekpo_ltu?is_from_webapp=1&sender_device=pc"]}]}},"_links":{"self":[{"href":"https:\/\/jekpo.com\/de\/wp-json\/wp\/v2\/product\/2428","targetHints":{"allow":["GET"]}}],"collection":[{"href":"https:\/\/jekpo.com\/de\/wp-json\/wp\/v2\/product"}],"about":[{"href":"https:\/\/jekpo.com\/de\/wp-json\/wp\/v2\/types\/product"}],"replies":[{"embeddable":true,"href":"https:\/\/jekpo.com\/de\/wp-json\/wp\/v2\/comments?post=2428"}],"wp:featuredmedia":[{"embeddable":true,"href":"https:\/\/jekpo.com\/de\/wp-json\/wp\/v2\/media\/3288"}],"wp:attachment":[{"href":"https:\/\/jekpo.com\/de\/wp-json\/wp\/v2\/media?parent=2428"}],"wp:term":[{"taxonomy":"product_brand","embeddable":true,"href":"https:\/\/jekpo.com\/de\/wp-json\/wp\/v2\/product_brand?post=2428"},{"taxonomy":"product_cat","embeddable":true,"href":"https:\/\/jekpo.com\/de\/wp-json\/wp\/v2\/product_cat?post=2428"},{"taxonomy":"product_tag","embeddable":true,"href":"https:\/\/jekpo.com\/de\/wp-json\/wp\/v2\/product_tag?post=2428"},{"taxonomy":"pritaikomumas","embeddable":true,"href":"https:\/\/jekpo.com\/de\/wp-json\/wp\/v2\/pritaikomumas?post=2428"},{"taxonomy":"variklio-tipas","embeddable":true,"href":"https:\/\/jekpo.com\/de\/wp-json\/wp\/v2\/variklio-tipas?post=2428"}],"curies":[{"name":"wp","href":"https:\/\/api.w.org\/{rel}","templated":true}]}}