{"id":2421,"date":"2025-05-30T13:34:25","date_gmt":"2025-05-30T10:34:25","guid":{"rendered":"https:\/\/jekpo.com\/?post_type=product&#038;p=2421"},"modified":"2025-10-01T13:18:22","modified_gmt":"2025-10-01T10:18:22","slug":"bodenplanierer","status":"publish","type":"product","link":"https:\/\/jekpo.com\/de\/p\/bodenplanierer\/","title":{"rendered":"Bodenplanierer"},"content":{"rendered":"<p data-start=\"61\" data-end=\"406\">Der Planierer ist f\u00fcr das Einebnen von Erde, Kies oder anderen Sch\u00fcttg\u00fctern konzipiert. Mit einer Arbeitsbreite von 1100 mm lassen sich auch gr\u00f6\u00dfere Fl\u00e4chen effizient bearbeiten \u2013 f\u00fcr ein gleichm\u00e4\u00dfiges und schnelles Ergebnis. Eine zuverl\u00e4ssige Wahl f\u00fcr Landschaftsgestaltung, Bauprojekte und landwirtschaftliche Anwendungen.<\/p>\n","protected":false},"excerpt":{"rendered":"<p>Der Planierer ist f\u00fcr das Einebnen von Erde, Kies oder anderen Sch\u00fcttg\u00fctern konzipiert. Mit einer Arbeitsbreite von 1100 mm lassen sich auch gr\u00f6\u00dfere Fl\u00e4chen effizient bearbeiten \u2013 f\u00fcr ein gleichm\u00e4\u00dfiges und schnelles Ergebnis. Eine zuverl\u00e4ssige Wahl f\u00fcr Landschaftsgestaltung, Bauprojekte und landwirtschaftliche Anwendungen.<\/p>\n","protected":false},"featured_media":3285,"comment_status":"closed","ping_status":"closed","template":"","meta":[],"product_brand":[],"product_cat":[75],"product_tag":[],"pritaikomumas":[],"variklio-tipas":[],"class_list":{"0":"post-2421","1":"product","2":"type-product","3":"status-publish","4":"has-post-thumbnail","6":"product_cat-kompaktlader-anbaugeraete","8":"first","9":"instock","10":"sale","11":"sold-individually","12":"taxable","13":"shipping-taxable","14":"purchasable","15":"product-type-simple"},"yoast_head":"<!-- This site is optimized with the Yoast SEO plugin v27.4 - https:\/\/yoast.com\/product\/yoast-seo-wordpress\/ -->\n<title>Bodenplanierer tobulam pavir\u0161iui | JEKPO.COM<\/title>\n<meta name=\"description\" content=\"Tikslus \u017eemi\u0173 lygintuvas JEKPO krautuvui \u2013 reljefo formavimui ir sklypo paruo\u0161imui. Tinka \u016bkiui, sodybai ar statyb\u0173 aik\u0161telei. \u017dem\u0117s darb\u0173 u\u017ebaigimui.\" \/>\n<meta name=\"robots\" content=\"index, follow, max-snippet:-1, max-image-preview:large, max-video-preview:-1\" \/>\n<link rel=\"canonical\" href=\"https:\/\/jekpo.com\/de\/p\/bodenplanierer\/\" \/>\n<meta property=\"og:locale\" content=\"de_DE\" \/>\n<meta property=\"og:type\" content=\"article\" \/>\n<meta property=\"og:title\" content=\"Bodenplanierer tobulam pavir\u0161iui | JEKPO.COM\" \/>\n<meta property=\"og:description\" content=\"Tikslus \u017eemi\u0173 lygintuvas JEKPO krautuvui \u2013 reljefo formavimui ir sklypo paruo\u0161imui. Tinka \u016bkiui, sodybai ar statyb\u0173 aik\u0161telei. \u017dem\u0117s darb\u0173 u\u017ebaigimui.\" \/>\n<meta property=\"og:url\" content=\"https:\/\/jekpo.com\/de\/p\/bodenplanierer\/\" \/>\n<meta property=\"og:site_name\" content=\"JEKPO\" \/>\n<meta property=\"article:publisher\" content=\"https:\/\/www.facebook.com\/profile.php?id=61564816725405\" \/>\n<meta property=\"article:modified_time\" content=\"2025-10-01T10:18:22+00:00\" \/>\n<meta property=\"og:image\" content=\"https:\/\/jekpo.com\/wp-content\/uploads\/2025\/05\/zemiu-lygintuvas-jekpo-mini-traktoriukai.png\" \/>\n\t<meta property=\"og:image:width\" content=\"1000\" \/>\n\t<meta property=\"og:image:height\" content=\"1000\" \/>\n\t<meta property=\"og:image:type\" content=\"image\/png\" \/>\n<meta name=\"twitter:card\" content=\"summary_large_image\" \/>\n<meta name=\"twitter:label1\" content=\"Gesch\u00e4tzte Lesezeit\" \/>\n\t<meta name=\"twitter:data1\" content=\"1\u00a0Minute\" \/>\n<script type=\"application\/ld+json\" class=\"yoast-schema-graph\">{\"@context\":\"https:\\\/\\\/schema.org\",\"@graph\":[{\"@type\":\"WebPage\",\"@id\":\"https:\\\/\\\/jekpo.com\\\/de\\\/p\\\/bodenplanierer\\\/\",\"url\":\"https:\\\/\\\/jekpo.com\\\/de\\\/p\\\/bodenplanierer\\\/\",\"name\":\"Bodenplanierer tobulam pavir\u0161iui | JEKPO.COM\",\"isPartOf\":{\"@id\":\"https:\\\/\\\/jekpo.com\\\/de\\\/#website\"},\"primaryImageOfPage\":{\"@id\":\"https:\\\/\\\/jekpo.com\\\/de\\\/p\\\/bodenplanierer\\\/#primaryimage\"},\"image\":{\"@id\":\"https:\\\/\\\/jekpo.com\\\/de\\\/p\\\/bodenplanierer\\\/#primaryimage\"},\"thumbnailUrl\":\"https:\\\/\\\/jekpo.com\\\/wp-content\\\/uploads\\\/2025\\\/05\\\/zemiu-lygintuvas-jekpo-mini-traktoriukai.png\",\"datePublished\":\"2025-05-30T10:34:25+00:00\",\"dateModified\":\"2025-10-01T10:18:22+00:00\",\"description\":\"Tikslus \u017eemi\u0173 lygintuvas JEKPO krautuvui \u2013 reljefo formavimui ir sklypo paruo\u0161imui. Tinka \u016bkiui, sodybai ar statyb\u0173 aik\u0161telei. \u017dem\u0117s darb\u0173 u\u017ebaigimui.\",\"breadcrumb\":{\"@id\":\"https:\\\/\\\/jekpo.com\\\/de\\\/p\\\/bodenplanierer\\\/#breadcrumb\"},\"inLanguage\":\"de\",\"potentialAction\":[{\"@type\":\"ReadAction\",\"target\":[\"https:\\\/\\\/jekpo.com\\\/de\\\/p\\\/bodenplanierer\\\/\"]}]},{\"@type\":\"ImageObject\",\"inLanguage\":\"de\",\"@id\":\"https:\\\/\\\/jekpo.com\\\/de\\\/p\\\/bodenplanierer\\\/#primaryimage\",\"url\":\"https:\\\/\\\/jekpo.com\\\/wp-content\\\/uploads\\\/2025\\\/05\\\/zemiu-lygintuvas-jekpo-mini-traktoriukai.png\",\"contentUrl\":\"https:\\\/\\\/jekpo.com\\\/wp-content\\\/uploads\\\/2025\\\/05\\\/zemiu-lygintuvas-jekpo-mini-traktoriukai.png\",\"width\":1000,\"height\":1000,\"caption\":\"zemiu-lygintuvas-jekpo-mini-traktoriukai\"},{\"@type\":\"BreadcrumbList\",\"@id\":\"https:\\\/\\\/jekpo.com\\\/de\\\/p\\\/bodenplanierer\\\/#breadcrumb\",\"itemListElement\":[{\"@type\":\"ListItem\",\"position\":1,\"name\":\"Home\",\"item\":\"https:\\\/\\\/jekpo.com\\\/de\\\/\"},{\"@type\":\"ListItem\",\"position\":2,\"name\":\"Technik\",\"item\":\"https:\\\/\\\/jekpo.com\\\/de\\\/technik\\\/\"},{\"@type\":\"ListItem\",\"position\":3,\"name\":\"Bodenplanierer\"}]},{\"@type\":\"WebSite\",\"@id\":\"https:\\\/\\\/jekpo.com\\\/de\\\/#website\",\"url\":\"https:\\\/\\\/jekpo.com\\\/de\\\/\",\"name\":\"JEKPO\",\"description\":\"atsakingas j\u016bs\u0173 partneris \u017eem\u0117s \u016bkio, sodo ir smulkiosios technikos pasaulyje\",\"publisher\":{\"@id\":\"https:\\\/\\\/jekpo.com\\\/de\\\/#organization\"},\"potentialAction\":[{\"@type\":\"SearchAction\",\"target\":{\"@type\":\"EntryPoint\",\"urlTemplate\":\"https:\\\/\\\/jekpo.com\\\/de\\\/?s={search_term_string}\"},\"query-input\":{\"@type\":\"PropertyValueSpecification\",\"valueRequired\":true,\"valueName\":\"search_term_string\"}}],\"inLanguage\":\"de\"},{\"@type\":\"Organization\",\"@id\":\"https:\\\/\\\/jekpo.com\\\/de\\\/#organization\",\"name\":\"JEKPO\",\"url\":\"https:\\\/\\\/jekpo.com\\\/de\\\/\",\"logo\":{\"@type\":\"ImageObject\",\"inLanguage\":\"de\",\"@id\":\"https:\\\/\\\/jekpo.com\\\/de\\\/#\\\/schema\\\/logo\\\/image\\\/\",\"url\":\"https:\\\/\\\/jekpo.com\\\/wp-content\\\/uploads\\\/2025\\\/03\\\/JEKPO-logo-trans-e1749117872556-300x201-2.webp\",\"contentUrl\":\"https:\\\/\\\/jekpo.com\\\/wp-content\\\/uploads\\\/2025\\\/03\\\/JEKPO-logo-trans-e1749117872556-300x201-2.webp\",\"width\":300,\"height\":201,\"caption\":\"JEKPO\"},\"image\":{\"@id\":\"https:\\\/\\\/jekpo.com\\\/de\\\/#\\\/schema\\\/logo\\\/image\\\/\"},\"sameAs\":[\"https:\\\/\\\/www.facebook.com\\\/profile.php?id=61564816725405\",\"https:\\\/\\\/www.instagram.com\\\/jekpo_ltu\\\/?igsh=cWh1ZDhyamEzOWQz&utm_source=qr#\",\"https:\\\/\\\/www.tiktok.com\\\/@jekpo_ltu?is_from_webapp=1&sender_device=pc\"]}]}<\/script>\n<!-- \/ Yoast SEO plugin. -->","yoast_head_json":{"title":"Bodenplanierer tobulam pavir\u0161iui | JEKPO.COM","description":"Tikslus \u017eemi\u0173 lygintuvas JEKPO krautuvui \u2013 reljefo formavimui ir sklypo paruo\u0161imui. Tinka \u016bkiui, sodybai ar statyb\u0173 aik\u0161telei. \u017dem\u0117s darb\u0173 u\u017ebaigimui.","robots":{"index":"index","follow":"follow","max-snippet":"max-snippet:-1","max-image-preview":"max-image-preview:large","max-video-preview":"max-video-preview:-1"},"canonical":"https:\/\/jekpo.com\/de\/p\/bodenplanierer\/","og_locale":"de_DE","og_type":"article","og_title":"Bodenplanierer tobulam pavir\u0161iui | JEKPO.COM","og_description":"Tikslus \u017eemi\u0173 lygintuvas JEKPO krautuvui \u2013 reljefo formavimui ir sklypo paruo\u0161imui. Tinka \u016bkiui, sodybai ar statyb\u0173 aik\u0161telei. \u017dem\u0117s darb\u0173 u\u017ebaigimui.","og_url":"https:\/\/jekpo.com\/de\/p\/bodenplanierer\/","og_site_name":"JEKPO","article_publisher":"https:\/\/www.facebook.com\/profile.php?id=61564816725405","article_modified_time":"2025-10-01T10:18:22+00:00","og_image":[{"width":1000,"height":1000,"url":"https:\/\/jekpo.com\/wp-content\/uploads\/2025\/05\/zemiu-lygintuvas-jekpo-mini-traktoriukai.png","type":"image\/png"}],"twitter_card":"summary_large_image","twitter_misc":{"Gesch\u00e4tzte Lesezeit":"1\u00a0Minute"},"schema":{"@context":"https:\/\/schema.org","@graph":[{"@type":"WebPage","@id":"https:\/\/jekpo.com\/de\/p\/bodenplanierer\/","url":"https:\/\/jekpo.com\/de\/p\/bodenplanierer\/","name":"Bodenplanierer tobulam pavir\u0161iui | JEKPO.COM","isPartOf":{"@id":"https:\/\/jekpo.com\/de\/#website"},"primaryImageOfPage":{"@id":"https:\/\/jekpo.com\/de\/p\/bodenplanierer\/#primaryimage"},"image":{"@id":"https:\/\/jekpo.com\/de\/p\/bodenplanierer\/#primaryimage"},"thumbnailUrl":"https:\/\/jekpo.com\/wp-content\/uploads\/2025\/05\/zemiu-lygintuvas-jekpo-mini-traktoriukai.png","datePublished":"2025-05-30T10:34:25+00:00","dateModified":"2025-10-01T10:18:22+00:00","description":"Tikslus \u017eemi\u0173 lygintuvas JEKPO krautuvui \u2013 reljefo formavimui ir sklypo paruo\u0161imui. Tinka \u016bkiui, sodybai ar statyb\u0173 aik\u0161telei. \u017dem\u0117s darb\u0173 u\u017ebaigimui.","breadcrumb":{"@id":"https:\/\/jekpo.com\/de\/p\/bodenplanierer\/#breadcrumb"},"inLanguage":"de","potentialAction":[{"@type":"ReadAction","target":["https:\/\/jekpo.com\/de\/p\/bodenplanierer\/"]}]},{"@type":"ImageObject","inLanguage":"de","@id":"https:\/\/jekpo.com\/de\/p\/bodenplanierer\/#primaryimage","url":"https:\/\/jekpo.com\/wp-content\/uploads\/2025\/05\/zemiu-lygintuvas-jekpo-mini-traktoriukai.png","contentUrl":"https:\/\/jekpo.com\/wp-content\/uploads\/2025\/05\/zemiu-lygintuvas-jekpo-mini-traktoriukai.png","width":1000,"height":1000,"caption":"zemiu-lygintuvas-jekpo-mini-traktoriukai"},{"@type":"BreadcrumbList","@id":"https:\/\/jekpo.com\/de\/p\/bodenplanierer\/#breadcrumb","itemListElement":[{"@type":"ListItem","position":1,"name":"Home","item":"https:\/\/jekpo.com\/de\/"},{"@type":"ListItem","position":2,"name":"Technik","item":"https:\/\/jekpo.com\/de\/technik\/"},{"@type":"ListItem","position":3,"name":"Bodenplanierer"}]},{"@type":"WebSite","@id":"https:\/\/jekpo.com\/de\/#website","url":"https:\/\/jekpo.com\/de\/","name":"JEKPO","description":"atsakingas j\u016bs\u0173 partneris \u017eem\u0117s \u016bkio, sodo ir smulkiosios technikos pasaulyje","publisher":{"@id":"https:\/\/jekpo.com\/de\/#organization"},"potentialAction":[{"@type":"SearchAction","target":{"@type":"EntryPoint","urlTemplate":"https:\/\/jekpo.com\/de\/?s={search_term_string}"},"query-input":{"@type":"PropertyValueSpecification","valueRequired":true,"valueName":"search_term_string"}}],"inLanguage":"de"},{"@type":"Organization","@id":"https:\/\/jekpo.com\/de\/#organization","name":"JEKPO","url":"https:\/\/jekpo.com\/de\/","logo":{"@type":"ImageObject","inLanguage":"de","@id":"https:\/\/jekpo.com\/de\/#\/schema\/logo\/image\/","url":"https:\/\/jekpo.com\/wp-content\/uploads\/2025\/03\/JEKPO-logo-trans-e1749117872556-300x201-2.webp","contentUrl":"https:\/\/jekpo.com\/wp-content\/uploads\/2025\/03\/JEKPO-logo-trans-e1749117872556-300x201-2.webp","width":300,"height":201,"caption":"JEKPO"},"image":{"@id":"https:\/\/jekpo.com\/de\/#\/schema\/logo\/image\/"},"sameAs":["https:\/\/www.facebook.com\/profile.php?id=61564816725405","https:\/\/www.instagram.com\/jekpo_ltu\/?igsh=cWh1ZDhyamEzOWQz&utm_source=qr#","https:\/\/www.tiktok.com\/@jekpo_ltu?is_from_webapp=1&sender_device=pc"]}]}},"_links":{"self":[{"href":"https:\/\/jekpo.com\/de\/wp-json\/wp\/v2\/product\/2421","targetHints":{"allow":["GET"]}}],"collection":[{"href":"https:\/\/jekpo.com\/de\/wp-json\/wp\/v2\/product"}],"about":[{"href":"https:\/\/jekpo.com\/de\/wp-json\/wp\/v2\/types\/product"}],"replies":[{"embeddable":true,"href":"https:\/\/jekpo.com\/de\/wp-json\/wp\/v2\/comments?post=2421"}],"wp:featuredmedia":[{"embeddable":true,"href":"https:\/\/jekpo.com\/de\/wp-json\/wp\/v2\/media\/3285"}],"wp:attachment":[{"href":"https:\/\/jekpo.com\/de\/wp-json\/wp\/v2\/media?parent=2421"}],"wp:term":[{"taxonomy":"product_brand","embeddable":true,"href":"https:\/\/jekpo.com\/de\/wp-json\/wp\/v2\/product_brand?post=2421"},{"taxonomy":"product_cat","embeddable":true,"href":"https:\/\/jekpo.com\/de\/wp-json\/wp\/v2\/product_cat?post=2421"},{"taxonomy":"product_tag","embeddable":true,"href":"https:\/\/jekpo.com\/de\/wp-json\/wp\/v2\/product_tag?post=2421"},{"taxonomy":"pritaikomumas","embeddable":true,"href":"https:\/\/jekpo.com\/de\/wp-json\/wp\/v2\/pritaikomumas?post=2421"},{"taxonomy":"variklio-tipas","embeddable":true,"href":"https:\/\/jekpo.com\/de\/wp-json\/wp\/v2\/variklio-tipas?post=2421"}],"curies":[{"name":"wp","href":"https:\/\/api.w.org\/{rel}","templated":true}]}}