{"id":2419,"date":"2025-05-30T13:31:24","date_gmt":"2025-05-30T10:31:24","guid":{"rendered":"https:\/\/jekpo.com\/?post_type=product&#038;p=2419"},"modified":"2025-10-01T13:16:30","modified_gmt":"2025-10-01T10:16:30","slug":"haecksler-schredder-fuer-aeste","status":"publish","type":"product","link":"https:\/\/jekpo.com\/de\/p\/haecksler-schredder-fuer-aeste\/","title":{"rendered":"H\u00e4cksler \/ Schredder f\u00fcr \u00c4ste"},"content":{"rendered":"<p data-start=\"76\" data-end=\"455\">Der H\u00e4cksler ist f\u00fcr das effiziente Zerkleinern von Baum\u00e4sten, Str\u00e4uchern und anderen Pflanzenresten konzipiert. Dank seiner kompakten Bauweise l\u00e4sst er sich auch auf engeren Arbeitsfl\u00e4chen problemlos einsetzen. Eine ideale L\u00f6sung f\u00fcr G\u00e4rten, Parks und landwirtschaftliche Arbeiten, bei denen Schnittabf\u00e4lle schnell und zuverl\u00e4ssig verarbeitet werden m\u00fcssen.<\/p>\n","protected":false},"excerpt":{"rendered":"<p>Der H\u00e4cksler ist f\u00fcr das effiziente Zerkleinern von Baum\u00e4sten, Str\u00e4uchern und anderen Pflanzenresten konzipiert. Dank seiner kompakten Bauweise l\u00e4sst er sich auch auf engeren Arbeitsfl\u00e4chen problemlos einsetzen. Eine ideale L\u00f6sung f\u00fcr G\u00e4rten, Parks und landwirtschaftliche Arbeiten, bei denen Schnittabf\u00e4lle schnell und zuverl\u00e4ssig verarbeitet werden m\u00fcssen.<\/p>\n","protected":false},"featured_media":3297,"comment_status":"closed","ping_status":"closed","template":"","meta":[],"product_brand":[],"product_cat":[75],"product_tag":[],"pritaikomumas":[],"variklio-tipas":[],"class_list":{"0":"post-2419","1":"product","2":"type-product","3":"status-publish","4":"has-post-thumbnail","6":"product_cat-kompaktlader-anbaugeraete","8":"first","9":"instock","10":"sale","11":"sold-individually","12":"taxable","13":"shipping-taxable","14":"purchasable","15":"product-type-simple"},"yoast_head":"<!-- This site is optimized with the Yoast SEO plugin v27.4 - https:\/\/yoast.com\/product\/yoast-seo-wordpress\/ -->\n<title>H\u00e4cksler \/ Schredder f\u00fcr \u00c4ste krautuvui \u2013 galingas sprendimas | JEKPO.COM<\/title>\n<meta name=\"description\" content=\"\u0160ak\u0173 smulkintuvas JEKPO krautuvui \u2013 puikiai tinka \u017eeldini\u0173, med\u017ei\u0173 atliek\u0173 ir kr\u016bm\u0173 smulkinimui. Tvarkyk aplink\u0105 greitai be papildom\u0173 i\u0161laid\u0173 utilizavimui.\" \/>\n<meta name=\"robots\" content=\"index, follow, max-snippet:-1, max-image-preview:large, max-video-preview:-1\" \/>\n<link rel=\"canonical\" href=\"https:\/\/jekpo.com\/de\/p\/haecksler-schredder-fuer-aeste\/\" \/>\n<meta property=\"og:locale\" content=\"de_DE\" \/>\n<meta property=\"og:type\" content=\"article\" \/>\n<meta property=\"og:title\" content=\"H\u00e4cksler \/ Schredder f\u00fcr \u00c4ste krautuvui \u2013 galingas sprendimas | JEKPO.COM\" \/>\n<meta property=\"og:description\" content=\"\u0160ak\u0173 smulkintuvas JEKPO krautuvui \u2013 puikiai tinka \u017eeldini\u0173, med\u017ei\u0173 atliek\u0173 ir kr\u016bm\u0173 smulkinimui. Tvarkyk aplink\u0105 greitai be papildom\u0173 i\u0161laid\u0173 utilizavimui.\" \/>\n<meta property=\"og:url\" content=\"https:\/\/jekpo.com\/de\/p\/haecksler-schredder-fuer-aeste\/\" \/>\n<meta property=\"og:site_name\" content=\"JEKPO\" \/>\n<meta property=\"article:publisher\" content=\"https:\/\/www.facebook.com\/profile.php?id=61564816725405\" \/>\n<meta property=\"article:modified_time\" content=\"2025-10-01T10:16:30+00:00\" \/>\n<meta property=\"og:image\" content=\"https:\/\/jekpo.com\/wp-content\/uploads\/2025\/05\/saku-smulkintuvas-jekpo-mini-traktoriukai.png\" \/>\n\t<meta property=\"og:image:width\" content=\"1000\" \/>\n\t<meta property=\"og:image:height\" content=\"1000\" \/>\n\t<meta property=\"og:image:type\" content=\"image\/png\" \/>\n<meta name=\"twitter:card\" content=\"summary_large_image\" \/>\n<meta name=\"twitter:label1\" content=\"Gesch\u00e4tzte Lesezeit\" \/>\n\t<meta name=\"twitter:data1\" content=\"1\u00a0Minute\" \/>\n<script type=\"application\/ld+json\" class=\"yoast-schema-graph\">{\"@context\":\"https:\\\/\\\/schema.org\",\"@graph\":[{\"@type\":\"WebPage\",\"@id\":\"https:\\\/\\\/jekpo.com\\\/de\\\/p\\\/haecksler-schredder-fuer-aeste\\\/\",\"url\":\"https:\\\/\\\/jekpo.com\\\/de\\\/p\\\/haecksler-schredder-fuer-aeste\\\/\",\"name\":\"H\u00e4cksler \\\/ Schredder f\u00fcr \u00c4ste krautuvui \u2013 galingas sprendimas | JEKPO.COM\",\"isPartOf\":{\"@id\":\"https:\\\/\\\/jekpo.com\\\/de\\\/#website\"},\"primaryImageOfPage\":{\"@id\":\"https:\\\/\\\/jekpo.com\\\/de\\\/p\\\/haecksler-schredder-fuer-aeste\\\/#primaryimage\"},\"image\":{\"@id\":\"https:\\\/\\\/jekpo.com\\\/de\\\/p\\\/haecksler-schredder-fuer-aeste\\\/#primaryimage\"},\"thumbnailUrl\":\"https:\\\/\\\/jekpo.com\\\/wp-content\\\/uploads\\\/2025\\\/05\\\/saku-smulkintuvas-jekpo-mini-traktoriukai.png\",\"datePublished\":\"2025-05-30T10:31:24+00:00\",\"dateModified\":\"2025-10-01T10:16:30+00:00\",\"description\":\"\u0160ak\u0173 smulkintuvas JEKPO krautuvui \u2013 puikiai tinka \u017eeldini\u0173, med\u017ei\u0173 atliek\u0173 ir kr\u016bm\u0173 smulkinimui. Tvarkyk aplink\u0105 greitai be papildom\u0173 i\u0161laid\u0173 utilizavimui.\",\"breadcrumb\":{\"@id\":\"https:\\\/\\\/jekpo.com\\\/de\\\/p\\\/haecksler-schredder-fuer-aeste\\\/#breadcrumb\"},\"inLanguage\":\"de\",\"potentialAction\":[{\"@type\":\"ReadAction\",\"target\":[\"https:\\\/\\\/jekpo.com\\\/de\\\/p\\\/haecksler-schredder-fuer-aeste\\\/\"]}]},{\"@type\":\"ImageObject\",\"inLanguage\":\"de\",\"@id\":\"https:\\\/\\\/jekpo.com\\\/de\\\/p\\\/haecksler-schredder-fuer-aeste\\\/#primaryimage\",\"url\":\"https:\\\/\\\/jekpo.com\\\/wp-content\\\/uploads\\\/2025\\\/05\\\/saku-smulkintuvas-jekpo-mini-traktoriukai.png\",\"contentUrl\":\"https:\\\/\\\/jekpo.com\\\/wp-content\\\/uploads\\\/2025\\\/05\\\/saku-smulkintuvas-jekpo-mini-traktoriukai.png\",\"width\":1000,\"height\":1000,\"caption\":\"saku-smulkintuvas-jekpo-mini-traktoriukai\"},{\"@type\":\"BreadcrumbList\",\"@id\":\"https:\\\/\\\/jekpo.com\\\/de\\\/p\\\/haecksler-schredder-fuer-aeste\\\/#breadcrumb\",\"itemListElement\":[{\"@type\":\"ListItem\",\"position\":1,\"name\":\"Home\",\"item\":\"https:\\\/\\\/jekpo.com\\\/de\\\/\"},{\"@type\":\"ListItem\",\"position\":2,\"name\":\"Technik\",\"item\":\"https:\\\/\\\/jekpo.com\\\/de\\\/technik\\\/\"},{\"@type\":\"ListItem\",\"position\":3,\"name\":\"H\u00e4cksler \\\/ Schredder f\u00fcr \u00c4ste\"}]},{\"@type\":\"WebSite\",\"@id\":\"https:\\\/\\\/jekpo.com\\\/de\\\/#website\",\"url\":\"https:\\\/\\\/jekpo.com\\\/de\\\/\",\"name\":\"JEKPO\",\"description\":\"atsakingas j\u016bs\u0173 partneris \u017eem\u0117s \u016bkio, sodo ir smulkiosios technikos pasaulyje\",\"publisher\":{\"@id\":\"https:\\\/\\\/jekpo.com\\\/de\\\/#organization\"},\"potentialAction\":[{\"@type\":\"SearchAction\",\"target\":{\"@type\":\"EntryPoint\",\"urlTemplate\":\"https:\\\/\\\/jekpo.com\\\/de\\\/?s={search_term_string}\"},\"query-input\":{\"@type\":\"PropertyValueSpecification\",\"valueRequired\":true,\"valueName\":\"search_term_string\"}}],\"inLanguage\":\"de\"},{\"@type\":\"Organization\",\"@id\":\"https:\\\/\\\/jekpo.com\\\/de\\\/#organization\",\"name\":\"JEKPO\",\"url\":\"https:\\\/\\\/jekpo.com\\\/de\\\/\",\"logo\":{\"@type\":\"ImageObject\",\"inLanguage\":\"de\",\"@id\":\"https:\\\/\\\/jekpo.com\\\/de\\\/#\\\/schema\\\/logo\\\/image\\\/\",\"url\":\"https:\\\/\\\/jekpo.com\\\/wp-content\\\/uploads\\\/2025\\\/03\\\/JEKPO-logo-trans-e1749117872556-300x201-2.webp\",\"contentUrl\":\"https:\\\/\\\/jekpo.com\\\/wp-content\\\/uploads\\\/2025\\\/03\\\/JEKPO-logo-trans-e1749117872556-300x201-2.webp\",\"width\":300,\"height\":201,\"caption\":\"JEKPO\"},\"image\":{\"@id\":\"https:\\\/\\\/jekpo.com\\\/de\\\/#\\\/schema\\\/logo\\\/image\\\/\"},\"sameAs\":[\"https:\\\/\\\/www.facebook.com\\\/profile.php?id=61564816725405\",\"https:\\\/\\\/www.instagram.com\\\/jekpo_ltu\\\/?igsh=cWh1ZDhyamEzOWQz&utm_source=qr#\",\"https:\\\/\\\/www.tiktok.com\\\/@jekpo_ltu?is_from_webapp=1&sender_device=pc\"]}]}<\/script>\n<!-- \/ Yoast SEO plugin. -->","yoast_head_json":{"title":"H\u00e4cksler \/ Schredder f\u00fcr \u00c4ste krautuvui \u2013 galingas sprendimas | JEKPO.COM","description":"\u0160ak\u0173 smulkintuvas JEKPO krautuvui \u2013 puikiai tinka \u017eeldini\u0173, med\u017ei\u0173 atliek\u0173 ir kr\u016bm\u0173 smulkinimui. Tvarkyk aplink\u0105 greitai be papildom\u0173 i\u0161laid\u0173 utilizavimui.","robots":{"index":"index","follow":"follow","max-snippet":"max-snippet:-1","max-image-preview":"max-image-preview:large","max-video-preview":"max-video-preview:-1"},"canonical":"https:\/\/jekpo.com\/de\/p\/haecksler-schredder-fuer-aeste\/","og_locale":"de_DE","og_type":"article","og_title":"H\u00e4cksler \/ Schredder f\u00fcr \u00c4ste krautuvui \u2013 galingas sprendimas | JEKPO.COM","og_description":"\u0160ak\u0173 smulkintuvas JEKPO krautuvui \u2013 puikiai tinka \u017eeldini\u0173, med\u017ei\u0173 atliek\u0173 ir kr\u016bm\u0173 smulkinimui. Tvarkyk aplink\u0105 greitai be papildom\u0173 i\u0161laid\u0173 utilizavimui.","og_url":"https:\/\/jekpo.com\/de\/p\/haecksler-schredder-fuer-aeste\/","og_site_name":"JEKPO","article_publisher":"https:\/\/www.facebook.com\/profile.php?id=61564816725405","article_modified_time":"2025-10-01T10:16:30+00:00","og_image":[{"width":1000,"height":1000,"url":"https:\/\/jekpo.com\/wp-content\/uploads\/2025\/05\/saku-smulkintuvas-jekpo-mini-traktoriukai.png","type":"image\/png"}],"twitter_card":"summary_large_image","twitter_misc":{"Gesch\u00e4tzte Lesezeit":"1\u00a0Minute"},"schema":{"@context":"https:\/\/schema.org","@graph":[{"@type":"WebPage","@id":"https:\/\/jekpo.com\/de\/p\/haecksler-schredder-fuer-aeste\/","url":"https:\/\/jekpo.com\/de\/p\/haecksler-schredder-fuer-aeste\/","name":"H\u00e4cksler \/ Schredder f\u00fcr \u00c4ste krautuvui \u2013 galingas sprendimas | JEKPO.COM","isPartOf":{"@id":"https:\/\/jekpo.com\/de\/#website"},"primaryImageOfPage":{"@id":"https:\/\/jekpo.com\/de\/p\/haecksler-schredder-fuer-aeste\/#primaryimage"},"image":{"@id":"https:\/\/jekpo.com\/de\/p\/haecksler-schredder-fuer-aeste\/#primaryimage"},"thumbnailUrl":"https:\/\/jekpo.com\/wp-content\/uploads\/2025\/05\/saku-smulkintuvas-jekpo-mini-traktoriukai.png","datePublished":"2025-05-30T10:31:24+00:00","dateModified":"2025-10-01T10:16:30+00:00","description":"\u0160ak\u0173 smulkintuvas JEKPO krautuvui \u2013 puikiai tinka \u017eeldini\u0173, med\u017ei\u0173 atliek\u0173 ir kr\u016bm\u0173 smulkinimui. Tvarkyk aplink\u0105 greitai be papildom\u0173 i\u0161laid\u0173 utilizavimui.","breadcrumb":{"@id":"https:\/\/jekpo.com\/de\/p\/haecksler-schredder-fuer-aeste\/#breadcrumb"},"inLanguage":"de","potentialAction":[{"@type":"ReadAction","target":["https:\/\/jekpo.com\/de\/p\/haecksler-schredder-fuer-aeste\/"]}]},{"@type":"ImageObject","inLanguage":"de","@id":"https:\/\/jekpo.com\/de\/p\/haecksler-schredder-fuer-aeste\/#primaryimage","url":"https:\/\/jekpo.com\/wp-content\/uploads\/2025\/05\/saku-smulkintuvas-jekpo-mini-traktoriukai.png","contentUrl":"https:\/\/jekpo.com\/wp-content\/uploads\/2025\/05\/saku-smulkintuvas-jekpo-mini-traktoriukai.png","width":1000,"height":1000,"caption":"saku-smulkintuvas-jekpo-mini-traktoriukai"},{"@type":"BreadcrumbList","@id":"https:\/\/jekpo.com\/de\/p\/haecksler-schredder-fuer-aeste\/#breadcrumb","itemListElement":[{"@type":"ListItem","position":1,"name":"Home","item":"https:\/\/jekpo.com\/de\/"},{"@type":"ListItem","position":2,"name":"Technik","item":"https:\/\/jekpo.com\/de\/technik\/"},{"@type":"ListItem","position":3,"name":"H\u00e4cksler \/ Schredder f\u00fcr \u00c4ste"}]},{"@type":"WebSite","@id":"https:\/\/jekpo.com\/de\/#website","url":"https:\/\/jekpo.com\/de\/","name":"JEKPO","description":"atsakingas j\u016bs\u0173 partneris \u017eem\u0117s \u016bkio, sodo ir smulkiosios technikos pasaulyje","publisher":{"@id":"https:\/\/jekpo.com\/de\/#organization"},"potentialAction":[{"@type":"SearchAction","target":{"@type":"EntryPoint","urlTemplate":"https:\/\/jekpo.com\/de\/?s={search_term_string}"},"query-input":{"@type":"PropertyValueSpecification","valueRequired":true,"valueName":"search_term_string"}}],"inLanguage":"de"},{"@type":"Organization","@id":"https:\/\/jekpo.com\/de\/#organization","name":"JEKPO","url":"https:\/\/jekpo.com\/de\/","logo":{"@type":"ImageObject","inLanguage":"de","@id":"https:\/\/jekpo.com\/de\/#\/schema\/logo\/image\/","url":"https:\/\/jekpo.com\/wp-content\/uploads\/2025\/03\/JEKPO-logo-trans-e1749117872556-300x201-2.webp","contentUrl":"https:\/\/jekpo.com\/wp-content\/uploads\/2025\/03\/JEKPO-logo-trans-e1749117872556-300x201-2.webp","width":300,"height":201,"caption":"JEKPO"},"image":{"@id":"https:\/\/jekpo.com\/de\/#\/schema\/logo\/image\/"},"sameAs":["https:\/\/www.facebook.com\/profile.php?id=61564816725405","https:\/\/www.instagram.com\/jekpo_ltu\/?igsh=cWh1ZDhyamEzOWQz&utm_source=qr#","https:\/\/www.tiktok.com\/@jekpo_ltu?is_from_webapp=1&sender_device=pc"]}]}},"_links":{"self":[{"href":"https:\/\/jekpo.com\/de\/wp-json\/wp\/v2\/product\/2419","targetHints":{"allow":["GET"]}}],"collection":[{"href":"https:\/\/jekpo.com\/de\/wp-json\/wp\/v2\/product"}],"about":[{"href":"https:\/\/jekpo.com\/de\/wp-json\/wp\/v2\/types\/product"}],"replies":[{"embeddable":true,"href":"https:\/\/jekpo.com\/de\/wp-json\/wp\/v2\/comments?post=2419"}],"wp:featuredmedia":[{"embeddable":true,"href":"https:\/\/jekpo.com\/de\/wp-json\/wp\/v2\/media\/3297"}],"wp:attachment":[{"href":"https:\/\/jekpo.com\/de\/wp-json\/wp\/v2\/media?parent=2419"}],"wp:term":[{"taxonomy":"product_brand","embeddable":true,"href":"https:\/\/jekpo.com\/de\/wp-json\/wp\/v2\/product_brand?post=2419"},{"taxonomy":"product_cat","embeddable":true,"href":"https:\/\/jekpo.com\/de\/wp-json\/wp\/v2\/product_cat?post=2419"},{"taxonomy":"product_tag","embeddable":true,"href":"https:\/\/jekpo.com\/de\/wp-json\/wp\/v2\/product_tag?post=2419"},{"taxonomy":"pritaikomumas","embeddable":true,"href":"https:\/\/jekpo.com\/de\/wp-json\/wp\/v2\/pritaikomumas?post=2419"},{"taxonomy":"variklio-tipas","embeddable":true,"href":"https:\/\/jekpo.com\/de\/wp-json\/wp\/v2\/variklio-tipas?post=2419"}],"curies":[{"name":"wp","href":"https:\/\/api.w.org\/{rel}","templated":true}]}}