{"id":2418,"date":"2025-05-30T13:26:57","date_gmt":"2025-05-30T10:26:57","guid":{"rendered":"https:\/\/jekpo.com\/?post_type=product&#038;p=2418"},"modified":"2025-10-01T13:15:45","modified_gmt":"2025-10-01T10:15:45","slug":"schneefraese-schneewerfer","status":"publish","type":"product","link":"https:\/\/jekpo.com\/de\/p\/schneefraese-schneewerfer\/","title":{"rendered":"Schneefr\u00e4se \/ Schneewerfer"},"content":{"rendered":"<p data-start=\"73\" data-end=\"537\">Die leistungsstarke Schneefr\u00e4se ist f\u00fcr den intensiven Einsatz bei der Schneer\u00e4umung in H\u00f6fen sowie in industriellen Bereichen konzipiert. Sie entfernt effizient bis zu 50 Tonnen Schnee pro Stunde \u2013 selbst bei Schneeh\u00f6hen von bis zu 33 cm. Das um 360\u00b0 verstellbare Auswurfrohr erm\u00f6glicht es, den Schnee pr\u00e4zise dorthin zu leiten, wo er ben\u00f6tigt wird. Eine ideale L\u00f6sung f\u00fcr den Einsatz mit Ladern oder Traktoren unter winterlichen Bedingungen.<\/p>\n<p data-start=\"539\" data-end=\"562\">\n","protected":false},"excerpt":{"rendered":"<p>Die leistungsstarke Schneefr\u00e4se ist f\u00fcr den intensiven Einsatz bei der Schneer\u00e4umung in H\u00f6fen sowie in industriellen Bereichen konzipiert. Sie entfernt effizient bis zu 50 Tonnen Schnee pro Stunde \u2013 selbst bei Schneeh\u00f6hen von bis zu 33 cm. Das um 360\u00b0 verstellbare Auswurfrohr erm\u00f6glicht es, den Schnee pr\u00e4zise dorthin zu leiten, wo er ben\u00f6tigt wird. Eine [&hellip;]<\/p>\n","protected":false},"featured_media":3301,"comment_status":"closed","ping_status":"closed","template":"","meta":[],"product_brand":[],"product_cat":[75],"product_tag":[],"pritaikomumas":[],"variklio-tipas":[],"class_list":{"0":"post-2418","1":"product","2":"type-product","3":"status-publish","4":"has-post-thumbnail","6":"product_cat-kompaktlader-anbaugeraete","8":"first","9":"instock","10":"sale","11":"sold-individually","12":"taxable","13":"shipping-taxable","14":"purchasable","15":"product-type-simple"},"yoast_head":"<!-- This site is optimized with the Yoast SEO plugin v27.4 - https:\/\/yoast.com\/product\/yoast-seo-wordpress\/ -->\n<title>Schneefr\u00e4se \/ Schneewerfer \u2013 galingas sprendimas \u017eiemai | JEKPO.COM<\/title>\n<meta name=\"description\" content=\"Sniego p\u016bstuvas JEKPO krautuvui \u2013 greitam ir tiksliam sniego valymui kiemuose, keliuose ir sodybose. Neleisk \u017eiemos darbams u\u017eklupti netik\u0117tai \u2013 pasiruo\u0161k!\" \/>\n<meta name=\"robots\" content=\"index, follow, max-snippet:-1, max-image-preview:large, max-video-preview:-1\" \/>\n<link rel=\"canonical\" href=\"https:\/\/jekpo.com\/de\/p\/schneefraese-schneewerfer\/\" \/>\n<meta property=\"og:locale\" content=\"de_DE\" \/>\n<meta property=\"og:type\" content=\"article\" \/>\n<meta property=\"og:title\" content=\"Schneefr\u00e4se \/ Schneewerfer \u2013 galingas sprendimas \u017eiemai | JEKPO.COM\" \/>\n<meta property=\"og:description\" content=\"Sniego p\u016bstuvas JEKPO krautuvui \u2013 greitam ir tiksliam sniego valymui kiemuose, keliuose ir sodybose. Neleisk \u017eiemos darbams u\u017eklupti netik\u0117tai \u2013 pasiruo\u0161k!\" \/>\n<meta property=\"og:url\" content=\"https:\/\/jekpo.com\/de\/p\/schneefraese-schneewerfer\/\" \/>\n<meta property=\"og:site_name\" content=\"JEKPO\" \/>\n<meta property=\"article:publisher\" content=\"https:\/\/www.facebook.com\/profile.php?id=61564816725405\" \/>\n<meta property=\"article:modified_time\" content=\"2025-10-01T10:15:45+00:00\" \/>\n<meta property=\"og:image\" content=\"https:\/\/jekpo.com\/wp-content\/uploads\/2025\/05\/sneigo-pustuvas-jekpo-mini-traktoriukai.png\" \/>\n\t<meta property=\"og:image:width\" content=\"1000\" \/>\n\t<meta property=\"og:image:height\" content=\"1000\" \/>\n\t<meta property=\"og:image:type\" content=\"image\/png\" \/>\n<meta name=\"twitter:card\" content=\"summary_large_image\" \/>\n<meta name=\"twitter:label1\" content=\"Gesch\u00e4tzte Lesezeit\" \/>\n\t<meta name=\"twitter:data1\" content=\"1\u00a0Minute\" \/>\n<script type=\"application\/ld+json\" class=\"yoast-schema-graph\">{\"@context\":\"https:\\\/\\\/schema.org\",\"@graph\":[{\"@type\":\"WebPage\",\"@id\":\"https:\\\/\\\/jekpo.com\\\/de\\\/p\\\/schneefraese-schneewerfer\\\/\",\"url\":\"https:\\\/\\\/jekpo.com\\\/de\\\/p\\\/schneefraese-schneewerfer\\\/\",\"name\":\"Schneefr\u00e4se \\\/ Schneewerfer \u2013 galingas sprendimas \u017eiemai | JEKPO.COM\",\"isPartOf\":{\"@id\":\"https:\\\/\\\/jekpo.com\\\/de\\\/#website\"},\"primaryImageOfPage\":{\"@id\":\"https:\\\/\\\/jekpo.com\\\/de\\\/p\\\/schneefraese-schneewerfer\\\/#primaryimage\"},\"image\":{\"@id\":\"https:\\\/\\\/jekpo.com\\\/de\\\/p\\\/schneefraese-schneewerfer\\\/#primaryimage\"},\"thumbnailUrl\":\"https:\\\/\\\/jekpo.com\\\/wp-content\\\/uploads\\\/2025\\\/05\\\/sneigo-pustuvas-jekpo-mini-traktoriukai.png\",\"datePublished\":\"2025-05-30T10:26:57+00:00\",\"dateModified\":\"2025-10-01T10:15:45+00:00\",\"description\":\"Sniego p\u016bstuvas JEKPO krautuvui \u2013 greitam ir tiksliam sniego valymui kiemuose, keliuose ir sodybose. Neleisk \u017eiemos darbams u\u017eklupti netik\u0117tai \u2013 pasiruo\u0161k!\",\"breadcrumb\":{\"@id\":\"https:\\\/\\\/jekpo.com\\\/de\\\/p\\\/schneefraese-schneewerfer\\\/#breadcrumb\"},\"inLanguage\":\"de\",\"potentialAction\":[{\"@type\":\"ReadAction\",\"target\":[\"https:\\\/\\\/jekpo.com\\\/de\\\/p\\\/schneefraese-schneewerfer\\\/\"]}]},{\"@type\":\"ImageObject\",\"inLanguage\":\"de\",\"@id\":\"https:\\\/\\\/jekpo.com\\\/de\\\/p\\\/schneefraese-schneewerfer\\\/#primaryimage\",\"url\":\"https:\\\/\\\/jekpo.com\\\/wp-content\\\/uploads\\\/2025\\\/05\\\/sneigo-pustuvas-jekpo-mini-traktoriukai.png\",\"contentUrl\":\"https:\\\/\\\/jekpo.com\\\/wp-content\\\/uploads\\\/2025\\\/05\\\/sneigo-pustuvas-jekpo-mini-traktoriukai.png\",\"width\":1000,\"height\":1000,\"caption\":\"sneigo-pustuvas-jekpo-mini-traktoriukai\"},{\"@type\":\"BreadcrumbList\",\"@id\":\"https:\\\/\\\/jekpo.com\\\/de\\\/p\\\/schneefraese-schneewerfer\\\/#breadcrumb\",\"itemListElement\":[{\"@type\":\"ListItem\",\"position\":1,\"name\":\"Home\",\"item\":\"https:\\\/\\\/jekpo.com\\\/de\\\/\"},{\"@type\":\"ListItem\",\"position\":2,\"name\":\"Technik\",\"item\":\"https:\\\/\\\/jekpo.com\\\/de\\\/technik\\\/\"},{\"@type\":\"ListItem\",\"position\":3,\"name\":\"Schneefr\u00e4se \\\/ Schneewerfer\"}]},{\"@type\":\"WebSite\",\"@id\":\"https:\\\/\\\/jekpo.com\\\/de\\\/#website\",\"url\":\"https:\\\/\\\/jekpo.com\\\/de\\\/\",\"name\":\"JEKPO\",\"description\":\"atsakingas j\u016bs\u0173 partneris \u017eem\u0117s \u016bkio, sodo ir smulkiosios technikos pasaulyje\",\"publisher\":{\"@id\":\"https:\\\/\\\/jekpo.com\\\/de\\\/#organization\"},\"potentialAction\":[{\"@type\":\"SearchAction\",\"target\":{\"@type\":\"EntryPoint\",\"urlTemplate\":\"https:\\\/\\\/jekpo.com\\\/de\\\/?s={search_term_string}\"},\"query-input\":{\"@type\":\"PropertyValueSpecification\",\"valueRequired\":true,\"valueName\":\"search_term_string\"}}],\"inLanguage\":\"de\"},{\"@type\":\"Organization\",\"@id\":\"https:\\\/\\\/jekpo.com\\\/de\\\/#organization\",\"name\":\"JEKPO\",\"url\":\"https:\\\/\\\/jekpo.com\\\/de\\\/\",\"logo\":{\"@type\":\"ImageObject\",\"inLanguage\":\"de\",\"@id\":\"https:\\\/\\\/jekpo.com\\\/de\\\/#\\\/schema\\\/logo\\\/image\\\/\",\"url\":\"https:\\\/\\\/jekpo.com\\\/wp-content\\\/uploads\\\/2025\\\/03\\\/JEKPO-logo-trans-e1749117872556-300x201-2.webp\",\"contentUrl\":\"https:\\\/\\\/jekpo.com\\\/wp-content\\\/uploads\\\/2025\\\/03\\\/JEKPO-logo-trans-e1749117872556-300x201-2.webp\",\"width\":300,\"height\":201,\"caption\":\"JEKPO\"},\"image\":{\"@id\":\"https:\\\/\\\/jekpo.com\\\/de\\\/#\\\/schema\\\/logo\\\/image\\\/\"},\"sameAs\":[\"https:\\\/\\\/www.facebook.com\\\/profile.php?id=61564816725405\",\"https:\\\/\\\/www.instagram.com\\\/jekpo_ltu\\\/?igsh=cWh1ZDhyamEzOWQz&utm_source=qr#\",\"https:\\\/\\\/www.tiktok.com\\\/@jekpo_ltu?is_from_webapp=1&sender_device=pc\"]}]}<\/script>\n<!-- \/ Yoast SEO plugin. -->","yoast_head_json":{"title":"Schneefr\u00e4se \/ Schneewerfer \u2013 galingas sprendimas \u017eiemai | JEKPO.COM","description":"Sniego p\u016bstuvas JEKPO krautuvui \u2013 greitam ir tiksliam sniego valymui kiemuose, keliuose ir sodybose. Neleisk \u017eiemos darbams u\u017eklupti netik\u0117tai \u2013 pasiruo\u0161k!","robots":{"index":"index","follow":"follow","max-snippet":"max-snippet:-1","max-image-preview":"max-image-preview:large","max-video-preview":"max-video-preview:-1"},"canonical":"https:\/\/jekpo.com\/de\/p\/schneefraese-schneewerfer\/","og_locale":"de_DE","og_type":"article","og_title":"Schneefr\u00e4se \/ Schneewerfer \u2013 galingas sprendimas \u017eiemai | JEKPO.COM","og_description":"Sniego p\u016bstuvas JEKPO krautuvui \u2013 greitam ir tiksliam sniego valymui kiemuose, keliuose ir sodybose. Neleisk \u017eiemos darbams u\u017eklupti netik\u0117tai \u2013 pasiruo\u0161k!","og_url":"https:\/\/jekpo.com\/de\/p\/schneefraese-schneewerfer\/","og_site_name":"JEKPO","article_publisher":"https:\/\/www.facebook.com\/profile.php?id=61564816725405","article_modified_time":"2025-10-01T10:15:45+00:00","og_image":[{"width":1000,"height":1000,"url":"https:\/\/jekpo.com\/wp-content\/uploads\/2025\/05\/sneigo-pustuvas-jekpo-mini-traktoriukai.png","type":"image\/png"}],"twitter_card":"summary_large_image","twitter_misc":{"Gesch\u00e4tzte Lesezeit":"1\u00a0Minute"},"schema":{"@context":"https:\/\/schema.org","@graph":[{"@type":"WebPage","@id":"https:\/\/jekpo.com\/de\/p\/schneefraese-schneewerfer\/","url":"https:\/\/jekpo.com\/de\/p\/schneefraese-schneewerfer\/","name":"Schneefr\u00e4se \/ Schneewerfer \u2013 galingas sprendimas \u017eiemai | JEKPO.COM","isPartOf":{"@id":"https:\/\/jekpo.com\/de\/#website"},"primaryImageOfPage":{"@id":"https:\/\/jekpo.com\/de\/p\/schneefraese-schneewerfer\/#primaryimage"},"image":{"@id":"https:\/\/jekpo.com\/de\/p\/schneefraese-schneewerfer\/#primaryimage"},"thumbnailUrl":"https:\/\/jekpo.com\/wp-content\/uploads\/2025\/05\/sneigo-pustuvas-jekpo-mini-traktoriukai.png","datePublished":"2025-05-30T10:26:57+00:00","dateModified":"2025-10-01T10:15:45+00:00","description":"Sniego p\u016bstuvas JEKPO krautuvui \u2013 greitam ir tiksliam sniego valymui kiemuose, keliuose ir sodybose. Neleisk \u017eiemos darbams u\u017eklupti netik\u0117tai \u2013 pasiruo\u0161k!","breadcrumb":{"@id":"https:\/\/jekpo.com\/de\/p\/schneefraese-schneewerfer\/#breadcrumb"},"inLanguage":"de","potentialAction":[{"@type":"ReadAction","target":["https:\/\/jekpo.com\/de\/p\/schneefraese-schneewerfer\/"]}]},{"@type":"ImageObject","inLanguage":"de","@id":"https:\/\/jekpo.com\/de\/p\/schneefraese-schneewerfer\/#primaryimage","url":"https:\/\/jekpo.com\/wp-content\/uploads\/2025\/05\/sneigo-pustuvas-jekpo-mini-traktoriukai.png","contentUrl":"https:\/\/jekpo.com\/wp-content\/uploads\/2025\/05\/sneigo-pustuvas-jekpo-mini-traktoriukai.png","width":1000,"height":1000,"caption":"sneigo-pustuvas-jekpo-mini-traktoriukai"},{"@type":"BreadcrumbList","@id":"https:\/\/jekpo.com\/de\/p\/schneefraese-schneewerfer\/#breadcrumb","itemListElement":[{"@type":"ListItem","position":1,"name":"Home","item":"https:\/\/jekpo.com\/de\/"},{"@type":"ListItem","position":2,"name":"Technik","item":"https:\/\/jekpo.com\/de\/technik\/"},{"@type":"ListItem","position":3,"name":"Schneefr\u00e4se \/ Schneewerfer"}]},{"@type":"WebSite","@id":"https:\/\/jekpo.com\/de\/#website","url":"https:\/\/jekpo.com\/de\/","name":"JEKPO","description":"atsakingas j\u016bs\u0173 partneris \u017eem\u0117s \u016bkio, sodo ir smulkiosios technikos pasaulyje","publisher":{"@id":"https:\/\/jekpo.com\/de\/#organization"},"potentialAction":[{"@type":"SearchAction","target":{"@type":"EntryPoint","urlTemplate":"https:\/\/jekpo.com\/de\/?s={search_term_string}"},"query-input":{"@type":"PropertyValueSpecification","valueRequired":true,"valueName":"search_term_string"}}],"inLanguage":"de"},{"@type":"Organization","@id":"https:\/\/jekpo.com\/de\/#organization","name":"JEKPO","url":"https:\/\/jekpo.com\/de\/","logo":{"@type":"ImageObject","inLanguage":"de","@id":"https:\/\/jekpo.com\/de\/#\/schema\/logo\/image\/","url":"https:\/\/jekpo.com\/wp-content\/uploads\/2025\/03\/JEKPO-logo-trans-e1749117872556-300x201-2.webp","contentUrl":"https:\/\/jekpo.com\/wp-content\/uploads\/2025\/03\/JEKPO-logo-trans-e1749117872556-300x201-2.webp","width":300,"height":201,"caption":"JEKPO"},"image":{"@id":"https:\/\/jekpo.com\/de\/#\/schema\/logo\/image\/"},"sameAs":["https:\/\/www.facebook.com\/profile.php?id=61564816725405","https:\/\/www.instagram.com\/jekpo_ltu\/?igsh=cWh1ZDhyamEzOWQz&utm_source=qr#","https:\/\/www.tiktok.com\/@jekpo_ltu?is_from_webapp=1&sender_device=pc"]}]}},"_links":{"self":[{"href":"https:\/\/jekpo.com\/de\/wp-json\/wp\/v2\/product\/2418","targetHints":{"allow":["GET"]}}],"collection":[{"href":"https:\/\/jekpo.com\/de\/wp-json\/wp\/v2\/product"}],"about":[{"href":"https:\/\/jekpo.com\/de\/wp-json\/wp\/v2\/types\/product"}],"replies":[{"embeddable":true,"href":"https:\/\/jekpo.com\/de\/wp-json\/wp\/v2\/comments?post=2418"}],"wp:featuredmedia":[{"embeddable":true,"href":"https:\/\/jekpo.com\/de\/wp-json\/wp\/v2\/media\/3301"}],"wp:attachment":[{"href":"https:\/\/jekpo.com\/de\/wp-json\/wp\/v2\/media?parent=2418"}],"wp:term":[{"taxonomy":"product_brand","embeddable":true,"href":"https:\/\/jekpo.com\/de\/wp-json\/wp\/v2\/product_brand?post=2418"},{"taxonomy":"product_cat","embeddable":true,"href":"https:\/\/jekpo.com\/de\/wp-json\/wp\/v2\/product_cat?post=2418"},{"taxonomy":"product_tag","embeddable":true,"href":"https:\/\/jekpo.com\/de\/wp-json\/wp\/v2\/product_tag?post=2418"},{"taxonomy":"pritaikomumas","embeddable":true,"href":"https:\/\/jekpo.com\/de\/wp-json\/wp\/v2\/pritaikomumas?post=2418"},{"taxonomy":"variklio-tipas","embeddable":true,"href":"https:\/\/jekpo.com\/de\/wp-json\/wp\/v2\/variklio-tipas?post=2418"}],"curies":[{"name":"wp","href":"https:\/\/api.w.org\/{rel}","templated":true}]}}