{"id":2415,"date":"2025-05-30T13:18:41","date_gmt":"2025-05-30T10:18:41","guid":{"rendered":"https:\/\/jekpo.com\/?post_type=product&#038;p=2415"},"modified":"2025-10-01T13:13:16","modified_gmt":"2025-10-01T10:13:16","slug":"wurzelfraese","status":"publish","type":"product","link":"https:\/\/jekpo.com\/de\/p\/wurzelfraese\/","title":{"rendered":"Wurzelfr\u00e4se"},"content":{"rendered":"<p data-start=\"82\" data-end=\"408\">Die Wurzelfr\u00e4se ist ein zuverl\u00e4ssiges Anbauger\u00e4t f\u00fcr das schnelle und effiziente Entfernen von Baumst\u00fcmpfen. Die Schwenkfunktion sorgt f\u00fcr eine bessere Arbeitsleistung und erleichtert die Handhabung auch an schwierigen Stellen. Ideal geeignet f\u00fcr Landschaftsgestaltung, Fl\u00e4chenr\u00e4umung und andere Projekte.<\/p>\n<p data-start=\"410\" data-end=\"433\">\n","protected":false},"excerpt":{"rendered":"<p>Die Wurzelfr\u00e4se ist ein zuverl\u00e4ssiges Anbauger\u00e4t f\u00fcr das schnelle und effiziente Entfernen von Baumst\u00fcmpfen. Die Schwenkfunktion sorgt f\u00fcr eine bessere Arbeitsleistung und erleichtert die Handhabung auch an schwierigen Stellen. Ideal geeignet f\u00fcr Landschaftsgestaltung, Fl\u00e4chenr\u00e4umung und andere Projekte.<\/p>\n","protected":false},"featured_media":3306,"comment_status":"closed","ping_status":"closed","template":"","meta":[],"product_brand":[],"product_cat":[75],"product_tag":[],"pritaikomumas":[],"variklio-tipas":[],"class_list":{"0":"post-2415","1":"product","2":"type-product","3":"status-publish","4":"has-post-thumbnail","6":"product_cat-kompaktlader-anbaugeraete","8":"first","9":"instock","10":"sale","11":"taxable","12":"shipping-taxable","13":"purchasable","14":"product-type-simple"},"yoast_head":"<!-- This site is optimized with the Yoast SEO plugin v27.4 - https:\/\/yoast.com\/product\/yoast-seo-wordpress\/ -->\n<title>Wurzelfr\u00e4se - pa\u0161alink kelmus greitai ir be vargo | JEKPO.COM<\/title>\n<meta name=\"description\" content=\"Kelm\u0173 freza JEKPO krautuvui \u2013 efektyvi priemon\u0117 pa\u0161alinti kelmus be kasimo. Tinka \u016bkiams, mi\u0161k\u0173 valymui ar aplinkotvarkai. Frezavimo \u012franga kelm\u0173 valymui.\" \/>\n<meta name=\"robots\" content=\"index, follow, max-snippet:-1, max-image-preview:large, max-video-preview:-1\" \/>\n<link rel=\"canonical\" href=\"https:\/\/jekpo.com\/de\/p\/wurzelfraese\/\" \/>\n<meta property=\"og:locale\" content=\"de_DE\" \/>\n<meta property=\"og:type\" content=\"article\" \/>\n<meta property=\"og:title\" content=\"Wurzelfr\u00e4se - pa\u0161alink kelmus greitai ir be vargo | JEKPO.COM\" \/>\n<meta property=\"og:description\" content=\"Kelm\u0173 freza JEKPO krautuvui \u2013 efektyvi priemon\u0117 pa\u0161alinti kelmus be kasimo. Tinka \u016bkiams, mi\u0161k\u0173 valymui ar aplinkotvarkai. Frezavimo \u012franga kelm\u0173 valymui.\" \/>\n<meta property=\"og:url\" content=\"https:\/\/jekpo.com\/de\/p\/wurzelfraese\/\" \/>\n<meta property=\"og:site_name\" content=\"JEKPO\" \/>\n<meta property=\"article:publisher\" content=\"https:\/\/www.facebook.com\/profile.php?id=61564816725405\" \/>\n<meta property=\"article:modified_time\" content=\"2025-10-01T10:13:16+00:00\" \/>\n<meta property=\"og:image\" content=\"https:\/\/jekpo.com\/wp-content\/uploads\/2025\/05\/kelmu-freza-jekpo-mini-traktoriukai.png\" \/>\n\t<meta property=\"og:image:width\" content=\"1000\" \/>\n\t<meta property=\"og:image:height\" content=\"1000\" \/>\n\t<meta property=\"og:image:type\" content=\"image\/png\" \/>\n<meta name=\"twitter:card\" content=\"summary_large_image\" \/>\n<meta name=\"twitter:label1\" content=\"Gesch\u00e4tzte Lesezeit\" \/>\n\t<meta name=\"twitter:data1\" content=\"1\u00a0Minute\" \/>\n<script type=\"application\/ld+json\" class=\"yoast-schema-graph\">{\"@context\":\"https:\\\/\\\/schema.org\",\"@graph\":[{\"@type\":\"WebPage\",\"@id\":\"https:\\\/\\\/jekpo.com\\\/de\\\/p\\\/wurzelfraese\\\/\",\"url\":\"https:\\\/\\\/jekpo.com\\\/de\\\/p\\\/wurzelfraese\\\/\",\"name\":\"Wurzelfr\u00e4se - pa\u0161alink kelmus greitai ir be vargo | JEKPO.COM\",\"isPartOf\":{\"@id\":\"https:\\\/\\\/jekpo.com\\\/de\\\/#website\"},\"primaryImageOfPage\":{\"@id\":\"https:\\\/\\\/jekpo.com\\\/de\\\/p\\\/wurzelfraese\\\/#primaryimage\"},\"image\":{\"@id\":\"https:\\\/\\\/jekpo.com\\\/de\\\/p\\\/wurzelfraese\\\/#primaryimage\"},\"thumbnailUrl\":\"https:\\\/\\\/jekpo.com\\\/wp-content\\\/uploads\\\/2025\\\/05\\\/kelmu-freza-jekpo-mini-traktoriukai.png\",\"datePublished\":\"2025-05-30T10:18:41+00:00\",\"dateModified\":\"2025-10-01T10:13:16+00:00\",\"description\":\"Kelm\u0173 freza JEKPO krautuvui \u2013 efektyvi priemon\u0117 pa\u0161alinti kelmus be kasimo. Tinka \u016bkiams, mi\u0161k\u0173 valymui ar aplinkotvarkai. Frezavimo \u012franga kelm\u0173 valymui.\",\"breadcrumb\":{\"@id\":\"https:\\\/\\\/jekpo.com\\\/de\\\/p\\\/wurzelfraese\\\/#breadcrumb\"},\"inLanguage\":\"de\",\"potentialAction\":[{\"@type\":\"ReadAction\",\"target\":[\"https:\\\/\\\/jekpo.com\\\/de\\\/p\\\/wurzelfraese\\\/\"]}]},{\"@type\":\"ImageObject\",\"inLanguage\":\"de\",\"@id\":\"https:\\\/\\\/jekpo.com\\\/de\\\/p\\\/wurzelfraese\\\/#primaryimage\",\"url\":\"https:\\\/\\\/jekpo.com\\\/wp-content\\\/uploads\\\/2025\\\/05\\\/kelmu-freza-jekpo-mini-traktoriukai.png\",\"contentUrl\":\"https:\\\/\\\/jekpo.com\\\/wp-content\\\/uploads\\\/2025\\\/05\\\/kelmu-freza-jekpo-mini-traktoriukai.png\",\"width\":1000,\"height\":1000,\"caption\":\"kelmu-freza-jekpo-mini-traktoriukai\"},{\"@type\":\"BreadcrumbList\",\"@id\":\"https:\\\/\\\/jekpo.com\\\/de\\\/p\\\/wurzelfraese\\\/#breadcrumb\",\"itemListElement\":[{\"@type\":\"ListItem\",\"position\":1,\"name\":\"Home\",\"item\":\"https:\\\/\\\/jekpo.com\\\/de\\\/\"},{\"@type\":\"ListItem\",\"position\":2,\"name\":\"Technik\",\"item\":\"https:\\\/\\\/jekpo.com\\\/de\\\/technik\\\/\"},{\"@type\":\"ListItem\",\"position\":3,\"name\":\"Wurzelfr\u00e4se\"}]},{\"@type\":\"WebSite\",\"@id\":\"https:\\\/\\\/jekpo.com\\\/de\\\/#website\",\"url\":\"https:\\\/\\\/jekpo.com\\\/de\\\/\",\"name\":\"JEKPO\",\"description\":\"atsakingas j\u016bs\u0173 partneris \u017eem\u0117s \u016bkio, sodo ir smulkiosios technikos pasaulyje\",\"publisher\":{\"@id\":\"https:\\\/\\\/jekpo.com\\\/de\\\/#organization\"},\"potentialAction\":[{\"@type\":\"SearchAction\",\"target\":{\"@type\":\"EntryPoint\",\"urlTemplate\":\"https:\\\/\\\/jekpo.com\\\/de\\\/?s={search_term_string}\"},\"query-input\":{\"@type\":\"PropertyValueSpecification\",\"valueRequired\":true,\"valueName\":\"search_term_string\"}}],\"inLanguage\":\"de\"},{\"@type\":\"Organization\",\"@id\":\"https:\\\/\\\/jekpo.com\\\/de\\\/#organization\",\"name\":\"JEKPO\",\"url\":\"https:\\\/\\\/jekpo.com\\\/de\\\/\",\"logo\":{\"@type\":\"ImageObject\",\"inLanguage\":\"de\",\"@id\":\"https:\\\/\\\/jekpo.com\\\/de\\\/#\\\/schema\\\/logo\\\/image\\\/\",\"url\":\"https:\\\/\\\/jekpo.com\\\/wp-content\\\/uploads\\\/2025\\\/03\\\/JEKPO-logo-trans-e1749117872556-300x201-2.webp\",\"contentUrl\":\"https:\\\/\\\/jekpo.com\\\/wp-content\\\/uploads\\\/2025\\\/03\\\/JEKPO-logo-trans-e1749117872556-300x201-2.webp\",\"width\":300,\"height\":201,\"caption\":\"JEKPO\"},\"image\":{\"@id\":\"https:\\\/\\\/jekpo.com\\\/de\\\/#\\\/schema\\\/logo\\\/image\\\/\"},\"sameAs\":[\"https:\\\/\\\/www.facebook.com\\\/profile.php?id=61564816725405\",\"https:\\\/\\\/www.instagram.com\\\/jekpo_ltu\\\/?igsh=cWh1ZDhyamEzOWQz&utm_source=qr#\",\"https:\\\/\\\/www.tiktok.com\\\/@jekpo_ltu?is_from_webapp=1&sender_device=pc\"]}]}<\/script>\n<!-- \/ Yoast SEO plugin. -->","yoast_head_json":{"title":"Wurzelfr\u00e4se - pa\u0161alink kelmus greitai ir be vargo | JEKPO.COM","description":"Kelm\u0173 freza JEKPO krautuvui \u2013 efektyvi priemon\u0117 pa\u0161alinti kelmus be kasimo. Tinka \u016bkiams, mi\u0161k\u0173 valymui ar aplinkotvarkai. Frezavimo \u012franga kelm\u0173 valymui.","robots":{"index":"index","follow":"follow","max-snippet":"max-snippet:-1","max-image-preview":"max-image-preview:large","max-video-preview":"max-video-preview:-1"},"canonical":"https:\/\/jekpo.com\/de\/p\/wurzelfraese\/","og_locale":"de_DE","og_type":"article","og_title":"Wurzelfr\u00e4se - pa\u0161alink kelmus greitai ir be vargo | JEKPO.COM","og_description":"Kelm\u0173 freza JEKPO krautuvui \u2013 efektyvi priemon\u0117 pa\u0161alinti kelmus be kasimo. Tinka \u016bkiams, mi\u0161k\u0173 valymui ar aplinkotvarkai. Frezavimo \u012franga kelm\u0173 valymui.","og_url":"https:\/\/jekpo.com\/de\/p\/wurzelfraese\/","og_site_name":"JEKPO","article_publisher":"https:\/\/www.facebook.com\/profile.php?id=61564816725405","article_modified_time":"2025-10-01T10:13:16+00:00","og_image":[{"width":1000,"height":1000,"url":"https:\/\/jekpo.com\/wp-content\/uploads\/2025\/05\/kelmu-freza-jekpo-mini-traktoriukai.png","type":"image\/png"}],"twitter_card":"summary_large_image","twitter_misc":{"Gesch\u00e4tzte Lesezeit":"1\u00a0Minute"},"schema":{"@context":"https:\/\/schema.org","@graph":[{"@type":"WebPage","@id":"https:\/\/jekpo.com\/de\/p\/wurzelfraese\/","url":"https:\/\/jekpo.com\/de\/p\/wurzelfraese\/","name":"Wurzelfr\u00e4se - pa\u0161alink kelmus greitai ir be vargo | JEKPO.COM","isPartOf":{"@id":"https:\/\/jekpo.com\/de\/#website"},"primaryImageOfPage":{"@id":"https:\/\/jekpo.com\/de\/p\/wurzelfraese\/#primaryimage"},"image":{"@id":"https:\/\/jekpo.com\/de\/p\/wurzelfraese\/#primaryimage"},"thumbnailUrl":"https:\/\/jekpo.com\/wp-content\/uploads\/2025\/05\/kelmu-freza-jekpo-mini-traktoriukai.png","datePublished":"2025-05-30T10:18:41+00:00","dateModified":"2025-10-01T10:13:16+00:00","description":"Kelm\u0173 freza JEKPO krautuvui \u2013 efektyvi priemon\u0117 pa\u0161alinti kelmus be kasimo. Tinka \u016bkiams, mi\u0161k\u0173 valymui ar aplinkotvarkai. Frezavimo \u012franga kelm\u0173 valymui.","breadcrumb":{"@id":"https:\/\/jekpo.com\/de\/p\/wurzelfraese\/#breadcrumb"},"inLanguage":"de","potentialAction":[{"@type":"ReadAction","target":["https:\/\/jekpo.com\/de\/p\/wurzelfraese\/"]}]},{"@type":"ImageObject","inLanguage":"de","@id":"https:\/\/jekpo.com\/de\/p\/wurzelfraese\/#primaryimage","url":"https:\/\/jekpo.com\/wp-content\/uploads\/2025\/05\/kelmu-freza-jekpo-mini-traktoriukai.png","contentUrl":"https:\/\/jekpo.com\/wp-content\/uploads\/2025\/05\/kelmu-freza-jekpo-mini-traktoriukai.png","width":1000,"height":1000,"caption":"kelmu-freza-jekpo-mini-traktoriukai"},{"@type":"BreadcrumbList","@id":"https:\/\/jekpo.com\/de\/p\/wurzelfraese\/#breadcrumb","itemListElement":[{"@type":"ListItem","position":1,"name":"Home","item":"https:\/\/jekpo.com\/de\/"},{"@type":"ListItem","position":2,"name":"Technik","item":"https:\/\/jekpo.com\/de\/technik\/"},{"@type":"ListItem","position":3,"name":"Wurzelfr\u00e4se"}]},{"@type":"WebSite","@id":"https:\/\/jekpo.com\/de\/#website","url":"https:\/\/jekpo.com\/de\/","name":"JEKPO","description":"atsakingas j\u016bs\u0173 partneris \u017eem\u0117s \u016bkio, sodo ir smulkiosios technikos pasaulyje","publisher":{"@id":"https:\/\/jekpo.com\/de\/#organization"},"potentialAction":[{"@type":"SearchAction","target":{"@type":"EntryPoint","urlTemplate":"https:\/\/jekpo.com\/de\/?s={search_term_string}"},"query-input":{"@type":"PropertyValueSpecification","valueRequired":true,"valueName":"search_term_string"}}],"inLanguage":"de"},{"@type":"Organization","@id":"https:\/\/jekpo.com\/de\/#organization","name":"JEKPO","url":"https:\/\/jekpo.com\/de\/","logo":{"@type":"ImageObject","inLanguage":"de","@id":"https:\/\/jekpo.com\/de\/#\/schema\/logo\/image\/","url":"https:\/\/jekpo.com\/wp-content\/uploads\/2025\/03\/JEKPO-logo-trans-e1749117872556-300x201-2.webp","contentUrl":"https:\/\/jekpo.com\/wp-content\/uploads\/2025\/03\/JEKPO-logo-trans-e1749117872556-300x201-2.webp","width":300,"height":201,"caption":"JEKPO"},"image":{"@id":"https:\/\/jekpo.com\/de\/#\/schema\/logo\/image\/"},"sameAs":["https:\/\/www.facebook.com\/profile.php?id=61564816725405","https:\/\/www.instagram.com\/jekpo_ltu\/?igsh=cWh1ZDhyamEzOWQz&utm_source=qr#","https:\/\/www.tiktok.com\/@jekpo_ltu?is_from_webapp=1&sender_device=pc"]}]}},"_links":{"self":[{"href":"https:\/\/jekpo.com\/de\/wp-json\/wp\/v2\/product\/2415","targetHints":{"allow":["GET"]}}],"collection":[{"href":"https:\/\/jekpo.com\/de\/wp-json\/wp\/v2\/product"}],"about":[{"href":"https:\/\/jekpo.com\/de\/wp-json\/wp\/v2\/types\/product"}],"replies":[{"embeddable":true,"href":"https:\/\/jekpo.com\/de\/wp-json\/wp\/v2\/comments?post=2415"}],"wp:featuredmedia":[{"embeddable":true,"href":"https:\/\/jekpo.com\/de\/wp-json\/wp\/v2\/media\/3306"}],"wp:attachment":[{"href":"https:\/\/jekpo.com\/de\/wp-json\/wp\/v2\/media?parent=2415"}],"wp:term":[{"taxonomy":"product_brand","embeddable":true,"href":"https:\/\/jekpo.com\/de\/wp-json\/wp\/v2\/product_brand?post=2415"},{"taxonomy":"product_cat","embeddable":true,"href":"https:\/\/jekpo.com\/de\/wp-json\/wp\/v2\/product_cat?post=2415"},{"taxonomy":"product_tag","embeddable":true,"href":"https:\/\/jekpo.com\/de\/wp-json\/wp\/v2\/product_tag?post=2415"},{"taxonomy":"pritaikomumas","embeddable":true,"href":"https:\/\/jekpo.com\/de\/wp-json\/wp\/v2\/pritaikomumas?post=2415"},{"taxonomy":"variklio-tipas","embeddable":true,"href":"https:\/\/jekpo.com\/de\/wp-json\/wp\/v2\/variklio-tipas?post=2415"}],"curies":[{"name":"wp","href":"https:\/\/api.w.org\/{rel}","templated":true}]}}