{"id":2414,"date":"2025-05-30T13:13:31","date_gmt":"2025-05-30T10:13:31","guid":{"rendered":"https:\/\/jekpo.com\/?post_type=product&#038;p=2414"},"modified":"2025-10-01T13:10:17","modified_gmt":"2025-10-01T10:10:17","slug":"hydraulikhammer-meissel","status":"publish","type":"product","link":"https:\/\/jekpo.com\/de\/p\/hydraulikhammer-meissel\/","title":{"rendered":"Hydraulikhammer \/ Mei\u00dfel"},"content":{"rendered":"<p data-start=\"71\" data-end=\"548\">Der Hydraulikhammer (Mei\u00dfel) ist f\u00fcr das effiziente Aufbrechen von Beton, Stein, Asphalt und anderen harten Oberfl\u00e4chen ausgelegt. Dank seiner kompakten Bauweise eignet sich das Anbauger\u00e4t auch f\u00fcr kleinere Lader oder Minibagger. Mit einer Schlagfrequenz von 800\u20131400 Schl\u00e4gen pro Minute und einem Arbeits\u00f6lstrom von 15\u201325 l\/min bietet es hohe Leistung unter verschiedensten Einsatzbedingungen. Die ideale Wahl sowohl f\u00fcr Bau- als auch f\u00fcr Abbrucharbeiten.<\/p>\n<p data-start=\"550\" data-end=\"573\">\n","protected":false},"excerpt":{"rendered":"<p>Der Hydraulikhammer (Mei\u00dfel) ist f\u00fcr das effiziente Aufbrechen von Beton, Stein, Asphalt und anderen harten Oberfl\u00e4chen ausgelegt. Dank seiner kompakten Bauweise eignet sich das Anbauger\u00e4t auch f\u00fcr kleinere Lader oder Minibagger. Mit einer Schlagfrequenz von 800\u20131400 Schl\u00e4gen pro Minute und einem Arbeits\u00f6lstrom von 15\u201325 l\/min bietet es hohe Leistung unter verschiedensten Einsatzbedingungen. Die ideale Wahl [&hellip;]<\/p>\n","protected":false},"featured_media":2742,"comment_status":"closed","ping_status":"closed","template":"","meta":[],"product_brand":[],"product_cat":[75],"product_tag":[],"pritaikomumas":[],"variklio-tipas":[],"class_list":{"0":"post-2414","1":"product","2":"type-product","3":"status-publish","4":"has-post-thumbnail","6":"product_cat-kompaktlader-anbaugeraete","8":"first","9":"instock","10":"sale","11":"sold-individually","12":"taxable","13":"shipping-taxable","14":"purchasable","15":"product-type-simple"},"yoast_head":"<!-- This site is optimized with the Yoast SEO plugin v27.4 - https:\/\/yoast.com\/product\/yoast-seo-wordpress\/ -->\n<title>Hydraulikhammer \/ Mei\u00dfel priedas grunto ir betono ardymui | JEKPO.COM<\/title>\n<meta name=\"description\" content=\"Hidraulinis kaltas krautuvui \u2013 ardykite beton\u0105, asfalt\u0105 ar \u017eem\u0119 efektyviai. Skirtas tiek profesionalams, tiek meg\u0117jams. Galingas sprendimas ardyti.\" \/>\n<meta name=\"robots\" content=\"index, follow, max-snippet:-1, max-image-preview:large, max-video-preview:-1\" \/>\n<link rel=\"canonical\" href=\"https:\/\/jekpo.com\/de\/p\/hydraulikhammer-meissel\/\" \/>\n<meta property=\"og:locale\" content=\"de_DE\" \/>\n<meta property=\"og:type\" content=\"article\" \/>\n<meta property=\"og:title\" content=\"Hydraulikhammer \/ Mei\u00dfel priedas grunto ir betono ardymui | JEKPO.COM\" \/>\n<meta property=\"og:description\" content=\"Hidraulinis kaltas krautuvui \u2013 ardykite beton\u0105, asfalt\u0105 ar \u017eem\u0119 efektyviai. Skirtas tiek profesionalams, tiek meg\u0117jams. Galingas sprendimas ardyti.\" \/>\n<meta property=\"og:url\" content=\"https:\/\/jekpo.com\/de\/p\/hydraulikhammer-meissel\/\" \/>\n<meta property=\"og:site_name\" content=\"JEKPO\" \/>\n<meta property=\"article:publisher\" content=\"https:\/\/www.facebook.com\/profile.php?id=61564816725405\" \/>\n<meta property=\"article:modified_time\" content=\"2025-10-01T10:10:17+00:00\" \/>\n<meta property=\"og:image\" content=\"https:\/\/jekpo.com\/wp-content\/uploads\/2025\/05\/kaltas-platukas-jekpo-mini-traktoriukai.png\" \/>\n\t<meta property=\"og:image:width\" content=\"1000\" \/>\n\t<meta property=\"og:image:height\" content=\"1000\" \/>\n\t<meta property=\"og:image:type\" content=\"image\/png\" \/>\n<meta name=\"twitter:card\" content=\"summary_large_image\" \/>\n<meta name=\"twitter:label1\" content=\"Gesch\u00e4tzte Lesezeit\" \/>\n\t<meta name=\"twitter:data1\" content=\"1\u00a0Minute\" \/>\n<script type=\"application\/ld+json\" class=\"yoast-schema-graph\">{\"@context\":\"https:\\\/\\\/schema.org\",\"@graph\":[{\"@type\":\"WebPage\",\"@id\":\"https:\\\/\\\/jekpo.com\\\/de\\\/p\\\/hydraulikhammer-meissel\\\/\",\"url\":\"https:\\\/\\\/jekpo.com\\\/de\\\/p\\\/hydraulikhammer-meissel\\\/\",\"name\":\"Hydraulikhammer \\\/ Mei\u00dfel priedas grunto ir betono ardymui | JEKPO.COM\",\"isPartOf\":{\"@id\":\"https:\\\/\\\/jekpo.com\\\/de\\\/#website\"},\"primaryImageOfPage\":{\"@id\":\"https:\\\/\\\/jekpo.com\\\/de\\\/p\\\/hydraulikhammer-meissel\\\/#primaryimage\"},\"image\":{\"@id\":\"https:\\\/\\\/jekpo.com\\\/de\\\/p\\\/hydraulikhammer-meissel\\\/#primaryimage\"},\"thumbnailUrl\":\"https:\\\/\\\/jekpo.com\\\/wp-content\\\/uploads\\\/2025\\\/05\\\/kaltas-platukas-jekpo-mini-traktoriukai.png\",\"datePublished\":\"2025-05-30T10:13:31+00:00\",\"dateModified\":\"2025-10-01T10:10:17+00:00\",\"description\":\"Hidraulinis kaltas krautuvui \u2013 ardykite beton\u0105, asfalt\u0105 ar \u017eem\u0119 efektyviai. Skirtas tiek profesionalams, tiek meg\u0117jams. Galingas sprendimas ardyti.\",\"breadcrumb\":{\"@id\":\"https:\\\/\\\/jekpo.com\\\/de\\\/p\\\/hydraulikhammer-meissel\\\/#breadcrumb\"},\"inLanguage\":\"de\",\"potentialAction\":[{\"@type\":\"ReadAction\",\"target\":[\"https:\\\/\\\/jekpo.com\\\/de\\\/p\\\/hydraulikhammer-meissel\\\/\"]}]},{\"@type\":\"ImageObject\",\"inLanguage\":\"de\",\"@id\":\"https:\\\/\\\/jekpo.com\\\/de\\\/p\\\/hydraulikhammer-meissel\\\/#primaryimage\",\"url\":\"https:\\\/\\\/jekpo.com\\\/wp-content\\\/uploads\\\/2025\\\/05\\\/kaltas-platukas-jekpo-mini-traktoriukai.png\",\"contentUrl\":\"https:\\\/\\\/jekpo.com\\\/wp-content\\\/uploads\\\/2025\\\/05\\\/kaltas-platukas-jekpo-mini-traktoriukai.png\",\"width\":1000,\"height\":1000,\"caption\":\"kaltas-platukas-jekpo-mini-traktoriukai\"},{\"@type\":\"BreadcrumbList\",\"@id\":\"https:\\\/\\\/jekpo.com\\\/de\\\/p\\\/hydraulikhammer-meissel\\\/#breadcrumb\",\"itemListElement\":[{\"@type\":\"ListItem\",\"position\":1,\"name\":\"Home\",\"item\":\"https:\\\/\\\/jekpo.com\\\/de\\\/\"},{\"@type\":\"ListItem\",\"position\":2,\"name\":\"Technik\",\"item\":\"https:\\\/\\\/jekpo.com\\\/de\\\/technik\\\/\"},{\"@type\":\"ListItem\",\"position\":3,\"name\":\"Hydraulikhammer \\\/ Mei\u00dfel\"}]},{\"@type\":\"WebSite\",\"@id\":\"https:\\\/\\\/jekpo.com\\\/de\\\/#website\",\"url\":\"https:\\\/\\\/jekpo.com\\\/de\\\/\",\"name\":\"JEKPO\",\"description\":\"atsakingas j\u016bs\u0173 partneris \u017eem\u0117s \u016bkio, sodo ir smulkiosios technikos pasaulyje\",\"publisher\":{\"@id\":\"https:\\\/\\\/jekpo.com\\\/de\\\/#organization\"},\"potentialAction\":[{\"@type\":\"SearchAction\",\"target\":{\"@type\":\"EntryPoint\",\"urlTemplate\":\"https:\\\/\\\/jekpo.com\\\/de\\\/?s={search_term_string}\"},\"query-input\":{\"@type\":\"PropertyValueSpecification\",\"valueRequired\":true,\"valueName\":\"search_term_string\"}}],\"inLanguage\":\"de\"},{\"@type\":\"Organization\",\"@id\":\"https:\\\/\\\/jekpo.com\\\/de\\\/#organization\",\"name\":\"JEKPO\",\"url\":\"https:\\\/\\\/jekpo.com\\\/de\\\/\",\"logo\":{\"@type\":\"ImageObject\",\"inLanguage\":\"de\",\"@id\":\"https:\\\/\\\/jekpo.com\\\/de\\\/#\\\/schema\\\/logo\\\/image\\\/\",\"url\":\"https:\\\/\\\/jekpo.com\\\/wp-content\\\/uploads\\\/2025\\\/03\\\/JEKPO-logo-trans-e1749117872556-300x201-2.webp\",\"contentUrl\":\"https:\\\/\\\/jekpo.com\\\/wp-content\\\/uploads\\\/2025\\\/03\\\/JEKPO-logo-trans-e1749117872556-300x201-2.webp\",\"width\":300,\"height\":201,\"caption\":\"JEKPO\"},\"image\":{\"@id\":\"https:\\\/\\\/jekpo.com\\\/de\\\/#\\\/schema\\\/logo\\\/image\\\/\"},\"sameAs\":[\"https:\\\/\\\/www.facebook.com\\\/profile.php?id=61564816725405\",\"https:\\\/\\\/www.instagram.com\\\/jekpo_ltu\\\/?igsh=cWh1ZDhyamEzOWQz&utm_source=qr#\",\"https:\\\/\\\/www.tiktok.com\\\/@jekpo_ltu?is_from_webapp=1&sender_device=pc\"]}]}<\/script>\n<!-- \/ Yoast SEO plugin. -->","yoast_head_json":{"title":"Hydraulikhammer \/ Mei\u00dfel priedas grunto ir betono ardymui | JEKPO.COM","description":"Hidraulinis kaltas krautuvui \u2013 ardykite beton\u0105, asfalt\u0105 ar \u017eem\u0119 efektyviai. Skirtas tiek profesionalams, tiek meg\u0117jams. Galingas sprendimas ardyti.","robots":{"index":"index","follow":"follow","max-snippet":"max-snippet:-1","max-image-preview":"max-image-preview:large","max-video-preview":"max-video-preview:-1"},"canonical":"https:\/\/jekpo.com\/de\/p\/hydraulikhammer-meissel\/","og_locale":"de_DE","og_type":"article","og_title":"Hydraulikhammer \/ Mei\u00dfel priedas grunto ir betono ardymui | JEKPO.COM","og_description":"Hidraulinis kaltas krautuvui \u2013 ardykite beton\u0105, asfalt\u0105 ar \u017eem\u0119 efektyviai. Skirtas tiek profesionalams, tiek meg\u0117jams. Galingas sprendimas ardyti.","og_url":"https:\/\/jekpo.com\/de\/p\/hydraulikhammer-meissel\/","og_site_name":"JEKPO","article_publisher":"https:\/\/www.facebook.com\/profile.php?id=61564816725405","article_modified_time":"2025-10-01T10:10:17+00:00","og_image":[{"width":1000,"height":1000,"url":"https:\/\/jekpo.com\/wp-content\/uploads\/2025\/05\/kaltas-platukas-jekpo-mini-traktoriukai.png","type":"image\/png"}],"twitter_card":"summary_large_image","twitter_misc":{"Gesch\u00e4tzte Lesezeit":"1\u00a0Minute"},"schema":{"@context":"https:\/\/schema.org","@graph":[{"@type":"WebPage","@id":"https:\/\/jekpo.com\/de\/p\/hydraulikhammer-meissel\/","url":"https:\/\/jekpo.com\/de\/p\/hydraulikhammer-meissel\/","name":"Hydraulikhammer \/ Mei\u00dfel priedas grunto ir betono ardymui | JEKPO.COM","isPartOf":{"@id":"https:\/\/jekpo.com\/de\/#website"},"primaryImageOfPage":{"@id":"https:\/\/jekpo.com\/de\/p\/hydraulikhammer-meissel\/#primaryimage"},"image":{"@id":"https:\/\/jekpo.com\/de\/p\/hydraulikhammer-meissel\/#primaryimage"},"thumbnailUrl":"https:\/\/jekpo.com\/wp-content\/uploads\/2025\/05\/kaltas-platukas-jekpo-mini-traktoriukai.png","datePublished":"2025-05-30T10:13:31+00:00","dateModified":"2025-10-01T10:10:17+00:00","description":"Hidraulinis kaltas krautuvui \u2013 ardykite beton\u0105, asfalt\u0105 ar \u017eem\u0119 efektyviai. Skirtas tiek profesionalams, tiek meg\u0117jams. Galingas sprendimas ardyti.","breadcrumb":{"@id":"https:\/\/jekpo.com\/de\/p\/hydraulikhammer-meissel\/#breadcrumb"},"inLanguage":"de","potentialAction":[{"@type":"ReadAction","target":["https:\/\/jekpo.com\/de\/p\/hydraulikhammer-meissel\/"]}]},{"@type":"ImageObject","inLanguage":"de","@id":"https:\/\/jekpo.com\/de\/p\/hydraulikhammer-meissel\/#primaryimage","url":"https:\/\/jekpo.com\/wp-content\/uploads\/2025\/05\/kaltas-platukas-jekpo-mini-traktoriukai.png","contentUrl":"https:\/\/jekpo.com\/wp-content\/uploads\/2025\/05\/kaltas-platukas-jekpo-mini-traktoriukai.png","width":1000,"height":1000,"caption":"kaltas-platukas-jekpo-mini-traktoriukai"},{"@type":"BreadcrumbList","@id":"https:\/\/jekpo.com\/de\/p\/hydraulikhammer-meissel\/#breadcrumb","itemListElement":[{"@type":"ListItem","position":1,"name":"Home","item":"https:\/\/jekpo.com\/de\/"},{"@type":"ListItem","position":2,"name":"Technik","item":"https:\/\/jekpo.com\/de\/technik\/"},{"@type":"ListItem","position":3,"name":"Hydraulikhammer \/ Mei\u00dfel"}]},{"@type":"WebSite","@id":"https:\/\/jekpo.com\/de\/#website","url":"https:\/\/jekpo.com\/de\/","name":"JEKPO","description":"atsakingas j\u016bs\u0173 partneris \u017eem\u0117s \u016bkio, sodo ir smulkiosios technikos pasaulyje","publisher":{"@id":"https:\/\/jekpo.com\/de\/#organization"},"potentialAction":[{"@type":"SearchAction","target":{"@type":"EntryPoint","urlTemplate":"https:\/\/jekpo.com\/de\/?s={search_term_string}"},"query-input":{"@type":"PropertyValueSpecification","valueRequired":true,"valueName":"search_term_string"}}],"inLanguage":"de"},{"@type":"Organization","@id":"https:\/\/jekpo.com\/de\/#organization","name":"JEKPO","url":"https:\/\/jekpo.com\/de\/","logo":{"@type":"ImageObject","inLanguage":"de","@id":"https:\/\/jekpo.com\/de\/#\/schema\/logo\/image\/","url":"https:\/\/jekpo.com\/wp-content\/uploads\/2025\/03\/JEKPO-logo-trans-e1749117872556-300x201-2.webp","contentUrl":"https:\/\/jekpo.com\/wp-content\/uploads\/2025\/03\/JEKPO-logo-trans-e1749117872556-300x201-2.webp","width":300,"height":201,"caption":"JEKPO"},"image":{"@id":"https:\/\/jekpo.com\/de\/#\/schema\/logo\/image\/"},"sameAs":["https:\/\/www.facebook.com\/profile.php?id=61564816725405","https:\/\/www.instagram.com\/jekpo_ltu\/?igsh=cWh1ZDhyamEzOWQz&utm_source=qr#","https:\/\/www.tiktok.com\/@jekpo_ltu?is_from_webapp=1&sender_device=pc"]}]}},"_links":{"self":[{"href":"https:\/\/jekpo.com\/de\/wp-json\/wp\/v2\/product\/2414","targetHints":{"allow":["GET"]}}],"collection":[{"href":"https:\/\/jekpo.com\/de\/wp-json\/wp\/v2\/product"}],"about":[{"href":"https:\/\/jekpo.com\/de\/wp-json\/wp\/v2\/types\/product"}],"replies":[{"embeddable":true,"href":"https:\/\/jekpo.com\/de\/wp-json\/wp\/v2\/comments?post=2414"}],"wp:featuredmedia":[{"embeddable":true,"href":"https:\/\/jekpo.com\/de\/wp-json\/wp\/v2\/media\/2742"}],"wp:attachment":[{"href":"https:\/\/jekpo.com\/de\/wp-json\/wp\/v2\/media?parent=2414"}],"wp:term":[{"taxonomy":"product_brand","embeddable":true,"href":"https:\/\/jekpo.com\/de\/wp-json\/wp\/v2\/product_brand?post=2414"},{"taxonomy":"product_cat","embeddable":true,"href":"https:\/\/jekpo.com\/de\/wp-json\/wp\/v2\/product_cat?post=2414"},{"taxonomy":"product_tag","embeddable":true,"href":"https:\/\/jekpo.com\/de\/wp-json\/wp\/v2\/product_tag?post=2414"},{"taxonomy":"pritaikomumas","embeddable":true,"href":"https:\/\/jekpo.com\/de\/wp-json\/wp\/v2\/pritaikomumas?post=2414"},{"taxonomy":"variklio-tipas","embeddable":true,"href":"https:\/\/jekpo.com\/de\/wp-json\/wp\/v2\/variklio-tipas?post=2414"}],"curies":[{"name":"wp","href":"https:\/\/api.w.org\/{rel}","templated":true}]}}