{"id":2412,"date":"2025-05-28T22:12:38","date_gmt":"2025-05-28T19:12:38","guid":{"rendered":"https:\/\/jekpo.com\/?post_type=product&#038;p=2412"},"modified":"2025-10-01T13:06:52","modified_gmt":"2025-10-01T10:06:52","slug":"oeffnungsschaufel-hydraulisch-gesteuert","status":"publish","type":"product","link":"https:\/\/jekpo.com\/de\/p\/oeffnungsschaufel-hydraulisch-gesteuert\/","title":{"rendered":"\u00d6ffnungsschaufel (Hydraulisch gesteuert)"},"content":{"rendered":"<p>Die \u00d6ffnungsschaufel ist f\u00fcr das universelle Laden und Entladen von Materialien ausgelegt, wenn mehr Pr\u00e4zision oder ein spezieller Kippwinkel erforderlich ist. Dieses Modell \u00fcberzeugt durch eine robuste Konstruktion und eignet sich ideal f\u00fcr Sch\u00fcttgut, Getreide, D\u00fcnger oder andere landwirtschaftliche Materialien. Besonders praktisch, wenn eine kontrollierte \u00d6ffnung \u00fcber das Hydrauliksystem notwendig ist.<\/p>\n","protected":false},"excerpt":{"rendered":"<p>Die \u00d6ffnungsschaufel ist f\u00fcr das universelle Laden und Entladen von Materialien ausgelegt, wenn mehr Pr\u00e4zision oder ein spezieller Kippwinkel erforderlich ist. Dieses Modell \u00fcberzeugt durch eine robuste Konstruktion und eignet sich ideal f\u00fcr Sch\u00fcttgut, Getreide, D\u00fcnger oder andere landwirtschaftliche Materialien. Besonders praktisch, wenn eine kontrollierte \u00d6ffnung \u00fcber das Hydrauliksystem notwendig ist.<\/p>\n","protected":false},"featured_media":3291,"comment_status":"closed","ping_status":"closed","template":"","meta":[],"product_brand":[],"product_cat":[75],"product_tag":[],"pritaikomumas":[],"variklio-tipas":[],"class_list":{"0":"post-2412","1":"product","2":"type-product","3":"status-publish","4":"has-post-thumbnail","6":"product_cat-kompaktlader-anbaugeraete","8":"first","9":"instock","10":"sale","11":"sold-individually","12":"taxable","13":"shipping-taxable","14":"purchasable","15":"product-type-simple"},"yoast_head":"<!-- This site is optimized with the Yoast SEO plugin v27.4 - https:\/\/yoast.com\/product\/yoast-seo-wordpress\/ -->\n<title>\u00d6ffnungsschaufel (Hydraulisch gesteuert) birioms med\u017eiagoms | JEKPO.COM<\/title>\n<meta name=\"description\" content=\"Atidaromas JEKPO krautuvo kau\u0161as \u2013 tikslus biri\u0173 med\u017eiag\u0173 pakrovimas ir i\u0161pylimas. Efektyvink darbus su \u0161iuo universaliu priedu \u2013 u\u017esisakyk dabar telefonu!\" \/>\n<meta name=\"robots\" content=\"index, follow, max-snippet:-1, max-image-preview:large, max-video-preview:-1\" \/>\n<link rel=\"canonical\" href=\"https:\/\/jekpo.com\/de\/p\/oeffnungsschaufel-hydraulisch-gesteuert\/\" \/>\n<meta property=\"og:locale\" content=\"de_DE\" \/>\n<meta property=\"og:type\" content=\"article\" \/>\n<meta property=\"og:title\" content=\"\u00d6ffnungsschaufel (Hydraulisch gesteuert) birioms med\u017eiagoms | JEKPO.COM\" \/>\n<meta property=\"og:description\" content=\"Atidaromas JEKPO krautuvo kau\u0161as \u2013 tikslus biri\u0173 med\u017eiag\u0173 pakrovimas ir i\u0161pylimas. Efektyvink darbus su \u0161iuo universaliu priedu \u2013 u\u017esisakyk dabar telefonu!\" \/>\n<meta property=\"og:url\" content=\"https:\/\/jekpo.com\/de\/p\/oeffnungsschaufel-hydraulisch-gesteuert\/\" \/>\n<meta property=\"og:site_name\" content=\"JEKPO\" \/>\n<meta property=\"article:publisher\" content=\"https:\/\/www.facebook.com\/profile.php?id=61564816725405\" \/>\n<meta property=\"article:modified_time\" content=\"2025-10-01T10:06:52+00:00\" \/>\n<meta property=\"og:image\" content=\"https:\/\/jekpo.com\/wp-content\/uploads\/2025\/05\/atidaromas-kausas-4-in-1-jekpo-mini-traktoriukai.png\" \/>\n\t<meta property=\"og:image:width\" content=\"1000\" \/>\n\t<meta property=\"og:image:height\" content=\"1000\" \/>\n\t<meta property=\"og:image:type\" content=\"image\/png\" \/>\n<meta name=\"twitter:card\" content=\"summary_large_image\" \/>\n<meta name=\"twitter:label1\" content=\"Gesch\u00e4tzte Lesezeit\" \/>\n\t<meta name=\"twitter:data1\" content=\"1\u00a0Minute\" \/>\n<script type=\"application\/ld+json\" class=\"yoast-schema-graph\">{\"@context\":\"https:\\\/\\\/schema.org\",\"@graph\":[{\"@type\":\"WebPage\",\"@id\":\"https:\\\/\\\/jekpo.com\\\/de\\\/p\\\/oeffnungsschaufel-hydraulisch-gesteuert\\\/\",\"url\":\"https:\\\/\\\/jekpo.com\\\/de\\\/p\\\/oeffnungsschaufel-hydraulisch-gesteuert\\\/\",\"name\":\"\u00d6ffnungsschaufel (Hydraulisch gesteuert) birioms med\u017eiagoms | JEKPO.COM\",\"isPartOf\":{\"@id\":\"https:\\\/\\\/jekpo.com\\\/de\\\/#website\"},\"primaryImageOfPage\":{\"@id\":\"https:\\\/\\\/jekpo.com\\\/de\\\/p\\\/oeffnungsschaufel-hydraulisch-gesteuert\\\/#primaryimage\"},\"image\":{\"@id\":\"https:\\\/\\\/jekpo.com\\\/de\\\/p\\\/oeffnungsschaufel-hydraulisch-gesteuert\\\/#primaryimage\"},\"thumbnailUrl\":\"https:\\\/\\\/jekpo.com\\\/wp-content\\\/uploads\\\/2025\\\/05\\\/atidaromas-kausas-4-in-1-jekpo-mini-traktoriukai.png\",\"datePublished\":\"2025-05-28T19:12:38+00:00\",\"dateModified\":\"2025-10-01T10:06:52+00:00\",\"description\":\"Atidaromas JEKPO krautuvo kau\u0161as \u2013 tikslus biri\u0173 med\u017eiag\u0173 pakrovimas ir i\u0161pylimas. Efektyvink darbus su \u0161iuo universaliu priedu \u2013 u\u017esisakyk dabar telefonu!\",\"breadcrumb\":{\"@id\":\"https:\\\/\\\/jekpo.com\\\/de\\\/p\\\/oeffnungsschaufel-hydraulisch-gesteuert\\\/#breadcrumb\"},\"inLanguage\":\"de\",\"potentialAction\":[{\"@type\":\"ReadAction\",\"target\":[\"https:\\\/\\\/jekpo.com\\\/de\\\/p\\\/oeffnungsschaufel-hydraulisch-gesteuert\\\/\"]}]},{\"@type\":\"ImageObject\",\"inLanguage\":\"de\",\"@id\":\"https:\\\/\\\/jekpo.com\\\/de\\\/p\\\/oeffnungsschaufel-hydraulisch-gesteuert\\\/#primaryimage\",\"url\":\"https:\\\/\\\/jekpo.com\\\/wp-content\\\/uploads\\\/2025\\\/05\\\/atidaromas-kausas-4-in-1-jekpo-mini-traktoriukai.png\",\"contentUrl\":\"https:\\\/\\\/jekpo.com\\\/wp-content\\\/uploads\\\/2025\\\/05\\\/atidaromas-kausas-4-in-1-jekpo-mini-traktoriukai.png\",\"width\":1000,\"height\":1000,\"caption\":\"atidaromas-kausas-4-in-1-jekpo-mini-traktoriukai\"},{\"@type\":\"BreadcrumbList\",\"@id\":\"https:\\\/\\\/jekpo.com\\\/de\\\/p\\\/oeffnungsschaufel-hydraulisch-gesteuert\\\/#breadcrumb\",\"itemListElement\":[{\"@type\":\"ListItem\",\"position\":1,\"name\":\"Home\",\"item\":\"https:\\\/\\\/jekpo.com\\\/de\\\/\"},{\"@type\":\"ListItem\",\"position\":2,\"name\":\"Technik\",\"item\":\"https:\\\/\\\/jekpo.com\\\/de\\\/technik\\\/\"},{\"@type\":\"ListItem\",\"position\":3,\"name\":\"\u00d6ffnungsschaufel (Hydraulisch gesteuert)\"}]},{\"@type\":\"WebSite\",\"@id\":\"https:\\\/\\\/jekpo.com\\\/de\\\/#website\",\"url\":\"https:\\\/\\\/jekpo.com\\\/de\\\/\",\"name\":\"JEKPO\",\"description\":\"atsakingas j\u016bs\u0173 partneris \u017eem\u0117s \u016bkio, sodo ir smulkiosios technikos pasaulyje\",\"publisher\":{\"@id\":\"https:\\\/\\\/jekpo.com\\\/de\\\/#organization\"},\"potentialAction\":[{\"@type\":\"SearchAction\",\"target\":{\"@type\":\"EntryPoint\",\"urlTemplate\":\"https:\\\/\\\/jekpo.com\\\/de\\\/?s={search_term_string}\"},\"query-input\":{\"@type\":\"PropertyValueSpecification\",\"valueRequired\":true,\"valueName\":\"search_term_string\"}}],\"inLanguage\":\"de\"},{\"@type\":\"Organization\",\"@id\":\"https:\\\/\\\/jekpo.com\\\/de\\\/#organization\",\"name\":\"JEKPO\",\"url\":\"https:\\\/\\\/jekpo.com\\\/de\\\/\",\"logo\":{\"@type\":\"ImageObject\",\"inLanguage\":\"de\",\"@id\":\"https:\\\/\\\/jekpo.com\\\/de\\\/#\\\/schema\\\/logo\\\/image\\\/\",\"url\":\"https:\\\/\\\/jekpo.com\\\/wp-content\\\/uploads\\\/2025\\\/03\\\/JEKPO-logo-trans-e1749117872556-300x201-2.webp\",\"contentUrl\":\"https:\\\/\\\/jekpo.com\\\/wp-content\\\/uploads\\\/2025\\\/03\\\/JEKPO-logo-trans-e1749117872556-300x201-2.webp\",\"width\":300,\"height\":201,\"caption\":\"JEKPO\"},\"image\":{\"@id\":\"https:\\\/\\\/jekpo.com\\\/de\\\/#\\\/schema\\\/logo\\\/image\\\/\"},\"sameAs\":[\"https:\\\/\\\/www.facebook.com\\\/profile.php?id=61564816725405\",\"https:\\\/\\\/www.instagram.com\\\/jekpo_ltu\\\/?igsh=cWh1ZDhyamEzOWQz&utm_source=qr#\",\"https:\\\/\\\/www.tiktok.com\\\/@jekpo_ltu?is_from_webapp=1&sender_device=pc\"]}]}<\/script>\n<!-- \/ Yoast SEO plugin. -->","yoast_head_json":{"title":"\u00d6ffnungsschaufel (Hydraulisch gesteuert) birioms med\u017eiagoms | JEKPO.COM","description":"Atidaromas JEKPO krautuvo kau\u0161as \u2013 tikslus biri\u0173 med\u017eiag\u0173 pakrovimas ir i\u0161pylimas. Efektyvink darbus su \u0161iuo universaliu priedu \u2013 u\u017esisakyk dabar telefonu!","robots":{"index":"index","follow":"follow","max-snippet":"max-snippet:-1","max-image-preview":"max-image-preview:large","max-video-preview":"max-video-preview:-1"},"canonical":"https:\/\/jekpo.com\/de\/p\/oeffnungsschaufel-hydraulisch-gesteuert\/","og_locale":"de_DE","og_type":"article","og_title":"\u00d6ffnungsschaufel (Hydraulisch gesteuert) birioms med\u017eiagoms | JEKPO.COM","og_description":"Atidaromas JEKPO krautuvo kau\u0161as \u2013 tikslus biri\u0173 med\u017eiag\u0173 pakrovimas ir i\u0161pylimas. Efektyvink darbus su \u0161iuo universaliu priedu \u2013 u\u017esisakyk dabar telefonu!","og_url":"https:\/\/jekpo.com\/de\/p\/oeffnungsschaufel-hydraulisch-gesteuert\/","og_site_name":"JEKPO","article_publisher":"https:\/\/www.facebook.com\/profile.php?id=61564816725405","article_modified_time":"2025-10-01T10:06:52+00:00","og_image":[{"width":1000,"height":1000,"url":"https:\/\/jekpo.com\/wp-content\/uploads\/2025\/05\/atidaromas-kausas-4-in-1-jekpo-mini-traktoriukai.png","type":"image\/png"}],"twitter_card":"summary_large_image","twitter_misc":{"Gesch\u00e4tzte Lesezeit":"1\u00a0Minute"},"schema":{"@context":"https:\/\/schema.org","@graph":[{"@type":"WebPage","@id":"https:\/\/jekpo.com\/de\/p\/oeffnungsschaufel-hydraulisch-gesteuert\/","url":"https:\/\/jekpo.com\/de\/p\/oeffnungsschaufel-hydraulisch-gesteuert\/","name":"\u00d6ffnungsschaufel (Hydraulisch gesteuert) birioms med\u017eiagoms | JEKPO.COM","isPartOf":{"@id":"https:\/\/jekpo.com\/de\/#website"},"primaryImageOfPage":{"@id":"https:\/\/jekpo.com\/de\/p\/oeffnungsschaufel-hydraulisch-gesteuert\/#primaryimage"},"image":{"@id":"https:\/\/jekpo.com\/de\/p\/oeffnungsschaufel-hydraulisch-gesteuert\/#primaryimage"},"thumbnailUrl":"https:\/\/jekpo.com\/wp-content\/uploads\/2025\/05\/atidaromas-kausas-4-in-1-jekpo-mini-traktoriukai.png","datePublished":"2025-05-28T19:12:38+00:00","dateModified":"2025-10-01T10:06:52+00:00","description":"Atidaromas JEKPO krautuvo kau\u0161as \u2013 tikslus biri\u0173 med\u017eiag\u0173 pakrovimas ir i\u0161pylimas. Efektyvink darbus su \u0161iuo universaliu priedu \u2013 u\u017esisakyk dabar telefonu!","breadcrumb":{"@id":"https:\/\/jekpo.com\/de\/p\/oeffnungsschaufel-hydraulisch-gesteuert\/#breadcrumb"},"inLanguage":"de","potentialAction":[{"@type":"ReadAction","target":["https:\/\/jekpo.com\/de\/p\/oeffnungsschaufel-hydraulisch-gesteuert\/"]}]},{"@type":"ImageObject","inLanguage":"de","@id":"https:\/\/jekpo.com\/de\/p\/oeffnungsschaufel-hydraulisch-gesteuert\/#primaryimage","url":"https:\/\/jekpo.com\/wp-content\/uploads\/2025\/05\/atidaromas-kausas-4-in-1-jekpo-mini-traktoriukai.png","contentUrl":"https:\/\/jekpo.com\/wp-content\/uploads\/2025\/05\/atidaromas-kausas-4-in-1-jekpo-mini-traktoriukai.png","width":1000,"height":1000,"caption":"atidaromas-kausas-4-in-1-jekpo-mini-traktoriukai"},{"@type":"BreadcrumbList","@id":"https:\/\/jekpo.com\/de\/p\/oeffnungsschaufel-hydraulisch-gesteuert\/#breadcrumb","itemListElement":[{"@type":"ListItem","position":1,"name":"Home","item":"https:\/\/jekpo.com\/de\/"},{"@type":"ListItem","position":2,"name":"Technik","item":"https:\/\/jekpo.com\/de\/technik\/"},{"@type":"ListItem","position":3,"name":"\u00d6ffnungsschaufel (Hydraulisch gesteuert)"}]},{"@type":"WebSite","@id":"https:\/\/jekpo.com\/de\/#website","url":"https:\/\/jekpo.com\/de\/","name":"JEKPO","description":"atsakingas j\u016bs\u0173 partneris \u017eem\u0117s \u016bkio, sodo ir smulkiosios technikos pasaulyje","publisher":{"@id":"https:\/\/jekpo.com\/de\/#organization"},"potentialAction":[{"@type":"SearchAction","target":{"@type":"EntryPoint","urlTemplate":"https:\/\/jekpo.com\/de\/?s={search_term_string}"},"query-input":{"@type":"PropertyValueSpecification","valueRequired":true,"valueName":"search_term_string"}}],"inLanguage":"de"},{"@type":"Organization","@id":"https:\/\/jekpo.com\/de\/#organization","name":"JEKPO","url":"https:\/\/jekpo.com\/de\/","logo":{"@type":"ImageObject","inLanguage":"de","@id":"https:\/\/jekpo.com\/de\/#\/schema\/logo\/image\/","url":"https:\/\/jekpo.com\/wp-content\/uploads\/2025\/03\/JEKPO-logo-trans-e1749117872556-300x201-2.webp","contentUrl":"https:\/\/jekpo.com\/wp-content\/uploads\/2025\/03\/JEKPO-logo-trans-e1749117872556-300x201-2.webp","width":300,"height":201,"caption":"JEKPO"},"image":{"@id":"https:\/\/jekpo.com\/de\/#\/schema\/logo\/image\/"},"sameAs":["https:\/\/www.facebook.com\/profile.php?id=61564816725405","https:\/\/www.instagram.com\/jekpo_ltu\/?igsh=cWh1ZDhyamEzOWQz&utm_source=qr#","https:\/\/www.tiktok.com\/@jekpo_ltu?is_from_webapp=1&sender_device=pc"]}]}},"_links":{"self":[{"href":"https:\/\/jekpo.com\/de\/wp-json\/wp\/v2\/product\/2412","targetHints":{"allow":["GET"]}}],"collection":[{"href":"https:\/\/jekpo.com\/de\/wp-json\/wp\/v2\/product"}],"about":[{"href":"https:\/\/jekpo.com\/de\/wp-json\/wp\/v2\/types\/product"}],"replies":[{"embeddable":true,"href":"https:\/\/jekpo.com\/de\/wp-json\/wp\/v2\/comments?post=2412"}],"wp:featuredmedia":[{"embeddable":true,"href":"https:\/\/jekpo.com\/de\/wp-json\/wp\/v2\/media\/3291"}],"wp:attachment":[{"href":"https:\/\/jekpo.com\/de\/wp-json\/wp\/v2\/media?parent=2412"}],"wp:term":[{"taxonomy":"product_brand","embeddable":true,"href":"https:\/\/jekpo.com\/de\/wp-json\/wp\/v2\/product_brand?post=2412"},{"taxonomy":"product_cat","embeddable":true,"href":"https:\/\/jekpo.com\/de\/wp-json\/wp\/v2\/product_cat?post=2412"},{"taxonomy":"product_tag","embeddable":true,"href":"https:\/\/jekpo.com\/de\/wp-json\/wp\/v2\/product_tag?post=2412"},{"taxonomy":"pritaikomumas","embeddable":true,"href":"https:\/\/jekpo.com\/de\/wp-json\/wp\/v2\/pritaikomumas?post=2412"},{"taxonomy":"variklio-tipas","embeddable":true,"href":"https:\/\/jekpo.com\/de\/wp-json\/wp\/v2\/variklio-tipas?post=2412"}],"curies":[{"name":"wp","href":"https:\/\/api.w.org\/{rel}","templated":true}]}}