{"id":2408,"date":"2025-05-28T15:28:56","date_gmt":"2025-05-28T12:28:56","guid":{"rendered":"https:\/\/jekpo.com\/?post_type=product&#038;p=2408"},"modified":"2025-10-06T13:01:24","modified_gmt":"2025-10-06T10:01:24","slug":"kr150-raupen-minilader","status":"publish","type":"product","link":"https:\/\/jekpo.com\/de\/p\/kr150-raupen-minilader\/","title":{"rendered":"KR150 Raupen-Minilader"},"content":{"rendered":"<p data-start=\"454\" data-end=\"870\">Der KR150 \u2013 mehr Leistung, wenn sie am meisten gebraucht wird. Der Raupen-Minilader KR150 ist f\u00fcr anspruchsvolle Eins\u00e4tze unter schwierigen Bedingungen konzipiert, bei denen nicht nur Stabilit\u00e4t, sondern auch ein hoher Hydraulikfluss erforderlich ist. Die leistungsstarke Hydraulikanlage erleichtert schwere, kraftintensive Arbeiten wie Fr\u00e4sen, Bohren oder andere intensive mechanische Prozesse.<\/p>\n<p data-start=\"872\" data-end=\"1142\">Das robuste Raupenfahrwerk garantiert ausgezeichnete Traktion und Stabilit\u00e4t, w\u00e4hrend die Standbedienung dem Fahrer optimale Sicht und maximale Wendigkeit bietet. Mit verst\u00e4rkter Konstruktion und starkem Motor erm\u00f6glicht der KR150 lange Arbeitsschichten ohne Ausf\u00e4lle.<\/p>\n<p data-start=\"1144\" data-end=\"1226\">Der KR150 ist die ideale L\u00f6sung f\u00fcr alle, die von ihrer Maschine mehr verlangen.<\/p>\n<p data-start=\"1228\" data-end=\"1246\"><strong data-start=\"1228\" data-end=\"1244\">Ausstattung:<\/strong><\/p>\n<ul>\n<li data-start=\"1249\" data-end=\"1270\">Mit Schwimmfunktion<\/li>\n<li data-start=\"1273\" data-end=\"1314\">Mit automatischer Schaufel-Nivellierung<\/li>\n<li data-start=\"1317\" data-end=\"1348\">Mit dreifacher Hydraulikpumpe<\/li>\n<\/ul>\n","protected":false},"excerpt":{"rendered":"<p>Der KR150 \u2013 mehr Leistung, wenn sie am meisten gebraucht wird. Der Raupen-Minilader KR150 ist f\u00fcr anspruchsvolle Eins\u00e4tze unter schwierigen Bedingungen konzipiert, bei denen nicht nur Stabilit\u00e4t, sondern auch ein hoher Hydraulikfluss erforderlich ist. Die leistungsstarke Hydraulikanlage erleichtert schwere, kraftintensive Arbeiten wie Fr\u00e4sen, Bohren oder andere intensive mechanische Prozesse. Das robuste Raupenfahrwerk garantiert ausgezeichnete Traktion [&hellip;]<\/p>\n","protected":false},"featured_media":2829,"comment_status":"closed","ping_status":"closed","template":"","meta":[],"product_brand":[],"product_cat":[77],"product_tag":[],"pritaikomumas":[],"variklio-tipas":[91],"class_list":{"0":"post-2408","1":"product","2":"type-product","3":"status-publish","4":"has-post-thumbnail","6":"product_cat-minilader","7":"variklio-tipas-diesel","9":"first","10":"instock","11":"sale","12":"taxable","13":"shipping-taxable","14":"purchasable","15":"product-type-simple"},"yoast_head":"<!-- This site is optimized with the Yoast SEO plugin v27.4 - https:\/\/yoast.com\/product\/yoast-seo-wordpress\/ -->\n<title>KR150 Raupen-Minilader \u2013 Leistung f\u00fcr Profis | JEKPO.COM<\/title>\n<meta name=\"description\" content=\"KR150 Raupenlader mit Dreiecks-Laufwerk: Traktion &amp; Pr\u00e4zision. Schnellwechsler, &gt;30 Anbauger\u00e4te, CE. Leistung f\u00fcr Profis, schnelle Lieferung.\" \/>\n<meta name=\"robots\" content=\"index, follow, max-snippet:-1, max-image-preview:large, max-video-preview:-1\" \/>\n<link rel=\"canonical\" href=\"https:\/\/jekpo.com\/de\/p\/kr150-raupen-minilader\/\" \/>\n<meta property=\"og:locale\" content=\"de_DE\" \/>\n<meta property=\"og:type\" content=\"article\" \/>\n<meta property=\"og:title\" content=\"KR150 Raupen-Minilader \u2013 Leistung f\u00fcr Profis | JEKPO.COM\" \/>\n<meta property=\"og:description\" content=\"KR150 Raupenlader mit Dreiecks-Laufwerk: Traktion &amp; Pr\u00e4zision. Schnellwechsler, &gt;30 Anbauger\u00e4te, CE. Leistung f\u00fcr Profis, schnelle Lieferung.\" \/>\n<meta property=\"og:url\" content=\"https:\/\/jekpo.com\/de\/p\/kr150-raupen-minilader\/\" \/>\n<meta property=\"og:site_name\" content=\"JEKPO\" \/>\n<meta property=\"article:publisher\" content=\"https:\/\/www.facebook.com\/profile.php?id=61564816725405\" \/>\n<meta property=\"article:modified_time\" content=\"2025-10-06T10:01:24+00:00\" \/>\n<meta property=\"og:image\" content=\"https:\/\/jekpo.com\/wp-content\/uploads\/2025\/05\/KR150-kubota-viksrinis-25HP-jekpo.jpg\" \/>\n\t<meta property=\"og:image:width\" content=\"1000\" \/>\n\t<meta property=\"og:image:height\" content=\"1000\" \/>\n\t<meta property=\"og:image:type\" content=\"image\/jpeg\" \/>\n<meta name=\"twitter:card\" content=\"summary_large_image\" \/>\n<meta name=\"twitter:label1\" content=\"Gesch\u00e4tzte Lesezeit\" \/>\n\t<meta name=\"twitter:data1\" content=\"1\u00a0Minute\" \/>\n<script type=\"application\/ld+json\" class=\"yoast-schema-graph\">{\"@context\":\"https:\\\/\\\/schema.org\",\"@graph\":[{\"@type\":\"WebPage\",\"@id\":\"https:\\\/\\\/jekpo.com\\\/de\\\/p\\\/kr150-raupen-minilader\\\/\",\"url\":\"https:\\\/\\\/jekpo.com\\\/de\\\/p\\\/kr150-raupen-minilader\\\/\",\"name\":\"KR150 Raupen-Minilader \u2013 Leistung f\u00fcr Profis | JEKPO.COM\",\"isPartOf\":{\"@id\":\"https:\\\/\\\/jekpo.com\\\/de\\\/#website\"},\"primaryImageOfPage\":{\"@id\":\"https:\\\/\\\/jekpo.com\\\/de\\\/p\\\/kr150-raupen-minilader\\\/#primaryimage\"},\"image\":{\"@id\":\"https:\\\/\\\/jekpo.com\\\/de\\\/p\\\/kr150-raupen-minilader\\\/#primaryimage\"},\"thumbnailUrl\":\"https:\\\/\\\/jekpo.com\\\/wp-content\\\/uploads\\\/2025\\\/05\\\/KR150-kubota-viksrinis-25HP-jekpo-e1769680374737.jpg\",\"datePublished\":\"2025-05-28T12:28:56+00:00\",\"dateModified\":\"2025-10-06T10:01:24+00:00\",\"description\":\"KR150 Raupenlader mit Dreiecks-Laufwerk: Traktion & Pr\u00e4zision. Schnellwechsler, >30 Anbauger\u00e4te, CE. Leistung f\u00fcr Profis, schnelle Lieferung.\",\"breadcrumb\":{\"@id\":\"https:\\\/\\\/jekpo.com\\\/de\\\/p\\\/kr150-raupen-minilader\\\/#breadcrumb\"},\"inLanguage\":\"de\",\"potentialAction\":[{\"@type\":\"ReadAction\",\"target\":[\"https:\\\/\\\/jekpo.com\\\/de\\\/p\\\/kr150-raupen-minilader\\\/\"]}]},{\"@type\":\"ImageObject\",\"inLanguage\":\"de\",\"@id\":\"https:\\\/\\\/jekpo.com\\\/de\\\/p\\\/kr150-raupen-minilader\\\/#primaryimage\",\"url\":\"https:\\\/\\\/jekpo.com\\\/wp-content\\\/uploads\\\/2025\\\/05\\\/KR150-kubota-viksrinis-25HP-jekpo-e1769680374737.jpg\",\"contentUrl\":\"https:\\\/\\\/jekpo.com\\\/wp-content\\\/uploads\\\/2025\\\/05\\\/KR150-kubota-viksrinis-25HP-jekpo-e1769680374737.jpg\",\"width\":1000,\"height\":1000,\"caption\":\"KR15-viks\u030crinis-jekpo-krautuvas-trikampiniai-viksrai\"},{\"@type\":\"BreadcrumbList\",\"@id\":\"https:\\\/\\\/jekpo.com\\\/de\\\/p\\\/kr150-raupen-minilader\\\/#breadcrumb\",\"itemListElement\":[{\"@type\":\"ListItem\",\"position\":1,\"name\":\"Home\",\"item\":\"https:\\\/\\\/jekpo.com\\\/de\\\/\"},{\"@type\":\"ListItem\",\"position\":2,\"name\":\"Technik\",\"item\":\"https:\\\/\\\/jekpo.com\\\/de\\\/technik\\\/\"},{\"@type\":\"ListItem\",\"position\":3,\"name\":\"KR150 Raupen-Minilader\"}]},{\"@type\":\"WebSite\",\"@id\":\"https:\\\/\\\/jekpo.com\\\/de\\\/#website\",\"url\":\"https:\\\/\\\/jekpo.com\\\/de\\\/\",\"name\":\"JEKPO\",\"description\":\"atsakingas j\u016bs\u0173 partneris \u017eem\u0117s \u016bkio, sodo ir smulkiosios technikos pasaulyje\",\"publisher\":{\"@id\":\"https:\\\/\\\/jekpo.com\\\/de\\\/#organization\"},\"potentialAction\":[{\"@type\":\"SearchAction\",\"target\":{\"@type\":\"EntryPoint\",\"urlTemplate\":\"https:\\\/\\\/jekpo.com\\\/de\\\/?s={search_term_string}\"},\"query-input\":{\"@type\":\"PropertyValueSpecification\",\"valueRequired\":true,\"valueName\":\"search_term_string\"}}],\"inLanguage\":\"de\"},{\"@type\":\"Organization\",\"@id\":\"https:\\\/\\\/jekpo.com\\\/de\\\/#organization\",\"name\":\"JEKPO\",\"url\":\"https:\\\/\\\/jekpo.com\\\/de\\\/\",\"logo\":{\"@type\":\"ImageObject\",\"inLanguage\":\"de\",\"@id\":\"https:\\\/\\\/jekpo.com\\\/de\\\/#\\\/schema\\\/logo\\\/image\\\/\",\"url\":\"https:\\\/\\\/jekpo.com\\\/wp-content\\\/uploads\\\/2025\\\/03\\\/JEKPO-logo-trans-e1749117872556-300x201-2.webp\",\"contentUrl\":\"https:\\\/\\\/jekpo.com\\\/wp-content\\\/uploads\\\/2025\\\/03\\\/JEKPO-logo-trans-e1749117872556-300x201-2.webp\",\"width\":300,\"height\":201,\"caption\":\"JEKPO\"},\"image\":{\"@id\":\"https:\\\/\\\/jekpo.com\\\/de\\\/#\\\/schema\\\/logo\\\/image\\\/\"},\"sameAs\":[\"https:\\\/\\\/www.facebook.com\\\/profile.php?id=61564816725405\",\"https:\\\/\\\/www.instagram.com\\\/jekpo_ltu\\\/?igsh=cWh1ZDhyamEzOWQz&utm_source=qr#\",\"https:\\\/\\\/www.tiktok.com\\\/@jekpo_ltu?is_from_webapp=1&sender_device=pc\"]}]}<\/script>\n<!-- \/ Yoast SEO plugin. -->","yoast_head_json":{"title":"KR150 Raupen-Minilader \u2013 Leistung f\u00fcr Profis | JEKPO.COM","description":"KR150 Raupenlader mit Dreiecks-Laufwerk: Traktion & Pr\u00e4zision. Schnellwechsler, >30 Anbauger\u00e4te, CE. Leistung f\u00fcr Profis, schnelle Lieferung.","robots":{"index":"index","follow":"follow","max-snippet":"max-snippet:-1","max-image-preview":"max-image-preview:large","max-video-preview":"max-video-preview:-1"},"canonical":"https:\/\/jekpo.com\/de\/p\/kr150-raupen-minilader\/","og_locale":"de_DE","og_type":"article","og_title":"KR150 Raupen-Minilader \u2013 Leistung f\u00fcr Profis | JEKPO.COM","og_description":"KR150 Raupenlader mit Dreiecks-Laufwerk: Traktion & Pr\u00e4zision. Schnellwechsler, >30 Anbauger\u00e4te, CE. Leistung f\u00fcr Profis, schnelle Lieferung.","og_url":"https:\/\/jekpo.com\/de\/p\/kr150-raupen-minilader\/","og_site_name":"JEKPO","article_publisher":"https:\/\/www.facebook.com\/profile.php?id=61564816725405","article_modified_time":"2025-10-06T10:01:24+00:00","og_image":[{"width":1000,"height":1000,"url":"https:\/\/jekpo.com\/wp-content\/uploads\/2025\/05\/KR150-kubota-viksrinis-25HP-jekpo.jpg","type":"image\/jpeg"}],"twitter_card":"summary_large_image","twitter_misc":{"Gesch\u00e4tzte Lesezeit":"1\u00a0Minute"},"schema":{"@context":"https:\/\/schema.org","@graph":[{"@type":"WebPage","@id":"https:\/\/jekpo.com\/de\/p\/kr150-raupen-minilader\/","url":"https:\/\/jekpo.com\/de\/p\/kr150-raupen-minilader\/","name":"KR150 Raupen-Minilader \u2013 Leistung f\u00fcr Profis | JEKPO.COM","isPartOf":{"@id":"https:\/\/jekpo.com\/de\/#website"},"primaryImageOfPage":{"@id":"https:\/\/jekpo.com\/de\/p\/kr150-raupen-minilader\/#primaryimage"},"image":{"@id":"https:\/\/jekpo.com\/de\/p\/kr150-raupen-minilader\/#primaryimage"},"thumbnailUrl":"https:\/\/jekpo.com\/wp-content\/uploads\/2025\/05\/KR150-kubota-viksrinis-25HP-jekpo-e1769680374737.jpg","datePublished":"2025-05-28T12:28:56+00:00","dateModified":"2025-10-06T10:01:24+00:00","description":"KR150 Raupenlader mit Dreiecks-Laufwerk: Traktion & Pr\u00e4zision. Schnellwechsler, >30 Anbauger\u00e4te, CE. Leistung f\u00fcr Profis, schnelle Lieferung.","breadcrumb":{"@id":"https:\/\/jekpo.com\/de\/p\/kr150-raupen-minilader\/#breadcrumb"},"inLanguage":"de","potentialAction":[{"@type":"ReadAction","target":["https:\/\/jekpo.com\/de\/p\/kr150-raupen-minilader\/"]}]},{"@type":"ImageObject","inLanguage":"de","@id":"https:\/\/jekpo.com\/de\/p\/kr150-raupen-minilader\/#primaryimage","url":"https:\/\/jekpo.com\/wp-content\/uploads\/2025\/05\/KR150-kubota-viksrinis-25HP-jekpo-e1769680374737.jpg","contentUrl":"https:\/\/jekpo.com\/wp-content\/uploads\/2025\/05\/KR150-kubota-viksrinis-25HP-jekpo-e1769680374737.jpg","width":1000,"height":1000,"caption":"KR15-viks\u030crinis-jekpo-krautuvas-trikampiniai-viksrai"},{"@type":"BreadcrumbList","@id":"https:\/\/jekpo.com\/de\/p\/kr150-raupen-minilader\/#breadcrumb","itemListElement":[{"@type":"ListItem","position":1,"name":"Home","item":"https:\/\/jekpo.com\/de\/"},{"@type":"ListItem","position":2,"name":"Technik","item":"https:\/\/jekpo.com\/de\/technik\/"},{"@type":"ListItem","position":3,"name":"KR150 Raupen-Minilader"}]},{"@type":"WebSite","@id":"https:\/\/jekpo.com\/de\/#website","url":"https:\/\/jekpo.com\/de\/","name":"JEKPO","description":"atsakingas j\u016bs\u0173 partneris \u017eem\u0117s \u016bkio, sodo ir smulkiosios technikos pasaulyje","publisher":{"@id":"https:\/\/jekpo.com\/de\/#organization"},"potentialAction":[{"@type":"SearchAction","target":{"@type":"EntryPoint","urlTemplate":"https:\/\/jekpo.com\/de\/?s={search_term_string}"},"query-input":{"@type":"PropertyValueSpecification","valueRequired":true,"valueName":"search_term_string"}}],"inLanguage":"de"},{"@type":"Organization","@id":"https:\/\/jekpo.com\/de\/#organization","name":"JEKPO","url":"https:\/\/jekpo.com\/de\/","logo":{"@type":"ImageObject","inLanguage":"de","@id":"https:\/\/jekpo.com\/de\/#\/schema\/logo\/image\/","url":"https:\/\/jekpo.com\/wp-content\/uploads\/2025\/03\/JEKPO-logo-trans-e1749117872556-300x201-2.webp","contentUrl":"https:\/\/jekpo.com\/wp-content\/uploads\/2025\/03\/JEKPO-logo-trans-e1749117872556-300x201-2.webp","width":300,"height":201,"caption":"JEKPO"},"image":{"@id":"https:\/\/jekpo.com\/de\/#\/schema\/logo\/image\/"},"sameAs":["https:\/\/www.facebook.com\/profile.php?id=61564816725405","https:\/\/www.instagram.com\/jekpo_ltu\/?igsh=cWh1ZDhyamEzOWQz&utm_source=qr#","https:\/\/www.tiktok.com\/@jekpo_ltu?is_from_webapp=1&sender_device=pc"]}]}},"_links":{"self":[{"href":"https:\/\/jekpo.com\/de\/wp-json\/wp\/v2\/product\/2408","targetHints":{"allow":["GET"]}}],"collection":[{"href":"https:\/\/jekpo.com\/de\/wp-json\/wp\/v2\/product"}],"about":[{"href":"https:\/\/jekpo.com\/de\/wp-json\/wp\/v2\/types\/product"}],"replies":[{"embeddable":true,"href":"https:\/\/jekpo.com\/de\/wp-json\/wp\/v2\/comments?post=2408"}],"wp:featuredmedia":[{"embeddable":true,"href":"https:\/\/jekpo.com\/de\/wp-json\/wp\/v2\/media\/2829"}],"wp:attachment":[{"href":"https:\/\/jekpo.com\/de\/wp-json\/wp\/v2\/media?parent=2408"}],"wp:term":[{"taxonomy":"product_brand","embeddable":true,"href":"https:\/\/jekpo.com\/de\/wp-json\/wp\/v2\/product_brand?post=2408"},{"taxonomy":"product_cat","embeddable":true,"href":"https:\/\/jekpo.com\/de\/wp-json\/wp\/v2\/product_cat?post=2408"},{"taxonomy":"product_tag","embeddable":true,"href":"https:\/\/jekpo.com\/de\/wp-json\/wp\/v2\/product_tag?post=2408"},{"taxonomy":"pritaikomumas","embeddable":true,"href":"https:\/\/jekpo.com\/de\/wp-json\/wp\/v2\/pritaikomumas?post=2408"},{"taxonomy":"variklio-tipas","embeddable":true,"href":"https:\/\/jekpo.com\/de\/wp-json\/wp\/v2\/variklio-tipas?post=2408"}],"curies":[{"name":"wp","href":"https:\/\/api.w.org\/{rel}","templated":true}]}}