{"id":2407,"date":"2025-05-28T15:18:47","date_gmt":"2025-05-28T12:18:47","guid":{"rendered":"https:\/\/jekpo.com\/?post_type=product&#038;p=2407"},"modified":"2025-10-06T12:55:27","modified_gmt":"2025-10-06T09:55:27","slug":"kr100-raupen-minilader","status":"publish","type":"product","link":"https:\/\/jekpo.com\/de\/p\/kr100-raupen-minilader\/","title":{"rendered":"KR100 Raupen-Minilader"},"content":{"rendered":"<p data-start=\"563\" data-end=\"1008\">Der KR100 \u2013 wenn Kraft und Zuverl\u00e4ssigkeit unter allen Bedingungen gefragt sind. Der robuste Raupen-Minilader KR100 wurde f\u00fcr den intensiven Einsatz in Landwirtschaft, Bauwesen und Industrie entwickelt. Dank der Standbedienung hat der Fahrer stets beste Sicht und maximale Wendigkeit, selbst auf engstem Raum. Das Raupenfahrwerk sorgt f\u00fcr hervorragende Traktion und Gel\u00e4ndeg\u00e4ngigkeit auf weichem, nassem oder unebenem Boden.<\/p>\n<p data-start=\"1010\" data-end=\"1291\">Ein leistungsstarker Motor, verst\u00e4rkte Konstruktion und einfache Wartung erm\u00f6glichen es dem KR100, lange, effizient und ohne Ausf\u00e4lle zu arbeiten. Wer eine zuverl\u00e4ssige, robuste und langfristige Investition sucht, findet im KR100 die ideale L\u00f6sung f\u00fcr t\u00e4gliche Herausforderungen.<\/p>\n<p data-start=\"1293\" data-end=\"1311\"><strong data-start=\"1293\" data-end=\"1309\">Ausstattung:<\/strong><\/p>\n<ul>\n<li data-start=\"1314\" data-end=\"1335\">Mit Schwimmfunktion<\/li>\n<li data-start=\"1338\" data-end=\"1379\">Mit automatischer Schaufel-Nivellierung<\/li>\n<li data-start=\"1382\" data-end=\"1413\">Mit dreifacher Hydraulikpumpe<\/li>\n<li data-start=\"1416\" data-end=\"1451\">Mit italienischen \u201eHyde\u201c-Ventilen<\/li>\n<li data-start=\"1454\" data-end=\"1499\">Mit amerikanischem \u201eDanfoss\u201c-Hydraulikmotor<\/li>\n<li data-start=\"1502\" data-end=\"1541\">Mit \u201eContinental\u201c-Hydraulikschl\u00e4uchen<\/li>\n<\/ul>\n","protected":false},"excerpt":{"rendered":"<p>Der KR100 \u2013 wenn Kraft und Zuverl\u00e4ssigkeit unter allen Bedingungen gefragt sind. Der robuste Raupen-Minilader KR100 wurde f\u00fcr den intensiven Einsatz in Landwirtschaft, Bauwesen und Industrie entwickelt. Dank der Standbedienung hat der Fahrer stets beste Sicht und maximale Wendigkeit, selbst auf engstem Raum. Das Raupenfahrwerk sorgt f\u00fcr hervorragende Traktion und Gel\u00e4ndeg\u00e4ngigkeit auf weichem, nassem oder [&hellip;]<\/p>\n","protected":false},"featured_media":2802,"comment_status":"closed","ping_status":"closed","template":"","meta":[],"product_brand":[],"product_cat":[77],"product_tag":[],"pritaikomumas":[],"variklio-tipas":[91],"class_list":{"0":"post-2407","1":"product","2":"type-product","3":"status-publish","4":"has-post-thumbnail","6":"product_cat-minilader","7":"variklio-tipas-diesel","9":"first","10":"instock","11":"sale","12":"taxable","13":"shipping-taxable","14":"purchasable","15":"product-type-simple"},"yoast_head":"<!-- This site is optimized with the Yoast SEO plugin v27.4 - https:\/\/yoast.com\/product\/yoast-seo-wordpress\/ -->\n<title>KR100 Raupen-Minilader \u2013 die st\u00e4rkere L\u00f6sung | JEKPO.COM<\/title>\n<meta name=\"description\" content=\"KR100 Raupenlader \u2013 die st\u00e4rkere L\u00f6sung: kompakt, kraftvoll, wendig. Schnellwechsler, &gt;30 Anbauger\u00e4te, CE-konform, schnelle Lieferung.\" \/>\n<meta name=\"robots\" content=\"index, follow, max-snippet:-1, max-image-preview:large, max-video-preview:-1\" \/>\n<link rel=\"canonical\" href=\"https:\/\/jekpo.com\/de\/p\/kr100-raupen-minilader\/\" \/>\n<meta property=\"og:locale\" content=\"de_DE\" \/>\n<meta property=\"og:type\" content=\"article\" \/>\n<meta property=\"og:title\" content=\"KR100 Raupen-Minilader \u2013 die st\u00e4rkere L\u00f6sung | JEKPO.COM\" \/>\n<meta property=\"og:description\" content=\"KR100 Raupenlader \u2013 die st\u00e4rkere L\u00f6sung: kompakt, kraftvoll, wendig. Schnellwechsler, &gt;30 Anbauger\u00e4te, CE-konform, schnelle Lieferung.\" \/>\n<meta property=\"og:url\" content=\"https:\/\/jekpo.com\/de\/p\/kr100-raupen-minilader\/\" \/>\n<meta property=\"og:site_name\" content=\"JEKPO\" \/>\n<meta property=\"article:publisher\" content=\"https:\/\/www.facebook.com\/profile.php?id=61564816725405\" \/>\n<meta property=\"article:modified_time\" content=\"2025-10-06T09:55:27+00:00\" \/>\n<meta property=\"og:image\" content=\"https:\/\/jekpo.com\/wp-content\/uploads\/2025\/05\/KR100-kubota-viksrinis-25HP-jekpo.jpg\" \/>\n\t<meta property=\"og:image:width\" content=\"1000\" \/>\n\t<meta property=\"og:image:height\" content=\"1000\" \/>\n\t<meta property=\"og:image:type\" content=\"image\/jpeg\" \/>\n<meta name=\"twitter:card\" content=\"summary_large_image\" \/>\n<meta name=\"twitter:label1\" content=\"Gesch\u00e4tzte Lesezeit\" \/>\n\t<meta name=\"twitter:data1\" content=\"2\u00a0Minuten\" \/>\n<script type=\"application\/ld+json\" class=\"yoast-schema-graph\">{\"@context\":\"https:\\\/\\\/schema.org\",\"@graph\":[{\"@type\":\"WebPage\",\"@id\":\"https:\\\/\\\/jekpo.com\\\/de\\\/p\\\/kr100-raupen-minilader\\\/\",\"url\":\"https:\\\/\\\/jekpo.com\\\/de\\\/p\\\/kr100-raupen-minilader\\\/\",\"name\":\"KR100 Raupen-Minilader \u2013 die st\u00e4rkere L\u00f6sung | JEKPO.COM\",\"isPartOf\":{\"@id\":\"https:\\\/\\\/jekpo.com\\\/de\\\/#website\"},\"primaryImageOfPage\":{\"@id\":\"https:\\\/\\\/jekpo.com\\\/de\\\/p\\\/kr100-raupen-minilader\\\/#primaryimage\"},\"image\":{\"@id\":\"https:\\\/\\\/jekpo.com\\\/de\\\/p\\\/kr100-raupen-minilader\\\/#primaryimage\"},\"thumbnailUrl\":\"https:\\\/\\\/jekpo.com\\\/wp-content\\\/uploads\\\/2025\\\/05\\\/KR100-kubota-viksrinis-25HP-jekpo.jpg\",\"datePublished\":\"2025-05-28T12:18:47+00:00\",\"dateModified\":\"2025-10-06T09:55:27+00:00\",\"description\":\"KR100 Raupenlader \u2013 die st\u00e4rkere L\u00f6sung: kompakt, kraftvoll, wendig. Schnellwechsler, >30 Anbauger\u00e4te, CE-konform, schnelle Lieferung.\",\"breadcrumb\":{\"@id\":\"https:\\\/\\\/jekpo.com\\\/de\\\/p\\\/kr100-raupen-minilader\\\/#breadcrumb\"},\"inLanguage\":\"de\",\"potentialAction\":[{\"@type\":\"ReadAction\",\"target\":[\"https:\\\/\\\/jekpo.com\\\/de\\\/p\\\/kr100-raupen-minilader\\\/\"]}]},{\"@type\":\"ImageObject\",\"inLanguage\":\"de\",\"@id\":\"https:\\\/\\\/jekpo.com\\\/de\\\/p\\\/kr100-raupen-minilader\\\/#primaryimage\",\"url\":\"https:\\\/\\\/jekpo.com\\\/wp-content\\\/uploads\\\/2025\\\/05\\\/KR100-kubota-viksrinis-25HP-jekpo.jpg\",\"contentUrl\":\"https:\\\/\\\/jekpo.com\\\/wp-content\\\/uploads\\\/2025\\\/05\\\/KR100-kubota-viksrinis-25HP-jekpo.jpg\",\"width\":1000,\"height\":1000,\"caption\":\"KR100-jekpo-viksrinis-krautuvas-trikampiai-viksrai\"},{\"@type\":\"BreadcrumbList\",\"@id\":\"https:\\\/\\\/jekpo.com\\\/de\\\/p\\\/kr100-raupen-minilader\\\/#breadcrumb\",\"itemListElement\":[{\"@type\":\"ListItem\",\"position\":1,\"name\":\"Home\",\"item\":\"https:\\\/\\\/jekpo.com\\\/de\\\/\"},{\"@type\":\"ListItem\",\"position\":2,\"name\":\"Technik\",\"item\":\"https:\\\/\\\/jekpo.com\\\/de\\\/technik\\\/\"},{\"@type\":\"ListItem\",\"position\":3,\"name\":\"KR100 Raupen-Minilader\"}]},{\"@type\":\"WebSite\",\"@id\":\"https:\\\/\\\/jekpo.com\\\/de\\\/#website\",\"url\":\"https:\\\/\\\/jekpo.com\\\/de\\\/\",\"name\":\"JEKPO\",\"description\":\"atsakingas j\u016bs\u0173 partneris \u017eem\u0117s \u016bkio, sodo ir smulkiosios technikos pasaulyje\",\"publisher\":{\"@id\":\"https:\\\/\\\/jekpo.com\\\/de\\\/#organization\"},\"potentialAction\":[{\"@type\":\"SearchAction\",\"target\":{\"@type\":\"EntryPoint\",\"urlTemplate\":\"https:\\\/\\\/jekpo.com\\\/de\\\/?s={search_term_string}\"},\"query-input\":{\"@type\":\"PropertyValueSpecification\",\"valueRequired\":true,\"valueName\":\"search_term_string\"}}],\"inLanguage\":\"de\"},{\"@type\":\"Organization\",\"@id\":\"https:\\\/\\\/jekpo.com\\\/de\\\/#organization\",\"name\":\"JEKPO\",\"url\":\"https:\\\/\\\/jekpo.com\\\/de\\\/\",\"logo\":{\"@type\":\"ImageObject\",\"inLanguage\":\"de\",\"@id\":\"https:\\\/\\\/jekpo.com\\\/de\\\/#\\\/schema\\\/logo\\\/image\\\/\",\"url\":\"https:\\\/\\\/jekpo.com\\\/wp-content\\\/uploads\\\/2025\\\/03\\\/JEKPO-logo-trans-e1749117872556-300x201-2.webp\",\"contentUrl\":\"https:\\\/\\\/jekpo.com\\\/wp-content\\\/uploads\\\/2025\\\/03\\\/JEKPO-logo-trans-e1749117872556-300x201-2.webp\",\"width\":300,\"height\":201,\"caption\":\"JEKPO\"},\"image\":{\"@id\":\"https:\\\/\\\/jekpo.com\\\/de\\\/#\\\/schema\\\/logo\\\/image\\\/\"},\"sameAs\":[\"https:\\\/\\\/www.facebook.com\\\/profile.php?id=61564816725405\",\"https:\\\/\\\/www.instagram.com\\\/jekpo_ltu\\\/?igsh=cWh1ZDhyamEzOWQz&utm_source=qr#\",\"https:\\\/\\\/www.tiktok.com\\\/@jekpo_ltu?is_from_webapp=1&sender_device=pc\"]}]}<\/script>\n<!-- \/ Yoast SEO plugin. -->","yoast_head_json":{"title":"KR100 Raupen-Minilader \u2013 die st\u00e4rkere L\u00f6sung | JEKPO.COM","description":"KR100 Raupenlader \u2013 die st\u00e4rkere L\u00f6sung: kompakt, kraftvoll, wendig. Schnellwechsler, >30 Anbauger\u00e4te, CE-konform, schnelle Lieferung.","robots":{"index":"index","follow":"follow","max-snippet":"max-snippet:-1","max-image-preview":"max-image-preview:large","max-video-preview":"max-video-preview:-1"},"canonical":"https:\/\/jekpo.com\/de\/p\/kr100-raupen-minilader\/","og_locale":"de_DE","og_type":"article","og_title":"KR100 Raupen-Minilader \u2013 die st\u00e4rkere L\u00f6sung | JEKPO.COM","og_description":"KR100 Raupenlader \u2013 die st\u00e4rkere L\u00f6sung: kompakt, kraftvoll, wendig. Schnellwechsler, >30 Anbauger\u00e4te, CE-konform, schnelle Lieferung.","og_url":"https:\/\/jekpo.com\/de\/p\/kr100-raupen-minilader\/","og_site_name":"JEKPO","article_publisher":"https:\/\/www.facebook.com\/profile.php?id=61564816725405","article_modified_time":"2025-10-06T09:55:27+00:00","og_image":[{"width":1000,"height":1000,"url":"https:\/\/jekpo.com\/wp-content\/uploads\/2025\/05\/KR100-kubota-viksrinis-25HP-jekpo.jpg","type":"image\/jpeg"}],"twitter_card":"summary_large_image","twitter_misc":{"Gesch\u00e4tzte Lesezeit":"2\u00a0Minuten"},"schema":{"@context":"https:\/\/schema.org","@graph":[{"@type":"WebPage","@id":"https:\/\/jekpo.com\/de\/p\/kr100-raupen-minilader\/","url":"https:\/\/jekpo.com\/de\/p\/kr100-raupen-minilader\/","name":"KR100 Raupen-Minilader \u2013 die st\u00e4rkere L\u00f6sung | JEKPO.COM","isPartOf":{"@id":"https:\/\/jekpo.com\/de\/#website"},"primaryImageOfPage":{"@id":"https:\/\/jekpo.com\/de\/p\/kr100-raupen-minilader\/#primaryimage"},"image":{"@id":"https:\/\/jekpo.com\/de\/p\/kr100-raupen-minilader\/#primaryimage"},"thumbnailUrl":"https:\/\/jekpo.com\/wp-content\/uploads\/2025\/05\/KR100-kubota-viksrinis-25HP-jekpo.jpg","datePublished":"2025-05-28T12:18:47+00:00","dateModified":"2025-10-06T09:55:27+00:00","description":"KR100 Raupenlader \u2013 die st\u00e4rkere L\u00f6sung: kompakt, kraftvoll, wendig. Schnellwechsler, >30 Anbauger\u00e4te, CE-konform, schnelle Lieferung.","breadcrumb":{"@id":"https:\/\/jekpo.com\/de\/p\/kr100-raupen-minilader\/#breadcrumb"},"inLanguage":"de","potentialAction":[{"@type":"ReadAction","target":["https:\/\/jekpo.com\/de\/p\/kr100-raupen-minilader\/"]}]},{"@type":"ImageObject","inLanguage":"de","@id":"https:\/\/jekpo.com\/de\/p\/kr100-raupen-minilader\/#primaryimage","url":"https:\/\/jekpo.com\/wp-content\/uploads\/2025\/05\/KR100-kubota-viksrinis-25HP-jekpo.jpg","contentUrl":"https:\/\/jekpo.com\/wp-content\/uploads\/2025\/05\/KR100-kubota-viksrinis-25HP-jekpo.jpg","width":1000,"height":1000,"caption":"KR100-jekpo-viksrinis-krautuvas-trikampiai-viksrai"},{"@type":"BreadcrumbList","@id":"https:\/\/jekpo.com\/de\/p\/kr100-raupen-minilader\/#breadcrumb","itemListElement":[{"@type":"ListItem","position":1,"name":"Home","item":"https:\/\/jekpo.com\/de\/"},{"@type":"ListItem","position":2,"name":"Technik","item":"https:\/\/jekpo.com\/de\/technik\/"},{"@type":"ListItem","position":3,"name":"KR100 Raupen-Minilader"}]},{"@type":"WebSite","@id":"https:\/\/jekpo.com\/de\/#website","url":"https:\/\/jekpo.com\/de\/","name":"JEKPO","description":"atsakingas j\u016bs\u0173 partneris \u017eem\u0117s \u016bkio, sodo ir smulkiosios technikos pasaulyje","publisher":{"@id":"https:\/\/jekpo.com\/de\/#organization"},"potentialAction":[{"@type":"SearchAction","target":{"@type":"EntryPoint","urlTemplate":"https:\/\/jekpo.com\/de\/?s={search_term_string}"},"query-input":{"@type":"PropertyValueSpecification","valueRequired":true,"valueName":"search_term_string"}}],"inLanguage":"de"},{"@type":"Organization","@id":"https:\/\/jekpo.com\/de\/#organization","name":"JEKPO","url":"https:\/\/jekpo.com\/de\/","logo":{"@type":"ImageObject","inLanguage":"de","@id":"https:\/\/jekpo.com\/de\/#\/schema\/logo\/image\/","url":"https:\/\/jekpo.com\/wp-content\/uploads\/2025\/03\/JEKPO-logo-trans-e1749117872556-300x201-2.webp","contentUrl":"https:\/\/jekpo.com\/wp-content\/uploads\/2025\/03\/JEKPO-logo-trans-e1749117872556-300x201-2.webp","width":300,"height":201,"caption":"JEKPO"},"image":{"@id":"https:\/\/jekpo.com\/de\/#\/schema\/logo\/image\/"},"sameAs":["https:\/\/www.facebook.com\/profile.php?id=61564816725405","https:\/\/www.instagram.com\/jekpo_ltu\/?igsh=cWh1ZDhyamEzOWQz&utm_source=qr#","https:\/\/www.tiktok.com\/@jekpo_ltu?is_from_webapp=1&sender_device=pc"]}]}},"_links":{"self":[{"href":"https:\/\/jekpo.com\/de\/wp-json\/wp\/v2\/product\/2407","targetHints":{"allow":["GET"]}}],"collection":[{"href":"https:\/\/jekpo.com\/de\/wp-json\/wp\/v2\/product"}],"about":[{"href":"https:\/\/jekpo.com\/de\/wp-json\/wp\/v2\/types\/product"}],"replies":[{"embeddable":true,"href":"https:\/\/jekpo.com\/de\/wp-json\/wp\/v2\/comments?post=2407"}],"wp:featuredmedia":[{"embeddable":true,"href":"https:\/\/jekpo.com\/de\/wp-json\/wp\/v2\/media\/2802"}],"wp:attachment":[{"href":"https:\/\/jekpo.com\/de\/wp-json\/wp\/v2\/media?parent=2407"}],"wp:term":[{"taxonomy":"product_brand","embeddable":true,"href":"https:\/\/jekpo.com\/de\/wp-json\/wp\/v2\/product_brand?post=2407"},{"taxonomy":"product_cat","embeddable":true,"href":"https:\/\/jekpo.com\/de\/wp-json\/wp\/v2\/product_cat?post=2407"},{"taxonomy":"product_tag","embeddable":true,"href":"https:\/\/jekpo.com\/de\/wp-json\/wp\/v2\/product_tag?post=2407"},{"taxonomy":"pritaikomumas","embeddable":true,"href":"https:\/\/jekpo.com\/de\/wp-json\/wp\/v2\/pritaikomumas?post=2407"},{"taxonomy":"variklio-tipas","embeddable":true,"href":"https:\/\/jekpo.com\/de\/wp-json\/wp\/v2\/variklio-tipas?post=2407"}],"curies":[{"name":"wp","href":"https:\/\/api.w.org\/{rel}","templated":true}]}}