{"id":2403,"date":"2025-05-28T14:23:44","date_gmt":"2025-05-28T11:23:44","guid":{"rendered":"https:\/\/jekpo.com\/?post_type=product&#038;p=2403"},"modified":"2025-10-06T13:06:32","modified_gmt":"2025-10-06T10:06:32","slug":"kr38-rad-minilader","status":"publish","type":"product","link":"https:\/\/jekpo.com\/de\/p\/kr38-rad-minilader\/","title":{"rendered":"KR38 Rad-Minilader"},"content":{"rendered":"<p data-start=\"401\" data-end=\"696\">Der KR38 ist ein kompakter und zuverl\u00e4ssiger Rad-Minilader f\u00fcr landwirtschaftliche, Bau- und Landschaftsarbeiten. Die kompakten Abmessungen erm\u00f6glichen einfaches Man\u00f6vrieren auf engem Raum, w\u00e4hrend die Bedienung im Stehen eine optimale Sicht und hohen Arbeitskomfort bietet.<\/p>\n<p data-start=\"698\" data-end=\"1056\">Dank der gro\u00dfen Auswahl an Anbauger\u00e4ten und der M\u00f6glichkeit, zwischen Diesel- oder Benzinmotor zu w\u00e4hlen, l\u00e4sst sich der Lader vielseitig einsetzen. Der KR38 \u00fcberzeugt durch robuste Konstruktion, einfache Wartung und Langlebigkeit \u2013 die praktische Wahl f\u00fcr alle, die einen universellen und zuverl\u00e4ssigen Rad-Minilader zu einem erschwinglichen Preis suchen.<\/p>\n","protected":false},"excerpt":{"rendered":"<p>Der KR38 ist ein kompakter und zuverl\u00e4ssiger Rad-Minilader f\u00fcr landwirtschaftliche, Bau- und Landschaftsarbeiten. Die kompakten Abmessungen erm\u00f6glichen einfaches Man\u00f6vrieren auf engem Raum, w\u00e4hrend die Bedienung im Stehen eine optimale Sicht und hohen Arbeitskomfort bietet. Dank der gro\u00dfen Auswahl an Anbauger\u00e4ten und der M\u00f6glichkeit, zwischen Diesel- oder Benzinmotor zu w\u00e4hlen, l\u00e4sst sich der Lader vielseitig einsetzen. [&hellip;]<\/p>\n","protected":false},"featured_media":2850,"comment_status":"closed","ping_status":"closed","template":"","meta":[],"product_brand":[],"product_cat":[77],"product_tag":[],"pritaikomumas":[],"variklio-tipas":[89,91],"class_list":{"0":"post-2403","1":"product","2":"type-product","3":"status-publish","4":"has-post-thumbnail","6":"product_cat-minilader","7":"variklio-tipas-benzin","8":"variklio-tipas-diesel","10":"first","11":"instock","12":"sale","13":"taxable","14":"shipping-taxable","15":"purchasable","16":"product-type-simple"},"yoast_head":"<!-- This site is optimized with the Yoast SEO plugin v27.4 - https:\/\/yoast.com\/product\/yoast-seo-wordpress\/ -->\n<title>KR38 Rad-Minilader kaufen \u2013 jetzt \u221210% | JEKPO.COM<\/title>\n<meta name=\"description\" content=\"KR38 Radlader: mobil &amp; kraftvoll f\u00fcr Bau &amp; Landwirtschaft. Aktion \u221210% jetzt. Schnellwechsler, &gt;30 Anbauger\u00e4te, CE-konform, schnelle Lieferung.\" \/>\n<meta name=\"robots\" content=\"index, follow, max-snippet:-1, max-image-preview:large, max-video-preview:-1\" \/>\n<link rel=\"canonical\" href=\"https:\/\/jekpo.com\/de\/p\/kr38-rad-minilader\/\" \/>\n<meta property=\"og:locale\" content=\"de_DE\" \/>\n<meta property=\"og:type\" content=\"article\" \/>\n<meta property=\"og:title\" content=\"KR38 Rad-Minilader kaufen \u2013 jetzt \u221210% | JEKPO.COM\" \/>\n<meta property=\"og:description\" content=\"KR38 Radlader: mobil &amp; kraftvoll f\u00fcr Bau &amp; Landwirtschaft. Aktion \u221210% jetzt. Schnellwechsler, &gt;30 Anbauger\u00e4te, CE-konform, schnelle Lieferung.\" \/>\n<meta property=\"og:url\" content=\"https:\/\/jekpo.com\/de\/p\/kr38-rad-minilader\/\" \/>\n<meta property=\"og:site_name\" content=\"JEKPO\" \/>\n<meta property=\"article:publisher\" content=\"https:\/\/www.facebook.com\/profile.php?id=61564816725405\" \/>\n<meta property=\"article:modified_time\" content=\"2025-10-06T10:06:32+00:00\" \/>\n<meta property=\"og:image\" content=\"https:\/\/jekpo.com\/wp-content\/uploads\/2025\/05\/kr38-ratinis-rato-25hp-krautuvas-jekpo.jpg\" \/>\n\t<meta property=\"og:image:width\" content=\"1000\" \/>\n\t<meta property=\"og:image:height\" content=\"1000\" \/>\n\t<meta property=\"og:image:type\" content=\"image\/jpeg\" \/>\n<meta name=\"twitter:card\" content=\"summary_large_image\" \/>\n<meta name=\"twitter:label1\" content=\"Gesch\u00e4tzte Lesezeit\" \/>\n\t<meta name=\"twitter:data1\" content=\"1\u00a0Minute\" \/>\n<script type=\"application\/ld+json\" class=\"yoast-schema-graph\">{\"@context\":\"https:\\\/\\\/schema.org\",\"@graph\":[{\"@type\":\"WebPage\",\"@id\":\"https:\\\/\\\/jekpo.com\\\/de\\\/p\\\/kr38-rad-minilader\\\/\",\"url\":\"https:\\\/\\\/jekpo.com\\\/de\\\/p\\\/kr38-rad-minilader\\\/\",\"name\":\"KR38 Rad-Minilader kaufen \u2013 jetzt \u221210% | JEKPO.COM\",\"isPartOf\":{\"@id\":\"https:\\\/\\\/jekpo.com\\\/de\\\/#website\"},\"primaryImageOfPage\":{\"@id\":\"https:\\\/\\\/jekpo.com\\\/de\\\/p\\\/kr38-rad-minilader\\\/#primaryimage\"},\"image\":{\"@id\":\"https:\\\/\\\/jekpo.com\\\/de\\\/p\\\/kr38-rad-minilader\\\/#primaryimage\"},\"thumbnailUrl\":\"https:\\\/\\\/jekpo.com\\\/wp-content\\\/uploads\\\/2025\\\/06\\\/1__4_-removebg-preview.png\",\"datePublished\":\"2025-05-28T11:23:44+00:00\",\"dateModified\":\"2025-10-06T10:06:32+00:00\",\"description\":\"KR38 Radlader: mobil & kraftvoll f\u00fcr Bau & Landwirtschaft. Aktion \u221210% jetzt. Schnellwechsler, >30 Anbauger\u00e4te, CE-konform, schnelle Lieferung.\",\"breadcrumb\":{\"@id\":\"https:\\\/\\\/jekpo.com\\\/de\\\/p\\\/kr38-rad-minilader\\\/#breadcrumb\"},\"inLanguage\":\"de\",\"potentialAction\":[{\"@type\":\"ReadAction\",\"target\":[\"https:\\\/\\\/jekpo.com\\\/de\\\/p\\\/kr38-rad-minilader\\\/\"]}]},{\"@type\":\"ImageObject\",\"inLanguage\":\"de\",\"@id\":\"https:\\\/\\\/jekpo.com\\\/de\\\/p\\\/kr38-rad-minilader\\\/#primaryimage\",\"url\":\"https:\\\/\\\/jekpo.com\\\/wp-content\\\/uploads\\\/2025\\\/06\\\/1__4_-removebg-preview.png\",\"contentUrl\":\"https:\\\/\\\/jekpo.com\\\/wp-content\\\/uploads\\\/2025\\\/06\\\/1__4_-removebg-preview.png\",\"width\":500,\"height\":500,\"caption\":\"KR38 ratinis mini krautuvas \u2013 \u0161oninis vaizdas\"},{\"@type\":\"BreadcrumbList\",\"@id\":\"https:\\\/\\\/jekpo.com\\\/de\\\/p\\\/kr38-rad-minilader\\\/#breadcrumb\",\"itemListElement\":[{\"@type\":\"ListItem\",\"position\":1,\"name\":\"Home\",\"item\":\"https:\\\/\\\/jekpo.com\\\/de\\\/\"},{\"@type\":\"ListItem\",\"position\":2,\"name\":\"Technik\",\"item\":\"https:\\\/\\\/jekpo.com\\\/de\\\/technik\\\/\"},{\"@type\":\"ListItem\",\"position\":3,\"name\":\"KR38 Rad-Minilader\"}]},{\"@type\":\"WebSite\",\"@id\":\"https:\\\/\\\/jekpo.com\\\/de\\\/#website\",\"url\":\"https:\\\/\\\/jekpo.com\\\/de\\\/\",\"name\":\"JEKPO\",\"description\":\"atsakingas j\u016bs\u0173 partneris \u017eem\u0117s \u016bkio, sodo ir smulkiosios technikos pasaulyje\",\"publisher\":{\"@id\":\"https:\\\/\\\/jekpo.com\\\/de\\\/#organization\"},\"potentialAction\":[{\"@type\":\"SearchAction\",\"target\":{\"@type\":\"EntryPoint\",\"urlTemplate\":\"https:\\\/\\\/jekpo.com\\\/de\\\/?s={search_term_string}\"},\"query-input\":{\"@type\":\"PropertyValueSpecification\",\"valueRequired\":true,\"valueName\":\"search_term_string\"}}],\"inLanguage\":\"de\"},{\"@type\":\"Organization\",\"@id\":\"https:\\\/\\\/jekpo.com\\\/de\\\/#organization\",\"name\":\"JEKPO\",\"url\":\"https:\\\/\\\/jekpo.com\\\/de\\\/\",\"logo\":{\"@type\":\"ImageObject\",\"inLanguage\":\"de\",\"@id\":\"https:\\\/\\\/jekpo.com\\\/de\\\/#\\\/schema\\\/logo\\\/image\\\/\",\"url\":\"https:\\\/\\\/jekpo.com\\\/wp-content\\\/uploads\\\/2025\\\/03\\\/JEKPO-logo-trans-e1749117872556-300x201-2.webp\",\"contentUrl\":\"https:\\\/\\\/jekpo.com\\\/wp-content\\\/uploads\\\/2025\\\/03\\\/JEKPO-logo-trans-e1749117872556-300x201-2.webp\",\"width\":300,\"height\":201,\"caption\":\"JEKPO\"},\"image\":{\"@id\":\"https:\\\/\\\/jekpo.com\\\/de\\\/#\\\/schema\\\/logo\\\/image\\\/\"},\"sameAs\":[\"https:\\\/\\\/www.facebook.com\\\/profile.php?id=61564816725405\",\"https:\\\/\\\/www.instagram.com\\\/jekpo_ltu\\\/?igsh=cWh1ZDhyamEzOWQz&utm_source=qr#\",\"https:\\\/\\\/www.tiktok.com\\\/@jekpo_ltu?is_from_webapp=1&sender_device=pc\"]}]}<\/script>\n<!-- \/ Yoast SEO plugin. -->","yoast_head_json":{"title":"KR38 Rad-Minilader kaufen \u2013 jetzt \u221210% | JEKPO.COM","description":"KR38 Radlader: mobil & kraftvoll f\u00fcr Bau & Landwirtschaft. Aktion \u221210% jetzt. Schnellwechsler, >30 Anbauger\u00e4te, CE-konform, schnelle Lieferung.","robots":{"index":"index","follow":"follow","max-snippet":"max-snippet:-1","max-image-preview":"max-image-preview:large","max-video-preview":"max-video-preview:-1"},"canonical":"https:\/\/jekpo.com\/de\/p\/kr38-rad-minilader\/","og_locale":"de_DE","og_type":"article","og_title":"KR38 Rad-Minilader kaufen \u2013 jetzt \u221210% | JEKPO.COM","og_description":"KR38 Radlader: mobil & kraftvoll f\u00fcr Bau & Landwirtschaft. Aktion \u221210% jetzt. Schnellwechsler, >30 Anbauger\u00e4te, CE-konform, schnelle Lieferung.","og_url":"https:\/\/jekpo.com\/de\/p\/kr38-rad-minilader\/","og_site_name":"JEKPO","article_publisher":"https:\/\/www.facebook.com\/profile.php?id=61564816725405","article_modified_time":"2025-10-06T10:06:32+00:00","og_image":[{"width":1000,"height":1000,"url":"https:\/\/jekpo.com\/wp-content\/uploads\/2025\/05\/kr38-ratinis-rato-25hp-krautuvas-jekpo.jpg","type":"image\/jpeg"}],"twitter_card":"summary_large_image","twitter_misc":{"Gesch\u00e4tzte Lesezeit":"1\u00a0Minute"},"schema":{"@context":"https:\/\/schema.org","@graph":[{"@type":"WebPage","@id":"https:\/\/jekpo.com\/de\/p\/kr38-rad-minilader\/","url":"https:\/\/jekpo.com\/de\/p\/kr38-rad-minilader\/","name":"KR38 Rad-Minilader kaufen \u2013 jetzt \u221210% | JEKPO.COM","isPartOf":{"@id":"https:\/\/jekpo.com\/de\/#website"},"primaryImageOfPage":{"@id":"https:\/\/jekpo.com\/de\/p\/kr38-rad-minilader\/#primaryimage"},"image":{"@id":"https:\/\/jekpo.com\/de\/p\/kr38-rad-minilader\/#primaryimage"},"thumbnailUrl":"https:\/\/jekpo.com\/wp-content\/uploads\/2025\/06\/1__4_-removebg-preview.png","datePublished":"2025-05-28T11:23:44+00:00","dateModified":"2025-10-06T10:06:32+00:00","description":"KR38 Radlader: mobil & kraftvoll f\u00fcr Bau & Landwirtschaft. Aktion \u221210% jetzt. Schnellwechsler, >30 Anbauger\u00e4te, CE-konform, schnelle Lieferung.","breadcrumb":{"@id":"https:\/\/jekpo.com\/de\/p\/kr38-rad-minilader\/#breadcrumb"},"inLanguage":"de","potentialAction":[{"@type":"ReadAction","target":["https:\/\/jekpo.com\/de\/p\/kr38-rad-minilader\/"]}]},{"@type":"ImageObject","inLanguage":"de","@id":"https:\/\/jekpo.com\/de\/p\/kr38-rad-minilader\/#primaryimage","url":"https:\/\/jekpo.com\/wp-content\/uploads\/2025\/06\/1__4_-removebg-preview.png","contentUrl":"https:\/\/jekpo.com\/wp-content\/uploads\/2025\/06\/1__4_-removebg-preview.png","width":500,"height":500,"caption":"KR38 ratinis mini krautuvas \u2013 \u0161oninis vaizdas"},{"@type":"BreadcrumbList","@id":"https:\/\/jekpo.com\/de\/p\/kr38-rad-minilader\/#breadcrumb","itemListElement":[{"@type":"ListItem","position":1,"name":"Home","item":"https:\/\/jekpo.com\/de\/"},{"@type":"ListItem","position":2,"name":"Technik","item":"https:\/\/jekpo.com\/de\/technik\/"},{"@type":"ListItem","position":3,"name":"KR38 Rad-Minilader"}]},{"@type":"WebSite","@id":"https:\/\/jekpo.com\/de\/#website","url":"https:\/\/jekpo.com\/de\/","name":"JEKPO","description":"atsakingas j\u016bs\u0173 partneris \u017eem\u0117s \u016bkio, sodo ir smulkiosios technikos pasaulyje","publisher":{"@id":"https:\/\/jekpo.com\/de\/#organization"},"potentialAction":[{"@type":"SearchAction","target":{"@type":"EntryPoint","urlTemplate":"https:\/\/jekpo.com\/de\/?s={search_term_string}"},"query-input":{"@type":"PropertyValueSpecification","valueRequired":true,"valueName":"search_term_string"}}],"inLanguage":"de"},{"@type":"Organization","@id":"https:\/\/jekpo.com\/de\/#organization","name":"JEKPO","url":"https:\/\/jekpo.com\/de\/","logo":{"@type":"ImageObject","inLanguage":"de","@id":"https:\/\/jekpo.com\/de\/#\/schema\/logo\/image\/","url":"https:\/\/jekpo.com\/wp-content\/uploads\/2025\/03\/JEKPO-logo-trans-e1749117872556-300x201-2.webp","contentUrl":"https:\/\/jekpo.com\/wp-content\/uploads\/2025\/03\/JEKPO-logo-trans-e1749117872556-300x201-2.webp","width":300,"height":201,"caption":"JEKPO"},"image":{"@id":"https:\/\/jekpo.com\/de\/#\/schema\/logo\/image\/"},"sameAs":["https:\/\/www.facebook.com\/profile.php?id=61564816725405","https:\/\/www.instagram.com\/jekpo_ltu\/?igsh=cWh1ZDhyamEzOWQz&utm_source=qr#","https:\/\/www.tiktok.com\/@jekpo_ltu?is_from_webapp=1&sender_device=pc"]}]}},"_links":{"self":[{"href":"https:\/\/jekpo.com\/de\/wp-json\/wp\/v2\/product\/2403","targetHints":{"allow":["GET"]}}],"collection":[{"href":"https:\/\/jekpo.com\/de\/wp-json\/wp\/v2\/product"}],"about":[{"href":"https:\/\/jekpo.com\/de\/wp-json\/wp\/v2\/types\/product"}],"replies":[{"embeddable":true,"href":"https:\/\/jekpo.com\/de\/wp-json\/wp\/v2\/comments?post=2403"}],"wp:featuredmedia":[{"embeddable":true,"href":"https:\/\/jekpo.com\/de\/wp-json\/wp\/v2\/media\/2850"}],"wp:attachment":[{"href":"https:\/\/jekpo.com\/de\/wp-json\/wp\/v2\/media?parent=2403"}],"wp:term":[{"taxonomy":"product_brand","embeddable":true,"href":"https:\/\/jekpo.com\/de\/wp-json\/wp\/v2\/product_brand?post=2403"},{"taxonomy":"product_cat","embeddable":true,"href":"https:\/\/jekpo.com\/de\/wp-json\/wp\/v2\/product_cat?post=2403"},{"taxonomy":"product_tag","embeddable":true,"href":"https:\/\/jekpo.com\/de\/wp-json\/wp\/v2\/product_tag?post=2403"},{"taxonomy":"pritaikomumas","embeddable":true,"href":"https:\/\/jekpo.com\/de\/wp-json\/wp\/v2\/pritaikomumas?post=2403"},{"taxonomy":"variklio-tipas","embeddable":true,"href":"https:\/\/jekpo.com\/de\/wp-json\/wp\/v2\/variklio-tipas?post=2403"}],"curies":[{"name":"wp","href":"https:\/\/api.w.org\/{rel}","templated":true}]}}