{"id":2402,"date":"2025-05-28T14:14:32","date_gmt":"2025-05-28T11:14:32","guid":{"rendered":"https:\/\/jekpo.com\/?post_type=product&#038;p=2402"},"modified":"2025-11-07T12:00:21","modified_gmt":"2025-11-07T09:00:21","slug":"kr38-raupen-minilader","status":"publish","type":"product","link":"https:\/\/jekpo.com\/de\/p\/kr38-raupen-minilader\/","title":{"rendered":"Liftrex KR38 Raupen-Minilader"},"content":{"rendered":"<p data-start=\"441\" data-end=\"869\">Der <strong>KR38<\/strong> ist ein kompakter und zuverl\u00e4ssiger Raupen-Minilader f\u00fcr landwirtschaftliche, Bau- und Landschaftsarbeiten. Dank des Raupenfahrwerks \u00fcberzeugt die Maschine mit hervorragender Gel\u00e4ndeg\u00e4ngigkeit selbst unter schwierigen Bedingungen. Die kompakten Abmessungen erm\u00f6glichen einfaches Man\u00f6vrieren auf engem Raum, w\u00e4hrend die Bedienung im Stehen eine optimale Sicht und hohen Arbeitskomfort gew\u00e4hrleistet.<\/p>\n<p data-start=\"871\" data-end=\"1225\">Die gro\u00dfe Auswahl an Anbauger\u00e4ten sowie die M\u00f6glichkeit, zwischen Diesel- oder Benzinmotor zu w\u00e4hlen, machen den KR38 besonders vielseitig. Er zeichnet sich durch robuste Konstruktion, einfache Wartung und Langlebigkeit aus \u2013 die praktische Wahl f\u00fcr alle, die einen universellen und zuverl\u00e4ssigen Raupen-Minilader zu einem erschwinglichen Preis suchen.<\/p>\n","protected":false},"excerpt":{"rendered":"<p>Der KR38 ist ein kompakter und zuverl\u00e4ssiger Raupen-Minilader f\u00fcr landwirtschaftliche, Bau- und Landschaftsarbeiten. Dank des Raupenfahrwerks \u00fcberzeugt die Maschine mit hervorragender Gel\u00e4ndeg\u00e4ngigkeit selbst unter schwierigen Bedingungen. Die kompakten Abmessungen erm\u00f6glichen einfaches Man\u00f6vrieren auf engem Raum, w\u00e4hrend die Bedienung im Stehen eine optimale Sicht und hohen Arbeitskomfort gew\u00e4hrleistet. Die gro\u00dfe Auswahl an Anbauger\u00e4ten sowie die M\u00f6glichkeit, [&hellip;]<\/p>\n","protected":false},"featured_media":3579,"comment_status":"closed","ping_status":"closed","template":"","meta":[],"product_brand":[],"product_cat":[77,171],"product_tag":[],"pritaikomumas":[223],"variklio-tipas":[89,91],"class_list":{"0":"post-2402","1":"product","2":"type-product","3":"status-publish","4":"has-post-thumbnail","6":"product_cat-minilader","7":"product_cat-neuheiten","8":"pritaikomumas-liftrex","9":"variklio-tipas-benzin","10":"variklio-tipas-diesel","12":"first","13":"instock","14":"sale","15":"taxable","16":"shipping-taxable","17":"purchasable","18":"product-type-simple"},"yoast_head":"<!-- This site is optimized with the Yoast SEO plugin v27.4 - https:\/\/yoast.com\/product\/yoast-seo-wordpress\/ -->\n<title>Liftrex KR38 Raupen-Minilader KR38 Raupenlader kaufen | JEKPO.COM<\/title>\n<meta name=\"description\" content=\"KR38 Raupenlader: kompakt, trittsicher &amp; wendig f\u00fcr Bau &amp; GaLaBau. Schnellwechsler, &gt;30 Anbauger\u00e4te, CE-konform, schnelle Lieferung in Deutschland.\" \/>\n<meta name=\"robots\" content=\"index, follow, max-snippet:-1, max-image-preview:large, max-video-preview:-1\" \/>\n<link rel=\"canonical\" href=\"https:\/\/jekpo.com\/de\/p\/kr38-raupen-minilader\/\" \/>\n<meta property=\"og:locale\" content=\"de_DE\" \/>\n<meta property=\"og:type\" content=\"article\" \/>\n<meta property=\"og:title\" content=\"Liftrex KR38 Raupen-Minilader KR38 Raupenlader kaufen | JEKPO.COM\" \/>\n<meta property=\"og:description\" content=\"KR38 Raupenlader: kompakt, trittsicher &amp; wendig f\u00fcr Bau &amp; GaLaBau. Schnellwechsler, &gt;30 Anbauger\u00e4te, CE-konform, schnelle Lieferung in Deutschland.\" \/>\n<meta property=\"og:url\" content=\"https:\/\/jekpo.com\/de\/p\/kr38-raupen-minilader\/\" \/>\n<meta property=\"og:site_name\" content=\"JEKPO\" \/>\n<meta property=\"article:publisher\" content=\"https:\/\/www.facebook.com\/profile.php?id=61564816725405\" \/>\n<meta property=\"article:modified_time\" content=\"2025-11-07T09:00:21+00:00\" \/>\n<meta property=\"og:image\" content=\"https:\/\/jekpo.com\/wp-content\/uploads\/2025\/05\/jekpo-liftrex-kr38-top-produkt-de.png\" \/>\n\t<meta property=\"og:image:width\" content=\"1000\" \/>\n\t<meta property=\"og:image:height\" content=\"991\" \/>\n\t<meta property=\"og:image:type\" content=\"image\/png\" \/>\n<meta name=\"twitter:card\" content=\"summary_large_image\" \/>\n<meta name=\"twitter:label1\" content=\"Gesch\u00e4tzte Lesezeit\" \/>\n\t<meta name=\"twitter:data1\" content=\"1\u00a0Minute\" \/>\n<script type=\"application\/ld+json\" class=\"yoast-schema-graph\">{\"@context\":\"https:\\\/\\\/schema.org\",\"@graph\":[{\"@type\":\"WebPage\",\"@id\":\"https:\\\/\\\/jekpo.com\\\/de\\\/p\\\/kr38-raupen-minilader\\\/\",\"url\":\"https:\\\/\\\/jekpo.com\\\/de\\\/p\\\/kr38-raupen-minilader\\\/\",\"name\":\"Liftrex KR38 Raupen-Minilader KR38 Raupenlader kaufen | JEKPO.COM\",\"isPartOf\":{\"@id\":\"https:\\\/\\\/jekpo.com\\\/de\\\/#website\"},\"primaryImageOfPage\":{\"@id\":\"https:\\\/\\\/jekpo.com\\\/de\\\/p\\\/kr38-raupen-minilader\\\/#primaryimage\"},\"image\":{\"@id\":\"https:\\\/\\\/jekpo.com\\\/de\\\/p\\\/kr38-raupen-minilader\\\/#primaryimage\"},\"thumbnailUrl\":\"https:\\\/\\\/jekpo.com\\\/wp-content\\\/uploads\\\/2025\\\/05\\\/jekpo-liftrex-kr38-top-produkt-de.png\",\"datePublished\":\"2025-05-28T11:14:32+00:00\",\"dateModified\":\"2025-11-07T09:00:21+00:00\",\"description\":\"KR38 Raupenlader: kompakt, trittsicher & wendig f\u00fcr Bau & GaLaBau. Schnellwechsler, >30 Anbauger\u00e4te, CE-konform, schnelle Lieferung in Deutschland.\",\"breadcrumb\":{\"@id\":\"https:\\\/\\\/jekpo.com\\\/de\\\/p\\\/kr38-raupen-minilader\\\/#breadcrumb\"},\"inLanguage\":\"de\",\"potentialAction\":[{\"@type\":\"ReadAction\",\"target\":[\"https:\\\/\\\/jekpo.com\\\/de\\\/p\\\/kr38-raupen-minilader\\\/\"]}]},{\"@type\":\"ImageObject\",\"inLanguage\":\"de\",\"@id\":\"https:\\\/\\\/jekpo.com\\\/de\\\/p\\\/kr38-raupen-minilader\\\/#primaryimage\",\"url\":\"https:\\\/\\\/jekpo.com\\\/wp-content\\\/uploads\\\/2025\\\/05\\\/jekpo-liftrex-kr38-top-produkt-de.png\",\"contentUrl\":\"https:\\\/\\\/jekpo.com\\\/wp-content\\\/uploads\\\/2025\\\/05\\\/jekpo-liftrex-kr38-top-produkt-de.png\",\"width\":1000,\"height\":991,\"caption\":\"jekpo-liftrex-kr38-top-produkt-de\"},{\"@type\":\"BreadcrumbList\",\"@id\":\"https:\\\/\\\/jekpo.com\\\/de\\\/p\\\/kr38-raupen-minilader\\\/#breadcrumb\",\"itemListElement\":[{\"@type\":\"ListItem\",\"position\":1,\"name\":\"Home\",\"item\":\"https:\\\/\\\/jekpo.com\\\/de\\\/\"},{\"@type\":\"ListItem\",\"position\":2,\"name\":\"Technik\",\"item\":\"https:\\\/\\\/jekpo.com\\\/de\\\/technik\\\/\"},{\"@type\":\"ListItem\",\"position\":3,\"name\":\"Liftrex KR38 Raupen-Minilader\"}]},{\"@type\":\"WebSite\",\"@id\":\"https:\\\/\\\/jekpo.com\\\/de\\\/#website\",\"url\":\"https:\\\/\\\/jekpo.com\\\/de\\\/\",\"name\":\"JEKPO\",\"description\":\"atsakingas j\u016bs\u0173 partneris \u017eem\u0117s \u016bkio, sodo ir smulkiosios technikos pasaulyje\",\"publisher\":{\"@id\":\"https:\\\/\\\/jekpo.com\\\/de\\\/#organization\"},\"potentialAction\":[{\"@type\":\"SearchAction\",\"target\":{\"@type\":\"EntryPoint\",\"urlTemplate\":\"https:\\\/\\\/jekpo.com\\\/de\\\/?s={search_term_string}\"},\"query-input\":{\"@type\":\"PropertyValueSpecification\",\"valueRequired\":true,\"valueName\":\"search_term_string\"}}],\"inLanguage\":\"de\"},{\"@type\":\"Organization\",\"@id\":\"https:\\\/\\\/jekpo.com\\\/de\\\/#organization\",\"name\":\"JEKPO\",\"url\":\"https:\\\/\\\/jekpo.com\\\/de\\\/\",\"logo\":{\"@type\":\"ImageObject\",\"inLanguage\":\"de\",\"@id\":\"https:\\\/\\\/jekpo.com\\\/de\\\/#\\\/schema\\\/logo\\\/image\\\/\",\"url\":\"https:\\\/\\\/jekpo.com\\\/wp-content\\\/uploads\\\/2025\\\/03\\\/JEKPO-logo-trans-e1749117872556-300x201-2.webp\",\"contentUrl\":\"https:\\\/\\\/jekpo.com\\\/wp-content\\\/uploads\\\/2025\\\/03\\\/JEKPO-logo-trans-e1749117872556-300x201-2.webp\",\"width\":300,\"height\":201,\"caption\":\"JEKPO\"},\"image\":{\"@id\":\"https:\\\/\\\/jekpo.com\\\/de\\\/#\\\/schema\\\/logo\\\/image\\\/\"},\"sameAs\":[\"https:\\\/\\\/www.facebook.com\\\/profile.php?id=61564816725405\",\"https:\\\/\\\/www.instagram.com\\\/jekpo_ltu\\\/?igsh=cWh1ZDhyamEzOWQz&utm_source=qr#\",\"https:\\\/\\\/www.tiktok.com\\\/@jekpo_ltu?is_from_webapp=1&sender_device=pc\"]}]}<\/script>\n<!-- \/ Yoast SEO plugin. -->","yoast_head_json":{"title":"Liftrex KR38 Raupen-Minilader KR38 Raupenlader kaufen | JEKPO.COM","description":"KR38 Raupenlader: kompakt, trittsicher & wendig f\u00fcr Bau & GaLaBau. Schnellwechsler, >30 Anbauger\u00e4te, CE-konform, schnelle Lieferung in Deutschland.","robots":{"index":"index","follow":"follow","max-snippet":"max-snippet:-1","max-image-preview":"max-image-preview:large","max-video-preview":"max-video-preview:-1"},"canonical":"https:\/\/jekpo.com\/de\/p\/kr38-raupen-minilader\/","og_locale":"de_DE","og_type":"article","og_title":"Liftrex KR38 Raupen-Minilader KR38 Raupenlader kaufen | JEKPO.COM","og_description":"KR38 Raupenlader: kompakt, trittsicher & wendig f\u00fcr Bau & GaLaBau. Schnellwechsler, >30 Anbauger\u00e4te, CE-konform, schnelle Lieferung in Deutschland.","og_url":"https:\/\/jekpo.com\/de\/p\/kr38-raupen-minilader\/","og_site_name":"JEKPO","article_publisher":"https:\/\/www.facebook.com\/profile.php?id=61564816725405","article_modified_time":"2025-11-07T09:00:21+00:00","og_image":[{"width":1000,"height":991,"url":"https:\/\/jekpo.com\/wp-content\/uploads\/2025\/05\/jekpo-liftrex-kr38-top-produkt-de.png","type":"image\/png"}],"twitter_card":"summary_large_image","twitter_misc":{"Gesch\u00e4tzte Lesezeit":"1\u00a0Minute"},"schema":{"@context":"https:\/\/schema.org","@graph":[{"@type":"WebPage","@id":"https:\/\/jekpo.com\/de\/p\/kr38-raupen-minilader\/","url":"https:\/\/jekpo.com\/de\/p\/kr38-raupen-minilader\/","name":"Liftrex KR38 Raupen-Minilader KR38 Raupenlader kaufen | JEKPO.COM","isPartOf":{"@id":"https:\/\/jekpo.com\/de\/#website"},"primaryImageOfPage":{"@id":"https:\/\/jekpo.com\/de\/p\/kr38-raupen-minilader\/#primaryimage"},"image":{"@id":"https:\/\/jekpo.com\/de\/p\/kr38-raupen-minilader\/#primaryimage"},"thumbnailUrl":"https:\/\/jekpo.com\/wp-content\/uploads\/2025\/05\/jekpo-liftrex-kr38-top-produkt-de.png","datePublished":"2025-05-28T11:14:32+00:00","dateModified":"2025-11-07T09:00:21+00:00","description":"KR38 Raupenlader: kompakt, trittsicher & wendig f\u00fcr Bau & GaLaBau. Schnellwechsler, >30 Anbauger\u00e4te, CE-konform, schnelle Lieferung in Deutschland.","breadcrumb":{"@id":"https:\/\/jekpo.com\/de\/p\/kr38-raupen-minilader\/#breadcrumb"},"inLanguage":"de","potentialAction":[{"@type":"ReadAction","target":["https:\/\/jekpo.com\/de\/p\/kr38-raupen-minilader\/"]}]},{"@type":"ImageObject","inLanguage":"de","@id":"https:\/\/jekpo.com\/de\/p\/kr38-raupen-minilader\/#primaryimage","url":"https:\/\/jekpo.com\/wp-content\/uploads\/2025\/05\/jekpo-liftrex-kr38-top-produkt-de.png","contentUrl":"https:\/\/jekpo.com\/wp-content\/uploads\/2025\/05\/jekpo-liftrex-kr38-top-produkt-de.png","width":1000,"height":991,"caption":"jekpo-liftrex-kr38-top-produkt-de"},{"@type":"BreadcrumbList","@id":"https:\/\/jekpo.com\/de\/p\/kr38-raupen-minilader\/#breadcrumb","itemListElement":[{"@type":"ListItem","position":1,"name":"Home","item":"https:\/\/jekpo.com\/de\/"},{"@type":"ListItem","position":2,"name":"Technik","item":"https:\/\/jekpo.com\/de\/technik\/"},{"@type":"ListItem","position":3,"name":"Liftrex KR38 Raupen-Minilader"}]},{"@type":"WebSite","@id":"https:\/\/jekpo.com\/de\/#website","url":"https:\/\/jekpo.com\/de\/","name":"JEKPO","description":"atsakingas j\u016bs\u0173 partneris \u017eem\u0117s \u016bkio, sodo ir smulkiosios technikos pasaulyje","publisher":{"@id":"https:\/\/jekpo.com\/de\/#organization"},"potentialAction":[{"@type":"SearchAction","target":{"@type":"EntryPoint","urlTemplate":"https:\/\/jekpo.com\/de\/?s={search_term_string}"},"query-input":{"@type":"PropertyValueSpecification","valueRequired":true,"valueName":"search_term_string"}}],"inLanguage":"de"},{"@type":"Organization","@id":"https:\/\/jekpo.com\/de\/#organization","name":"JEKPO","url":"https:\/\/jekpo.com\/de\/","logo":{"@type":"ImageObject","inLanguage":"de","@id":"https:\/\/jekpo.com\/de\/#\/schema\/logo\/image\/","url":"https:\/\/jekpo.com\/wp-content\/uploads\/2025\/03\/JEKPO-logo-trans-e1749117872556-300x201-2.webp","contentUrl":"https:\/\/jekpo.com\/wp-content\/uploads\/2025\/03\/JEKPO-logo-trans-e1749117872556-300x201-2.webp","width":300,"height":201,"caption":"JEKPO"},"image":{"@id":"https:\/\/jekpo.com\/de\/#\/schema\/logo\/image\/"},"sameAs":["https:\/\/www.facebook.com\/profile.php?id=61564816725405","https:\/\/www.instagram.com\/jekpo_ltu\/?igsh=cWh1ZDhyamEzOWQz&utm_source=qr#","https:\/\/www.tiktok.com\/@jekpo_ltu?is_from_webapp=1&sender_device=pc"]}]}},"_links":{"self":[{"href":"https:\/\/jekpo.com\/de\/wp-json\/wp\/v2\/product\/2402","targetHints":{"allow":["GET"]}}],"collection":[{"href":"https:\/\/jekpo.com\/de\/wp-json\/wp\/v2\/product"}],"about":[{"href":"https:\/\/jekpo.com\/de\/wp-json\/wp\/v2\/types\/product"}],"replies":[{"embeddable":true,"href":"https:\/\/jekpo.com\/de\/wp-json\/wp\/v2\/comments?post=2402"}],"wp:featuredmedia":[{"embeddable":true,"href":"https:\/\/jekpo.com\/de\/wp-json\/wp\/v2\/media\/3579"}],"wp:attachment":[{"href":"https:\/\/jekpo.com\/de\/wp-json\/wp\/v2\/media?parent=2402"}],"wp:term":[{"taxonomy":"product_brand","embeddable":true,"href":"https:\/\/jekpo.com\/de\/wp-json\/wp\/v2\/product_brand?post=2402"},{"taxonomy":"product_cat","embeddable":true,"href":"https:\/\/jekpo.com\/de\/wp-json\/wp\/v2\/product_cat?post=2402"},{"taxonomy":"product_tag","embeddable":true,"href":"https:\/\/jekpo.com\/de\/wp-json\/wp\/v2\/product_tag?post=2402"},{"taxonomy":"pritaikomumas","embeddable":true,"href":"https:\/\/jekpo.com\/de\/wp-json\/wp\/v2\/pritaikomumas?post=2402"},{"taxonomy":"variklio-tipas","embeddable":true,"href":"https:\/\/jekpo.com\/de\/wp-json\/wp\/v2\/variklio-tipas?post=2402"}],"curies":[{"name":"wp","href":"https:\/\/api.w.org\/{rel}","templated":true}]}}