{"id":2401,"date":"2025-05-12T14:11:10","date_gmt":"2025-05-12T11:11:10","guid":{"rendered":"https:\/\/jekpo.com\/?post_type=product&#038;p=2401"},"modified":"2025-10-01T10:58:45","modified_gmt":"2025-10-01T07:58:45","slug":"bodenaufbereiter","status":"publish","type":"product","link":"https:\/\/jekpo.com\/de\/p\/bodenaufbereiter\/","title":{"rendered":"Bodenaufbereiter"},"content":{"rendered":"<p>Robuster Bodenaufbereiter f\u00fcr die effiziente Nivellierung von Oberfl\u00e4chen sowie zum Entfernen von Steinen, Wurzeln und Verunreinigungen. Ideal f\u00fcr Bauprojekte, Landschaftsgestaltung und landwirtschaftliche Arbeiten, wenn ein sauberer und vorbereiteter Untergrund erforderlich ist.<\/p>\n","protected":false},"excerpt":{"rendered":"<p>Robuster Bodenaufbereiter f\u00fcr die effiziente Nivellierung von Oberfl\u00e4chen sowie zum Entfernen von Steinen, Wurzeln und Verunreinigungen. Ideal f\u00fcr Bauprojekte, Landschaftsgestaltung und landwirtschaftliche Arbeiten, wenn ein sauberer und vorbereiteter Untergrund erforderlich ist.<\/p>\n","protected":false},"featured_media":3307,"comment_status":"closed","ping_status":"closed","template":"","meta":[],"product_brand":[],"product_cat":[75],"product_tag":[],"pritaikomumas":[225],"variklio-tipas":[],"class_list":{"0":"post-2401","1":"product","2":"type-product","3":"status-publish","4":"has-post-thumbnail","6":"product_cat-kompaktlader-anbaugeraete","7":"pritaikomumas-liftrex-minilader","9":"first","10":"instock","11":"sale","12":"sold-individually","13":"taxable","14":"shipping-taxable","15":"purchasable","16":"product-type-simple"},"yoast_head":"<!-- This site is optimized with the Yoast SEO plugin v27.5 - https:\/\/yoast.com\/product\/yoast-seo-wordpress\/ -->\n<title>Bodenaufbereiter lygink, purenk ir paruo\u0161k greitai | JEKPO.COM<\/title>\n<meta name=\"description\" content=\"\u017dem\u0117s paruo\u0161\u0117jas JEKPO krautuvui \u2013 dirvos lyginimui ir s\u0117jai paruo\u0161ti. Tinka \u016bkiui, statyboms ir ap\u017eeldinimui. U\u017esakyk su pristatymu Lietuvoje. U\u017esakyk!\" \/>\n<meta name=\"robots\" content=\"index, follow, max-snippet:-1, max-image-preview:large, max-video-preview:-1\" \/>\n<link rel=\"canonical\" href=\"https:\/\/jekpo.com\/de\/p\/bodenaufbereiter\/\" \/>\n<meta property=\"og:locale\" content=\"de_DE\" \/>\n<meta property=\"og:type\" content=\"article\" \/>\n<meta property=\"og:title\" content=\"Bodenaufbereiter lygink, purenk ir paruo\u0161k greitai | JEKPO.COM\" \/>\n<meta property=\"og:description\" content=\"\u017dem\u0117s paruo\u0161\u0117jas JEKPO krautuvui \u2013 dirvos lyginimui ir s\u0117jai paruo\u0161ti. Tinka \u016bkiui, statyboms ir ap\u017eeldinimui. U\u017esakyk su pristatymu Lietuvoje. U\u017esakyk!\" \/>\n<meta property=\"og:url\" content=\"https:\/\/jekpo.com\/de\/p\/bodenaufbereiter\/\" \/>\n<meta property=\"og:site_name\" content=\"JEKPO\" \/>\n<meta property=\"article:publisher\" content=\"https:\/\/www.facebook.com\/profile.php?id=61564816725405\" \/>\n<meta property=\"article:modified_time\" content=\"2025-10-01T07:58:45+00:00\" \/>\n<meta property=\"og:image\" content=\"https:\/\/jekpo.com\/wp-content\/uploads\/2025\/05\/zemes-paruosejas-jekpo-mini-traktoriukai.png\" \/>\n\t<meta property=\"og:image:width\" content=\"1000\" \/>\n\t<meta property=\"og:image:height\" content=\"1000\" \/>\n\t<meta property=\"og:image:type\" content=\"image\/png\" \/>\n<meta name=\"twitter:card\" content=\"summary_large_image\" \/>\n<meta name=\"twitter:label1\" content=\"Gesch\u00e4tzte Lesezeit\" \/>\n\t<meta name=\"twitter:data1\" content=\"1\u00a0Minute\" \/>\n<script type=\"application\/ld+json\" class=\"yoast-schema-graph\">{\"@context\":\"https:\\\/\\\/schema.org\",\"@graph\":[{\"@type\":\"WebPage\",\"@id\":\"https:\\\/\\\/jekpo.com\\\/de\\\/p\\\/bodenaufbereiter\\\/\",\"url\":\"https:\\\/\\\/jekpo.com\\\/de\\\/p\\\/bodenaufbereiter\\\/\",\"name\":\"Bodenaufbereiter lygink, purenk ir paruo\u0161k greitai | JEKPO.COM\",\"isPartOf\":{\"@id\":\"https:\\\/\\\/jekpo.com\\\/de\\\/#website\"},\"primaryImageOfPage\":{\"@id\":\"https:\\\/\\\/jekpo.com\\\/de\\\/p\\\/bodenaufbereiter\\\/#primaryimage\"},\"image\":{\"@id\":\"https:\\\/\\\/jekpo.com\\\/de\\\/p\\\/bodenaufbereiter\\\/#primaryimage\"},\"thumbnailUrl\":\"https:\\\/\\\/jekpo.com\\\/wp-content\\\/uploads\\\/2025\\\/05\\\/zemes-paruosejas-jekpo-mini-traktoriukai.png\",\"datePublished\":\"2025-05-12T11:11:10+00:00\",\"dateModified\":\"2025-10-01T07:58:45+00:00\",\"description\":\"\u017dem\u0117s paruo\u0161\u0117jas JEKPO krautuvui \u2013 dirvos lyginimui ir s\u0117jai paruo\u0161ti. Tinka \u016bkiui, statyboms ir ap\u017eeldinimui. U\u017esakyk su pristatymu Lietuvoje. U\u017esakyk!\",\"breadcrumb\":{\"@id\":\"https:\\\/\\\/jekpo.com\\\/de\\\/p\\\/bodenaufbereiter\\\/#breadcrumb\"},\"inLanguage\":\"de\",\"potentialAction\":[{\"@type\":\"ReadAction\",\"target\":[\"https:\\\/\\\/jekpo.com\\\/de\\\/p\\\/bodenaufbereiter\\\/\"]}]},{\"@type\":\"ImageObject\",\"inLanguage\":\"de\",\"@id\":\"https:\\\/\\\/jekpo.com\\\/de\\\/p\\\/bodenaufbereiter\\\/#primaryimage\",\"url\":\"https:\\\/\\\/jekpo.com\\\/wp-content\\\/uploads\\\/2025\\\/05\\\/zemes-paruosejas-jekpo-mini-traktoriukai.png\",\"contentUrl\":\"https:\\\/\\\/jekpo.com\\\/wp-content\\\/uploads\\\/2025\\\/05\\\/zemes-paruosejas-jekpo-mini-traktoriukai.png\",\"width\":1000,\"height\":1000,\"caption\":\"zemes-paruosejas-jekpo-mini-traktoriukai\"},{\"@type\":\"BreadcrumbList\",\"@id\":\"https:\\\/\\\/jekpo.com\\\/de\\\/p\\\/bodenaufbereiter\\\/#breadcrumb\",\"itemListElement\":[{\"@type\":\"ListItem\",\"position\":1,\"name\":\"Home\",\"item\":\"https:\\\/\\\/jekpo.com\\\/de\\\/\"},{\"@type\":\"ListItem\",\"position\":2,\"name\":\"Technik\",\"item\":\"https:\\\/\\\/jekpo.com\\\/de\\\/technik\\\/\"},{\"@type\":\"ListItem\",\"position\":3,\"name\":\"Bodenaufbereiter\"}]},{\"@type\":\"WebSite\",\"@id\":\"https:\\\/\\\/jekpo.com\\\/de\\\/#website\",\"url\":\"https:\\\/\\\/jekpo.com\\\/de\\\/\",\"name\":\"JEKPO\",\"description\":\"atsakingas j\u016bs\u0173 partneris \u017eem\u0117s \u016bkio, sodo ir smulkiosios technikos pasaulyje\",\"publisher\":{\"@id\":\"https:\\\/\\\/jekpo.com\\\/de\\\/#organization\"},\"potentialAction\":[{\"@type\":\"SearchAction\",\"target\":{\"@type\":\"EntryPoint\",\"urlTemplate\":\"https:\\\/\\\/jekpo.com\\\/de\\\/?s={search_term_string}\"},\"query-input\":{\"@type\":\"PropertyValueSpecification\",\"valueRequired\":true,\"valueName\":\"search_term_string\"}}],\"inLanguage\":\"de\"},{\"@type\":\"Organization\",\"@id\":\"https:\\\/\\\/jekpo.com\\\/de\\\/#organization\",\"name\":\"JEKPO\",\"url\":\"https:\\\/\\\/jekpo.com\\\/de\\\/\",\"logo\":{\"@type\":\"ImageObject\",\"inLanguage\":\"de\",\"@id\":\"https:\\\/\\\/jekpo.com\\\/de\\\/#\\\/schema\\\/logo\\\/image\\\/\",\"url\":\"https:\\\/\\\/jekpo.com\\\/wp-content\\\/uploads\\\/2025\\\/03\\\/JEKPO-logo-trans-e1749117872556-300x201-2.webp\",\"contentUrl\":\"https:\\\/\\\/jekpo.com\\\/wp-content\\\/uploads\\\/2025\\\/03\\\/JEKPO-logo-trans-e1749117872556-300x201-2.webp\",\"width\":300,\"height\":201,\"caption\":\"JEKPO\"},\"image\":{\"@id\":\"https:\\\/\\\/jekpo.com\\\/de\\\/#\\\/schema\\\/logo\\\/image\\\/\"},\"sameAs\":[\"https:\\\/\\\/www.facebook.com\\\/profile.php?id=61564816725405\",\"https:\\\/\\\/www.instagram.com\\\/jekpo_ltu\\\/?igsh=cWh1ZDhyamEzOWQz&utm_source=qr#\",\"https:\\\/\\\/www.tiktok.com\\\/@jekpo_ltu?is_from_webapp=1&sender_device=pc\"]}]}<\/script>\n<!-- \/ Yoast SEO plugin. -->","yoast_head_json":{"title":"Bodenaufbereiter lygink, purenk ir paruo\u0161k greitai | JEKPO.COM","description":"\u017dem\u0117s paruo\u0161\u0117jas JEKPO krautuvui \u2013 dirvos lyginimui ir s\u0117jai paruo\u0161ti. Tinka \u016bkiui, statyboms ir ap\u017eeldinimui. U\u017esakyk su pristatymu Lietuvoje. U\u017esakyk!","robots":{"index":"index","follow":"follow","max-snippet":"max-snippet:-1","max-image-preview":"max-image-preview:large","max-video-preview":"max-video-preview:-1"},"canonical":"https:\/\/jekpo.com\/de\/p\/bodenaufbereiter\/","og_locale":"de_DE","og_type":"article","og_title":"Bodenaufbereiter lygink, purenk ir paruo\u0161k greitai | JEKPO.COM","og_description":"\u017dem\u0117s paruo\u0161\u0117jas JEKPO krautuvui \u2013 dirvos lyginimui ir s\u0117jai paruo\u0161ti. Tinka \u016bkiui, statyboms ir ap\u017eeldinimui. U\u017esakyk su pristatymu Lietuvoje. U\u017esakyk!","og_url":"https:\/\/jekpo.com\/de\/p\/bodenaufbereiter\/","og_site_name":"JEKPO","article_publisher":"https:\/\/www.facebook.com\/profile.php?id=61564816725405","article_modified_time":"2025-10-01T07:58:45+00:00","og_image":[{"width":1000,"height":1000,"url":"https:\/\/jekpo.com\/wp-content\/uploads\/2025\/05\/zemes-paruosejas-jekpo-mini-traktoriukai.png","type":"image\/png"}],"twitter_card":"summary_large_image","twitter_misc":{"Gesch\u00e4tzte Lesezeit":"1\u00a0Minute"},"schema":{"@context":"https:\/\/schema.org","@graph":[{"@type":"WebPage","@id":"https:\/\/jekpo.com\/de\/p\/bodenaufbereiter\/","url":"https:\/\/jekpo.com\/de\/p\/bodenaufbereiter\/","name":"Bodenaufbereiter lygink, purenk ir paruo\u0161k greitai | JEKPO.COM","isPartOf":{"@id":"https:\/\/jekpo.com\/de\/#website"},"primaryImageOfPage":{"@id":"https:\/\/jekpo.com\/de\/p\/bodenaufbereiter\/#primaryimage"},"image":{"@id":"https:\/\/jekpo.com\/de\/p\/bodenaufbereiter\/#primaryimage"},"thumbnailUrl":"https:\/\/jekpo.com\/wp-content\/uploads\/2025\/05\/zemes-paruosejas-jekpo-mini-traktoriukai.png","datePublished":"2025-05-12T11:11:10+00:00","dateModified":"2025-10-01T07:58:45+00:00","description":"\u017dem\u0117s paruo\u0161\u0117jas JEKPO krautuvui \u2013 dirvos lyginimui ir s\u0117jai paruo\u0161ti. Tinka \u016bkiui, statyboms ir ap\u017eeldinimui. U\u017esakyk su pristatymu Lietuvoje. U\u017esakyk!","breadcrumb":{"@id":"https:\/\/jekpo.com\/de\/p\/bodenaufbereiter\/#breadcrumb"},"inLanguage":"de","potentialAction":[{"@type":"ReadAction","target":["https:\/\/jekpo.com\/de\/p\/bodenaufbereiter\/"]}]},{"@type":"ImageObject","inLanguage":"de","@id":"https:\/\/jekpo.com\/de\/p\/bodenaufbereiter\/#primaryimage","url":"https:\/\/jekpo.com\/wp-content\/uploads\/2025\/05\/zemes-paruosejas-jekpo-mini-traktoriukai.png","contentUrl":"https:\/\/jekpo.com\/wp-content\/uploads\/2025\/05\/zemes-paruosejas-jekpo-mini-traktoriukai.png","width":1000,"height":1000,"caption":"zemes-paruosejas-jekpo-mini-traktoriukai"},{"@type":"BreadcrumbList","@id":"https:\/\/jekpo.com\/de\/p\/bodenaufbereiter\/#breadcrumb","itemListElement":[{"@type":"ListItem","position":1,"name":"Home","item":"https:\/\/jekpo.com\/de\/"},{"@type":"ListItem","position":2,"name":"Technik","item":"https:\/\/jekpo.com\/de\/technik\/"},{"@type":"ListItem","position":3,"name":"Bodenaufbereiter"}]},{"@type":"WebSite","@id":"https:\/\/jekpo.com\/de\/#website","url":"https:\/\/jekpo.com\/de\/","name":"JEKPO","description":"atsakingas j\u016bs\u0173 partneris \u017eem\u0117s \u016bkio, sodo ir smulkiosios technikos pasaulyje","publisher":{"@id":"https:\/\/jekpo.com\/de\/#organization"},"potentialAction":[{"@type":"SearchAction","target":{"@type":"EntryPoint","urlTemplate":"https:\/\/jekpo.com\/de\/?s={search_term_string}"},"query-input":{"@type":"PropertyValueSpecification","valueRequired":true,"valueName":"search_term_string"}}],"inLanguage":"de"},{"@type":"Organization","@id":"https:\/\/jekpo.com\/de\/#organization","name":"JEKPO","url":"https:\/\/jekpo.com\/de\/","logo":{"@type":"ImageObject","inLanguage":"de","@id":"https:\/\/jekpo.com\/de\/#\/schema\/logo\/image\/","url":"https:\/\/jekpo.com\/wp-content\/uploads\/2025\/03\/JEKPO-logo-trans-e1749117872556-300x201-2.webp","contentUrl":"https:\/\/jekpo.com\/wp-content\/uploads\/2025\/03\/JEKPO-logo-trans-e1749117872556-300x201-2.webp","width":300,"height":201,"caption":"JEKPO"},"image":{"@id":"https:\/\/jekpo.com\/de\/#\/schema\/logo\/image\/"},"sameAs":["https:\/\/www.facebook.com\/profile.php?id=61564816725405","https:\/\/www.instagram.com\/jekpo_ltu\/?igsh=cWh1ZDhyamEzOWQz&utm_source=qr#","https:\/\/www.tiktok.com\/@jekpo_ltu?is_from_webapp=1&sender_device=pc"]}]}},"_links":{"self":[{"href":"https:\/\/jekpo.com\/de\/wp-json\/wp\/v2\/product\/2401","targetHints":{"allow":["GET"]}}],"collection":[{"href":"https:\/\/jekpo.com\/de\/wp-json\/wp\/v2\/product"}],"about":[{"href":"https:\/\/jekpo.com\/de\/wp-json\/wp\/v2\/types\/product"}],"replies":[{"embeddable":true,"href":"https:\/\/jekpo.com\/de\/wp-json\/wp\/v2\/comments?post=2401"}],"wp:featuredmedia":[{"embeddable":true,"href":"https:\/\/jekpo.com\/de\/wp-json\/wp\/v2\/media\/3307"}],"wp:attachment":[{"href":"https:\/\/jekpo.com\/de\/wp-json\/wp\/v2\/media?parent=2401"}],"wp:term":[{"taxonomy":"product_brand","embeddable":true,"href":"https:\/\/jekpo.com\/de\/wp-json\/wp\/v2\/product_brand?post=2401"},{"taxonomy":"product_cat","embeddable":true,"href":"https:\/\/jekpo.com\/de\/wp-json\/wp\/v2\/product_cat?post=2401"},{"taxonomy":"product_tag","embeddable":true,"href":"https:\/\/jekpo.com\/de\/wp-json\/wp\/v2\/product_tag?post=2401"},{"taxonomy":"pritaikomumas","embeddable":true,"href":"https:\/\/jekpo.com\/de\/wp-json\/wp\/v2\/pritaikomumas?post=2401"},{"taxonomy":"variklio-tipas","embeddable":true,"href":"https:\/\/jekpo.com\/de\/wp-json\/wp\/v2\/variklio-tipas?post=2401"}],"curies":[{"name":"wp","href":"https:\/\/api.w.org\/{rel}","templated":true}]}}