{"id":2400,"date":"2025-05-12T14:09:41","date_gmt":"2025-05-12T11:09:41","guid":{"rendered":"https:\/\/jekpo.com\/?post_type=product&#038;p=2400"},"modified":"2025-10-01T10:57:32","modified_gmt":"2025-10-01T07:57:32","slug":"hebeschlaufe-lastaufhaengevorrichtung","status":"publish","type":"product","link":"https:\/\/jekpo.com\/de\/p\/hebeschlaufe-lastaufhaengevorrichtung\/","title":{"rendered":"Hebeschlaufe \/ Lastaufh\u00e4ngevorrichtung"},"content":{"rendered":"<p data-start=\"130\" data-end=\"401\">Robuste Hebeschlaufe zum Einsatz mit Miniladern. Ideal geeignet f\u00fcr das sichere Anheben und Umsetzen verschiedener Lasten am Arbeitsplatz. Die stabile Konstruktion gew\u00e4hrleistet Zuverl\u00e4ssigkeit und Sicherheit auch unter intensiven Einsatzbedingungen.<\/p>\n","protected":false},"excerpt":{"rendered":"<p>Robuste Hebeschlaufe zum Einsatz mit Miniladern. Ideal geeignet f\u00fcr das sichere Anheben und Umsetzen verschiedener Lasten am Arbeitsplatz. Die stabile Konstruktion gew\u00e4hrleistet Zuverl\u00e4ssigkeit und Sicherheit auch unter intensiven Einsatzbedingungen.<\/p>\n","protected":false},"featured_media":3283,"comment_status":"closed","ping_status":"closed","template":"","meta":[],"product_brand":[],"product_cat":[75],"product_tag":[],"pritaikomumas":[],"variklio-tipas":[],"class_list":{"0":"post-2400","1":"product","2":"type-product","3":"status-publish","4":"has-post-thumbnail","6":"product_cat-kompaktlader-anbaugeraete","8":"first","9":"instock","10":"sale","11":"sold-individually","12":"taxable","13":"shipping-taxable","14":"purchasable","15":"product-type-simple"},"yoast_head":"<!-- This site is optimized with the Yoast SEO plugin v27.4 - https:\/\/yoast.com\/product\/yoast-seo-wordpress\/ -->\n<title>Hebeschlaufe \/ Lastaufh\u00e4ngevorrichtung - saugus krovini\u0173 pak\u0117limas | JEKPO.COM<\/title>\n<meta name=\"description\" content=\"K\u0117limo kilpa JEKPO krautuvui \u2013 skirta saugiam krovini\u0173, \u012frangos ar element\u0173 pak\u0117limui. Paprasta naudoti, tvirta, b\u016btina kiekvienam \u016bkiui ar statybai.\" \/>\n<meta name=\"robots\" content=\"index, follow, max-snippet:-1, max-image-preview:large, max-video-preview:-1\" \/>\n<link rel=\"canonical\" href=\"https:\/\/jekpo.com\/de\/p\/hebeschlaufe-lastaufhaengevorrichtung\/\" \/>\n<meta property=\"og:locale\" content=\"de_DE\" \/>\n<meta property=\"og:type\" content=\"article\" \/>\n<meta property=\"og:title\" content=\"Hebeschlaufe \/ Lastaufh\u00e4ngevorrichtung - saugus krovini\u0173 pak\u0117limas | JEKPO.COM\" \/>\n<meta property=\"og:description\" content=\"K\u0117limo kilpa JEKPO krautuvui \u2013 skirta saugiam krovini\u0173, \u012frangos ar element\u0173 pak\u0117limui. Paprasta naudoti, tvirta, b\u016btina kiekvienam \u016bkiui ar statybai.\" \/>\n<meta property=\"og:url\" content=\"https:\/\/jekpo.com\/de\/p\/hebeschlaufe-lastaufhaengevorrichtung\/\" \/>\n<meta property=\"og:site_name\" content=\"JEKPO\" \/>\n<meta property=\"article:publisher\" content=\"https:\/\/www.facebook.com\/profile.php?id=61564816725405\" \/>\n<meta property=\"article:modified_time\" content=\"2025-10-01T07:57:32+00:00\" \/>\n<meta property=\"og:image\" content=\"https:\/\/jekpo.com\/wp-content\/uploads\/2025\/05\/kelimo-kilpa-nr-1-jekpo-mini-traktoriukai.png\" \/>\n\t<meta property=\"og:image:width\" content=\"1000\" \/>\n\t<meta property=\"og:image:height\" content=\"1000\" \/>\n\t<meta property=\"og:image:type\" content=\"image\/png\" \/>\n<meta name=\"twitter:card\" content=\"summary_large_image\" \/>\n<meta name=\"twitter:label1\" content=\"Gesch\u00e4tzte Lesezeit\" \/>\n\t<meta name=\"twitter:data1\" content=\"1\u00a0Minute\" \/>\n<script type=\"application\/ld+json\" class=\"yoast-schema-graph\">{\"@context\":\"https:\\\/\\\/schema.org\",\"@graph\":[{\"@type\":\"WebPage\",\"@id\":\"https:\\\/\\\/jekpo.com\\\/de\\\/p\\\/hebeschlaufe-lastaufhaengevorrichtung\\\/\",\"url\":\"https:\\\/\\\/jekpo.com\\\/de\\\/p\\\/hebeschlaufe-lastaufhaengevorrichtung\\\/\",\"name\":\"Hebeschlaufe \\\/ Lastaufh\u00e4ngevorrichtung - saugus krovini\u0173 pak\u0117limas | JEKPO.COM\",\"isPartOf\":{\"@id\":\"https:\\\/\\\/jekpo.com\\\/de\\\/#website\"},\"primaryImageOfPage\":{\"@id\":\"https:\\\/\\\/jekpo.com\\\/de\\\/p\\\/hebeschlaufe-lastaufhaengevorrichtung\\\/#primaryimage\"},\"image\":{\"@id\":\"https:\\\/\\\/jekpo.com\\\/de\\\/p\\\/hebeschlaufe-lastaufhaengevorrichtung\\\/#primaryimage\"},\"thumbnailUrl\":\"https:\\\/\\\/jekpo.com\\\/wp-content\\\/uploads\\\/2025\\\/05\\\/kelimo-kilpa-nr-1-jekpo-mini-traktoriukai.png\",\"datePublished\":\"2025-05-12T11:09:41+00:00\",\"dateModified\":\"2025-10-01T07:57:32+00:00\",\"description\":\"K\u0117limo kilpa JEKPO krautuvui \u2013 skirta saugiam krovini\u0173, \u012frangos ar element\u0173 pak\u0117limui. Paprasta naudoti, tvirta, b\u016btina kiekvienam \u016bkiui ar statybai.\",\"breadcrumb\":{\"@id\":\"https:\\\/\\\/jekpo.com\\\/de\\\/p\\\/hebeschlaufe-lastaufhaengevorrichtung\\\/#breadcrumb\"},\"inLanguage\":\"de\",\"potentialAction\":[{\"@type\":\"ReadAction\",\"target\":[\"https:\\\/\\\/jekpo.com\\\/de\\\/p\\\/hebeschlaufe-lastaufhaengevorrichtung\\\/\"]}]},{\"@type\":\"ImageObject\",\"inLanguage\":\"de\",\"@id\":\"https:\\\/\\\/jekpo.com\\\/de\\\/p\\\/hebeschlaufe-lastaufhaengevorrichtung\\\/#primaryimage\",\"url\":\"https:\\\/\\\/jekpo.com\\\/wp-content\\\/uploads\\\/2025\\\/05\\\/kelimo-kilpa-nr-1-jekpo-mini-traktoriukai.png\",\"contentUrl\":\"https:\\\/\\\/jekpo.com\\\/wp-content\\\/uploads\\\/2025\\\/05\\\/kelimo-kilpa-nr-1-jekpo-mini-traktoriukai.png\",\"width\":1000,\"height\":1000,\"caption\":\"kelimo-kilpa-nr-1-jekpo-mini-traktoriukai\"},{\"@type\":\"BreadcrumbList\",\"@id\":\"https:\\\/\\\/jekpo.com\\\/de\\\/p\\\/hebeschlaufe-lastaufhaengevorrichtung\\\/#breadcrumb\",\"itemListElement\":[{\"@type\":\"ListItem\",\"position\":1,\"name\":\"Home\",\"item\":\"https:\\\/\\\/jekpo.com\\\/de\\\/\"},{\"@type\":\"ListItem\",\"position\":2,\"name\":\"Technik\",\"item\":\"https:\\\/\\\/jekpo.com\\\/de\\\/technik\\\/\"},{\"@type\":\"ListItem\",\"position\":3,\"name\":\"Hebeschlaufe \\\/ Lastaufh\u00e4ngevorrichtung\"}]},{\"@type\":\"WebSite\",\"@id\":\"https:\\\/\\\/jekpo.com\\\/de\\\/#website\",\"url\":\"https:\\\/\\\/jekpo.com\\\/de\\\/\",\"name\":\"JEKPO\",\"description\":\"atsakingas j\u016bs\u0173 partneris \u017eem\u0117s \u016bkio, sodo ir smulkiosios technikos pasaulyje\",\"publisher\":{\"@id\":\"https:\\\/\\\/jekpo.com\\\/de\\\/#organization\"},\"potentialAction\":[{\"@type\":\"SearchAction\",\"target\":{\"@type\":\"EntryPoint\",\"urlTemplate\":\"https:\\\/\\\/jekpo.com\\\/de\\\/?s={search_term_string}\"},\"query-input\":{\"@type\":\"PropertyValueSpecification\",\"valueRequired\":true,\"valueName\":\"search_term_string\"}}],\"inLanguage\":\"de\"},{\"@type\":\"Organization\",\"@id\":\"https:\\\/\\\/jekpo.com\\\/de\\\/#organization\",\"name\":\"JEKPO\",\"url\":\"https:\\\/\\\/jekpo.com\\\/de\\\/\",\"logo\":{\"@type\":\"ImageObject\",\"inLanguage\":\"de\",\"@id\":\"https:\\\/\\\/jekpo.com\\\/de\\\/#\\\/schema\\\/logo\\\/image\\\/\",\"url\":\"https:\\\/\\\/jekpo.com\\\/wp-content\\\/uploads\\\/2025\\\/03\\\/JEKPO-logo-trans-e1749117872556-300x201-2.webp\",\"contentUrl\":\"https:\\\/\\\/jekpo.com\\\/wp-content\\\/uploads\\\/2025\\\/03\\\/JEKPO-logo-trans-e1749117872556-300x201-2.webp\",\"width\":300,\"height\":201,\"caption\":\"JEKPO\"},\"image\":{\"@id\":\"https:\\\/\\\/jekpo.com\\\/de\\\/#\\\/schema\\\/logo\\\/image\\\/\"},\"sameAs\":[\"https:\\\/\\\/www.facebook.com\\\/profile.php?id=61564816725405\",\"https:\\\/\\\/www.instagram.com\\\/jekpo_ltu\\\/?igsh=cWh1ZDhyamEzOWQz&utm_source=qr#\",\"https:\\\/\\\/www.tiktok.com\\\/@jekpo_ltu?is_from_webapp=1&sender_device=pc\"]}]}<\/script>\n<!-- \/ Yoast SEO plugin. -->","yoast_head_json":{"title":"Hebeschlaufe \/ Lastaufh\u00e4ngevorrichtung - saugus krovini\u0173 pak\u0117limas | JEKPO.COM","description":"K\u0117limo kilpa JEKPO krautuvui \u2013 skirta saugiam krovini\u0173, \u012frangos ar element\u0173 pak\u0117limui. Paprasta naudoti, tvirta, b\u016btina kiekvienam \u016bkiui ar statybai.","robots":{"index":"index","follow":"follow","max-snippet":"max-snippet:-1","max-image-preview":"max-image-preview:large","max-video-preview":"max-video-preview:-1"},"canonical":"https:\/\/jekpo.com\/de\/p\/hebeschlaufe-lastaufhaengevorrichtung\/","og_locale":"de_DE","og_type":"article","og_title":"Hebeschlaufe \/ Lastaufh\u00e4ngevorrichtung - saugus krovini\u0173 pak\u0117limas | JEKPO.COM","og_description":"K\u0117limo kilpa JEKPO krautuvui \u2013 skirta saugiam krovini\u0173, \u012frangos ar element\u0173 pak\u0117limui. Paprasta naudoti, tvirta, b\u016btina kiekvienam \u016bkiui ar statybai.","og_url":"https:\/\/jekpo.com\/de\/p\/hebeschlaufe-lastaufhaengevorrichtung\/","og_site_name":"JEKPO","article_publisher":"https:\/\/www.facebook.com\/profile.php?id=61564816725405","article_modified_time":"2025-10-01T07:57:32+00:00","og_image":[{"width":1000,"height":1000,"url":"https:\/\/jekpo.com\/wp-content\/uploads\/2025\/05\/kelimo-kilpa-nr-1-jekpo-mini-traktoriukai.png","type":"image\/png"}],"twitter_card":"summary_large_image","twitter_misc":{"Gesch\u00e4tzte Lesezeit":"1\u00a0Minute"},"schema":{"@context":"https:\/\/schema.org","@graph":[{"@type":"WebPage","@id":"https:\/\/jekpo.com\/de\/p\/hebeschlaufe-lastaufhaengevorrichtung\/","url":"https:\/\/jekpo.com\/de\/p\/hebeschlaufe-lastaufhaengevorrichtung\/","name":"Hebeschlaufe \/ Lastaufh\u00e4ngevorrichtung - saugus krovini\u0173 pak\u0117limas | JEKPO.COM","isPartOf":{"@id":"https:\/\/jekpo.com\/de\/#website"},"primaryImageOfPage":{"@id":"https:\/\/jekpo.com\/de\/p\/hebeschlaufe-lastaufhaengevorrichtung\/#primaryimage"},"image":{"@id":"https:\/\/jekpo.com\/de\/p\/hebeschlaufe-lastaufhaengevorrichtung\/#primaryimage"},"thumbnailUrl":"https:\/\/jekpo.com\/wp-content\/uploads\/2025\/05\/kelimo-kilpa-nr-1-jekpo-mini-traktoriukai.png","datePublished":"2025-05-12T11:09:41+00:00","dateModified":"2025-10-01T07:57:32+00:00","description":"K\u0117limo kilpa JEKPO krautuvui \u2013 skirta saugiam krovini\u0173, \u012frangos ar element\u0173 pak\u0117limui. Paprasta naudoti, tvirta, b\u016btina kiekvienam \u016bkiui ar statybai.","breadcrumb":{"@id":"https:\/\/jekpo.com\/de\/p\/hebeschlaufe-lastaufhaengevorrichtung\/#breadcrumb"},"inLanguage":"de","potentialAction":[{"@type":"ReadAction","target":["https:\/\/jekpo.com\/de\/p\/hebeschlaufe-lastaufhaengevorrichtung\/"]}]},{"@type":"ImageObject","inLanguage":"de","@id":"https:\/\/jekpo.com\/de\/p\/hebeschlaufe-lastaufhaengevorrichtung\/#primaryimage","url":"https:\/\/jekpo.com\/wp-content\/uploads\/2025\/05\/kelimo-kilpa-nr-1-jekpo-mini-traktoriukai.png","contentUrl":"https:\/\/jekpo.com\/wp-content\/uploads\/2025\/05\/kelimo-kilpa-nr-1-jekpo-mini-traktoriukai.png","width":1000,"height":1000,"caption":"kelimo-kilpa-nr-1-jekpo-mini-traktoriukai"},{"@type":"BreadcrumbList","@id":"https:\/\/jekpo.com\/de\/p\/hebeschlaufe-lastaufhaengevorrichtung\/#breadcrumb","itemListElement":[{"@type":"ListItem","position":1,"name":"Home","item":"https:\/\/jekpo.com\/de\/"},{"@type":"ListItem","position":2,"name":"Technik","item":"https:\/\/jekpo.com\/de\/technik\/"},{"@type":"ListItem","position":3,"name":"Hebeschlaufe \/ Lastaufh\u00e4ngevorrichtung"}]},{"@type":"WebSite","@id":"https:\/\/jekpo.com\/de\/#website","url":"https:\/\/jekpo.com\/de\/","name":"JEKPO","description":"atsakingas j\u016bs\u0173 partneris \u017eem\u0117s \u016bkio, sodo ir smulkiosios technikos pasaulyje","publisher":{"@id":"https:\/\/jekpo.com\/de\/#organization"},"potentialAction":[{"@type":"SearchAction","target":{"@type":"EntryPoint","urlTemplate":"https:\/\/jekpo.com\/de\/?s={search_term_string}"},"query-input":{"@type":"PropertyValueSpecification","valueRequired":true,"valueName":"search_term_string"}}],"inLanguage":"de"},{"@type":"Organization","@id":"https:\/\/jekpo.com\/de\/#organization","name":"JEKPO","url":"https:\/\/jekpo.com\/de\/","logo":{"@type":"ImageObject","inLanguage":"de","@id":"https:\/\/jekpo.com\/de\/#\/schema\/logo\/image\/","url":"https:\/\/jekpo.com\/wp-content\/uploads\/2025\/03\/JEKPO-logo-trans-e1749117872556-300x201-2.webp","contentUrl":"https:\/\/jekpo.com\/wp-content\/uploads\/2025\/03\/JEKPO-logo-trans-e1749117872556-300x201-2.webp","width":300,"height":201,"caption":"JEKPO"},"image":{"@id":"https:\/\/jekpo.com\/de\/#\/schema\/logo\/image\/"},"sameAs":["https:\/\/www.facebook.com\/profile.php?id=61564816725405","https:\/\/www.instagram.com\/jekpo_ltu\/?igsh=cWh1ZDhyamEzOWQz&utm_source=qr#","https:\/\/www.tiktok.com\/@jekpo_ltu?is_from_webapp=1&sender_device=pc"]}]}},"_links":{"self":[{"href":"https:\/\/jekpo.com\/de\/wp-json\/wp\/v2\/product\/2400","targetHints":{"allow":["GET"]}}],"collection":[{"href":"https:\/\/jekpo.com\/de\/wp-json\/wp\/v2\/product"}],"about":[{"href":"https:\/\/jekpo.com\/de\/wp-json\/wp\/v2\/types\/product"}],"replies":[{"embeddable":true,"href":"https:\/\/jekpo.com\/de\/wp-json\/wp\/v2\/comments?post=2400"}],"wp:featuredmedia":[{"embeddable":true,"href":"https:\/\/jekpo.com\/de\/wp-json\/wp\/v2\/media\/3283"}],"wp:attachment":[{"href":"https:\/\/jekpo.com\/de\/wp-json\/wp\/v2\/media?parent=2400"}],"wp:term":[{"taxonomy":"product_brand","embeddable":true,"href":"https:\/\/jekpo.com\/de\/wp-json\/wp\/v2\/product_brand?post=2400"},{"taxonomy":"product_cat","embeddable":true,"href":"https:\/\/jekpo.com\/de\/wp-json\/wp\/v2\/product_cat?post=2400"},{"taxonomy":"product_tag","embeddable":true,"href":"https:\/\/jekpo.com\/de\/wp-json\/wp\/v2\/product_tag?post=2400"},{"taxonomy":"pritaikomumas","embeddable":true,"href":"https:\/\/jekpo.com\/de\/wp-json\/wp\/v2\/pritaikomumas?post=2400"},{"taxonomy":"variklio-tipas","embeddable":true,"href":"https:\/\/jekpo.com\/de\/wp-json\/wp\/v2\/variklio-tipas?post=2400"}],"curies":[{"name":"wp","href":"https:\/\/api.w.org\/{rel}","templated":true}]}}