{"id":2397,"date":"2025-05-12T14:03:42","date_gmt":"2025-05-12T11:03:42","guid":{"rendered":"https:\/\/jekpo.com\/?post_type=product&#038;p=2397"},"modified":"2025-10-01T10:53:51","modified_gmt":"2025-10-01T07:53:51","slug":"bodenfraese","status":"publish","type":"product","link":"https:\/\/jekpo.com\/de\/p\/bodenfraese\/","title":{"rendered":"Bodenfr\u00e4se"},"content":{"rendered":"<p data-start=\"289\" data-end=\"638\">Robuste und zuverl\u00e4ssige Bodenfr\u00e4se f\u00fcr die Bodenbearbeitung unter unterschiedlichsten Bedingungen. Ideal geeignet f\u00fcr Gem\u00fcseg\u00e4rten, Obstg\u00e4rten und kleinere landwirtschaftliche Betriebe. Die Arbeitsbreite von 1000 mm erm\u00f6glicht effizientes Arbeiten, w\u00e4hrend 38 Fr\u00e4smesser den Boden bis zu 15 cm tief zerkleinern und einarbeiten.<\/p>\n","protected":false},"excerpt":{"rendered":"<p>Robuste und zuverl\u00e4ssige Bodenfr\u00e4se f\u00fcr die Bodenbearbeitung unter unterschiedlichsten Bedingungen. Ideal geeignet f\u00fcr Gem\u00fcseg\u00e4rten, Obstg\u00e4rten und kleinere landwirtschaftliche Betriebe. Die Arbeitsbreite von 1000 mm erm\u00f6glicht effizientes Arbeiten, w\u00e4hrend 38 Fr\u00e4smesser den Boden bis zu 15 cm tief zerkleinern und einarbeiten.<\/p>\n","protected":false},"featured_media":3296,"comment_status":"closed","ping_status":"closed","template":"","meta":[],"product_brand":[],"product_cat":[75],"product_tag":[],"pritaikomumas":[225],"variklio-tipas":[],"class_list":{"0":"post-2397","1":"product","2":"type-product","3":"status-publish","4":"has-post-thumbnail","6":"product_cat-kompaktlader-anbaugeraete","7":"pritaikomumas-liftrex-minilader","9":"first","10":"instock","11":"sale","12":"sold-individually","13":"taxable","14":"shipping-taxable","15":"purchasable","16":"product-type-simple"},"yoast_head":"<!-- This site is optimized with the Yoast SEO plugin v27.4 - https:\/\/yoast.com\/product\/yoast-seo-wordpress\/ -->\n<title>Bodenfr\u00e4se purenk, mai\u0161yk, paruo\u0161k dirv\u0105 grei\u010diau | JEKPO.COM<\/title>\n<meta name=\"description\" content=\"\u017dem\u0117s freza JEKPO krautuvui \u2013 efektyvus sprendimas dirvos purenimui, mai\u0161ymui ir paruo\u0161imui s\u0117jai ar \u017eeldiniams. U\u017esakyk su pristatymu visoje Lietuvoje.\" \/>\n<meta name=\"robots\" content=\"index, follow, max-snippet:-1, max-image-preview:large, max-video-preview:-1\" \/>\n<link rel=\"canonical\" href=\"https:\/\/jekpo.com\/de\/p\/bodenfraese\/\" \/>\n<meta property=\"og:locale\" content=\"de_DE\" \/>\n<meta property=\"og:type\" content=\"article\" \/>\n<meta property=\"og:title\" content=\"Bodenfr\u00e4se purenk, mai\u0161yk, paruo\u0161k dirv\u0105 grei\u010diau | JEKPO.COM\" \/>\n<meta property=\"og:description\" content=\"\u017dem\u0117s freza JEKPO krautuvui \u2013 efektyvus sprendimas dirvos purenimui, mai\u0161ymui ir paruo\u0161imui s\u0117jai ar \u017eeldiniams. U\u017esakyk su pristatymu visoje Lietuvoje.\" \/>\n<meta property=\"og:url\" content=\"https:\/\/jekpo.com\/de\/p\/bodenfraese\/\" \/>\n<meta property=\"og:site_name\" content=\"JEKPO\" \/>\n<meta property=\"article:publisher\" content=\"https:\/\/www.facebook.com\/profile.php?id=61564816725405\" \/>\n<meta property=\"article:modified_time\" content=\"2025-10-01T07:53:51+00:00\" \/>\n<meta property=\"og:image\" content=\"https:\/\/jekpo.com\/wp-content\/uploads\/2025\/05\/zemes-freza-jekpo-mini-traktoriukai.png\" \/>\n\t<meta property=\"og:image:width\" content=\"1000\" \/>\n\t<meta property=\"og:image:height\" content=\"1000\" \/>\n\t<meta property=\"og:image:type\" content=\"image\/png\" \/>\n<meta name=\"twitter:card\" content=\"summary_large_image\" \/>\n<meta name=\"twitter:label1\" content=\"Gesch\u00e4tzte Lesezeit\" \/>\n\t<meta name=\"twitter:data1\" content=\"1\u00a0Minute\" \/>\n<script type=\"application\/ld+json\" class=\"yoast-schema-graph\">{\"@context\":\"https:\\\/\\\/schema.org\",\"@graph\":[{\"@type\":\"WebPage\",\"@id\":\"https:\\\/\\\/jekpo.com\\\/de\\\/p\\\/bodenfraese\\\/\",\"url\":\"https:\\\/\\\/jekpo.com\\\/de\\\/p\\\/bodenfraese\\\/\",\"name\":\"Bodenfr\u00e4se purenk, mai\u0161yk, paruo\u0161k dirv\u0105 grei\u010diau | JEKPO.COM\",\"isPartOf\":{\"@id\":\"https:\\\/\\\/jekpo.com\\\/de\\\/#website\"},\"primaryImageOfPage\":{\"@id\":\"https:\\\/\\\/jekpo.com\\\/de\\\/p\\\/bodenfraese\\\/#primaryimage\"},\"image\":{\"@id\":\"https:\\\/\\\/jekpo.com\\\/de\\\/p\\\/bodenfraese\\\/#primaryimage\"},\"thumbnailUrl\":\"https:\\\/\\\/jekpo.com\\\/wp-content\\\/uploads\\\/2025\\\/05\\\/zemes-freza-jekpo-mini-traktoriukai.png\",\"datePublished\":\"2025-05-12T11:03:42+00:00\",\"dateModified\":\"2025-10-01T07:53:51+00:00\",\"description\":\"\u017dem\u0117s freza JEKPO krautuvui \u2013 efektyvus sprendimas dirvos purenimui, mai\u0161ymui ir paruo\u0161imui s\u0117jai ar \u017eeldiniams. U\u017esakyk su pristatymu visoje Lietuvoje.\",\"breadcrumb\":{\"@id\":\"https:\\\/\\\/jekpo.com\\\/de\\\/p\\\/bodenfraese\\\/#breadcrumb\"},\"inLanguage\":\"de\",\"potentialAction\":[{\"@type\":\"ReadAction\",\"target\":[\"https:\\\/\\\/jekpo.com\\\/de\\\/p\\\/bodenfraese\\\/\"]}]},{\"@type\":\"ImageObject\",\"inLanguage\":\"de\",\"@id\":\"https:\\\/\\\/jekpo.com\\\/de\\\/p\\\/bodenfraese\\\/#primaryimage\",\"url\":\"https:\\\/\\\/jekpo.com\\\/wp-content\\\/uploads\\\/2025\\\/05\\\/zemes-freza-jekpo-mini-traktoriukai.png\",\"contentUrl\":\"https:\\\/\\\/jekpo.com\\\/wp-content\\\/uploads\\\/2025\\\/05\\\/zemes-freza-jekpo-mini-traktoriukai.png\",\"width\":1000,\"height\":1000,\"caption\":\"zemes-freza-jekpo-mini-traktoriukai\"},{\"@type\":\"BreadcrumbList\",\"@id\":\"https:\\\/\\\/jekpo.com\\\/de\\\/p\\\/bodenfraese\\\/#breadcrumb\",\"itemListElement\":[{\"@type\":\"ListItem\",\"position\":1,\"name\":\"Home\",\"item\":\"https:\\\/\\\/jekpo.com\\\/de\\\/\"},{\"@type\":\"ListItem\",\"position\":2,\"name\":\"Technik\",\"item\":\"https:\\\/\\\/jekpo.com\\\/de\\\/technik\\\/\"},{\"@type\":\"ListItem\",\"position\":3,\"name\":\"Bodenfr\u00e4se\"}]},{\"@type\":\"WebSite\",\"@id\":\"https:\\\/\\\/jekpo.com\\\/de\\\/#website\",\"url\":\"https:\\\/\\\/jekpo.com\\\/de\\\/\",\"name\":\"JEKPO\",\"description\":\"atsakingas j\u016bs\u0173 partneris \u017eem\u0117s \u016bkio, sodo ir smulkiosios technikos pasaulyje\",\"publisher\":{\"@id\":\"https:\\\/\\\/jekpo.com\\\/de\\\/#organization\"},\"potentialAction\":[{\"@type\":\"SearchAction\",\"target\":{\"@type\":\"EntryPoint\",\"urlTemplate\":\"https:\\\/\\\/jekpo.com\\\/de\\\/?s={search_term_string}\"},\"query-input\":{\"@type\":\"PropertyValueSpecification\",\"valueRequired\":true,\"valueName\":\"search_term_string\"}}],\"inLanguage\":\"de\"},{\"@type\":\"Organization\",\"@id\":\"https:\\\/\\\/jekpo.com\\\/de\\\/#organization\",\"name\":\"JEKPO\",\"url\":\"https:\\\/\\\/jekpo.com\\\/de\\\/\",\"logo\":{\"@type\":\"ImageObject\",\"inLanguage\":\"de\",\"@id\":\"https:\\\/\\\/jekpo.com\\\/de\\\/#\\\/schema\\\/logo\\\/image\\\/\",\"url\":\"https:\\\/\\\/jekpo.com\\\/wp-content\\\/uploads\\\/2025\\\/03\\\/JEKPO-logo-trans-e1749117872556-300x201-2.webp\",\"contentUrl\":\"https:\\\/\\\/jekpo.com\\\/wp-content\\\/uploads\\\/2025\\\/03\\\/JEKPO-logo-trans-e1749117872556-300x201-2.webp\",\"width\":300,\"height\":201,\"caption\":\"JEKPO\"},\"image\":{\"@id\":\"https:\\\/\\\/jekpo.com\\\/de\\\/#\\\/schema\\\/logo\\\/image\\\/\"},\"sameAs\":[\"https:\\\/\\\/www.facebook.com\\\/profile.php?id=61564816725405\",\"https:\\\/\\\/www.instagram.com\\\/jekpo_ltu\\\/?igsh=cWh1ZDhyamEzOWQz&utm_source=qr#\",\"https:\\\/\\\/www.tiktok.com\\\/@jekpo_ltu?is_from_webapp=1&sender_device=pc\"]}]}<\/script>\n<!-- \/ Yoast SEO plugin. -->","yoast_head_json":{"title":"Bodenfr\u00e4se purenk, mai\u0161yk, paruo\u0161k dirv\u0105 grei\u010diau | JEKPO.COM","description":"\u017dem\u0117s freza JEKPO krautuvui \u2013 efektyvus sprendimas dirvos purenimui, mai\u0161ymui ir paruo\u0161imui s\u0117jai ar \u017eeldiniams. U\u017esakyk su pristatymu visoje Lietuvoje.","robots":{"index":"index","follow":"follow","max-snippet":"max-snippet:-1","max-image-preview":"max-image-preview:large","max-video-preview":"max-video-preview:-1"},"canonical":"https:\/\/jekpo.com\/de\/p\/bodenfraese\/","og_locale":"de_DE","og_type":"article","og_title":"Bodenfr\u00e4se purenk, mai\u0161yk, paruo\u0161k dirv\u0105 grei\u010diau | JEKPO.COM","og_description":"\u017dem\u0117s freza JEKPO krautuvui \u2013 efektyvus sprendimas dirvos purenimui, mai\u0161ymui ir paruo\u0161imui s\u0117jai ar \u017eeldiniams. U\u017esakyk su pristatymu visoje Lietuvoje.","og_url":"https:\/\/jekpo.com\/de\/p\/bodenfraese\/","og_site_name":"JEKPO","article_publisher":"https:\/\/www.facebook.com\/profile.php?id=61564816725405","article_modified_time":"2025-10-01T07:53:51+00:00","og_image":[{"width":1000,"height":1000,"url":"https:\/\/jekpo.com\/wp-content\/uploads\/2025\/05\/zemes-freza-jekpo-mini-traktoriukai.png","type":"image\/png"}],"twitter_card":"summary_large_image","twitter_misc":{"Gesch\u00e4tzte Lesezeit":"1\u00a0Minute"},"schema":{"@context":"https:\/\/schema.org","@graph":[{"@type":"WebPage","@id":"https:\/\/jekpo.com\/de\/p\/bodenfraese\/","url":"https:\/\/jekpo.com\/de\/p\/bodenfraese\/","name":"Bodenfr\u00e4se purenk, mai\u0161yk, paruo\u0161k dirv\u0105 grei\u010diau | JEKPO.COM","isPartOf":{"@id":"https:\/\/jekpo.com\/de\/#website"},"primaryImageOfPage":{"@id":"https:\/\/jekpo.com\/de\/p\/bodenfraese\/#primaryimage"},"image":{"@id":"https:\/\/jekpo.com\/de\/p\/bodenfraese\/#primaryimage"},"thumbnailUrl":"https:\/\/jekpo.com\/wp-content\/uploads\/2025\/05\/zemes-freza-jekpo-mini-traktoriukai.png","datePublished":"2025-05-12T11:03:42+00:00","dateModified":"2025-10-01T07:53:51+00:00","description":"\u017dem\u0117s freza JEKPO krautuvui \u2013 efektyvus sprendimas dirvos purenimui, mai\u0161ymui ir paruo\u0161imui s\u0117jai ar \u017eeldiniams. U\u017esakyk su pristatymu visoje Lietuvoje.","breadcrumb":{"@id":"https:\/\/jekpo.com\/de\/p\/bodenfraese\/#breadcrumb"},"inLanguage":"de","potentialAction":[{"@type":"ReadAction","target":["https:\/\/jekpo.com\/de\/p\/bodenfraese\/"]}]},{"@type":"ImageObject","inLanguage":"de","@id":"https:\/\/jekpo.com\/de\/p\/bodenfraese\/#primaryimage","url":"https:\/\/jekpo.com\/wp-content\/uploads\/2025\/05\/zemes-freza-jekpo-mini-traktoriukai.png","contentUrl":"https:\/\/jekpo.com\/wp-content\/uploads\/2025\/05\/zemes-freza-jekpo-mini-traktoriukai.png","width":1000,"height":1000,"caption":"zemes-freza-jekpo-mini-traktoriukai"},{"@type":"BreadcrumbList","@id":"https:\/\/jekpo.com\/de\/p\/bodenfraese\/#breadcrumb","itemListElement":[{"@type":"ListItem","position":1,"name":"Home","item":"https:\/\/jekpo.com\/de\/"},{"@type":"ListItem","position":2,"name":"Technik","item":"https:\/\/jekpo.com\/de\/technik\/"},{"@type":"ListItem","position":3,"name":"Bodenfr\u00e4se"}]},{"@type":"WebSite","@id":"https:\/\/jekpo.com\/de\/#website","url":"https:\/\/jekpo.com\/de\/","name":"JEKPO","description":"atsakingas j\u016bs\u0173 partneris \u017eem\u0117s \u016bkio, sodo ir smulkiosios technikos pasaulyje","publisher":{"@id":"https:\/\/jekpo.com\/de\/#organization"},"potentialAction":[{"@type":"SearchAction","target":{"@type":"EntryPoint","urlTemplate":"https:\/\/jekpo.com\/de\/?s={search_term_string}"},"query-input":{"@type":"PropertyValueSpecification","valueRequired":true,"valueName":"search_term_string"}}],"inLanguage":"de"},{"@type":"Organization","@id":"https:\/\/jekpo.com\/de\/#organization","name":"JEKPO","url":"https:\/\/jekpo.com\/de\/","logo":{"@type":"ImageObject","inLanguage":"de","@id":"https:\/\/jekpo.com\/de\/#\/schema\/logo\/image\/","url":"https:\/\/jekpo.com\/wp-content\/uploads\/2025\/03\/JEKPO-logo-trans-e1749117872556-300x201-2.webp","contentUrl":"https:\/\/jekpo.com\/wp-content\/uploads\/2025\/03\/JEKPO-logo-trans-e1749117872556-300x201-2.webp","width":300,"height":201,"caption":"JEKPO"},"image":{"@id":"https:\/\/jekpo.com\/de\/#\/schema\/logo\/image\/"},"sameAs":["https:\/\/www.facebook.com\/profile.php?id=61564816725405","https:\/\/www.instagram.com\/jekpo_ltu\/?igsh=cWh1ZDhyamEzOWQz&utm_source=qr#","https:\/\/www.tiktok.com\/@jekpo_ltu?is_from_webapp=1&sender_device=pc"]}]}},"_links":{"self":[{"href":"https:\/\/jekpo.com\/de\/wp-json\/wp\/v2\/product\/2397","targetHints":{"allow":["GET"]}}],"collection":[{"href":"https:\/\/jekpo.com\/de\/wp-json\/wp\/v2\/product"}],"about":[{"href":"https:\/\/jekpo.com\/de\/wp-json\/wp\/v2\/types\/product"}],"replies":[{"embeddable":true,"href":"https:\/\/jekpo.com\/de\/wp-json\/wp\/v2\/comments?post=2397"}],"wp:featuredmedia":[{"embeddable":true,"href":"https:\/\/jekpo.com\/de\/wp-json\/wp\/v2\/media\/3296"}],"wp:attachment":[{"href":"https:\/\/jekpo.com\/de\/wp-json\/wp\/v2\/media?parent=2397"}],"wp:term":[{"taxonomy":"product_brand","embeddable":true,"href":"https:\/\/jekpo.com\/de\/wp-json\/wp\/v2\/product_brand?post=2397"},{"taxonomy":"product_cat","embeddable":true,"href":"https:\/\/jekpo.com\/de\/wp-json\/wp\/v2\/product_cat?post=2397"},{"taxonomy":"product_tag","embeddable":true,"href":"https:\/\/jekpo.com\/de\/wp-json\/wp\/v2\/product_tag?post=2397"},{"taxonomy":"pritaikomumas","embeddable":true,"href":"https:\/\/jekpo.com\/de\/wp-json\/wp\/v2\/pritaikomumas?post=2397"},{"taxonomy":"variklio-tipas","embeddable":true,"href":"https:\/\/jekpo.com\/de\/wp-json\/wp\/v2\/variklio-tipas?post=2397"}],"curies":[{"name":"wp","href":"https:\/\/api.w.org\/{rel}","templated":true}]}}