{"id":2396,"date":"2025-05-12T13:57:18","date_gmt":"2025-05-12T10:57:18","guid":{"rendered":"https:\/\/jekpo.com\/?post_type=product&#038;p=2396"},"modified":"2025-10-01T10:52:32","modified_gmt":"2025-10-01T07:52:32","slug":"rasenmaeher-maehwerk","status":"publish","type":"product","link":"https:\/\/jekpo.com\/de\/p\/rasenmaeher-maehwerk\/","title":{"rendered":"Rasenm\u00e4her \/ M\u00e4hwerk"},"content":{"rendered":"<p>Robustes M\u00e4hwerk f\u00fcr die Pflege gr\u00f6\u00dferer Fl\u00e4chen \u2013 sowohl in der Landwirtschaft als auch in industriellen Bereichen. Die effiziente Konstruktion mit drei Messern sorgt f\u00fcr einen sauberen und gleichm\u00e4\u00dfigen Schnitt, selbst bei unterschiedlicher Grash\u00f6he. Eine zuverl\u00e4ssige Wahl f\u00fcr den intensiven Einsatz, wenn hohe Leistung und Langlebigkeit gefragt sind.<\/p>\n","protected":false},"excerpt":{"rendered":"<p>Robustes M\u00e4hwerk f\u00fcr die Pflege gr\u00f6\u00dferer Fl\u00e4chen \u2013 sowohl in der Landwirtschaft als auch in industriellen Bereichen. Die effiziente Konstruktion mit drei Messern sorgt f\u00fcr einen sauberen und gleichm\u00e4\u00dfigen Schnitt, selbst bei unterschiedlicher Grash\u00f6he. Eine zuverl\u00e4ssige Wahl f\u00fcr den intensiven Einsatz, wenn hohe Leistung und Langlebigkeit gefragt sind.<\/p>\n","protected":false},"featured_media":3305,"comment_status":"closed","ping_status":"closed","template":"","meta":[],"product_brand":[],"product_cat":[75],"product_tag":[],"pritaikomumas":[],"variklio-tipas":[],"class_list":{"0":"post-2396","1":"product","2":"type-product","3":"status-publish","4":"has-post-thumbnail","6":"product_cat-kompaktlader-anbaugeraete","8":"first","9":"instock","10":"sale","11":"sold-individually","12":"taxable","13":"shipping-taxable","14":"purchasable","15":"product-type-simple"},"yoast_head":"<!-- This site is optimized with the Yoast SEO plugin v27.4 - https:\/\/yoast.com\/product\/yoast-seo-wordpress\/ -->\n<title>Rasenm\u00e4her \/ M\u00e4hwerk galingas pjovimas su Jekpo priedu | JEKPO.COM<\/title>\n<meta name=\"description\" content=\"\u017doliapjov\u0117 JEKPO krautuvui \u2013 efektyvi \u017eol\u0117s pjovimo \u012franga sodyboms, \u016bkiams ir parkams. Saugus ir tolygus darbas net tankioje augmenijoje. U\u017esakyk!\" \/>\n<meta name=\"robots\" content=\"index, follow, max-snippet:-1, max-image-preview:large, max-video-preview:-1\" \/>\n<link rel=\"canonical\" href=\"https:\/\/jekpo.com\/de\/p\/rasenmaeher-maehwerk\/\" \/>\n<meta property=\"og:locale\" content=\"de_DE\" \/>\n<meta property=\"og:type\" content=\"article\" \/>\n<meta property=\"og:title\" content=\"Rasenm\u00e4her \/ M\u00e4hwerk galingas pjovimas su Jekpo priedu | JEKPO.COM\" \/>\n<meta property=\"og:description\" content=\"\u017doliapjov\u0117 JEKPO krautuvui \u2013 efektyvi \u017eol\u0117s pjovimo \u012franga sodyboms, \u016bkiams ir parkams. Saugus ir tolygus darbas net tankioje augmenijoje. U\u017esakyk!\" \/>\n<meta property=\"og:url\" content=\"https:\/\/jekpo.com\/de\/p\/rasenmaeher-maehwerk\/\" \/>\n<meta property=\"og:site_name\" content=\"JEKPO\" \/>\n<meta property=\"article:publisher\" content=\"https:\/\/www.facebook.com\/profile.php?id=61564816725405\" \/>\n<meta property=\"article:modified_time\" content=\"2025-10-01T07:52:32+00:00\" \/>\n<meta property=\"og:image\" content=\"https:\/\/jekpo.com\/wp-content\/uploads\/2025\/05\/zoliapjove-jekpo-mini-traktoriukai.png\" \/>\n\t<meta property=\"og:image:width\" content=\"1000\" \/>\n\t<meta property=\"og:image:height\" content=\"1000\" \/>\n\t<meta property=\"og:image:type\" content=\"image\/png\" \/>\n<meta name=\"twitter:card\" content=\"summary_large_image\" \/>\n<meta name=\"twitter:label1\" content=\"Gesch\u00e4tzte Lesezeit\" \/>\n\t<meta name=\"twitter:data1\" content=\"1\u00a0Minute\" \/>\n<script type=\"application\/ld+json\" class=\"yoast-schema-graph\">{\"@context\":\"https:\\\/\\\/schema.org\",\"@graph\":[{\"@type\":\"WebPage\",\"@id\":\"https:\\\/\\\/jekpo.com\\\/de\\\/p\\\/rasenmaeher-maehwerk\\\/\",\"url\":\"https:\\\/\\\/jekpo.com\\\/de\\\/p\\\/rasenmaeher-maehwerk\\\/\",\"name\":\"Rasenm\u00e4her \\\/ M\u00e4hwerk galingas pjovimas su Jekpo priedu | JEKPO.COM\",\"isPartOf\":{\"@id\":\"https:\\\/\\\/jekpo.com\\\/de\\\/#website\"},\"primaryImageOfPage\":{\"@id\":\"https:\\\/\\\/jekpo.com\\\/de\\\/p\\\/rasenmaeher-maehwerk\\\/#primaryimage\"},\"image\":{\"@id\":\"https:\\\/\\\/jekpo.com\\\/de\\\/p\\\/rasenmaeher-maehwerk\\\/#primaryimage\"},\"thumbnailUrl\":\"https:\\\/\\\/jekpo.com\\\/wp-content\\\/uploads\\\/2025\\\/05\\\/zoliapjove-jekpo-mini-traktoriukai.png\",\"datePublished\":\"2025-05-12T10:57:18+00:00\",\"dateModified\":\"2025-10-01T07:52:32+00:00\",\"description\":\"\u017doliapjov\u0117 JEKPO krautuvui \u2013 efektyvi \u017eol\u0117s pjovimo \u012franga sodyboms, \u016bkiams ir parkams. Saugus ir tolygus darbas net tankioje augmenijoje. U\u017esakyk!\",\"breadcrumb\":{\"@id\":\"https:\\\/\\\/jekpo.com\\\/de\\\/p\\\/rasenmaeher-maehwerk\\\/#breadcrumb\"},\"inLanguage\":\"de\",\"potentialAction\":[{\"@type\":\"ReadAction\",\"target\":[\"https:\\\/\\\/jekpo.com\\\/de\\\/p\\\/rasenmaeher-maehwerk\\\/\"]}]},{\"@type\":\"ImageObject\",\"inLanguage\":\"de\",\"@id\":\"https:\\\/\\\/jekpo.com\\\/de\\\/p\\\/rasenmaeher-maehwerk\\\/#primaryimage\",\"url\":\"https:\\\/\\\/jekpo.com\\\/wp-content\\\/uploads\\\/2025\\\/05\\\/zoliapjove-jekpo-mini-traktoriukai.png\",\"contentUrl\":\"https:\\\/\\\/jekpo.com\\\/wp-content\\\/uploads\\\/2025\\\/05\\\/zoliapjove-jekpo-mini-traktoriukai.png\",\"width\":1000,\"height\":1000,\"caption\":\"zoliapjove-jekpo-mini-traktoriukai\"},{\"@type\":\"BreadcrumbList\",\"@id\":\"https:\\\/\\\/jekpo.com\\\/de\\\/p\\\/rasenmaeher-maehwerk\\\/#breadcrumb\",\"itemListElement\":[{\"@type\":\"ListItem\",\"position\":1,\"name\":\"Home\",\"item\":\"https:\\\/\\\/jekpo.com\\\/de\\\/\"},{\"@type\":\"ListItem\",\"position\":2,\"name\":\"Technik\",\"item\":\"https:\\\/\\\/jekpo.com\\\/de\\\/technik\\\/\"},{\"@type\":\"ListItem\",\"position\":3,\"name\":\"Rasenm\u00e4her \\\/ M\u00e4hwerk\"}]},{\"@type\":\"WebSite\",\"@id\":\"https:\\\/\\\/jekpo.com\\\/de\\\/#website\",\"url\":\"https:\\\/\\\/jekpo.com\\\/de\\\/\",\"name\":\"JEKPO\",\"description\":\"atsakingas j\u016bs\u0173 partneris \u017eem\u0117s \u016bkio, sodo ir smulkiosios technikos pasaulyje\",\"publisher\":{\"@id\":\"https:\\\/\\\/jekpo.com\\\/de\\\/#organization\"},\"potentialAction\":[{\"@type\":\"SearchAction\",\"target\":{\"@type\":\"EntryPoint\",\"urlTemplate\":\"https:\\\/\\\/jekpo.com\\\/de\\\/?s={search_term_string}\"},\"query-input\":{\"@type\":\"PropertyValueSpecification\",\"valueRequired\":true,\"valueName\":\"search_term_string\"}}],\"inLanguage\":\"de\"},{\"@type\":\"Organization\",\"@id\":\"https:\\\/\\\/jekpo.com\\\/de\\\/#organization\",\"name\":\"JEKPO\",\"url\":\"https:\\\/\\\/jekpo.com\\\/de\\\/\",\"logo\":{\"@type\":\"ImageObject\",\"inLanguage\":\"de\",\"@id\":\"https:\\\/\\\/jekpo.com\\\/de\\\/#\\\/schema\\\/logo\\\/image\\\/\",\"url\":\"https:\\\/\\\/jekpo.com\\\/wp-content\\\/uploads\\\/2025\\\/03\\\/JEKPO-logo-trans-e1749117872556-300x201-2.webp\",\"contentUrl\":\"https:\\\/\\\/jekpo.com\\\/wp-content\\\/uploads\\\/2025\\\/03\\\/JEKPO-logo-trans-e1749117872556-300x201-2.webp\",\"width\":300,\"height\":201,\"caption\":\"JEKPO\"},\"image\":{\"@id\":\"https:\\\/\\\/jekpo.com\\\/de\\\/#\\\/schema\\\/logo\\\/image\\\/\"},\"sameAs\":[\"https:\\\/\\\/www.facebook.com\\\/profile.php?id=61564816725405\",\"https:\\\/\\\/www.instagram.com\\\/jekpo_ltu\\\/?igsh=cWh1ZDhyamEzOWQz&utm_source=qr#\",\"https:\\\/\\\/www.tiktok.com\\\/@jekpo_ltu?is_from_webapp=1&sender_device=pc\"]}]}<\/script>\n<!-- \/ Yoast SEO plugin. -->","yoast_head_json":{"title":"Rasenm\u00e4her \/ M\u00e4hwerk galingas pjovimas su Jekpo priedu | JEKPO.COM","description":"\u017doliapjov\u0117 JEKPO krautuvui \u2013 efektyvi \u017eol\u0117s pjovimo \u012franga sodyboms, \u016bkiams ir parkams. Saugus ir tolygus darbas net tankioje augmenijoje. U\u017esakyk!","robots":{"index":"index","follow":"follow","max-snippet":"max-snippet:-1","max-image-preview":"max-image-preview:large","max-video-preview":"max-video-preview:-1"},"canonical":"https:\/\/jekpo.com\/de\/p\/rasenmaeher-maehwerk\/","og_locale":"de_DE","og_type":"article","og_title":"Rasenm\u00e4her \/ M\u00e4hwerk galingas pjovimas su Jekpo priedu | JEKPO.COM","og_description":"\u017doliapjov\u0117 JEKPO krautuvui \u2013 efektyvi \u017eol\u0117s pjovimo \u012franga sodyboms, \u016bkiams ir parkams. Saugus ir tolygus darbas net tankioje augmenijoje. U\u017esakyk!","og_url":"https:\/\/jekpo.com\/de\/p\/rasenmaeher-maehwerk\/","og_site_name":"JEKPO","article_publisher":"https:\/\/www.facebook.com\/profile.php?id=61564816725405","article_modified_time":"2025-10-01T07:52:32+00:00","og_image":[{"width":1000,"height":1000,"url":"https:\/\/jekpo.com\/wp-content\/uploads\/2025\/05\/zoliapjove-jekpo-mini-traktoriukai.png","type":"image\/png"}],"twitter_card":"summary_large_image","twitter_misc":{"Gesch\u00e4tzte Lesezeit":"1\u00a0Minute"},"schema":{"@context":"https:\/\/schema.org","@graph":[{"@type":"WebPage","@id":"https:\/\/jekpo.com\/de\/p\/rasenmaeher-maehwerk\/","url":"https:\/\/jekpo.com\/de\/p\/rasenmaeher-maehwerk\/","name":"Rasenm\u00e4her \/ M\u00e4hwerk galingas pjovimas su Jekpo priedu | JEKPO.COM","isPartOf":{"@id":"https:\/\/jekpo.com\/de\/#website"},"primaryImageOfPage":{"@id":"https:\/\/jekpo.com\/de\/p\/rasenmaeher-maehwerk\/#primaryimage"},"image":{"@id":"https:\/\/jekpo.com\/de\/p\/rasenmaeher-maehwerk\/#primaryimage"},"thumbnailUrl":"https:\/\/jekpo.com\/wp-content\/uploads\/2025\/05\/zoliapjove-jekpo-mini-traktoriukai.png","datePublished":"2025-05-12T10:57:18+00:00","dateModified":"2025-10-01T07:52:32+00:00","description":"\u017doliapjov\u0117 JEKPO krautuvui \u2013 efektyvi \u017eol\u0117s pjovimo \u012franga sodyboms, \u016bkiams ir parkams. Saugus ir tolygus darbas net tankioje augmenijoje. U\u017esakyk!","breadcrumb":{"@id":"https:\/\/jekpo.com\/de\/p\/rasenmaeher-maehwerk\/#breadcrumb"},"inLanguage":"de","potentialAction":[{"@type":"ReadAction","target":["https:\/\/jekpo.com\/de\/p\/rasenmaeher-maehwerk\/"]}]},{"@type":"ImageObject","inLanguage":"de","@id":"https:\/\/jekpo.com\/de\/p\/rasenmaeher-maehwerk\/#primaryimage","url":"https:\/\/jekpo.com\/wp-content\/uploads\/2025\/05\/zoliapjove-jekpo-mini-traktoriukai.png","contentUrl":"https:\/\/jekpo.com\/wp-content\/uploads\/2025\/05\/zoliapjove-jekpo-mini-traktoriukai.png","width":1000,"height":1000,"caption":"zoliapjove-jekpo-mini-traktoriukai"},{"@type":"BreadcrumbList","@id":"https:\/\/jekpo.com\/de\/p\/rasenmaeher-maehwerk\/#breadcrumb","itemListElement":[{"@type":"ListItem","position":1,"name":"Home","item":"https:\/\/jekpo.com\/de\/"},{"@type":"ListItem","position":2,"name":"Technik","item":"https:\/\/jekpo.com\/de\/technik\/"},{"@type":"ListItem","position":3,"name":"Rasenm\u00e4her \/ M\u00e4hwerk"}]},{"@type":"WebSite","@id":"https:\/\/jekpo.com\/de\/#website","url":"https:\/\/jekpo.com\/de\/","name":"JEKPO","description":"atsakingas j\u016bs\u0173 partneris \u017eem\u0117s \u016bkio, sodo ir smulkiosios technikos pasaulyje","publisher":{"@id":"https:\/\/jekpo.com\/de\/#organization"},"potentialAction":[{"@type":"SearchAction","target":{"@type":"EntryPoint","urlTemplate":"https:\/\/jekpo.com\/de\/?s={search_term_string}"},"query-input":{"@type":"PropertyValueSpecification","valueRequired":true,"valueName":"search_term_string"}}],"inLanguage":"de"},{"@type":"Organization","@id":"https:\/\/jekpo.com\/de\/#organization","name":"JEKPO","url":"https:\/\/jekpo.com\/de\/","logo":{"@type":"ImageObject","inLanguage":"de","@id":"https:\/\/jekpo.com\/de\/#\/schema\/logo\/image\/","url":"https:\/\/jekpo.com\/wp-content\/uploads\/2025\/03\/JEKPO-logo-trans-e1749117872556-300x201-2.webp","contentUrl":"https:\/\/jekpo.com\/wp-content\/uploads\/2025\/03\/JEKPO-logo-trans-e1749117872556-300x201-2.webp","width":300,"height":201,"caption":"JEKPO"},"image":{"@id":"https:\/\/jekpo.com\/de\/#\/schema\/logo\/image\/"},"sameAs":["https:\/\/www.facebook.com\/profile.php?id=61564816725405","https:\/\/www.instagram.com\/jekpo_ltu\/?igsh=cWh1ZDhyamEzOWQz&utm_source=qr#","https:\/\/www.tiktok.com\/@jekpo_ltu?is_from_webapp=1&sender_device=pc"]}]}},"_links":{"self":[{"href":"https:\/\/jekpo.com\/de\/wp-json\/wp\/v2\/product\/2396","targetHints":{"allow":["GET"]}}],"collection":[{"href":"https:\/\/jekpo.com\/de\/wp-json\/wp\/v2\/product"}],"about":[{"href":"https:\/\/jekpo.com\/de\/wp-json\/wp\/v2\/types\/product"}],"replies":[{"embeddable":true,"href":"https:\/\/jekpo.com\/de\/wp-json\/wp\/v2\/comments?post=2396"}],"wp:featuredmedia":[{"embeddable":true,"href":"https:\/\/jekpo.com\/de\/wp-json\/wp\/v2\/media\/3305"}],"wp:attachment":[{"href":"https:\/\/jekpo.com\/de\/wp-json\/wp\/v2\/media?parent=2396"}],"wp:term":[{"taxonomy":"product_brand","embeddable":true,"href":"https:\/\/jekpo.com\/de\/wp-json\/wp\/v2\/product_brand?post=2396"},{"taxonomy":"product_cat","embeddable":true,"href":"https:\/\/jekpo.com\/de\/wp-json\/wp\/v2\/product_cat?post=2396"},{"taxonomy":"product_tag","embeddable":true,"href":"https:\/\/jekpo.com\/de\/wp-json\/wp\/v2\/product_tag?post=2396"},{"taxonomy":"pritaikomumas","embeddable":true,"href":"https:\/\/jekpo.com\/de\/wp-json\/wp\/v2\/pritaikomumas?post=2396"},{"taxonomy":"variklio-tipas","embeddable":true,"href":"https:\/\/jekpo.com\/de\/wp-json\/wp\/v2\/variklio-tipas?post=2396"}],"curies":[{"name":"wp","href":"https:\/\/api.w.org\/{rel}","templated":true}]}}