{"id":2395,"date":"2025-05-12T13:48:30","date_gmt":"2025-05-12T10:48:30","guid":{"rendered":"https:\/\/jekpo.com\/?post_type=product&#038;p=2395"},"modified":"2025-10-01T10:50:49","modified_gmt":"2025-10-01T07:50:49","slug":"planierraupe-dozerblatt","status":"publish","type":"product","link":"https:\/\/jekpo.com\/de\/p\/planierraupe-dozerblatt\/","title":{"rendered":"Planierraupe \/ Dozerblatt"},"content":{"rendered":"<p data-start=\"235\" data-end=\"681\">Die JEKPO-Planierraupe ist ein zuverl\u00e4ssiges Anbauger\u00e4t f\u00fcr Erdarbeiten. Dieses kompakte Ger\u00e4t eignet sich ideal zum Planieren von Boden, zum Anlegen von Fl\u00e4chen sowie zum Schieben von Schnee oder Sch\u00fcttgut. Durch den verstellbaren Schwenkwinkel l\u00e4sst sich die Arbeit pr\u00e4zise an unterschiedliche Oberfl\u00e4chen anpassen, sodass das Dozerblatt sowohl im Bauwesen als auch in der Landwirtschaft ein universelles Einsatzmittel ist.<\/p>\n<p data-start=\"683\" data-end=\"1006\">Die robuste Konstruktion sorgt f\u00fcr Zuverl\u00e4ssigkeit und Langlebigkeit, w\u00e4hrend die kompakte Bauweise Arbeiten auch auf engem Raum erm\u00f6glicht, wo gr\u00f6\u00dfere Maschinen keinen Platz finden. Damit ist es eine wirtschaftliche und praxisgerechte L\u00f6sung f\u00fcr kleinere Bauunternehmen und Landwirte, die ihre Kosten reduzieren m\u00f6chten.<\/p>\n<p data-start=\"1008\" data-end=\"1162\">Rufen Sie uns f\u00fcr ein Angebot an oder entdecken Sie unsere Zubeh\u00f6rkategorie \u2013 mit dem JEKPO-Dozer erledigen Sie Ihre Arbeiten schneller und effizienter.<\/p>\n","protected":false},"excerpt":{"rendered":"<p>Die JEKPO-Planierraupe ist ein zuverl\u00e4ssiges Anbauger\u00e4t f\u00fcr Erdarbeiten. Dieses kompakte Ger\u00e4t eignet sich ideal zum Planieren von Boden, zum Anlegen von Fl\u00e4chen sowie zum Schieben von Schnee oder Sch\u00fcttgut. Durch den verstellbaren Schwenkwinkel l\u00e4sst sich die Arbeit pr\u00e4zise an unterschiedliche Oberfl\u00e4chen anpassen, sodass das Dozerblatt sowohl im Bauwesen als auch in der Landwirtschaft ein universelles [&hellip;]<\/p>\n","protected":false},"featured_media":3293,"comment_status":"closed","ping_status":"closed","template":"","meta":[],"product_brand":[],"product_cat":[75],"product_tag":[],"pritaikomumas":[],"variklio-tipas":[],"class_list":{"0":"post-2395","1":"product","2":"type-product","3":"status-publish","4":"has-post-thumbnail","6":"product_cat-kompaktlader-anbaugeraete","8":"first","9":"instock","10":"sale","11":"sold-individually","12":"taxable","13":"shipping-taxable","14":"purchasable","15":"product-type-simple"},"yoast_head":"<!-- This site is optimized with the Yoast SEO plugin v27.4 - https:\/\/yoast.com\/product\/yoast-seo-wordpress\/ -->\n<title>Planierraupe \/ Dozerblatt \u2013 mini statybin\u0117 technika | JEKPO.COM<\/title>\n<meta name=\"description\" content=\"Patikimas buldozeris JEKPO darbams \u2013 na\u0161us, taupantis s\u0105naudas ir patogus naudoti. U\u017esisakyk dabar, gauk greit\u0105 pristatym\u0105 ir konsultacij\u0105 telefonu.\" \/>\n<meta name=\"robots\" content=\"index, follow, max-snippet:-1, max-image-preview:large, max-video-preview:-1\" \/>\n<link rel=\"canonical\" href=\"https:\/\/jekpo.com\/de\/p\/planierraupe-dozerblatt\/\" \/>\n<meta property=\"og:locale\" content=\"de_DE\" \/>\n<meta property=\"og:type\" content=\"article\" \/>\n<meta property=\"og:title\" content=\"Planierraupe \/ Dozerblatt \u2013 mini statybin\u0117 technika | JEKPO.COM\" \/>\n<meta property=\"og:description\" content=\"Patikimas buldozeris JEKPO darbams \u2013 na\u0161us, taupantis s\u0105naudas ir patogus naudoti. U\u017esisakyk dabar, gauk greit\u0105 pristatym\u0105 ir konsultacij\u0105 telefonu.\" \/>\n<meta property=\"og:url\" content=\"https:\/\/jekpo.com\/de\/p\/planierraupe-dozerblatt\/\" \/>\n<meta property=\"og:site_name\" content=\"JEKPO\" \/>\n<meta property=\"article:publisher\" content=\"https:\/\/www.facebook.com\/profile.php?id=61564816725405\" \/>\n<meta property=\"article:modified_time\" content=\"2025-10-01T07:50:49+00:00\" \/>\n<meta property=\"og:image\" content=\"https:\/\/jekpo.com\/wp-content\/uploads\/2025\/05\/buldozeris-jekpo-mini-traktoriukai.png\" \/>\n\t<meta property=\"og:image:width\" content=\"1000\" \/>\n\t<meta property=\"og:image:height\" content=\"1000\" \/>\n\t<meta property=\"og:image:type\" content=\"image\/png\" \/>\n<meta name=\"twitter:card\" content=\"summary_large_image\" \/>\n<meta name=\"twitter:label1\" content=\"Gesch\u00e4tzte Lesezeit\" \/>\n\t<meta name=\"twitter:data1\" content=\"1\u00a0Minute\" \/>\n<script type=\"application\/ld+json\" class=\"yoast-schema-graph\">{\"@context\":\"https:\\\/\\\/schema.org\",\"@graph\":[{\"@type\":\"WebPage\",\"@id\":\"https:\\\/\\\/jekpo.com\\\/de\\\/p\\\/planierraupe-dozerblatt\\\/\",\"url\":\"https:\\\/\\\/jekpo.com\\\/de\\\/p\\\/planierraupe-dozerblatt\\\/\",\"name\":\"Planierraupe \\\/ Dozerblatt \u2013 mini statybin\u0117 technika | JEKPO.COM\",\"isPartOf\":{\"@id\":\"https:\\\/\\\/jekpo.com\\\/de\\\/#website\"},\"primaryImageOfPage\":{\"@id\":\"https:\\\/\\\/jekpo.com\\\/de\\\/p\\\/planierraupe-dozerblatt\\\/#primaryimage\"},\"image\":{\"@id\":\"https:\\\/\\\/jekpo.com\\\/de\\\/p\\\/planierraupe-dozerblatt\\\/#primaryimage\"},\"thumbnailUrl\":\"https:\\\/\\\/jekpo.com\\\/wp-content\\\/uploads\\\/2025\\\/05\\\/buldozeris-jekpo-mini-traktoriukai.png\",\"datePublished\":\"2025-05-12T10:48:30+00:00\",\"dateModified\":\"2025-10-01T07:50:49+00:00\",\"description\":\"Patikimas buldozeris JEKPO darbams \u2013 na\u0161us, taupantis s\u0105naudas ir patogus naudoti. U\u017esisakyk dabar, gauk greit\u0105 pristatym\u0105 ir konsultacij\u0105 telefonu.\",\"breadcrumb\":{\"@id\":\"https:\\\/\\\/jekpo.com\\\/de\\\/p\\\/planierraupe-dozerblatt\\\/#breadcrumb\"},\"inLanguage\":\"de\",\"potentialAction\":[{\"@type\":\"ReadAction\",\"target\":[\"https:\\\/\\\/jekpo.com\\\/de\\\/p\\\/planierraupe-dozerblatt\\\/\"]}]},{\"@type\":\"ImageObject\",\"inLanguage\":\"de\",\"@id\":\"https:\\\/\\\/jekpo.com\\\/de\\\/p\\\/planierraupe-dozerblatt\\\/#primaryimage\",\"url\":\"https:\\\/\\\/jekpo.com\\\/wp-content\\\/uploads\\\/2025\\\/05\\\/buldozeris-jekpo-mini-traktoriukai.png\",\"contentUrl\":\"https:\\\/\\\/jekpo.com\\\/wp-content\\\/uploads\\\/2025\\\/05\\\/buldozeris-jekpo-mini-traktoriukai.png\",\"width\":1000,\"height\":1000,\"caption\":\"buldozeris-jekpo-mini-traktoriukai\"},{\"@type\":\"BreadcrumbList\",\"@id\":\"https:\\\/\\\/jekpo.com\\\/de\\\/p\\\/planierraupe-dozerblatt\\\/#breadcrumb\",\"itemListElement\":[{\"@type\":\"ListItem\",\"position\":1,\"name\":\"Home\",\"item\":\"https:\\\/\\\/jekpo.com\\\/de\\\/\"},{\"@type\":\"ListItem\",\"position\":2,\"name\":\"Technik\",\"item\":\"https:\\\/\\\/jekpo.com\\\/de\\\/technik\\\/\"},{\"@type\":\"ListItem\",\"position\":3,\"name\":\"Planierraupe \\\/ Dozerblatt\"}]},{\"@type\":\"WebSite\",\"@id\":\"https:\\\/\\\/jekpo.com\\\/de\\\/#website\",\"url\":\"https:\\\/\\\/jekpo.com\\\/de\\\/\",\"name\":\"JEKPO\",\"description\":\"atsakingas j\u016bs\u0173 partneris \u017eem\u0117s \u016bkio, sodo ir smulkiosios technikos pasaulyje\",\"publisher\":{\"@id\":\"https:\\\/\\\/jekpo.com\\\/de\\\/#organization\"},\"potentialAction\":[{\"@type\":\"SearchAction\",\"target\":{\"@type\":\"EntryPoint\",\"urlTemplate\":\"https:\\\/\\\/jekpo.com\\\/de\\\/?s={search_term_string}\"},\"query-input\":{\"@type\":\"PropertyValueSpecification\",\"valueRequired\":true,\"valueName\":\"search_term_string\"}}],\"inLanguage\":\"de\"},{\"@type\":\"Organization\",\"@id\":\"https:\\\/\\\/jekpo.com\\\/de\\\/#organization\",\"name\":\"JEKPO\",\"url\":\"https:\\\/\\\/jekpo.com\\\/de\\\/\",\"logo\":{\"@type\":\"ImageObject\",\"inLanguage\":\"de\",\"@id\":\"https:\\\/\\\/jekpo.com\\\/de\\\/#\\\/schema\\\/logo\\\/image\\\/\",\"url\":\"https:\\\/\\\/jekpo.com\\\/wp-content\\\/uploads\\\/2025\\\/03\\\/JEKPO-logo-trans-e1749117872556-300x201-2.webp\",\"contentUrl\":\"https:\\\/\\\/jekpo.com\\\/wp-content\\\/uploads\\\/2025\\\/03\\\/JEKPO-logo-trans-e1749117872556-300x201-2.webp\",\"width\":300,\"height\":201,\"caption\":\"JEKPO\"},\"image\":{\"@id\":\"https:\\\/\\\/jekpo.com\\\/de\\\/#\\\/schema\\\/logo\\\/image\\\/\"},\"sameAs\":[\"https:\\\/\\\/www.facebook.com\\\/profile.php?id=61564816725405\",\"https:\\\/\\\/www.instagram.com\\\/jekpo_ltu\\\/?igsh=cWh1ZDhyamEzOWQz&utm_source=qr#\",\"https:\\\/\\\/www.tiktok.com\\\/@jekpo_ltu?is_from_webapp=1&sender_device=pc\"]}]}<\/script>\n<!-- \/ Yoast SEO plugin. -->","yoast_head_json":{"title":"Planierraupe \/ Dozerblatt \u2013 mini statybin\u0117 technika | JEKPO.COM","description":"Patikimas buldozeris JEKPO darbams \u2013 na\u0161us, taupantis s\u0105naudas ir patogus naudoti. U\u017esisakyk dabar, gauk greit\u0105 pristatym\u0105 ir konsultacij\u0105 telefonu.","robots":{"index":"index","follow":"follow","max-snippet":"max-snippet:-1","max-image-preview":"max-image-preview:large","max-video-preview":"max-video-preview:-1"},"canonical":"https:\/\/jekpo.com\/de\/p\/planierraupe-dozerblatt\/","og_locale":"de_DE","og_type":"article","og_title":"Planierraupe \/ Dozerblatt \u2013 mini statybin\u0117 technika | JEKPO.COM","og_description":"Patikimas buldozeris JEKPO darbams \u2013 na\u0161us, taupantis s\u0105naudas ir patogus naudoti. U\u017esisakyk dabar, gauk greit\u0105 pristatym\u0105 ir konsultacij\u0105 telefonu.","og_url":"https:\/\/jekpo.com\/de\/p\/planierraupe-dozerblatt\/","og_site_name":"JEKPO","article_publisher":"https:\/\/www.facebook.com\/profile.php?id=61564816725405","article_modified_time":"2025-10-01T07:50:49+00:00","og_image":[{"width":1000,"height":1000,"url":"https:\/\/jekpo.com\/wp-content\/uploads\/2025\/05\/buldozeris-jekpo-mini-traktoriukai.png","type":"image\/png"}],"twitter_card":"summary_large_image","twitter_misc":{"Gesch\u00e4tzte Lesezeit":"1\u00a0Minute"},"schema":{"@context":"https:\/\/schema.org","@graph":[{"@type":"WebPage","@id":"https:\/\/jekpo.com\/de\/p\/planierraupe-dozerblatt\/","url":"https:\/\/jekpo.com\/de\/p\/planierraupe-dozerblatt\/","name":"Planierraupe \/ Dozerblatt \u2013 mini statybin\u0117 technika | JEKPO.COM","isPartOf":{"@id":"https:\/\/jekpo.com\/de\/#website"},"primaryImageOfPage":{"@id":"https:\/\/jekpo.com\/de\/p\/planierraupe-dozerblatt\/#primaryimage"},"image":{"@id":"https:\/\/jekpo.com\/de\/p\/planierraupe-dozerblatt\/#primaryimage"},"thumbnailUrl":"https:\/\/jekpo.com\/wp-content\/uploads\/2025\/05\/buldozeris-jekpo-mini-traktoriukai.png","datePublished":"2025-05-12T10:48:30+00:00","dateModified":"2025-10-01T07:50:49+00:00","description":"Patikimas buldozeris JEKPO darbams \u2013 na\u0161us, taupantis s\u0105naudas ir patogus naudoti. U\u017esisakyk dabar, gauk greit\u0105 pristatym\u0105 ir konsultacij\u0105 telefonu.","breadcrumb":{"@id":"https:\/\/jekpo.com\/de\/p\/planierraupe-dozerblatt\/#breadcrumb"},"inLanguage":"de","potentialAction":[{"@type":"ReadAction","target":["https:\/\/jekpo.com\/de\/p\/planierraupe-dozerblatt\/"]}]},{"@type":"ImageObject","inLanguage":"de","@id":"https:\/\/jekpo.com\/de\/p\/planierraupe-dozerblatt\/#primaryimage","url":"https:\/\/jekpo.com\/wp-content\/uploads\/2025\/05\/buldozeris-jekpo-mini-traktoriukai.png","contentUrl":"https:\/\/jekpo.com\/wp-content\/uploads\/2025\/05\/buldozeris-jekpo-mini-traktoriukai.png","width":1000,"height":1000,"caption":"buldozeris-jekpo-mini-traktoriukai"},{"@type":"BreadcrumbList","@id":"https:\/\/jekpo.com\/de\/p\/planierraupe-dozerblatt\/#breadcrumb","itemListElement":[{"@type":"ListItem","position":1,"name":"Home","item":"https:\/\/jekpo.com\/de\/"},{"@type":"ListItem","position":2,"name":"Technik","item":"https:\/\/jekpo.com\/de\/technik\/"},{"@type":"ListItem","position":3,"name":"Planierraupe \/ Dozerblatt"}]},{"@type":"WebSite","@id":"https:\/\/jekpo.com\/de\/#website","url":"https:\/\/jekpo.com\/de\/","name":"JEKPO","description":"atsakingas j\u016bs\u0173 partneris \u017eem\u0117s \u016bkio, sodo ir smulkiosios technikos pasaulyje","publisher":{"@id":"https:\/\/jekpo.com\/de\/#organization"},"potentialAction":[{"@type":"SearchAction","target":{"@type":"EntryPoint","urlTemplate":"https:\/\/jekpo.com\/de\/?s={search_term_string}"},"query-input":{"@type":"PropertyValueSpecification","valueRequired":true,"valueName":"search_term_string"}}],"inLanguage":"de"},{"@type":"Organization","@id":"https:\/\/jekpo.com\/de\/#organization","name":"JEKPO","url":"https:\/\/jekpo.com\/de\/","logo":{"@type":"ImageObject","inLanguage":"de","@id":"https:\/\/jekpo.com\/de\/#\/schema\/logo\/image\/","url":"https:\/\/jekpo.com\/wp-content\/uploads\/2025\/03\/JEKPO-logo-trans-e1749117872556-300x201-2.webp","contentUrl":"https:\/\/jekpo.com\/wp-content\/uploads\/2025\/03\/JEKPO-logo-trans-e1749117872556-300x201-2.webp","width":300,"height":201,"caption":"JEKPO"},"image":{"@id":"https:\/\/jekpo.com\/de\/#\/schema\/logo\/image\/"},"sameAs":["https:\/\/www.facebook.com\/profile.php?id=61564816725405","https:\/\/www.instagram.com\/jekpo_ltu\/?igsh=cWh1ZDhyamEzOWQz&utm_source=qr#","https:\/\/www.tiktok.com\/@jekpo_ltu?is_from_webapp=1&sender_device=pc"]}]}},"_links":{"self":[{"href":"https:\/\/jekpo.com\/de\/wp-json\/wp\/v2\/product\/2395","targetHints":{"allow":["GET"]}}],"collection":[{"href":"https:\/\/jekpo.com\/de\/wp-json\/wp\/v2\/product"}],"about":[{"href":"https:\/\/jekpo.com\/de\/wp-json\/wp\/v2\/types\/product"}],"replies":[{"embeddable":true,"href":"https:\/\/jekpo.com\/de\/wp-json\/wp\/v2\/comments?post=2395"}],"wp:featuredmedia":[{"embeddable":true,"href":"https:\/\/jekpo.com\/de\/wp-json\/wp\/v2\/media\/3293"}],"wp:attachment":[{"href":"https:\/\/jekpo.com\/de\/wp-json\/wp\/v2\/media?parent=2395"}],"wp:term":[{"taxonomy":"product_brand","embeddable":true,"href":"https:\/\/jekpo.com\/de\/wp-json\/wp\/v2\/product_brand?post=2395"},{"taxonomy":"product_cat","embeddable":true,"href":"https:\/\/jekpo.com\/de\/wp-json\/wp\/v2\/product_cat?post=2395"},{"taxonomy":"product_tag","embeddable":true,"href":"https:\/\/jekpo.com\/de\/wp-json\/wp\/v2\/product_tag?post=2395"},{"taxonomy":"pritaikomumas","embeddable":true,"href":"https:\/\/jekpo.com\/de\/wp-json\/wp\/v2\/pritaikomumas?post=2395"},{"taxonomy":"variklio-tipas","embeddable":true,"href":"https:\/\/jekpo.com\/de\/wp-json\/wp\/v2\/variklio-tipas?post=2395"}],"curies":[{"name":"wp","href":"https:\/\/api.w.org\/{rel}","templated":true}]}}