{"id":2581,"date":"2025-03-19T09:20:32","date_gmt":"2025-03-19T06:20:32","guid":{"rendered":"https:\/\/jekpo.com\/?page_id=2581"},"modified":"2025-10-06T11:34:26","modified_gmt":"2025-10-06T08:34:26","slug":"technik","status":"publish","type":"page","link":"https:\/\/jekpo.com\/de\/technik\/","title":{"rendered":"Technik"},"content":{"rendered":"","protected":false},"excerpt":{"rendered":"<p>\ud83d\ude42 Hello<\/p>\n","protected":false},"author":1,"featured_media":2054,"parent":0,"menu_order":0,"comment_status":"closed","ping_status":"closed","template":"","meta":{"footnotes":""},"class_list":["post-2581","page","type-page","status-publish","has-post-thumbnail","hentry"],"yoast_head":"<!-- This site is optimized with the Yoast SEO plugin v27.4 - https:\/\/yoast.com\/product\/yoast-seo-wordpress\/ -->\n<title>Mini krautuvai, ekskavatoriai ir priedai \u2013 JEKPO parduotuv\u0117<\/title>\n<meta name=\"description\" content=\"Visi JEKPO mini krautuvai, ekskavatoriai ir priedai vienoje vietoje. Patikima technika su garantija ir nemokamu pristatymu Lietuvoje. U\u017esakyk\" \/>\n<meta name=\"robots\" content=\"index, follow, max-snippet:-1, max-image-preview:large, max-video-preview:-1\" \/>\n<link rel=\"canonical\" href=\"https:\/\/jekpo.com\/de\/technik\/\" \/>\n<meta property=\"og:locale\" content=\"de_DE\" \/>\n<meta property=\"og:type\" content=\"article\" \/>\n<meta property=\"og:title\" content=\"Mini krautuvai, ekskavatoriai ir priedai \u2013 JEKPO parduotuv\u0117\" \/>\n<meta property=\"og:description\" content=\"Visi JEKPO mini krautuvai, ekskavatoriai ir priedai vienoje vietoje. Patikima technika su garantija ir nemokamu pristatymu Lietuvoje. U\u017esakyk\" \/>\n<meta property=\"og:url\" content=\"https:\/\/jekpo.com\/de\/technik\/\" \/>\n<meta property=\"og:site_name\" content=\"JEKPO\" \/>\n<meta property=\"article:publisher\" content=\"https:\/\/www.facebook.com\/profile.php?id=61564816725405\" \/>\n<meta property=\"article:modified_time\" content=\"2025-10-06T08:34:26+00:00\" \/>\n<meta property=\"og:image\" content=\"https:\/\/jekpo.com\/wp-content\/uploads\/2025\/08\/jekpo-technikos-rekomendacijos-statybai-e1755779749949.png\" \/>\n\t<meta property=\"og:image:width\" content=\"974\" \/>\n\t<meta property=\"og:image:height\" content=\"773\" \/>\n\t<meta property=\"og:image:type\" content=\"image\/png\" \/>\n<meta name=\"twitter:card\" content=\"summary_large_image\" \/>\n<meta name=\"twitter:label1\" content=\"Gesch\u00e4tzte Lesezeit\" \/>\n\t<meta name=\"twitter:data1\" content=\"1\u00a0Minute\" \/>\n<script type=\"application\/ld+json\" class=\"yoast-schema-graph\">{\"@context\":\"https:\\\/\\\/schema.org\",\"@graph\":[{\"@type\":\"WebPage\",\"@id\":\"https:\\\/\\\/jekpo.com\\\/de\\\/technik\\\/\",\"url\":\"https:\\\/\\\/jekpo.com\\\/de\\\/technik\\\/\",\"name\":\"Mini krautuvai, ekskavatoriai ir priedai \u2013 JEKPO parduotuv\u0117\",\"isPartOf\":{\"@id\":\"https:\\\/\\\/jekpo.com\\\/de\\\/#website\"},\"primaryImageOfPage\":{\"@id\":\"https:\\\/\\\/jekpo.com\\\/de\\\/technik\\\/#primaryimage\"},\"image\":{\"@id\":\"https:\\\/\\\/jekpo.com\\\/de\\\/technik\\\/#primaryimage\"},\"thumbnailUrl\":\"https:\\\/\\\/jekpo.com\\\/wp-content\\\/uploads\\\/2025\\\/08\\\/jekpo-technikos-rekomendacijos-statybai-e1755779749949.png\",\"datePublished\":\"2025-03-19T06:20:32+00:00\",\"dateModified\":\"2025-10-06T08:34:26+00:00\",\"description\":\"Visi JEKPO mini krautuvai, ekskavatoriai ir priedai vienoje vietoje. Patikima technika su garantija ir nemokamu pristatymu Lietuvoje. U\u017esakyk\",\"breadcrumb\":{\"@id\":\"https:\\\/\\\/jekpo.com\\\/de\\\/technik\\\/#breadcrumb\"},\"inLanguage\":\"de\",\"potentialAction\":[{\"@type\":\"ReadAction\",\"target\":[\"https:\\\/\\\/jekpo.com\\\/de\\\/technik\\\/\"]}]},{\"@type\":\"ImageObject\",\"inLanguage\":\"de\",\"@id\":\"https:\\\/\\\/jekpo.com\\\/de\\\/technik\\\/#primaryimage\",\"url\":\"https:\\\/\\\/jekpo.com\\\/wp-content\\\/uploads\\\/2025\\\/08\\\/jekpo-technikos-rekomendacijos-statybai-e1755779749949.png\",\"contentUrl\":\"https:\\\/\\\/jekpo.com\\\/wp-content\\\/uploads\\\/2025\\\/08\\\/jekpo-technikos-rekomendacijos-statybai-e1755779749949.png\",\"width\":974,\"height\":773},{\"@type\":\"BreadcrumbList\",\"@id\":\"https:\\\/\\\/jekpo.com\\\/de\\\/technik\\\/#breadcrumb\",\"itemListElement\":[{\"@type\":\"ListItem\",\"position\":1,\"name\":\"Home\",\"item\":\"https:\\\/\\\/jekpo.com\\\/de\\\/\"},{\"@type\":\"ListItem\",\"position\":2,\"name\":\"Technik\"}]},{\"@type\":\"WebSite\",\"@id\":\"https:\\\/\\\/jekpo.com\\\/de\\\/#website\",\"url\":\"https:\\\/\\\/jekpo.com\\\/de\\\/\",\"name\":\"JEKPO\",\"description\":\"atsakingas j\u016bs\u0173 partneris \u017eem\u0117s \u016bkio, sodo ir smulkiosios technikos pasaulyje\",\"publisher\":{\"@id\":\"https:\\\/\\\/jekpo.com\\\/de\\\/#organization\"},\"potentialAction\":[{\"@type\":\"SearchAction\",\"target\":{\"@type\":\"EntryPoint\",\"urlTemplate\":\"https:\\\/\\\/jekpo.com\\\/de\\\/?s={search_term_string}\"},\"query-input\":{\"@type\":\"PropertyValueSpecification\",\"valueRequired\":true,\"valueName\":\"search_term_string\"}}],\"inLanguage\":\"de\"},{\"@type\":\"Organization\",\"@id\":\"https:\\\/\\\/jekpo.com\\\/de\\\/#organization\",\"name\":\"JEKPO\",\"url\":\"https:\\\/\\\/jekpo.com\\\/de\\\/\",\"logo\":{\"@type\":\"ImageObject\",\"inLanguage\":\"de\",\"@id\":\"https:\\\/\\\/jekpo.com\\\/de\\\/#\\\/schema\\\/logo\\\/image\\\/\",\"url\":\"https:\\\/\\\/jekpo.com\\\/wp-content\\\/uploads\\\/2025\\\/03\\\/JEKPO-logo-trans-e1749117872556-300x201-2.webp\",\"contentUrl\":\"https:\\\/\\\/jekpo.com\\\/wp-content\\\/uploads\\\/2025\\\/03\\\/JEKPO-logo-trans-e1749117872556-300x201-2.webp\",\"width\":300,\"height\":201,\"caption\":\"JEKPO\"},\"image\":{\"@id\":\"https:\\\/\\\/jekpo.com\\\/de\\\/#\\\/schema\\\/logo\\\/image\\\/\"},\"sameAs\":[\"https:\\\/\\\/www.facebook.com\\\/profile.php?id=61564816725405\",\"https:\\\/\\\/www.instagram.com\\\/jekpo_ltu\\\/?igsh=cWh1ZDhyamEzOWQz&utm_source=qr#\",\"https:\\\/\\\/www.tiktok.com\\\/@jekpo_ltu?is_from_webapp=1&sender_device=pc\"]}]}<\/script>\n<!-- \/ Yoast SEO plugin. -->","yoast_head_json":{"title":"Mini krautuvai, ekskavatoriai ir priedai \u2013 JEKPO parduotuv\u0117","description":"Visi JEKPO mini krautuvai, ekskavatoriai ir priedai vienoje vietoje. Patikima technika su garantija ir nemokamu pristatymu Lietuvoje. U\u017esakyk","robots":{"index":"index","follow":"follow","max-snippet":"max-snippet:-1","max-image-preview":"max-image-preview:large","max-video-preview":"max-video-preview:-1"},"canonical":"https:\/\/jekpo.com\/de\/technik\/","og_locale":"de_DE","og_type":"article","og_title":"Mini krautuvai, ekskavatoriai ir priedai \u2013 JEKPO parduotuv\u0117","og_description":"Visi JEKPO mini krautuvai, ekskavatoriai ir priedai vienoje vietoje. Patikima technika su garantija ir nemokamu pristatymu Lietuvoje. U\u017esakyk","og_url":"https:\/\/jekpo.com\/de\/technik\/","og_site_name":"JEKPO","article_publisher":"https:\/\/www.facebook.com\/profile.php?id=61564816725405","article_modified_time":"2025-10-06T08:34:26+00:00","og_image":[{"width":974,"height":773,"url":"https:\/\/jekpo.com\/wp-content\/uploads\/2025\/08\/jekpo-technikos-rekomendacijos-statybai-e1755779749949.png","type":"image\/png"}],"twitter_card":"summary_large_image","twitter_misc":{"Gesch\u00e4tzte Lesezeit":"1\u00a0Minute"},"schema":{"@context":"https:\/\/schema.org","@graph":[{"@type":"WebPage","@id":"https:\/\/jekpo.com\/de\/technik\/","url":"https:\/\/jekpo.com\/de\/technik\/","name":"Mini krautuvai, ekskavatoriai ir priedai \u2013 JEKPO parduotuv\u0117","isPartOf":{"@id":"https:\/\/jekpo.com\/de\/#website"},"primaryImageOfPage":{"@id":"https:\/\/jekpo.com\/de\/technik\/#primaryimage"},"image":{"@id":"https:\/\/jekpo.com\/de\/technik\/#primaryimage"},"thumbnailUrl":"https:\/\/jekpo.com\/wp-content\/uploads\/2025\/08\/jekpo-technikos-rekomendacijos-statybai-e1755779749949.png","datePublished":"2025-03-19T06:20:32+00:00","dateModified":"2025-10-06T08:34:26+00:00","description":"Visi JEKPO mini krautuvai, ekskavatoriai ir priedai vienoje vietoje. Patikima technika su garantija ir nemokamu pristatymu Lietuvoje. U\u017esakyk","breadcrumb":{"@id":"https:\/\/jekpo.com\/de\/technik\/#breadcrumb"},"inLanguage":"de","potentialAction":[{"@type":"ReadAction","target":["https:\/\/jekpo.com\/de\/technik\/"]}]},{"@type":"ImageObject","inLanguage":"de","@id":"https:\/\/jekpo.com\/de\/technik\/#primaryimage","url":"https:\/\/jekpo.com\/wp-content\/uploads\/2025\/08\/jekpo-technikos-rekomendacijos-statybai-e1755779749949.png","contentUrl":"https:\/\/jekpo.com\/wp-content\/uploads\/2025\/08\/jekpo-technikos-rekomendacijos-statybai-e1755779749949.png","width":974,"height":773},{"@type":"BreadcrumbList","@id":"https:\/\/jekpo.com\/de\/technik\/#breadcrumb","itemListElement":[{"@type":"ListItem","position":1,"name":"Home","item":"https:\/\/jekpo.com\/de\/"},{"@type":"ListItem","position":2,"name":"Technik"}]},{"@type":"WebSite","@id":"https:\/\/jekpo.com\/de\/#website","url":"https:\/\/jekpo.com\/de\/","name":"JEKPO","description":"atsakingas j\u016bs\u0173 partneris \u017eem\u0117s \u016bkio, sodo ir smulkiosios technikos pasaulyje","publisher":{"@id":"https:\/\/jekpo.com\/de\/#organization"},"potentialAction":[{"@type":"SearchAction","target":{"@type":"EntryPoint","urlTemplate":"https:\/\/jekpo.com\/de\/?s={search_term_string}"},"query-input":{"@type":"PropertyValueSpecification","valueRequired":true,"valueName":"search_term_string"}}],"inLanguage":"de"},{"@type":"Organization","@id":"https:\/\/jekpo.com\/de\/#organization","name":"JEKPO","url":"https:\/\/jekpo.com\/de\/","logo":{"@type":"ImageObject","inLanguage":"de","@id":"https:\/\/jekpo.com\/de\/#\/schema\/logo\/image\/","url":"https:\/\/jekpo.com\/wp-content\/uploads\/2025\/03\/JEKPO-logo-trans-e1749117872556-300x201-2.webp","contentUrl":"https:\/\/jekpo.com\/wp-content\/uploads\/2025\/03\/JEKPO-logo-trans-e1749117872556-300x201-2.webp","width":300,"height":201,"caption":"JEKPO"},"image":{"@id":"https:\/\/jekpo.com\/de\/#\/schema\/logo\/image\/"},"sameAs":["https:\/\/www.facebook.com\/profile.php?id=61564816725405","https:\/\/www.instagram.com\/jekpo_ltu\/?igsh=cWh1ZDhyamEzOWQz&utm_source=qr#","https:\/\/www.tiktok.com\/@jekpo_ltu?is_from_webapp=1&sender_device=pc"]}]}},"_links":{"self":[{"href":"https:\/\/jekpo.com\/de\/wp-json\/wp\/v2\/pages\/2581","targetHints":{"allow":["GET"]}}],"collection":[{"href":"https:\/\/jekpo.com\/de\/wp-json\/wp\/v2\/pages"}],"about":[{"href":"https:\/\/jekpo.com\/de\/wp-json\/wp\/v2\/types\/page"}],"author":[{"embeddable":true,"href":"https:\/\/jekpo.com\/de\/wp-json\/wp\/v2\/users\/1"}],"replies":[{"embeddable":true,"href":"https:\/\/jekpo.com\/de\/wp-json\/wp\/v2\/comments?post=2581"}],"version-history":[{"count":0,"href":"https:\/\/jekpo.com\/de\/wp-json\/wp\/v2\/pages\/2581\/revisions"}],"wp:featuredmedia":[{"embeddable":true,"href":"https:\/\/jekpo.com\/de\/wp-json\/wp\/v2\/media\/2054"}],"wp:attachment":[{"href":"https:\/\/jekpo.com\/de\/wp-json\/wp\/v2\/media?parent=2581"}],"curies":[{"name":"wp","href":"https:\/\/api.w.org\/{rel}","templated":true}]}}